{"id":96,"date":"2022-11-10T11:34:58","date_gmt":"2022-11-10T10:34:58","guid":{"rendered":"https:\/\/soldeportocarreroies.wordpress.com\/?page_id=96"},"modified":"2025-11-20T12:38:21","modified_gmt":"2025-11-20T11:38:21","slug":"educacion-fisica","status":"publish","type":"page","link":"https:\/\/iessoldeportocarrero.com\/?page_id=96","title":{"rendered":"Educaci\u00f3n F\u00edsica"},"content":{"rendered":"<div class=\"wp-block-image is-style-rounded\">\n<figure class=\"aligncenter size-full is-resized\"><img fetchpriority=\"high\" decoding=\"async\" width=\"612\" height=\"432\" src=\"https:\/\/iessoldeportocarrero.com\/wp-content\/uploads\/2023\/05\/istockphoto-1366060980-612x612-1.jpg\" alt=\"\" class=\"wp-image-1358\" style=\"width:306px;height:216px\" srcset=\"https:\/\/iessoldeportocarrero.com\/wp-content\/uploads\/2023\/05\/istockphoto-1366060980-612x612-1.jpg 612w, https:\/\/iessoldeportocarrero.com\/wp-content\/uploads\/2023\/05\/istockphoto-1366060980-612x612-1-300x212.jpg 300w, https:\/\/iessoldeportocarrero.com\/wp-content\/uploads\/2023\/05\/istockphoto-1366060980-612x612-1-360x254.jpg 360w\" sizes=\"(max-width: 612px) 100vw, 612px\" \/><\/figure>\n<\/div>\n\n\n<div class=\"wp-block-buttons is-content-justification-center is-layout-flex wp-container-core-buttons-is-layout-16018d1d wp-block-buttons-is-layout-flex\">\n<div class=\"wp-block-button\"><a class=\"wp-block-button__link wp-element-button\" href=\"https:\/\/drive.google.com\/drive\/folders\/1DZJ5fnfw7IapiQVOZPC6Owu04rJfkJnF?usp=sharing\" target=\"_blank\" rel=\"noreferrer noopener\">Documentaci\u00f3n<\/a><\/div>\n<\/div>\n\n\n<ul class=\"wp-block-latest-posts__list wp-block-latest-posts\"><li><a class=\"wp-block-latest-posts__post-title\" href=\"https:\/\/iessoldeportocarrero.com\/?p=3655\">CAMPEONES DE LA LIGA INTERNA DE FUTSAL &#8211; 1\u00ba TRIMESTRE<\/a><div class=\"wp-block-latest-posts__post-full-content\"><!-- wp:media-text {\"mediaId\":3666,\"mediaLink\":\"https:\/\/iessoldeportocarrero.com\/?attachment_id=3666\",\"mediaType\":\"image\",\"mediaWidth\":28} -->\n<div class=\"wp-block-media-text is-stacked-on-mobile\" style=\"grid-template-columns:28% auto\"><figure class=\"wp-block-media-text__media\"><img decoding=\"async\" width=\"1024\" height=\"852\" src=\"https:\/\/iessoldeportocarrero.com\/wp-content\/uploads\/2026\/01\/Captura-de-pantalla-2026-01-21-140623-1024x852.png\" alt=\"\" class=\"wp-image-3666 size-full\" srcset=\"https:\/\/iessoldeportocarrero.com\/wp-content\/uploads\/2026\/01\/Captura-de-pantalla-2026-01-21-140623-1024x852.png 1024w, https:\/\/iessoldeportocarrero.com\/wp-content\/uploads\/2026\/01\/Captura-de-pantalla-2026-01-21-140623-300x250.png 300w, https:\/\/iessoldeportocarrero.com\/wp-content\/uploads\/2026\/01\/Captura-de-pantalla-2026-01-21-140623-768x639.png 768w, https:\/\/iessoldeportocarrero.com\/wp-content\/uploads\/2026\/01\/Captura-de-pantalla-2026-01-21-140623-324x270.png 324w, https:\/\/iessoldeportocarrero.com\/wp-content\/uploads\/2026\/01\/Captura-de-pantalla-2026-01-21-140623.png 1078w\" sizes=\"(max-width: 1024px) 100vw, 1024px\" \/><\/figure><div class=\"wp-block-media-text__content\"><!-- wp:paragraph {\"placeholder\":\"Contenido\u2026\"} -->\n<p>\ud83c\udfc6 <strong>\u00a1HABEMUS CAMPEONES EN EL IES SOL DE PORTOCARRERO!<\/strong> \ud83c\udfc6<\/p>\n<!-- \/wp:paragraph --><\/div><\/div>\n<!-- \/wp:media-text -->\n\n<!-- wp:heading -->\n<h2 class=\"wp-block-heading\"><\/h2>\n<!-- \/wp:heading -->\n\n<!-- wp:paragraph -->\n<p>Despu\u00e9s de semanas de esfuerzo, goles \u00e9picos y mucho compa\u00f1erismo, la Liga Interna ya tiene a sus reyes. Queremos dar la enhorabuena a todos los participantes por el gran nivel mostrado, pero especialmente a los que este trimestre levantan el trofeo:<\/p>\n<!-- \/wp:paragraph -->\n\n<!-- wp:paragraph -->\n<p>\ud83e\udd47 <strong>LOMA CITY<\/strong> \u2013 Sealzan como campeones en la categor\u00eda de <strong>1\u00ba de ESO<\/strong>, ganando en la final con un marcador muy ajustado al DREAM TEAM  . <\/p>\n<!-- \/wp:paragraph -->\n\n<!-- wp:paragraph -->\n<p>\ud83e\udd47 <strong>IMPARABLES<\/strong> \u2013 Haciendo honor a su nombre, se coronan en la liga de <strong>2\u00ba y 3\u00ba de ESO<\/strong>. \u00a1Menudo despliegue de talento! <\/p>\n<!-- \/wp:paragraph -->\n\n<!-- wp:paragraph -->\n<p>\ud83e\udd47 <strong>CALIFATO CA\u00d1AERO<\/strong> \u2013 Los veteranos no perdonan. Campeones de la liga de <strong>4\u00ba y Bachillerato<\/strong> mostrando un dominio aplastante.<\/p>\n<!-- \/wp:paragraph -->\n\n<!-- wp:paragraph -->\n<p>Gracias a todos los que hab\u00e9is bajado a animar cada recreo y por el juego limpio y el compa\u00f1erismo.<\/p>\n<!-- \/wp:paragraph -->\n\n<!-- wp:paragraph -->\n<p>\u00a1Nos vemos en la pr\u00f3xima edici\u00f3n! \u26bd\ud83c\udfc0\ud83c\udfd0<\/p>\n<!-- \/wp:paragraph -->\n\n<!-- wp:paragraph -->\n<p>#IESSolDePortocarrero #LigaInterna #DeporteEscolar #Campeones #Esp\u00edrituSolDePortocarrero<\/p>\n<!-- \/wp:paragraph -->\n\n<!-- wp:heading {\"textAlign\":\"center\"} -->\n<h2 class=\"wp-block-heading has-text-align-center\"><strong>LOMA CITY- CAMPE\u00d3N DE 1\u00ba<\/strong><\/h2>\n<!-- \/wp:heading -->\n\n<!-- wp:image {\"id\":3657,\"width\":\"481px\",\"height\":\"auto\",\"sizeSlug\":\"large\",\"linkDestination\":\"none\",\"align\":\"center\"} -->\n<figure class=\"wp-block-image aligncenter size-large is-resized\"><img decoding=\"async\" width=\"1024\" height=\"768\" src=\"https:\/\/iessoldeportocarrero.com\/wp-content\/uploads\/2026\/01\/WhatsApp-Image-2026-01-21-at-13.40.40-1-1024x768.jpeg\" alt=\"\" class=\"wp-image-3657\" style=\"width:481px;height:auto\" srcset=\"https:\/\/iessoldeportocarrero.com\/wp-content\/uploads\/2026\/01\/WhatsApp-Image-2026-01-21-at-13.40.40-1-1024x768.jpeg 1024w, https:\/\/iessoldeportocarrero.com\/wp-content\/uploads\/2026\/01\/WhatsApp-Image-2026-01-21-at-13.40.40-1-300x225.jpeg 300w, https:\/\/iessoldeportocarrero.com\/wp-content\/uploads\/2026\/01\/WhatsApp-Image-2026-01-21-at-13.40.40-1-768x576.jpeg 768w, https:\/\/iessoldeportocarrero.com\/wp-content\/uploads\/2026\/01\/WhatsApp-Image-2026-01-21-at-13.40.40-1-1536x1152.jpeg 1536w, https:\/\/iessoldeportocarrero.com\/wp-content\/uploads\/2026\/01\/WhatsApp-Image-2026-01-21-at-13.40.40-1-360x270.jpeg 360w, https:\/\/iessoldeportocarrero.com\/wp-content\/uploads\/2026\/01\/WhatsApp-Image-2026-01-21-at-13.40.40-1.jpeg 1600w\" sizes=\"(max-width: 1024px) 100vw, 1024px\" \/><\/figure>\n<!-- \/wp:image -->\n\n<!-- wp:heading {\"textAlign\":\"center\"} -->\n<h2 class=\"wp-block-heading has-text-align-center\"><strong>IMPARABLES- CAMPE\u00d3N DE 2\u00ba\/3\u00ba<\/strong><\/h2>\n<!-- \/wp:heading -->\n\n<!-- wp:image {\"id\":3658,\"width\":\"479px\",\"height\":\"auto\",\"aspectRatio\":\"1.1130549053426964\",\"sizeSlug\":\"large\",\"linkDestination\":\"none\",\"align\":\"center\"} -->\n<figure class=\"wp-block-image aligncenter size-large is-resized\"><img loading=\"lazy\" decoding=\"async\" width=\"1024\" height=\"920\" src=\"https:\/\/iessoldeportocarrero.com\/wp-content\/uploads\/2026\/01\/WhatsApp-Image-2026-01-21-at-13.50.11-1024x920.jpeg\" alt=\"\" class=\"wp-image-3658\" style=\"aspect-ratio:1.1130549053426964;width:479px;height:auto\" srcset=\"https:\/\/iessoldeportocarrero.com\/wp-content\/uploads\/2026\/01\/WhatsApp-Image-2026-01-21-at-13.50.11-1024x920.jpeg 1024w, https:\/\/iessoldeportocarrero.com\/wp-content\/uploads\/2026\/01\/WhatsApp-Image-2026-01-21-at-13.50.11-300x270.jpeg 300w, https:\/\/iessoldeportocarrero.com\/wp-content\/uploads\/2026\/01\/WhatsApp-Image-2026-01-21-at-13.50.11-768x690.jpeg 768w, https:\/\/iessoldeportocarrero.com\/wp-content\/uploads\/2026\/01\/WhatsApp-Image-2026-01-21-at-13.50.11-1536x1380.jpeg 1536w, https:\/\/iessoldeportocarrero.com\/wp-content\/uploads\/2026\/01\/WhatsApp-Image-2026-01-21-at-13.50.11-301x270.jpeg 301w, https:\/\/iessoldeportocarrero.com\/wp-content\/uploads\/2026\/01\/WhatsApp-Image-2026-01-21-at-13.50.11.jpeg 2048w\" sizes=\"(max-width: 1024px) 100vw, 1024px\" \/><\/figure>\n<!-- \/wp:image -->\n\n<!-- wp:heading {\"textAlign\":\"center\"} -->\n<h2 class=\"wp-block-heading has-text-align-center\"><strong>CALIFATO CA\u00d1AERO- CAMPE\u00d3N DE 4\u00ba\/BACH<\/strong><\/h2>\n<!-- \/wp:heading -->\n\n<!-- wp:image {\"id\":3659,\"width\":\"482px\",\"height\":\"auto\",\"aspectRatio\":\"1.1557716088866146\",\"sizeSlug\":\"large\",\"linkDestination\":\"none\",\"align\":\"center\"} -->\n<figure class=\"wp-block-image aligncenter size-large is-resized\"><img loading=\"lazy\" decoding=\"async\" width=\"1024\" height=\"886\" src=\"https:\/\/iessoldeportocarrero.com\/wp-content\/uploads\/2026\/01\/WhatsApp-Image-2026-01-21-at-13.50.45-1024x886.jpeg\" alt=\"\" class=\"wp-image-3659\" style=\"aspect-ratio:1.1557716088866146;width:482px;height:auto\" srcset=\"https:\/\/iessoldeportocarrero.com\/wp-content\/uploads\/2026\/01\/WhatsApp-Image-2026-01-21-at-13.50.45-1024x886.jpeg 1024w, https:\/\/iessoldeportocarrero.com\/wp-content\/uploads\/2026\/01\/WhatsApp-Image-2026-01-21-at-13.50.45-300x260.jpeg 300w, https:\/\/iessoldeportocarrero.com\/wp-content\/uploads\/2026\/01\/WhatsApp-Image-2026-01-21-at-13.50.45-768x665.jpeg 768w, https:\/\/iessoldeportocarrero.com\/wp-content\/uploads\/2026\/01\/WhatsApp-Image-2026-01-21-at-13.50.45-1536x1329.jpeg 1536w, https:\/\/iessoldeportocarrero.com\/wp-content\/uploads\/2026\/01\/WhatsApp-Image-2026-01-21-at-13.50.45-312x270.jpeg 312w, https:\/\/iessoldeportocarrero.com\/wp-content\/uploads\/2026\/01\/WhatsApp-Image-2026-01-21-at-13.50.45.jpeg 2048w\" sizes=\"(max-width: 1024px) 100vw, 1024px\" \/><\/figure>\n<!-- \/wp:image -->\n\n<!-- wp:paragraph -->\n<p><\/p>\n<!-- \/wp:paragraph --><\/div><\/li>\n<li><a class=\"wp-block-latest-posts__post-title\" href=\"https:\/\/iessoldeportocarrero.com\/?p=3555\">COMPOSICI\u00d3N DEL DEPARTAMENTO<\/a><div class=\"wp-block-latest-posts__post-full-content\"><!-- wp:table {\"className\":\"is-style-stripes\"} -->\n<figure class=\"wp-block-table is-style-stripes\"><table class=\"has-fixed-layout\"><tbody><tr><td class=\"has-text-align-center\" data-align=\"center\"><strong>El departamento de Educaci\u00f3n F\u00edsica est\u00e1 formado por:<\/strong><\/td><\/tr><tr><td class=\"has-text-align-center\" data-align=\"center\">Francisco Javier Mesa Bretones<\/td><\/tr><tr><td class=\"has-text-align-center\" data-align=\"center\">Juan Carlos Oliva Vallejo<\/td><\/tr><tr><td class=\"has-text-align-center\" data-align=\"center\">Inmaculada Garc\u00eda Suanez<\/td><\/tr><tr><td class=\"has-text-align-center\" data-align=\"center\">Roberto S\u00e1nchez Mart\u00ednez<\/td><\/tr><\/tbody><\/table><\/figure>\n<!-- \/wp:table -->\n\n<!-- wp:paragraph -->\n<p><\/p>\n<!-- \/wp:paragraph --><\/div><\/li>\n<li><a class=\"wp-block-latest-posts__post-title\" href=\"https:\/\/iessoldeportocarrero.com\/?p=1308\">Actividades solidarias hoy 7 de abril<\/a><div class=\"wp-block-latest-posts__post-full-content\"><!-- wp:paragraph -->\n<p>Hoy 7 de abril de 2022 tendremos una serie de actividades solidarias con motivo del D\u00eda Mundial de la salud y D\u00eda Internacional de Reflexi\u00f3n sobre el Genocidio de 1994 contra los Tutsis en Ruanda, dentro del Proyecto Escuela Espacio de Paz.<\/p>\n<!-- \/wp:paragraph -->\n\n<!-- wp:paragraph -->\n<p>Habr\u00e1 tambi\u00e9n una venta de desayuno solidario durante los 2 recreos, organizada por el AMPA de nuestro centro.<\/p>\n<!-- \/wp:paragraph -->\n\n<!-- wp:paragraph -->\n<p>El alumnado de 1\u00ba de la ESO asistir\u00e1 al Sal\u00f3n de actos al concierto que han preparado con tanto cari\u00f1o la profesora do\u00f1a Blanca G\u00f3mez y el profesor don Luis \u00c1lvarez.<\/p>\n<!-- \/wp:paragraph -->\n\n<!-- wp:paragraph -->\n<p>3\u00aa HORA: 10:30-11:30- 1\u00baA \u2013 1\u00baC \u2013 1\u00baE Y BACH. DE MUSICA.<br>4\u00ba HORA: 11:30-12:30- 1\u00ba B \u2013 1\u00baD \u2013 1\u00ba F -1\u00baG<\/p>\n<!-- \/wp:paragraph -->\n\n<!-- wp:paragraph -->\n<p>Todo el alumnado del centro participar\u00e1 en las carreras solidarias que han organizado con los profesores del departamento de Educaci\u00f3n F\u00edsica: don Juan Ram\u00f3n P\u00e9rez, don Juan Carlos Oliva, don Carlos Lucas y do\u00f1a Mar\u00eda de la Luz Prados.<\/p>\n<!-- \/wp:paragraph -->\n\n<!-- wp:paragraph -->\n<p>2\u00aa HORA: 9:15-10:15 -1\u00baESO<br>3\u00aa HORA: 10:15-11:15 -2\u00ba ESO<br>4\u00aa HORA: 11:30-12:30 -3\u00ba Y 4\u00ba ESO<br>5\u00aa HORA: 12:30-13:30 \u2013 1\u00ba Y 2\u00ba BACHILLERATO<\/p>\n<!-- \/wp:paragraph -->\n\n<!-- wp:paragraph -->\n<p>Todo el profesorado y\u00a0 el alumnado participar\u00e1 en la actividad GIRASOLES POR LA PAZ:<\/p>\n<!-- \/wp:paragraph -->\n\n<!-- wp:paragraph -->\n<p>2\u00ba RECREO (12:30)- EL alumnado que ha realizado unas preciosas manualidades tutoradas por los compa\u00f1eros de Pl\u00e1stica: do\u00f1a Carmen del Castillo, don Antonio Llanas y don Pablo Alonso, saldr\u00e1n en el 2\u00ba recreo con los GIRASOLES que han dise\u00f1ado.<br>\u2013 Leemos un manifiesto por la PAZ.<br>\u2013 Hacemos un minuto de silencio.<br>\u2013 El compa\u00f1ero Julio Jim\u00e9nez, nos deleitar\u00e1 tocando el himno de la alegr\u00eda con trompeta.<\/p>\n<!-- \/wp:paragraph -->\n\n<!-- wp:paragraph -->\n<p>Muchas gracias a tod@s<br>RED ESCUELA ESPACIO DE PAZ \ud83d\udd4a<\/p>\n<!-- \/wp:paragraph --><\/div><\/li>\n<\/ul>","protected":false},"excerpt":{"rendered":"","protected":false},"author":1,"featured_media":0,"parent":28,"menu_order":0,"comment_status":"closed","ping_status":"closed","template":"","meta":{"footnotes":""},"class_list":["post-96","page","type-page","status-publish","hentry"],"yoast_head":"<!-- This site is optimized with the Yoast SEO plugin v19.14 - https:\/\/yoast.com\/wordpress\/plugins\/seo\/ -->\n<title>Educaci\u00f3n F\u00edsica - IES SOL DE PORTOCARRERO - LA LABORAL<\/title>\n<meta name=\"robots\" content=\"index, follow, max-snippet:-1, max-image-preview:large, max-video-preview:-1\" \/>\n<link rel=\"canonical\" href=\"https:\/\/iessoldeportocarrero.com\/?page_id=96\" \/>\n<meta property=\"og:locale\" content=\"es_ES\" \/>\n<meta property=\"og:type\" content=\"article\" \/>\n<meta property=\"og:title\" content=\"Educaci\u00f3n F\u00edsica - IES SOL DE PORTOCARRERO - LA LABORAL\" \/>\n<meta property=\"og:url\" content=\"https:\/\/iessoldeportocarrero.com\/?page_id=96\" \/>\n<meta property=\"og:site_name\" content=\"IES SOL DE PORTOCARRERO - LA LABORAL\" \/>\n<meta property=\"article:modified_time\" content=\"2025-11-20T11:38:21+00:00\" \/>\n<meta property=\"og:image\" content=\"https:\/\/iessoldeportocarrero.com\/wp-content\/uploads\/2023\/05\/istockphoto-1366060980-612x612-1.jpg\" \/>\n<meta name=\"twitter:card\" content=\"summary_large_image\" \/>\n<meta name=\"twitter:label1\" content=\"Tiempo de lectura\" \/>\n\t<meta name=\"twitter:data1\" content=\"1 minuto\" \/>\n<script type=\"application\/ld+json\" class=\"yoast-schema-graph\">{\"@context\":\"https:\/\/schema.org\",\"@graph\":[{\"@type\":\"WebPage\",\"@id\":\"https:\/\/iessoldeportocarrero.com\/?page_id=96\",\"url\":\"https:\/\/iessoldeportocarrero.com\/?page_id=96\",\"name\":\"Educaci\u00f3n F\u00edsica - IES SOL DE PORTOCARRERO - LA LABORAL\",\"isPartOf\":{\"@id\":\"https:\/\/iessoldeportocarrero.com\/#website\"},\"datePublished\":\"2022-11-10T10:34:58+00:00\",\"dateModified\":\"2025-11-20T11:38:21+00:00\",\"breadcrumb\":{\"@id\":\"https:\/\/iessoldeportocarrero.com\/?page_id=96#breadcrumb\"},\"inLanguage\":\"es\",\"potentialAction\":[{\"@type\":\"ReadAction\",\"target\":[\"https:\/\/iessoldeportocarrero.com\/?page_id=96\"]}]},{\"@type\":\"BreadcrumbList\",\"@id\":\"https:\/\/iessoldeportocarrero.com\/?page_id=96#breadcrumb\",\"itemListElement\":[{\"@type\":\"ListItem\",\"position\":1,\"name\":\"Home\",\"item\":\"https:\/\/iessoldeportocarrero.com\/\"},{\"@type\":\"ListItem\",\"position\":2,\"name\":\"DEPARTAMENTOS\",\"item\":\"https:\/\/iessoldeportocarrero.com\/?page_id=28\"},{\"@type\":\"ListItem\",\"position\":3,\"name\":\"Educaci\u00f3n F\u00edsica\"}]},{\"@type\":\"WebSite\",\"@id\":\"https:\/\/iessoldeportocarrero.com\/#website\",\"url\":\"https:\/\/iessoldeportocarrero.com\/\",\"name\":\"IES SOL DE PORTOCARRERO - LA LABORAL\",\"description\":\"INSTITUTO DE EDUCACI\u00d3N SECUNDARIA Y FORMACI\u00d3N PROFESIONAL\",\"potentialAction\":[{\"@type\":\"SearchAction\",\"target\":{\"@type\":\"EntryPoint\",\"urlTemplate\":\"https:\/\/iessoldeportocarrero.com\/?s={search_term_string}\"},\"query-input\":\"required name=search_term_string\"}],\"inLanguage\":\"es\"}]}<\/script>\n<!-- \/ Yoast SEO plugin. -->","yoast_head_json":{"title":"Educaci\u00f3n F\u00edsica - IES SOL DE PORTOCARRERO - LA LABORAL","robots":{"index":"index","follow":"follow","max-snippet":"max-snippet:-1","max-image-preview":"max-image-preview:large","max-video-preview":"max-video-preview:-1"},"canonical":"https:\/\/iessoldeportocarrero.com\/?page_id=96","og_locale":"es_ES","og_type":"article","og_title":"Educaci\u00f3n F\u00edsica - IES SOL DE PORTOCARRERO - LA LABORAL","og_url":"https:\/\/iessoldeportocarrero.com\/?page_id=96","og_site_name":"IES SOL DE PORTOCARRERO - LA LABORAL","article_modified_time":"2025-11-20T11:38:21+00:00","og_image":[{"url":"https:\/\/iessoldeportocarrero.com\/wp-content\/uploads\/2023\/05\/istockphoto-1366060980-612x612-1.jpg"}],"twitter_card":"summary_large_image","twitter_misc":{"Tiempo de lectura":"1 minuto"},"schema":{"@context":"https:\/\/schema.org","@graph":[{"@type":"WebPage","@id":"https:\/\/iessoldeportocarrero.com\/?page_id=96","url":"https:\/\/iessoldeportocarrero.com\/?page_id=96","name":"Educaci\u00f3n F\u00edsica - IES SOL DE PORTOCARRERO - LA LABORAL","isPartOf":{"@id":"https:\/\/iessoldeportocarrero.com\/#website"},"datePublished":"2022-11-10T10:34:58+00:00","dateModified":"2025-11-20T11:38:21+00:00","breadcrumb":{"@id":"https:\/\/iessoldeportocarrero.com\/?page_id=96#breadcrumb"},"inLanguage":"es","potentialAction":[{"@type":"ReadAction","target":["https:\/\/iessoldeportocarrero.com\/?page_id=96"]}]},{"@type":"BreadcrumbList","@id":"https:\/\/iessoldeportocarrero.com\/?page_id=96#breadcrumb","itemListElement":[{"@type":"ListItem","position":1,"name":"Home","item":"https:\/\/iessoldeportocarrero.com\/"},{"@type":"ListItem","position":2,"name":"DEPARTAMENTOS","item":"https:\/\/iessoldeportocarrero.com\/?page_id=28"},{"@type":"ListItem","position":3,"name":"Educaci\u00f3n F\u00edsica"}]},{"@type":"WebSite","@id":"https:\/\/iessoldeportocarrero.com\/#website","url":"https:\/\/iessoldeportocarrero.com\/","name":"IES SOL DE PORTOCARRERO - LA LABORAL","description":"INSTITUTO DE EDUCACI\u00d3N SECUNDARIA Y FORMACI\u00d3N PROFESIONAL","potentialAction":[{"@type":"SearchAction","target":{"@type":"EntryPoint","urlTemplate":"https:\/\/iessoldeportocarrero.com\/?s={search_term_string}"},"query-input":"required name=search_term_string"}],"inLanguage":"es"}]}},"jetpack_sharing_enabled":true,"jetpack-related-posts":[{"id":333,"url":"https:\/\/iessoldeportocarrero.com\/?page_id=333","url_meta":{"origin":96,"position":0},"title":"Documentaci\u00f3n_EF","author":"admin","date":"noviembre 14, 2022","format":false,"excerpt":"","rel":"","context":"Entrada similar","block_context":{"text":"Entrada similar","link":""},"img":{"alt_text":"","src":"","width":0,"height":0},"classes":[]},{"id":325,"url":"https:\/\/iessoldeportocarrero.com\/?page_id=325","url_meta":{"origin":96,"position":1},"title":"Documentaci\u00f3n_FQ","author":"admin","date":"noviembre 14, 2022","format":false,"excerpt":"","rel":"","context":"Entrada similar","block_context":{"text":"Entrada similar","link":""},"img":{"alt_text":"","src":"","width":0,"height":0},"classes":[]},{"id":345,"url":"https:\/\/iessoldeportocarrero.com\/?page_id=345","url_meta":{"origin":96,"position":2},"title":"Documentaci\u00f3n_AF","author":"admin","date":"noviembre 14, 2022","format":false,"excerpt":"Documentaci\u00f3n del departamento de Actividades F\u00edsicas https:\/\/youtu.be\/bPu7CwBkYfU https:\/\/youtu.be\/DKq6eXTHvc8 https:\/\/youtu.be\/q2nARCpUuhQ https:\/\/youtu.be\/hWqgP-D-HWA Cartel-ACOFISDescarga Cartel-EASDDescarga PERFILES PROFESIONALES DE LOS CICLOS DE ACTIVIDADES F\u00cdSISICASDescarga","rel":"","context":"Entrada similar","block_context":{"text":"Entrada similar","link":""},"img":{"alt_text":"","src":"https:\/\/i0.wp.com\/img.youtube.com\/vi\/bPu7CwBkYfU\/0.jpg?resize=350%2C200","width":350,"height":200},"classes":[]},{"id":391,"url":"https:\/\/iessoldeportocarrero.com\/?page_id=391","url_meta":{"origin":96,"position":3},"title":"Programaci\u00f3n_EF","author":"admin","date":"noviembre 14, 2022","format":false,"excerpt":"","rel":"","context":"Entrada similar","block_context":{"text":"Entrada similar","link":""},"img":{"alt_text":"","src":"","width":0,"height":0},"classes":[]},{"id":81,"url":"https:\/\/iessoldeportocarrero.com\/?page_id=81","url_meta":{"origin":96,"position":4},"title":"Actividades F\u00edsicas","author":"admin","date":"noviembre 10, 2022","format":false,"excerpt":"Documentaci\u00f3n https:\/\/youtu.be\/bPu7CwBkYfU A continuaci\u00f3n os presentamos una serie de v\u00eddeos promocionales de los ciclos formativos que se imparten en el centro VIDEO PROMOCIONAL DEL CICLO FORMATIVO DE GRADO SUPERIOR DE T\u00c9CNICO EN ENSE\u00d1ANZA Y ANIMACI\u00d3N SOCIODEPORTIVA https:\/\/drive.google.com\/file\/d\/1dMxyAZQdMw8sAWQzpyF9pkpJ3afkkuNa\/view?usp=share_link VIDEO PROMOCIONAL DEL CICLO DE GRADO SUPERIOR ACONDICIONAMIENTO F\u00cdSICO https:\/\/drive.google.com\/file\/d\/13yunfnrqxJjlML9dclpJ3oN8qvmSMKm5\/view?usp=share_link VIDEO PROMOCIONAL DEL\u2026","rel":"","context":"Entrada similar","block_context":{"text":"Entrada similar","link":""},"img":{"alt_text":"","src":"https:\/\/i0.wp.com\/iessoldeportocarrero.com\/wp-content\/uploads\/2025\/06\/ef2-150x150.png?resize=350%2C200&ssl=1","width":350,"height":200},"classes":[]},{"id":100,"url":"https:\/\/iessoldeportocarrero.com\/?page_id=100","url_meta":{"origin":96,"position":5},"title":"F\u00edsica y Qu\u00edmica","author":"admin","date":"noviembre 10, 2022","format":false,"excerpt":"Documentaci\u00f3n La ense\u00f1anza de la F\u00edsica y la Qu\u00edmica juega un papel central en el desarrollo intelectual de los alumnos y las alumnas, y comparte con el resto de las disciplinas la responsabilidad de promover en ellos la adquisici\u00f3n de las competencias necesarias para que puedan integrarse en la sociedad\u2026","rel":"","context":"Entrada similar","block_context":{"text":"Entrada similar","link":""},"img":{"alt_text":"","src":"https:\/\/i0.wp.com\/iessoldeportocarrero.com\/wp-content\/uploads\/2023\/05\/istockphoto-680412874-612x612-1.jpg?resize=350%2C200&ssl=1","width":350,"height":200,"srcset":"https:\/\/i0.wp.com\/iessoldeportocarrero.com\/wp-content\/uploads\/2023\/05\/istockphoto-680412874-612x612-1.jpg?resize=350%2C200&ssl=1 1x, https:\/\/i0.wp.com\/iessoldeportocarrero.com\/wp-content\/uploads\/2023\/05\/istockphoto-680412874-612x612-1.jpg?resize=525%2C300&ssl=1 1.5x"},"classes":[]}],"_links":{"self":[{"href":"https:\/\/iessoldeportocarrero.com\/index.php?rest_route=\/wp\/v2\/pages\/96","targetHints":{"allow":["GET"]}}],"collection":[{"href":"https:\/\/iessoldeportocarrero.com\/index.php?rest_route=\/wp\/v2\/pages"}],"about":[{"href":"https:\/\/iessoldeportocarrero.com\/index.php?rest_route=\/wp\/v2\/types\/page"}],"author":[{"embeddable":true,"href":"https:\/\/iessoldeportocarrero.com\/index.php?rest_route=\/wp\/v2\/users\/1"}],"replies":[{"embeddable":true,"href":"https:\/\/iessoldeportocarrero.com\/index.php?rest_route=%2Fwp%2Fv2%2Fcomments&post=96"}],"version-history":[{"count":15,"href":"https:\/\/iessoldeportocarrero.com\/index.php?rest_route=\/wp\/v2\/pages\/96\/revisions"}],"predecessor-version":[{"id":3565,"href":"https:\/\/iessoldeportocarrero.com\/index.php?rest_route=\/wp\/v2\/pages\/96\/revisions\/3565"}],"up":[{"embeddable":true,"href":"https:\/\/iessoldeportocarrero.com\/index.php?rest_route=\/wp\/v2\/pages\/28"}],"wp:attachment":[{"href":"https:\/\/iessoldeportocarrero.com\/index.php?rest_route=%2Fwp%2Fv2%2Fmedia&parent=96"}],"curies":[{"name":"wp","href":"https:\/\/api.w.org\/{rel}","templated":true}]}}