{"id":91,"date":"2022-11-10T11:31:05","date_gmt":"2022-11-10T10:31:05","guid":{"rendered":"https:\/\/soldeportocarreroies.wordpress.com\/?page_id=91"},"modified":"2024-11-24T22:58:29","modified_gmt":"2024-11-24T21:58:29","slug":"dibujo","status":"publish","type":"page","link":"https:\/\/iessoldeportocarrero.com\/?page_id=91","title":{"rendered":"Dibujo"},"content":{"rendered":"<div class=\"wp-block-image is-style-rounded\">\n<figure class=\"aligncenter size-full is-resized\"><img fetchpriority=\"high\" decoding=\"async\" width=\"612\" height=\"408\" src=\"https:\/\/iessoldeportocarrero.com\/wp-content\/uploads\/2023\/05\/istockphoto-1293348675-612x612-1.jpg\" alt=\"\" class=\"wp-image-1353\" style=\"width:306px;height:204px\" srcset=\"https:\/\/iessoldeportocarrero.com\/wp-content\/uploads\/2023\/05\/istockphoto-1293348675-612x612-1.jpg 612w, https:\/\/iessoldeportocarrero.com\/wp-content\/uploads\/2023\/05\/istockphoto-1293348675-612x612-1-300x200.jpg 300w, https:\/\/iessoldeportocarrero.com\/wp-content\/uploads\/2023\/05\/istockphoto-1293348675-612x612-1-360x240.jpg 360w\" sizes=\"(max-width: 612px) 100vw, 612px\" \/><\/figure>\n<\/div>\n\n\n<div class=\"wp-block-buttons is-content-justification-center is-layout-flex wp-container-core-buttons-is-layout-16018d1d wp-block-buttons-is-layout-flex\">\n<div class=\"wp-block-button\"><a class=\"wp-block-button__link has-text-align-center wp-element-button\" href=\"https:\/\/drive.google.com\/drive\/folders\/1rqQgRWPO0ulCWPxPk05ErQWYLf0ODMEU?usp=sharing\" target=\"_blank\" rel=\"noreferrer noopener\">Documentaci\u00f3n<\/a><\/div>\n<\/div>\n\n\n\n<div class=\"wp-block-columns is-layout-flex wp-container-core-columns-is-layout-9d6595d7 wp-block-columns-is-layout-flex\">\n<div class=\"wp-block-column is-layout-flow wp-block-column-is-layout-flow\">\n<p><strong>Dibujo Art\u00edstico.<\/strong><\/p>\n\n\n\n<p>Partiendo de las destrezas y conocimientos previos adquiridos de forma general en la asignatura de Educaci\u00f3n Pl\u00e1stica, Visual y Audiovisual de la ESO, en Bachillerato se profundizar en las destrezas y conceptos del Dibujo como herramienta del pensamiento que participa en el proceso creativo, comunicativo, pl\u00e1stico y visual, contribuyendo a adquirir las competencias necesarias para la formaci\u00f3n permanente del individuo.<\/p>\n\n\n\n<p><strong>Dibujo T\u00e9cnico.<\/strong><\/p>\n\n\n\n<p>Entre las finalidades del Dibujo T\u00e9cnico figura de manera espec\u00edfica dotar al estudiante de las competencias necesarias para poder comunicarse gr\u00e1ficamente con objetividad en un mundo cada vez m\u00e1s complejo, que requiere del dise\u00f1o y fabricaci\u00f3n de productos que resuelvan las necesidades presentes y futuras. Esta funci\u00f3n comunicativa, gracias al acuerdo de una serie de convenciones a escala nacional, comunitaria e internacional, nos permite transmitir, interpretar y comprender ideas o proyectos de manera fiable, objetiva e inequ\u00edvoca.<\/p>\n<\/div>\n<\/div>\n\n\n\n<div class=\"wp-block-query is-layout-flow wp-block-query-is-layout-flow\"><ul class=\"wp-block-post-template is-layout-flow wp-block-post-template-is-layout-flow\"><li class=\"wp-block-post post-2831 post type-post status-publish format-standard hentry category-dibujo\">\n<ul class=\"wp-block-latest-posts__list has-dates wp-block-latest-posts\"><li><a class=\"wp-block-latest-posts__post-title\" href=\"https:\/\/iessoldeportocarrero.com\/?p=2831\">COMPONENTES DEL DEPARTAMENTO<\/a><time datetime=\"2024-11-24T22:57:28+01:00\" class=\"wp-block-latest-posts__post-date\">noviembre 24, 2024<\/time><div class=\"wp-block-latest-posts__post-full-content\"><!-- wp:table {\"className\":\"is-style-stripes\"} -->\n<figure class=\"wp-block-table is-style-stripes\"><table class=\"has-fixed-layout\"><tbody><tr><td class=\"has-text-align-center\" data-align=\"center\"><strong>El departamento de Dibujo est\u00e1 formado por:<\/strong><\/td><\/tr><tr><td class=\"has-text-align-center\" data-align=\"center\">Mar\u00eda Luisa Quir\u00f3s Guerrero<\/td><\/tr><tr><td class=\"has-text-align-center\" data-align=\"center\">Alfonso Carlos Gonz\u00e1lez Arrieta<\/td><\/tr><\/tbody><\/table><\/figure>\n<!-- \/wp:table --><\/div><\/li>\n<li><div class=\"wp-block-latest-posts__featured-image aligncenter\"><img decoding=\"async\" width=\"150\" height=\"150\" src=\"https:\/\/iessoldeportocarrero.com\/wp-content\/uploads\/2023\/05\/Premios_concurso_marcapaginas_202201-150x150.jpeg\" class=\"attachment-thumbnail size-thumbnail wp-post-image\" alt=\"\" style=\"\" \/><\/div><a class=\"wp-block-latest-posts__post-title\" href=\"https:\/\/iessoldeportocarrero.com\/?p=1286\">Ganadores del concurso de creaci\u00f3n de marcap\u00e1ginas \u2013 D\u00eda del Libro 2022<\/a><time datetime=\"2023-05-09T10:16:46+02:00\" class=\"wp-block-latest-posts__post-date\">mayo 9, 2023<\/time><div class=\"wp-block-latest-posts__post-full-content\"><!-- wp:file {\"id\":1287,\"href\":\"https:\/\/iessoldeportocarrero.com\/wp-content\/uploads\/2023\/05\/GANADORES-CONCURSO-DE-MARCAPAGINAS.pdf\",\"displayPreview\":true,\"previewHeight\":436} -->\n<div class=\"wp-block-file\"><object class=\"wp-block-file__embed\" data=\"https:\/\/iessoldeportocarrero.com\/wp-content\/uploads\/2023\/05\/GANADORES-CONCURSO-DE-MARCAPAGINAS.pdf\" type=\"application\/pdf\" style=\"width:100%;height:436px\" aria-label=\"GANADORES-CONCURSO-DE-MARCAPAGINAS\"><\/object><a id=\"wp-block-file--media-72f96de6-cbb5-4563-9b88-40fe13ecddcb\" href=\"https:\/\/iessoldeportocarrero.com\/wp-content\/uploads\/2023\/05\/GANADORES-CONCURSO-DE-MARCAPAGINAS.pdf\" target=\"_blank\" rel=\"noreferrer noopener\">GANADORES-CONCURSO-DE-MARCAPAGINAS<\/a><a href=\"https:\/\/iessoldeportocarrero.com\/wp-content\/uploads\/2023\/05\/GANADORES-CONCURSO-DE-MARCAPAGINAS.pdf\" class=\"wp-block-file__button wp-element-button\" download aria-describedby=\"wp-block-file--media-72f96de6-cbb5-4563-9b88-40fe13ecddcb\">Descarga<\/a><\/div>\n<!-- \/wp:file --><\/div><\/li>\n<\/ul>\n<\/li><li class=\"wp-block-post post-1286 post type-post status-publish format-standard has-post-thumbnail hentry category-dibujo\">\n<ul class=\"wp-block-latest-posts__list has-dates wp-block-latest-posts\"><li><a class=\"wp-block-latest-posts__post-title\" href=\"https:\/\/iessoldeportocarrero.com\/?p=2831\">COMPONENTES DEL DEPARTAMENTO<\/a><time datetime=\"2024-11-24T22:57:28+01:00\" class=\"wp-block-latest-posts__post-date\">noviembre 24, 2024<\/time><div class=\"wp-block-latest-posts__post-full-content\"><!-- wp:table {\"className\":\"is-style-stripes\"} -->\n<figure class=\"wp-block-table is-style-stripes\"><table class=\"has-fixed-layout\"><tbody><tr><td class=\"has-text-align-center\" data-align=\"center\"><strong>El departamento de Dibujo est\u00e1 formado por:<\/strong><\/td><\/tr><tr><td class=\"has-text-align-center\" data-align=\"center\">Mar\u00eda Luisa Quir\u00f3s Guerrero<\/td><\/tr><tr><td class=\"has-text-align-center\" data-align=\"center\">Alfonso Carlos Gonz\u00e1lez Arrieta<\/td><\/tr><\/tbody><\/table><\/figure>\n<!-- \/wp:table --><\/div><\/li>\n<li><div class=\"wp-block-latest-posts__featured-image aligncenter\"><img decoding=\"async\" width=\"150\" height=\"150\" src=\"https:\/\/iessoldeportocarrero.com\/wp-content\/uploads\/2023\/05\/Premios_concurso_marcapaginas_202201-150x150.jpeg\" class=\"attachment-thumbnail size-thumbnail wp-post-image\" alt=\"\" style=\"\" \/><\/div><a class=\"wp-block-latest-posts__post-title\" href=\"https:\/\/iessoldeportocarrero.com\/?p=1286\">Ganadores del concurso de creaci\u00f3n de marcap\u00e1ginas \u2013 D\u00eda del Libro 2022<\/a><time datetime=\"2023-05-09T10:16:46+02:00\" class=\"wp-block-latest-posts__post-date\">mayo 9, 2023<\/time><div class=\"wp-block-latest-posts__post-full-content\"><!-- wp:file {\"id\":1287,\"href\":\"https:\/\/iessoldeportocarrero.com\/wp-content\/uploads\/2023\/05\/GANADORES-CONCURSO-DE-MARCAPAGINAS.pdf\",\"displayPreview\":true,\"previewHeight\":436} -->\n<div class=\"wp-block-file\"><object class=\"wp-block-file__embed\" data=\"https:\/\/iessoldeportocarrero.com\/wp-content\/uploads\/2023\/05\/GANADORES-CONCURSO-DE-MARCAPAGINAS.pdf\" type=\"application\/pdf\" style=\"width:100%;height:436px\" aria-label=\"GANADORES-CONCURSO-DE-MARCAPAGINAS\"><\/object><a id=\"wp-block-file--media-72f96de6-cbb5-4563-9b88-40fe13ecddcb\" href=\"https:\/\/iessoldeportocarrero.com\/wp-content\/uploads\/2023\/05\/GANADORES-CONCURSO-DE-MARCAPAGINAS.pdf\" target=\"_blank\" rel=\"noreferrer noopener\">GANADORES-CONCURSO-DE-MARCAPAGINAS<\/a><a href=\"https:\/\/iessoldeportocarrero.com\/wp-content\/uploads\/2023\/05\/GANADORES-CONCURSO-DE-MARCAPAGINAS.pdf\" class=\"wp-block-file__button wp-element-button\" download aria-describedby=\"wp-block-file--media-72f96de6-cbb5-4563-9b88-40fe13ecddcb\">Descarga<\/a><\/div>\n<!-- \/wp:file --><\/div><\/li>\n<\/ul>\n<\/li><\/ul><\/div>\n","protected":false},"excerpt":{"rendered":"<p>Dibujo Art\u00edstico. Partiendo de las destrezas y conocimientos previos adquiridos de forma general en la asignatura de Educaci\u00f3n Pl\u00e1stica, Visual y Audiovisual de la ESO, en Bachillerato se profundizar en las destrezas y conceptos del Dibujo como herramienta del pensamiento <a href=\"https:\/\/iessoldeportocarrero.com\/?page_id=91\" class=\"read-more\">Leer m\u00e1s&#8230;<\/a><\/p>\n","protected":false},"author":1,"featured_media":0,"parent":28,"menu_order":0,"comment_status":"closed","ping_status":"closed","template":"","meta":{"footnotes":""},"class_list":["post-91","page","type-page","status-publish","hentry"],"yoast_head":"<!-- This site is optimized with the Yoast SEO plugin v19.14 - https:\/\/yoast.com\/wordpress\/plugins\/seo\/ -->\n<title>Dibujo - IES SOL DE PORTOCARRERO - LA LABORAL<\/title>\n<meta name=\"robots\" content=\"index, follow, max-snippet:-1, max-image-preview:large, max-video-preview:-1\" \/>\n<link rel=\"canonical\" href=\"https:\/\/iessoldeportocarrero.com\/?page_id=91\" \/>\n<meta property=\"og:locale\" content=\"es_ES\" \/>\n<meta property=\"og:type\" content=\"article\" \/>\n<meta property=\"og:title\" content=\"Dibujo - IES SOL DE PORTOCARRERO - LA LABORAL\" \/>\n<meta property=\"og:description\" content=\"Dibujo Art\u00edstico. Partiendo de las destrezas y conocimientos previos adquiridos de forma general en la asignatura de Educaci\u00f3n Pl\u00e1stica, Visual y Audiovisual de la ESO, en Bachillerato se profundizar en las destrezas y conceptos del Dibujo como herramienta del pensamiento Leer m\u00e1s...\" \/>\n<meta property=\"og:url\" content=\"https:\/\/iessoldeportocarrero.com\/?page_id=91\" \/>\n<meta property=\"og:site_name\" content=\"IES SOL DE PORTOCARRERO - LA LABORAL\" \/>\n<meta property=\"article:modified_time\" content=\"2024-11-24T21:58:29+00:00\" \/>\n<meta property=\"og:image\" content=\"https:\/\/iessoldeportocarrero.com\/wp-content\/uploads\/2023\/05\/istockphoto-1293348675-612x612-1.jpg\" \/>\n<meta name=\"twitter:card\" content=\"summary_large_image\" \/>\n<meta name=\"twitter:label1\" content=\"Tiempo de lectura\" \/>\n\t<meta name=\"twitter:data1\" content=\"1 minuto\" \/>\n<script type=\"application\/ld+json\" class=\"yoast-schema-graph\">{\"@context\":\"https:\/\/schema.org\",\"@graph\":[{\"@type\":\"WebPage\",\"@id\":\"https:\/\/iessoldeportocarrero.com\/?page_id=91\",\"url\":\"https:\/\/iessoldeportocarrero.com\/?page_id=91\",\"name\":\"Dibujo - IES SOL DE PORTOCARRERO - LA LABORAL\",\"isPartOf\":{\"@id\":\"https:\/\/iessoldeportocarrero.com\/#website\"},\"datePublished\":\"2022-11-10T10:31:05+00:00\",\"dateModified\":\"2024-11-24T21:58:29+00:00\",\"breadcrumb\":{\"@id\":\"https:\/\/iessoldeportocarrero.com\/?page_id=91#breadcrumb\"},\"inLanguage\":\"es\",\"potentialAction\":[{\"@type\":\"ReadAction\",\"target\":[\"https:\/\/iessoldeportocarrero.com\/?page_id=91\"]}]},{\"@type\":\"BreadcrumbList\",\"@id\":\"https:\/\/iessoldeportocarrero.com\/?page_id=91#breadcrumb\",\"itemListElement\":[{\"@type\":\"ListItem\",\"position\":1,\"name\":\"Home\",\"item\":\"https:\/\/iessoldeportocarrero.com\/\"},{\"@type\":\"ListItem\",\"position\":2,\"name\":\"DEPARTAMENTOS\",\"item\":\"https:\/\/iessoldeportocarrero.com\/?page_id=28\"},{\"@type\":\"ListItem\",\"position\":3,\"name\":\"Dibujo\"}]},{\"@type\":\"WebSite\",\"@id\":\"https:\/\/iessoldeportocarrero.com\/#website\",\"url\":\"https:\/\/iessoldeportocarrero.com\/\",\"name\":\"IES SOL DE PORTOCARRERO - LA LABORAL\",\"description\":\"INSTITUTO DE EDUCACI\u00d3N SECUNDARIA Y FORMACI\u00d3N PROFESIONAL\",\"potentialAction\":[{\"@type\":\"SearchAction\",\"target\":{\"@type\":\"EntryPoint\",\"urlTemplate\":\"https:\/\/iessoldeportocarrero.com\/?s={search_term_string}\"},\"query-input\":\"required name=search_term_string\"}],\"inLanguage\":\"es\"}]}<\/script>\n<!-- \/ Yoast SEO plugin. -->","yoast_head_json":{"title":"Dibujo - IES SOL DE PORTOCARRERO - LA LABORAL","robots":{"index":"index","follow":"follow","max-snippet":"max-snippet:-1","max-image-preview":"max-image-preview:large","max-video-preview":"max-video-preview:-1"},"canonical":"https:\/\/iessoldeportocarrero.com\/?page_id=91","og_locale":"es_ES","og_type":"article","og_title":"Dibujo - IES SOL DE PORTOCARRERO - LA LABORAL","og_description":"Dibujo Art\u00edstico. Partiendo de las destrezas y conocimientos previos adquiridos de forma general en la asignatura de Educaci\u00f3n Pl\u00e1stica, Visual y Audiovisual de la ESO, en Bachillerato se profundizar en las destrezas y conceptos del Dibujo como herramienta del pensamiento Leer m\u00e1s...","og_url":"https:\/\/iessoldeportocarrero.com\/?page_id=91","og_site_name":"IES SOL DE PORTOCARRERO - LA LABORAL","article_modified_time":"2024-11-24T21:58:29+00:00","og_image":[{"url":"https:\/\/iessoldeportocarrero.com\/wp-content\/uploads\/2023\/05\/istockphoto-1293348675-612x612-1.jpg"}],"twitter_card":"summary_large_image","twitter_misc":{"Tiempo de lectura":"1 minuto"},"schema":{"@context":"https:\/\/schema.org","@graph":[{"@type":"WebPage","@id":"https:\/\/iessoldeportocarrero.com\/?page_id=91","url":"https:\/\/iessoldeportocarrero.com\/?page_id=91","name":"Dibujo - IES SOL DE PORTOCARRERO - LA LABORAL","isPartOf":{"@id":"https:\/\/iessoldeportocarrero.com\/#website"},"datePublished":"2022-11-10T10:31:05+00:00","dateModified":"2024-11-24T21:58:29+00:00","breadcrumb":{"@id":"https:\/\/iessoldeportocarrero.com\/?page_id=91#breadcrumb"},"inLanguage":"es","potentialAction":[{"@type":"ReadAction","target":["https:\/\/iessoldeportocarrero.com\/?page_id=91"]}]},{"@type":"BreadcrumbList","@id":"https:\/\/iessoldeportocarrero.com\/?page_id=91#breadcrumb","itemListElement":[{"@type":"ListItem","position":1,"name":"Home","item":"https:\/\/iessoldeportocarrero.com\/"},{"@type":"ListItem","position":2,"name":"DEPARTAMENTOS","item":"https:\/\/iessoldeportocarrero.com\/?page_id=28"},{"@type":"ListItem","position":3,"name":"Dibujo"}]},{"@type":"WebSite","@id":"https:\/\/iessoldeportocarrero.com\/#website","url":"https:\/\/iessoldeportocarrero.com\/","name":"IES SOL DE PORTOCARRERO - LA LABORAL","description":"INSTITUTO DE EDUCACI\u00d3N SECUNDARIA Y FORMACI\u00d3N PROFESIONAL","potentialAction":[{"@type":"SearchAction","target":{"@type":"EntryPoint","urlTemplate":"https:\/\/iessoldeportocarrero.com\/?s={search_term_string}"},"query-input":"required name=search_term_string"}],"inLanguage":"es"}]}},"jetpack_sharing_enabled":true,"jetpack-related-posts":[{"id":301,"url":"https:\/\/iessoldeportocarrero.com\/?page_id=301","url_meta":{"origin":91,"position":0},"title":"Documentaci\u00f3n_Dibujo","author":"admin","date":"noviembre 14, 2022","format":false,"excerpt":"Materiales, recursos\u2026 Dibujo, visualidad y conocimiento: Elementos comunes de la unidad La historia inicial que vas a encontrarte en esta primera unidad comienza hace mucho, mucho tiempo. Hay frases que han pasado a la historia por lo que han significado y por los acontecimientos a los que est\u00e1n ligadas. Tal\u2026","rel":"","context":"Entrada similar","block_context":{"text":"Entrada similar","link":""},"img":{"alt_text":"dibujo01","src":"https:\/\/i0.wp.com\/blogsaverroes.juntadeandalucia.es\/iesoldeportocarrero\/files\/2015\/03\/dibujo01-300x204.jpg?resize=350%2C200","width":350,"height":200},"classes":[]},{"id":361,"url":"https:\/\/iessoldeportocarrero.com\/?page_id=361","url_meta":{"origin":91,"position":1},"title":"Programaci\u00f3n_Dibujo","author":"admin","date":"noviembre 14, 2022","format":false,"excerpt":"Dibujo Art\u00edstico. Partiendo de las destrezas y conocimientos previos adquiridos de forma general en la asignatura de Educaci\u00f3n Pl\u00e1stica, Visual y Audiovisual de la ESO, en Bachillerato se profundizar en las destrezas y conceptos del Dibujo como herramienta del pensamiento que participa en el proceso creativo, comunicativo, pl\u00e1stico y visual,\u2026","rel":"","context":"Entrada similar","block_context":{"text":"Entrada similar","link":""},"img":{"alt_text":"","src":"https:\/\/i0.wp.com\/iessoldeportocarrero.com\/wp-content\/uploads\/2023\/01\/dibujo-300x200-1.jpg?resize=350%2C200&ssl=1","width":350,"height":200},"classes":[]},{"id":28,"url":"https:\/\/iessoldeportocarrero.com\/?page_id=28","url_meta":{"origin":91,"position":2},"title":"DEPARTAMENTOS","author":"admin","date":"noviembre 3, 2022","format":false,"excerpt":"ACTIVIDADES F\u00cdSICAS AGRARIA BIOLOG\u00cdA Y GEOLOG\u00cdA CL\u00c1SICAS ACTIVIDADES EXTRAESCOLARES DIBUJO ECONOM\u00cdA EDUCACI\u00d3N F\u00cdSICA FILOSOF\u00cdA F\u00cdSICA Y QU\u00cdMICA FOL FEIE FRANC\u00c9S GEOGRAF\u00cdA E HISTORIA INFORM\u00c1TICA INGL\u00c9S INSTALACI\u00d3N Y MANTENIMIENTO LENGUA MATEM\u00c1TICAS M\u00daSICA ORIENTACI\u00d3N RELIGI\u00d3N TECNOLOG\u00cdA E INFORM\u00c1TICA","rel":"","context":"Entrada similar","block_context":{"text":"Entrada similar","link":""},"img":{"alt_text":"","src":"","width":0,"height":0},"classes":[]},{"id":307,"url":"https:\/\/iessoldeportocarrero.com\/?page_id=307","url_meta":{"origin":91,"position":3},"title":"Documentaci\u00f3n_Franc\u00e9s","author":"admin","date":"noviembre 14, 2022","format":false,"excerpt":"Documentaci\u00f3n Programaci\u00f3n","rel":"","context":"Entrada similar","block_context":{"text":"Entrada similar","link":""},"img":{"alt_text":"","src":"","width":0,"height":0},"classes":[]},{"id":174,"url":"https:\/\/iessoldeportocarrero.com\/?page_id=174","url_meta":{"origin":91,"position":4},"title":"Documentaci\u00f3n_Mat","author":"admin","date":"noviembre 11, 2022","format":false,"excerpt":"","rel":"","context":"Entrada similar","block_context":{"text":"Entrada similar","link":""},"img":{"alt_text":"","src":"","width":0,"height":0},"classes":[]},{"id":299,"url":"https:\/\/iessoldeportocarrero.com\/?page_id=299","url_meta":{"origin":91,"position":5},"title":"Documentaci\u00f3n_FOL","author":"admin","date":"noviembre 14, 2022","format":false,"excerpt":"","rel":"","context":"Entrada similar","block_context":{"text":"Entrada similar","link":""},"img":{"alt_text":"","src":"","width":0,"height":0},"classes":[]}],"_links":{"self":[{"href":"https:\/\/iessoldeportocarrero.com\/index.php?rest_route=\/wp\/v2\/pages\/91","targetHints":{"allow":["GET"]}}],"collection":[{"href":"https:\/\/iessoldeportocarrero.com\/index.php?rest_route=\/wp\/v2\/pages"}],"about":[{"href":"https:\/\/iessoldeportocarrero.com\/index.php?rest_route=\/wp\/v2\/types\/page"}],"author":[{"embeddable":true,"href":"https:\/\/iessoldeportocarrero.com\/index.php?rest_route=\/wp\/v2\/users\/1"}],"replies":[{"embeddable":true,"href":"https:\/\/iessoldeportocarrero.com\/index.php?rest_route=%2Fwp%2Fv2%2Fcomments&post=91"}],"version-history":[{"count":8,"href":"https:\/\/iessoldeportocarrero.com\/index.php?rest_route=\/wp\/v2\/pages\/91\/revisions"}],"predecessor-version":[{"id":2834,"href":"https:\/\/iessoldeportocarrero.com\/index.php?rest_route=\/wp\/v2\/pages\/91\/revisions\/2834"}],"up":[{"embeddable":true,"href":"https:\/\/iessoldeportocarrero.com\/index.php?rest_route=\/wp\/v2\/pages\/28"}],"wp:attachment":[{"href":"https:\/\/iessoldeportocarrero.com\/index.php?rest_route=%2Fwp%2Fv2%2Fmedia&parent=91"}],"curies":[{"name":"wp","href":"https:\/\/api.w.org\/{rel}","templated":true}]}}