{"id":87,"date":"2022-11-10T11:30:12","date_gmt":"2022-11-10T10:30:12","guid":{"rendered":"https:\/\/soldeportocarreroies.wordpress.com\/?page_id=87"},"modified":"2024-11-24T22:55:49","modified_gmt":"2024-11-24T21:55:49","slug":"clasicas","status":"publish","type":"page","link":"https:\/\/iessoldeportocarrero.com\/?page_id=87","title":{"rendered":"Cl\u00e1sicas"},"content":{"rendered":"<div class=\"wp-block-image is-style-rounded\">\n<figure class=\"aligncenter size-full is-resized\"><img fetchpriority=\"high\" decoding=\"async\" width=\"612\" height=\"404\" src=\"https:\/\/iessoldeportocarrero.com\/wp-content\/uploads\/2023\/05\/istockphoto-1386085766-612x612-1.jpg\" alt=\"\" class=\"wp-image-1347\" style=\"width:306px;height:202px\" srcset=\"https:\/\/iessoldeportocarrero.com\/wp-content\/uploads\/2023\/05\/istockphoto-1386085766-612x612-1.jpg 612w, https:\/\/iessoldeportocarrero.com\/wp-content\/uploads\/2023\/05\/istockphoto-1386085766-612x612-1-300x198.jpg 300w, https:\/\/iessoldeportocarrero.com\/wp-content\/uploads\/2023\/05\/istockphoto-1386085766-612x612-1-360x238.jpg 360w\" sizes=\"(max-width: 612px) 100vw, 612px\" \/><\/figure>\n<\/div>\n\n\n<div class=\"wp-block-buttons is-content-justification-center is-layout-flex wp-container-core-buttons-is-layout-16018d1d wp-block-buttons-is-layout-flex\">\n<div class=\"wp-block-button\"><a class=\"wp-block-button__link wp-element-button\" href=\"https:\/\/drive.google.com\/drive\/folders\/1sv89GQpwSHUiP5jNyQxY-H6EfQ6nUOhN?usp=sharing\" target=\"_blank\" rel=\"noreferrer noopener\">Documentaci\u00f3n<\/a><\/div>\n<\/div>\n\n\n\n<div class=\"wp-block-columns is-layout-flex wp-container-core-columns-is-layout-9d6595d7 wp-block-columns-is-layout-flex\">\n<div class=\"wp-block-column is-layout-flow wp-block-column-is-layout-flow\">\n<p><strong>Cultura Cl\u00e1sica.<\/strong><\/p>\n\n\n\n<p>La materia Cultura Cl\u00e1sica tiene como finalidad facilitar al alumnado un primer acercamiento general al estudio de las civilizaciones griega y latina en los \u00e1mbitos literario, art\u00edstico, filos\u00f3fico, cient\u00edfico y ling\u00fc\u00edstico, con objeto de que, a partir de su estudio, pueda tomar conciencia de la pervivencia, influencia y presencia de muchos de estos aspectos en la cultura occidental, mejorando de este modo su comprensi\u00f3n de lo que constituye su identidad cultural y de las diversas manifestaciones que la definen.<\/p>\n\n\n\n<p>A trav\u00e9s de la Cultura Cl\u00e1sica se pretende iniciar al alumnado en un ejercicio de reflexi\u00f3n y an\u00e1lisis sobre las bases sobre las que descansan algunas de las realidades m\u00e1s caracter\u00edsticas de nuestra cultura, confrontando estas con diversos aspectos de lo que conocemos como legado cl\u00e1sico y estableciendo relaciones de correspondencia entre unas y otros.<\/p>\n\n\n\n<p><strong>Lat\u00edn.<\/strong><\/p>\n\n\n\n<p>La materia Lat\u00edn en la etapa de ESO tiene como principal finalidad introducir al alumnado en el conocimiento de los aspectos esenciales de la lengua y la cultura latina, haciendo hincapi\u00e9 al mismo tiempo en el papel que estas desempe\u00f1an en tanto que origen y fundamento de las lenguas romances y de la cultura occidental. Esta misma perspectiva est\u00e1 tambi\u00e9n presente en el curr\u00edculo b\u00e1sico para Bachillerato, si bien en esta etapa se<\/p>\n\n\n\n<p>persigue un estudio m\u00e1s en profundidad de la lengua, caracterizada por su riqueza y complejidad estructural. Esto no solo constituye de por s\u00ed un importante ejercicio intelectual, sino que al mismo tiempo proporciona una s\u00f3lida base cient\u00edfica para el estudio y perfeccionamiento progresivo en el manejo de otras lenguas.<\/p>\n\n\n\n<p><strong>Griego.<\/strong><\/p>\n\n\n\n<p>La asignatura de Griego en la etapa de Bachillerato tiene como primera finalidad introducir al alumnado en el conocimiento b\u00e1sico de la lengua griega antigua en sus aspectos morfol\u00f3gicos, sint\u00e1cticos y l\u00e9xicos, con objeto de permitirle acceder directamente a algunos de los textos originales m\u00e1s importantes de la tradici\u00f3n literaria hel\u00e9nica, a trav\u00e9s de los cuales ha llegado hasta nosotros una buena parte del denominado legado cl\u00e1sico. El estudio de la lengua y la literatura griega sirve, adem\u00e1s, como instrumento id\u00f3neo para iniciarse en un conocimiento directo del pensamiento y la cultura griega antigua, que constituyen la base de la civilizaci\u00f3n occidental.<\/p>\n<\/div>\n<\/div>\n\n\n<ul class=\"wp-block-latest-posts__list has-dates wp-block-latest-posts\"><li><a class=\"wp-block-latest-posts__post-title\" href=\"https:\/\/iessoldeportocarrero.com\/?p=2827\">COMPONENTES DEL DEPARTAMENTO<\/a><time datetime=\"2024-11-24T22:55:23+01:00\" class=\"wp-block-latest-posts__post-date\">noviembre 24, 2024<\/time><div class=\"wp-block-latest-posts__post-full-content\"><!-- wp:table {\"hasFixedLayout\":false,\"className\":\"is-style-stripes\"} -->\n<figure class=\"wp-block-table is-style-stripes\"><table><thead><tr><th class=\"has-text-align-center\" data-align=\"center\">El Departamento de Cl\u00e1sicas est\u00e1 formado por:<\/th><\/tr><\/thead><tbody><tr><td class=\"has-text-align-center\" data-align=\"center\">Mar\u00eda Encarnaci\u00f3n Castro Vida<\/td><\/tr><\/tbody><\/table><\/figure>\n<!-- \/wp:table --><\/div><\/li>\n<\/ul>","protected":false},"excerpt":{"rendered":"<p>Cultura Cl\u00e1sica. La materia Cultura Cl\u00e1sica tiene como finalidad facilitar al alumnado un primer acercamiento general al estudio de las civilizaciones griega y latina en los \u00e1mbitos literario, art\u00edstico, filos\u00f3fico, cient\u00edfico y ling\u00fc\u00edstico, con objeto de que, a partir de <a href=\"https:\/\/iessoldeportocarrero.com\/?page_id=87\" class=\"read-more\">Leer m\u00e1s&#8230;<\/a><\/p>\n","protected":false},"author":1,"featured_media":0,"parent":28,"menu_order":0,"comment_status":"closed","ping_status":"closed","template":"","meta":{"footnotes":""},"class_list":["post-87","page","type-page","status-publish","hentry"],"yoast_head":"<!-- This site is optimized with the Yoast SEO plugin v19.14 - https:\/\/yoast.com\/wordpress\/plugins\/seo\/ -->\n<title>Cl\u00e1sicas - IES SOL DE PORTOCARRERO - LA LABORAL<\/title>\n<meta name=\"robots\" content=\"index, follow, max-snippet:-1, max-image-preview:large, max-video-preview:-1\" \/>\n<link rel=\"canonical\" href=\"https:\/\/iessoldeportocarrero.com\/?page_id=87\" \/>\n<meta property=\"og:locale\" content=\"es_ES\" \/>\n<meta property=\"og:type\" content=\"article\" \/>\n<meta property=\"og:title\" content=\"Cl\u00e1sicas - IES SOL DE PORTOCARRERO - LA LABORAL\" \/>\n<meta property=\"og:description\" content=\"Cultura Cl\u00e1sica. La materia Cultura Cl\u00e1sica tiene como finalidad facilitar al alumnado un primer acercamiento general al estudio de las civilizaciones griega y latina en los \u00e1mbitos literario, art\u00edstico, filos\u00f3fico, cient\u00edfico y ling\u00fc\u00edstico, con objeto de que, a partir de Leer m\u00e1s...\" \/>\n<meta property=\"og:url\" content=\"https:\/\/iessoldeportocarrero.com\/?page_id=87\" \/>\n<meta property=\"og:site_name\" content=\"IES SOL DE PORTOCARRERO - LA LABORAL\" \/>\n<meta property=\"article:modified_time\" content=\"2024-11-24T21:55:49+00:00\" \/>\n<meta property=\"og:image\" content=\"https:\/\/iessoldeportocarrero.com\/wp-content\/uploads\/2023\/05\/istockphoto-1386085766-612x612-1.jpg\" \/>\n<meta name=\"twitter:card\" content=\"summary_large_image\" \/>\n<meta name=\"twitter:label1\" content=\"Tiempo de lectura\" \/>\n\t<meta name=\"twitter:data1\" content=\"2 minutos\" \/>\n<script type=\"application\/ld+json\" class=\"yoast-schema-graph\">{\"@context\":\"https:\/\/schema.org\",\"@graph\":[{\"@type\":\"WebPage\",\"@id\":\"https:\/\/iessoldeportocarrero.com\/?page_id=87\",\"url\":\"https:\/\/iessoldeportocarrero.com\/?page_id=87\",\"name\":\"Cl\u00e1sicas - IES SOL DE PORTOCARRERO - LA LABORAL\",\"isPartOf\":{\"@id\":\"https:\/\/iessoldeportocarrero.com\/#website\"},\"datePublished\":\"2022-11-10T10:30:12+00:00\",\"dateModified\":\"2024-11-24T21:55:49+00:00\",\"breadcrumb\":{\"@id\":\"https:\/\/iessoldeportocarrero.com\/?page_id=87#breadcrumb\"},\"inLanguage\":\"es\",\"potentialAction\":[{\"@type\":\"ReadAction\",\"target\":[\"https:\/\/iessoldeportocarrero.com\/?page_id=87\"]}]},{\"@type\":\"BreadcrumbList\",\"@id\":\"https:\/\/iessoldeportocarrero.com\/?page_id=87#breadcrumb\",\"itemListElement\":[{\"@type\":\"ListItem\",\"position\":1,\"name\":\"Home\",\"item\":\"https:\/\/iessoldeportocarrero.com\/\"},{\"@type\":\"ListItem\",\"position\":2,\"name\":\"DEPARTAMENTOS\",\"item\":\"https:\/\/iessoldeportocarrero.com\/?page_id=28\"},{\"@type\":\"ListItem\",\"position\":3,\"name\":\"Cl\u00e1sicas\"}]},{\"@type\":\"WebSite\",\"@id\":\"https:\/\/iessoldeportocarrero.com\/#website\",\"url\":\"https:\/\/iessoldeportocarrero.com\/\",\"name\":\"IES SOL DE PORTOCARRERO - LA LABORAL\",\"description\":\"INSTITUTO DE EDUCACI\u00d3N SECUNDARIA Y FORMACI\u00d3N PROFESIONAL\",\"potentialAction\":[{\"@type\":\"SearchAction\",\"target\":{\"@type\":\"EntryPoint\",\"urlTemplate\":\"https:\/\/iessoldeportocarrero.com\/?s={search_term_string}\"},\"query-input\":\"required name=search_term_string\"}],\"inLanguage\":\"es\"}]}<\/script>\n<!-- \/ Yoast SEO plugin. -->","yoast_head_json":{"title":"Cl\u00e1sicas - IES SOL DE PORTOCARRERO - LA LABORAL","robots":{"index":"index","follow":"follow","max-snippet":"max-snippet:-1","max-image-preview":"max-image-preview:large","max-video-preview":"max-video-preview:-1"},"canonical":"https:\/\/iessoldeportocarrero.com\/?page_id=87","og_locale":"es_ES","og_type":"article","og_title":"Cl\u00e1sicas - IES SOL DE PORTOCARRERO - LA LABORAL","og_description":"Cultura Cl\u00e1sica. La materia Cultura Cl\u00e1sica tiene como finalidad facilitar al alumnado un primer acercamiento general al estudio de las civilizaciones griega y latina en los \u00e1mbitos literario, art\u00edstico, filos\u00f3fico, cient\u00edfico y ling\u00fc\u00edstico, con objeto de que, a partir de Leer m\u00e1s...","og_url":"https:\/\/iessoldeportocarrero.com\/?page_id=87","og_site_name":"IES SOL DE PORTOCARRERO - LA LABORAL","article_modified_time":"2024-11-24T21:55:49+00:00","og_image":[{"url":"https:\/\/iessoldeportocarrero.com\/wp-content\/uploads\/2023\/05\/istockphoto-1386085766-612x612-1.jpg"}],"twitter_card":"summary_large_image","twitter_misc":{"Tiempo de lectura":"2 minutos"},"schema":{"@context":"https:\/\/schema.org","@graph":[{"@type":"WebPage","@id":"https:\/\/iessoldeportocarrero.com\/?page_id=87","url":"https:\/\/iessoldeportocarrero.com\/?page_id=87","name":"Cl\u00e1sicas - IES SOL DE PORTOCARRERO - LA LABORAL","isPartOf":{"@id":"https:\/\/iessoldeportocarrero.com\/#website"},"datePublished":"2022-11-10T10:30:12+00:00","dateModified":"2024-11-24T21:55:49+00:00","breadcrumb":{"@id":"https:\/\/iessoldeportocarrero.com\/?page_id=87#breadcrumb"},"inLanguage":"es","potentialAction":[{"@type":"ReadAction","target":["https:\/\/iessoldeportocarrero.com\/?page_id=87"]}]},{"@type":"BreadcrumbList","@id":"https:\/\/iessoldeportocarrero.com\/?page_id=87#breadcrumb","itemListElement":[{"@type":"ListItem","position":1,"name":"Home","item":"https:\/\/iessoldeportocarrero.com\/"},{"@type":"ListItem","position":2,"name":"DEPARTAMENTOS","item":"https:\/\/iessoldeportocarrero.com\/?page_id=28"},{"@type":"ListItem","position":3,"name":"Cl\u00e1sicas"}]},{"@type":"WebSite","@id":"https:\/\/iessoldeportocarrero.com\/#website","url":"https:\/\/iessoldeportocarrero.com\/","name":"IES SOL DE PORTOCARRERO - LA LABORAL","description":"INSTITUTO DE EDUCACI\u00d3N SECUNDARIA Y FORMACI\u00d3N PROFESIONAL","potentialAction":[{"@type":"SearchAction","target":{"@type":"EntryPoint","urlTemplate":"https:\/\/iessoldeportocarrero.com\/?s={search_term_string}"},"query-input":"required name=search_term_string"}],"inLanguage":"es"}]}},"jetpack_sharing_enabled":true,"jetpack-related-posts":[{"id":369,"url":"https:\/\/iessoldeportocarrero.com\/?page_id=369","url_meta":{"origin":87,"position":0},"title":"Programaci\u00f3n Cl\u00e1sicas","author":"admin","date":"noviembre 14, 2022","format":false,"excerpt":"Cultura Cl\u00e1sica. La materia Cultura Cl\u00e1sica tiene como finalidad facilitar al alumnado un primer acercamiento general al estudio de las civilizaciones griega y latina en los \u00e1mbitos literario, art\u00edstico, filos\u00f3fico, cient\u00edfico y ling\u00fc\u00edstico, con objeto de que, a partir de su estudio, pueda tomar conciencia de la pervivencia, influencia y\u2026","rel":"","context":"Entrada similar","block_context":{"text":"Entrada similar","link":""},"img":{"alt_text":"","src":"","width":0,"height":0},"classes":[]},{"id":311,"url":"https:\/\/iessoldeportocarrero.com\/?page_id=311","url_meta":{"origin":87,"position":1},"title":"Documentaci\u00f3n_Cl\u00e1sicas","author":"admin","date":"noviembre 14, 2022","format":false,"excerpt":"Materiales, recursos\u2026 Practica la tercera declinaci\u00f3n griega Secuencia que persigue el adiestramiento en el uso de los casos de la tercera declinaci\u00f3n del griego, o declinaci\u00f3n atem\u00e1tica, mediante la realizaci\u00f3n de actividades y ejercicios espec\u00edficos sobre el tema basados en los esquemas correspondientes. Introducci\u00f3n a la historia de Roma desde\u2026","rel":"","context":"Entrada similar","block_context":{"text":"Entrada similar","link":""},"img":{"alt_text":"clasica_01","src":"https:\/\/i0.wp.com\/blogsaverroes.juntadeandalucia.es\/iesoldeportocarrero\/files\/2015\/03\/clasica_01-300x174.jpg?resize=350%2C200","width":350,"height":200},"classes":[]},{"id":28,"url":"https:\/\/iessoldeportocarrero.com\/?page_id=28","url_meta":{"origin":87,"position":2},"title":"DEPARTAMENTOS","author":"admin","date":"noviembre 3, 2022","format":false,"excerpt":"ACTIVIDADES F\u00cdSICAS AGRARIA BIOLOG\u00cdA Y GEOLOG\u00cdA CL\u00c1SICAS ACTIVIDADES EXTRAESCOLARES DIBUJO ECONOM\u00cdA EDUCACI\u00d3N F\u00cdSICA FILOSOF\u00cdA F\u00cdSICA Y QU\u00cdMICA FOL FEIE FRANC\u00c9S GEOGRAF\u00cdA E HISTORIA INFORM\u00c1TICA INGL\u00c9S INSTALACI\u00d3N Y MANTENIMIENTO LENGUA MATEM\u00c1TICAS M\u00daSICA ORIENTACI\u00d3N RELIGI\u00d3N TECNOLOG\u00cdA E INFORM\u00c1TICA","rel":"","context":"Entrada similar","block_context":{"text":"Entrada similar","link":""},"img":{"alt_text":"","src":"","width":0,"height":0},"classes":[]},{"id":117,"url":"https:\/\/iessoldeportocarrero.com\/?page_id=117","url_meta":{"origin":87,"position":3},"title":"Matem\u00e1ticas","author":"admin","date":"noviembre 10, 2022","format":false,"excerpt":"Documentaci\u00f3n Matem\u00e1ticas Las matem\u00e1ticas constituyen una forma de mirar e interpretar el mundo que nos rodea, reflejan la capacidad creativa, expresan con precisi\u00f3n conceptos y argumentos, favorecen la capacidad para aprender a aprender y contienen elementos de gran belleza; sin olvidar adem\u00e1s el car\u00e1cter instrumental que las matem\u00e1ticas tienen como\u2026","rel":"","context":"Entrada similar","block_context":{"text":"Entrada similar","link":""},"img":{"alt_text":"","src":"https:\/\/i0.wp.com\/iessoldeportocarrero.com\/wp-content\/uploads\/2023\/09\/fotonoticia_20211202103050_1200.jpg?resize=350%2C200&ssl=1","width":350,"height":200,"srcset":"https:\/\/i0.wp.com\/iessoldeportocarrero.com\/wp-content\/uploads\/2023\/09\/fotonoticia_20211202103050_1200.jpg?resize=350%2C200&ssl=1 1x, https:\/\/i0.wp.com\/iessoldeportocarrero.com\/wp-content\/uploads\/2023\/09\/fotonoticia_20211202103050_1200.jpg?resize=525%2C300&ssl=1 1.5x, https:\/\/i0.wp.com\/iessoldeportocarrero.com\/wp-content\/uploads\/2023\/09\/fotonoticia_20211202103050_1200.jpg?resize=700%2C400&ssl=1 2x, https:\/\/i0.wp.com\/iessoldeportocarrero.com\/wp-content\/uploads\/2023\/09\/fotonoticia_20211202103050_1200.jpg?resize=1050%2C600&ssl=1 3x"},"classes":[]},{"id":1159,"url":"https:\/\/iessoldeportocarrero.com\/?page_id=1159","url_meta":{"origin":87,"position":4},"title":"PROGRAMAS DEL MINISTERIO DE EDUCACI\u00d3N, CULTURA Y DEPORTE","author":"admin","date":"mayo 3, 2023","format":false,"excerpt":"Programas del Ministerio de Educaci\u00f3n, Cultura y Deporte Programa \u00abRutas cient\u00edficas, art\u00edsticas y literarias\u00bb Participamos en el programa de Primavera 2017 en la ruta 2 \u00abNavarra y Arag\u00f3n\u00bb Programa \u00abRecuperaci\u00f3n y utilizaci\u00f3n educativa de pueblos abandonados\u00bb Programa \u00abCentros de educaci\u00f3n ambiental\u00bb Nuestro centro va a participar en este programa del\u2026","rel":"","context":"Entrada similar","block_context":{"text":"Entrada similar","link":""},"img":{"alt_text":"","src":"","width":0,"height":0},"classes":[]},{"id":119,"url":"https:\/\/iessoldeportocarrero.com\/?page_id=119","url_meta":{"origin":87,"position":5},"title":"M\u00fasica","author":"admin","date":"noviembre 10, 2022","format":false,"excerpt":"Documentaci\u00f3n M\u00fasica La m\u00fasica, como bien cultural y como lenguaje y medio de comunicaci\u00f3n no verbal, constituye un elemento con gran valor en la vida de las personas; adem\u00e1s, favorece el desarrollo integral de los individuos, interviene en su formaci\u00f3n emocional e intelectual, a trav\u00e9s del conocimiento del hecho musical\u2026","rel":"","context":"Entrada similar","block_context":{"text":"Entrada similar","link":""},"img":{"alt_text":"","src":"https:\/\/i0.wp.com\/iessoldeportocarrero.com\/wp-content\/uploads\/2023\/05\/istockphoto-1446743599-612x612-1.jpg?resize=350%2C200&ssl=1","width":350,"height":200,"srcset":"https:\/\/i0.wp.com\/iessoldeportocarrero.com\/wp-content\/uploads\/2023\/05\/istockphoto-1446743599-612x612-1.jpg?resize=350%2C200&ssl=1 1x, https:\/\/i0.wp.com\/iessoldeportocarrero.com\/wp-content\/uploads\/2023\/05\/istockphoto-1446743599-612x612-1.jpg?resize=525%2C300&ssl=1 1.5x"},"classes":[]}],"_links":{"self":[{"href":"https:\/\/iessoldeportocarrero.com\/index.php?rest_route=\/wp\/v2\/pages\/87","targetHints":{"allow":["GET"]}}],"collection":[{"href":"https:\/\/iessoldeportocarrero.com\/index.php?rest_route=\/wp\/v2\/pages"}],"about":[{"href":"https:\/\/iessoldeportocarrero.com\/index.php?rest_route=\/wp\/v2\/types\/page"}],"author":[{"embeddable":true,"href":"https:\/\/iessoldeportocarrero.com\/index.php?rest_route=\/wp\/v2\/users\/1"}],"replies":[{"embeddable":true,"href":"https:\/\/iessoldeportocarrero.com\/index.php?rest_route=%2Fwp%2Fv2%2Fcomments&post=87"}],"version-history":[{"count":13,"href":"https:\/\/iessoldeportocarrero.com\/index.php?rest_route=\/wp\/v2\/pages\/87\/revisions"}],"predecessor-version":[{"id":2830,"href":"https:\/\/iessoldeportocarrero.com\/index.php?rest_route=\/wp\/v2\/pages\/87\/revisions\/2830"}],"up":[{"embeddable":true,"href":"https:\/\/iessoldeportocarrero.com\/index.php?rest_route=\/wp\/v2\/pages\/28"}],"wp:attachment":[{"href":"https:\/\/iessoldeportocarrero.com\/index.php?rest_route=%2Fwp%2Fv2%2Fmedia&parent=87"}],"curies":[{"name":"wp","href":"https:\/\/api.w.org\/{rel}","templated":true}]}}