{"id":81,"date":"2022-11-10T11:29:34","date_gmt":"2022-11-10T10:29:34","guid":{"rendered":"https:\/\/soldeportocarreroies.wordpress.com\/?page_id=81"},"modified":"2025-06-25T13:36:39","modified_gmt":"2025-06-25T11:36:39","slug":"actividades-fisicas","status":"publish","type":"page","link":"https:\/\/iessoldeportocarrero.com\/?page_id=81","title":{"rendered":"Actividades F\u00edsicas"},"content":{"rendered":"<div class=\"wp-block-image\">\n<figure class=\"aligncenter size-full is-resized\"><img fetchpriority=\"high\" decoding=\"async\" width=\"640\" height=\"640\" src=\"https:\/\/iessoldeportocarrero.com\/wp-content\/uploads\/2023\/05\/sport-1013905_640.webp\" alt=\"\" class=\"wp-image-1489\" style=\"width:158px;height:158px\" srcset=\"https:\/\/iessoldeportocarrero.com\/wp-content\/uploads\/2023\/05\/sport-1013905_640.webp 640w, https:\/\/iessoldeportocarrero.com\/wp-content\/uploads\/2023\/05\/sport-1013905_640-300x300.webp 300w, https:\/\/iessoldeportocarrero.com\/wp-content\/uploads\/2023\/05\/sport-1013905_640-150x150.webp 150w, https:\/\/iessoldeportocarrero.com\/wp-content\/uploads\/2023\/05\/sport-1013905_640-270x270.webp 270w\" sizes=\"(max-width: 640px) 100vw, 640px\" \/><\/figure>\n<\/div>\n\n\n<div class=\"wp-block-buttons is-content-justification-center is-layout-flex wp-container-core-buttons-is-layout-16018d1d wp-block-buttons-is-layout-flex\">\n<div class=\"wp-block-button\"><a class=\"wp-block-button__link wp-element-button\" href=\"https:\/\/drive.google.com\/drive\/folders\/1EhnaxkbW5dVqbwNbLMltDeb9EkMy_sPe?usp=sharing\" target=\"_blank\" rel=\"noreferrer noopener\">Documentaci\u00f3n<\/a><\/div>\n<\/div>\n\n\n\n<figure class=\"wp-block-gallery has-nested-images columns-2 is-cropped wp-block-gallery-1 is-layout-flex wp-block-gallery-is-layout-flex\">\n<figure class=\"wp-block-image size-large\"><img decoding=\"async\" width=\"502\" height=\"710\" data-id=\"3363\" src=\"https:\/\/iessoldeportocarrero.com\/wp-content\/uploads\/2025\/06\/ef2.png\" alt=\"\" class=\"wp-image-3363\" srcset=\"https:\/\/iessoldeportocarrero.com\/wp-content\/uploads\/2025\/06\/ef2.png 502w, https:\/\/iessoldeportocarrero.com\/wp-content\/uploads\/2025\/06\/ef2-212x300.png 212w, https:\/\/iessoldeportocarrero.com\/wp-content\/uploads\/2025\/06\/ef2-191x270.png 191w\" sizes=\"(max-width: 502px) 100vw, 502px\" \/><\/figure>\n\n\n\n<figure class=\"wp-block-image size-large\"><img decoding=\"async\" width=\"498\" height=\"712\" data-id=\"3362\" src=\"https:\/\/iessoldeportocarrero.com\/wp-content\/uploads\/2025\/06\/ef1.png\" alt=\"\" class=\"wp-image-3362\" srcset=\"https:\/\/iessoldeportocarrero.com\/wp-content\/uploads\/2025\/06\/ef1.png 498w, https:\/\/iessoldeportocarrero.com\/wp-content\/uploads\/2025\/06\/ef1-210x300.png 210w, https:\/\/iessoldeportocarrero.com\/wp-content\/uploads\/2025\/06\/ef1-189x270.png 189w\" sizes=\"(max-width: 498px) 100vw, 498px\" \/><\/figure>\n\n\n\n<figure class=\"wp-block-image size-large\"><img loading=\"lazy\" decoding=\"async\" width=\"499\" height=\"715\" data-id=\"3309\" src=\"https:\/\/iessoldeportocarrero.com\/wp-content\/uploads\/2025\/06\/Acofis.png\" alt=\"\" class=\"wp-image-3309\" srcset=\"https:\/\/iessoldeportocarrero.com\/wp-content\/uploads\/2025\/06\/Acofis.png 499w, https:\/\/iessoldeportocarrero.com\/wp-content\/uploads\/2025\/06\/Acofis-209x300.png 209w, https:\/\/iessoldeportocarrero.com\/wp-content\/uploads\/2025\/06\/Acofis-188x270.png 188w\" sizes=\"(max-width: 499px) 100vw, 499px\" \/><\/figure>\n\n\n\n<figure class=\"wp-block-image size-large\"><img loading=\"lazy\" decoding=\"async\" width=\"497\" height=\"702\" data-id=\"3311\" src=\"https:\/\/iessoldeportocarrero.com\/wp-content\/uploads\/2025\/06\/CArtel-guia.png\" alt=\"\" class=\"wp-image-3311\" srcset=\"https:\/\/iessoldeportocarrero.com\/wp-content\/uploads\/2025\/06\/CArtel-guia.png 497w, https:\/\/iessoldeportocarrero.com\/wp-content\/uploads\/2025\/06\/CArtel-guia-212x300.png 212w, https:\/\/iessoldeportocarrero.com\/wp-content\/uploads\/2025\/06\/CArtel-guia-191x270.png 191w\" sizes=\"(max-width: 497px) 100vw, 497px\" \/><\/figure>\n<\/figure>\n\n\n\n<div class=\"wp-block-columns is-layout-flex wp-container-core-columns-is-layout-9d6595d7 wp-block-columns-is-layout-flex\">\n<div class=\"wp-block-column is-layout-flow wp-block-column-is-layout-flow\">\n<figure class=\"wp-block-embed is-type-video is-provider-youtube wp-block-embed-youtube wp-embed-aspect-16-9 wp-has-aspect-ratio\"><div class=\"wp-block-embed__wrapper\">\n<iframe title=\"01 FPA - Actividades Fi\u0301sicas y Deportivas\" width=\"847\" height=\"476\" src=\"https:\/\/www.youtube.com\/embed\/bPu7CwBkYfU?feature=oembed\" frameborder=\"0\" allow=\"accelerometer; autoplay; clipboard-write; encrypted-media; gyroscope; picture-in-picture; web-share\" referrerpolicy=\"strict-origin-when-cross-origin\" allowfullscreen><\/iframe>\n<\/div><\/figure>\n\n\n\n<h3 class=\"wp-block-heading\">A continuaci\u00f3n os presentamos una serie de v\u00eddeos promocionales de los ciclos formativos que se imparten en el centro<\/h3>\n\n\n\n<p><strong>VIDEO PROMOCIONAL DEL CICLO FORMATIVO DE GRADO SUPERIOR DE T\u00c9CNICO EN ENSE\u00d1ANZA Y ANIMACI\u00d3N SOCIODEPORTIVA<\/strong><\/p>\n\n\n\n<p><a href=\"https:\/\/drive.google.com\/file\/d\/1dMxyAZQdMw8sAWQzpyF9pkpJ3afkkuNa\/view?usp=share_link\">https:\/\/drive.google.com\/file\/d\/1dMxyAZQdMw8sAWQzpyF9pkpJ3afkkuNa\/view?usp=share_link<\/a><\/p>\n\n\n\n<p><strong>VIDEO PROMOCIONAL DEL CICLO DE GRADO SUPERIOR ACONDICIONAMIENTO F\u00cdSICO<\/strong><\/p>\n\n\n\n<p><a href=\"https:\/\/drive.google.com\/file\/d\/13yunfnrqxJjlML9dclpJ3oN8qvmSMKm5\/view?usp=share_link\">https:\/\/drive.google.com\/file\/d\/13yunfnrqxJjlML9dclpJ3oN8qvmSMKm5\/view?usp=share_link<\/a><\/p>\n\n\n\n<p><strong>VIDEO PROMOCIONAL DEL CICLO FORMATIVO DE GRADO MEDIO DE T\u00c9CNICO DE GU\u00cdA EN EL MEDIO NATURAL Y TIEMPO LIBRE&nbsp;<\/strong><\/p>\n\n\n\n<p><a href=\"https:\/\/drive.google.com\/file\/d\/1Jusn5JVw0Xl4pW5w2FccjkblWYP_sQd_\/view?usp=share_link\">https:\/\/drive.google.com\/file\/d\/1Jusn5JVw0Xl4pW5w2FccjkblWYP_sQd_\/view?usp=share_link<\/a><\/p>\n<\/div>\n<\/div>\n\n\n<ul class=\"wp-block-latest-posts__list has-dates wp-block-latest-posts\"><li><a class=\"wp-block-latest-posts__post-title\" href=\"https:\/\/iessoldeportocarrero.com\/?p=2818\">COMPONENTES DEL DEPARTAMENTO<\/a><time datetime=\"2024-11-24T22:47:05+01:00\" class=\"wp-block-latest-posts__post-date\">noviembre 24, 2024<\/time><div class=\"wp-block-latest-posts__post-full-content\"><!-- wp:table {\"className\":\"is-style-stripes\"} -->\n<figure class=\"wp-block-table is-style-stripes\"><table class=\"has-fixed-layout\"><tbody><tr><td class=\"has-text-align-center\" data-align=\"center\"><strong>El departamento de Actividades F\u00edsicas est\u00e1 formado por:<\/strong><\/td><\/tr><tr><td class=\"has-text-align-center\" data-align=\"center\">\u00c1ngel L\u00f3pez Torres<\/td><\/tr><tr><td class=\"has-text-align-center\" data-align=\"center\">Santiago L\u00f3pez<\/td><\/tr><tr><td class=\"has-text-align-center\" data-align=\"center\">\u00c1lvaro Ortega Bueno<\/td><\/tr><tr><td class=\"has-text-align-center\" data-align=\"center\">Rafael Almaz\u00e1n Cervantes<\/td><\/tr><tr><td class=\"has-text-align-center\" data-align=\"center\">\u00c1ngel Suanes Aguilera<\/td><\/tr><tr><td class=\"has-text-align-center\" data-align=\"center\">M\u00aa Jos\u00e9 Barrionuevo<\/td><\/tr><tr><td class=\"has-text-align-center\" data-align=\"center\">Diego Revueltas Ruiz<\/td><\/tr><tr><td class=\"has-text-align-center\" data-align=\"center\">Marina Rodr\u00edguez<\/td><\/tr><tr><td class=\"has-text-align-center\" data-align=\"center\">Eduardo Viera Quevedo<\/td><\/tr><tr><td class=\"has-text-align-center\" data-align=\"center\">M\u00aa Jes\u00fas Aranda<\/td><\/tr><tr><td class=\"has-text-align-center\" data-align=\"center\">Juan Porcel P\u00e9rez<\/td><\/tr><tr><td class=\"has-text-align-center\" data-align=\"center\">Manuel Beas Jim\u00e9nez<\/td><\/tr><tr><td class=\"has-text-align-center\" data-align=\"center\">Manuel D\u00edaz Medina<\/td><\/tr><tr><td class=\"has-text-align-center\" data-align=\"center\">Mar\u00eda del Mar Vara Sierra<\/td><\/tr><tr><td class=\"has-text-align-center\" data-align=\"center\">M\u00f3nica Acedo Rubira<\/td><\/tr><tr><td class=\"has-text-align-center\" data-align=\"center\">Alejandro Salmer\u00f3n Navarro<\/td><\/tr><tr><td class=\"has-text-align-center\" data-align=\"center\">Rafael  de Pato Barcel\u00f3<\/td><\/tr><tr><td class=\"has-text-align-center\" data-align=\"center\">Antonio  P\u00e9rez Rodr\u00edguez<br><\/td><\/tr><\/tbody><\/table><\/figure>\n<!-- \/wp:table -->\n\n<!-- wp:paragraph {\"align\":\"center\"} -->\n<p class=\"has-text-align-center\">Javier P\u00e9rez<\/p>\n<!-- \/wp:paragraph -->\n\n<!-- wp:paragraph {\"align\":\"center\"} -->\n<p class=\"has-text-align-center\">Natal\u00ed Veiga<\/p>\n<!-- \/wp:paragraph --><\/div><\/li>\n<\/ul>","protected":false},"excerpt":{"rendered":"<p>A continuaci\u00f3n os presentamos una serie de v\u00eddeos promocionales de los ciclos formativos que se imparten en el centro VIDEO PROMOCIONAL DEL CICLO FORMATIVO DE GRADO SUPERIOR DE T\u00c9CNICO EN ENSE\u00d1ANZA Y ANIMACI\u00d3N SOCIODEPORTIVA https:\/\/drive.google.com\/file\/d\/1dMxyAZQdMw8sAWQzpyF9pkpJ3afkkuNa\/view?usp=share_link VIDEO PROMOCIONAL DEL CICLO DE <a href=\"https:\/\/iessoldeportocarrero.com\/?page_id=81\" class=\"read-more\">Leer m\u00e1s&#8230;<\/a><\/p>\n","protected":false},"author":1,"featured_media":0,"parent":28,"menu_order":0,"comment_status":"closed","ping_status":"closed","template":"","meta":{"footnotes":""},"class_list":["post-81","page","type-page","status-publish","hentry"],"yoast_head":"<!-- This site is optimized with the Yoast SEO plugin v19.14 - https:\/\/yoast.com\/wordpress\/plugins\/seo\/ -->\n<title>Actividades F\u00edsicas - IES SOL DE PORTOCARRERO - LA LABORAL<\/title>\n<meta name=\"robots\" content=\"index, follow, max-snippet:-1, max-image-preview:large, max-video-preview:-1\" \/>\n<link rel=\"canonical\" href=\"https:\/\/iessoldeportocarrero.com\/?page_id=81\" \/>\n<meta property=\"og:locale\" content=\"es_ES\" \/>\n<meta property=\"og:type\" content=\"article\" \/>\n<meta property=\"og:title\" content=\"Actividades F\u00edsicas - IES SOL DE PORTOCARRERO - LA LABORAL\" \/>\n<meta property=\"og:description\" content=\"A continuaci\u00f3n os presentamos una serie de v\u00eddeos promocionales de los ciclos formativos que se imparten en el centro VIDEO PROMOCIONAL DEL CICLO FORMATIVO DE GRADO SUPERIOR DE T\u00c9CNICO EN ENSE\u00d1ANZA Y ANIMACI\u00d3N SOCIODEPORTIVA https:\/\/drive.google.com\/file\/d\/1dMxyAZQdMw8sAWQzpyF9pkpJ3afkkuNa\/view?usp=share_link VIDEO PROMOCIONAL DEL CICLO DE Leer m\u00e1s...\" \/>\n<meta property=\"og:url\" content=\"https:\/\/iessoldeportocarrero.com\/?page_id=81\" \/>\n<meta property=\"og:site_name\" content=\"IES SOL DE PORTOCARRERO - LA LABORAL\" \/>\n<meta property=\"article:modified_time\" content=\"2025-06-25T11:36:39+00:00\" \/>\n<meta property=\"og:image\" content=\"https:\/\/iessoldeportocarrero.com\/wp-content\/uploads\/2023\/05\/sport-1013905_640.webp\" \/>\n<meta name=\"twitter:card\" content=\"summary_large_image\" \/>\n<meta name=\"twitter:label1\" content=\"Tiempo de lectura\" \/>\n\t<meta name=\"twitter:data1\" content=\"2 minutos\" \/>\n<script type=\"application\/ld+json\" class=\"yoast-schema-graph\">{\"@context\":\"https:\/\/schema.org\",\"@graph\":[{\"@type\":\"WebPage\",\"@id\":\"https:\/\/iessoldeportocarrero.com\/?page_id=81\",\"url\":\"https:\/\/iessoldeportocarrero.com\/?page_id=81\",\"name\":\"Actividades F\u00edsicas - IES SOL DE PORTOCARRERO - LA LABORAL\",\"isPartOf\":{\"@id\":\"https:\/\/iessoldeportocarrero.com\/#website\"},\"datePublished\":\"2022-11-10T10:29:34+00:00\",\"dateModified\":\"2025-06-25T11:36:39+00:00\",\"breadcrumb\":{\"@id\":\"https:\/\/iessoldeportocarrero.com\/?page_id=81#breadcrumb\"},\"inLanguage\":\"es\",\"potentialAction\":[{\"@type\":\"ReadAction\",\"target\":[\"https:\/\/iessoldeportocarrero.com\/?page_id=81\"]}]},{\"@type\":\"BreadcrumbList\",\"@id\":\"https:\/\/iessoldeportocarrero.com\/?page_id=81#breadcrumb\",\"itemListElement\":[{\"@type\":\"ListItem\",\"position\":1,\"name\":\"Home\",\"item\":\"https:\/\/iessoldeportocarrero.com\/\"},{\"@type\":\"ListItem\",\"position\":2,\"name\":\"DEPARTAMENTOS\",\"item\":\"https:\/\/iessoldeportocarrero.com\/?page_id=28\"},{\"@type\":\"ListItem\",\"position\":3,\"name\":\"Actividades F\u00edsicas\"}]},{\"@type\":\"WebSite\",\"@id\":\"https:\/\/iessoldeportocarrero.com\/#website\",\"url\":\"https:\/\/iessoldeportocarrero.com\/\",\"name\":\"IES SOL DE PORTOCARRERO - LA LABORAL\",\"description\":\"INSTITUTO DE EDUCACI\u00d3N SECUNDARIA Y FORMACI\u00d3N PROFESIONAL\",\"potentialAction\":[{\"@type\":\"SearchAction\",\"target\":{\"@type\":\"EntryPoint\",\"urlTemplate\":\"https:\/\/iessoldeportocarrero.com\/?s={search_term_string}\"},\"query-input\":\"required name=search_term_string\"}],\"inLanguage\":\"es\"}]}<\/script>\n<!-- \/ Yoast SEO plugin. -->","yoast_head_json":{"title":"Actividades F\u00edsicas - IES SOL DE PORTOCARRERO - LA LABORAL","robots":{"index":"index","follow":"follow","max-snippet":"max-snippet:-1","max-image-preview":"max-image-preview:large","max-video-preview":"max-video-preview:-1"},"canonical":"https:\/\/iessoldeportocarrero.com\/?page_id=81","og_locale":"es_ES","og_type":"article","og_title":"Actividades F\u00edsicas - IES SOL DE PORTOCARRERO - LA LABORAL","og_description":"A continuaci\u00f3n os presentamos una serie de v\u00eddeos promocionales de los ciclos formativos que se imparten en el centro VIDEO PROMOCIONAL DEL CICLO FORMATIVO DE GRADO SUPERIOR DE T\u00c9CNICO EN ENSE\u00d1ANZA Y ANIMACI\u00d3N SOCIODEPORTIVA https:\/\/drive.google.com\/file\/d\/1dMxyAZQdMw8sAWQzpyF9pkpJ3afkkuNa\/view?usp=share_link VIDEO PROMOCIONAL DEL CICLO DE Leer m\u00e1s...","og_url":"https:\/\/iessoldeportocarrero.com\/?page_id=81","og_site_name":"IES SOL DE PORTOCARRERO - LA LABORAL","article_modified_time":"2025-06-25T11:36:39+00:00","og_image":[{"url":"https:\/\/iessoldeportocarrero.com\/wp-content\/uploads\/2023\/05\/sport-1013905_640.webp"}],"twitter_card":"summary_large_image","twitter_misc":{"Tiempo de lectura":"2 minutos"},"schema":{"@context":"https:\/\/schema.org","@graph":[{"@type":"WebPage","@id":"https:\/\/iessoldeportocarrero.com\/?page_id=81","url":"https:\/\/iessoldeportocarrero.com\/?page_id=81","name":"Actividades F\u00edsicas - IES SOL DE PORTOCARRERO - LA LABORAL","isPartOf":{"@id":"https:\/\/iessoldeportocarrero.com\/#website"},"datePublished":"2022-11-10T10:29:34+00:00","dateModified":"2025-06-25T11:36:39+00:00","breadcrumb":{"@id":"https:\/\/iessoldeportocarrero.com\/?page_id=81#breadcrumb"},"inLanguage":"es","potentialAction":[{"@type":"ReadAction","target":["https:\/\/iessoldeportocarrero.com\/?page_id=81"]}]},{"@type":"BreadcrumbList","@id":"https:\/\/iessoldeportocarrero.com\/?page_id=81#breadcrumb","itemListElement":[{"@type":"ListItem","position":1,"name":"Home","item":"https:\/\/iessoldeportocarrero.com\/"},{"@type":"ListItem","position":2,"name":"DEPARTAMENTOS","item":"https:\/\/iessoldeportocarrero.com\/?page_id=28"},{"@type":"ListItem","position":3,"name":"Actividades F\u00edsicas"}]},{"@type":"WebSite","@id":"https:\/\/iessoldeportocarrero.com\/#website","url":"https:\/\/iessoldeportocarrero.com\/","name":"IES SOL DE PORTOCARRERO - LA LABORAL","description":"INSTITUTO DE EDUCACI\u00d3N SECUNDARIA Y FORMACI\u00d3N PROFESIONAL","potentialAction":[{"@type":"SearchAction","target":{"@type":"EntryPoint","urlTemplate":"https:\/\/iessoldeportocarrero.com\/?s={search_term_string}"},"query-input":"required name=search_term_string"}],"inLanguage":"es"}]}},"jetpack_sharing_enabled":true,"jetpack-related-posts":[{"id":345,"url":"https:\/\/iessoldeportocarrero.com\/?page_id=345","url_meta":{"origin":81,"position":0},"title":"Documentaci\u00f3n_AF","author":"admin","date":"noviembre 14, 2022","format":false,"excerpt":"Documentaci\u00f3n del departamento de Actividades F\u00edsicas https:\/\/youtu.be\/bPu7CwBkYfU https:\/\/youtu.be\/DKq6eXTHvc8 https:\/\/youtu.be\/q2nARCpUuhQ https:\/\/youtu.be\/hWqgP-D-HWA Cartel-ACOFISDescarga Cartel-EASDDescarga PERFILES PROFESIONALES DE LOS CICLOS DE ACTIVIDADES F\u00cdSISICASDescarga","rel":"","context":"Entrada similar","block_context":{"text":"Entrada similar","link":""},"img":{"alt_text":"","src":"https:\/\/i0.wp.com\/img.youtube.com\/vi\/bPu7CwBkYfU\/0.jpg?resize=350%2C200","width":350,"height":200},"classes":[]},{"id":325,"url":"https:\/\/iessoldeportocarrero.com\/?page_id=325","url_meta":{"origin":81,"position":1},"title":"Documentaci\u00f3n_FQ","author":"admin","date":"noviembre 14, 2022","format":false,"excerpt":"","rel":"","context":"Entrada similar","block_context":{"text":"Entrada similar","link":""},"img":{"alt_text":"","src":"","width":0,"height":0},"classes":[]},{"id":333,"url":"https:\/\/iessoldeportocarrero.com\/?page_id=333","url_meta":{"origin":81,"position":2},"title":"Documentaci\u00f3n_EF","author":"admin","date":"noviembre 14, 2022","format":false,"excerpt":"","rel":"","context":"Entrada similar","block_context":{"text":"Entrada similar","link":""},"img":{"alt_text":"","src":"","width":0,"height":0},"classes":[]},{"id":100,"url":"https:\/\/iessoldeportocarrero.com\/?page_id=100","url_meta":{"origin":81,"position":3},"title":"F\u00edsica y Qu\u00edmica","author":"admin","date":"noviembre 10, 2022","format":false,"excerpt":"Documentaci\u00f3n La ense\u00f1anza de la F\u00edsica y la Qu\u00edmica juega un papel central en el desarrollo intelectual de los alumnos y las alumnas, y comparte con el resto de las disciplinas la responsabilidad de promover en ellos la adquisici\u00f3n de las competencias necesarias para que puedan integrarse en la sociedad\u2026","rel":"","context":"Entrada similar","block_context":{"text":"Entrada similar","link":""},"img":{"alt_text":"","src":"https:\/\/i0.wp.com\/iessoldeportocarrero.com\/wp-content\/uploads\/2023\/05\/istockphoto-680412874-612x612-1.jpg?resize=350%2C200&ssl=1","width":350,"height":200,"srcset":"https:\/\/i0.wp.com\/iessoldeportocarrero.com\/wp-content\/uploads\/2023\/05\/istockphoto-680412874-612x612-1.jpg?resize=350%2C200&ssl=1 1x, https:\/\/i0.wp.com\/iessoldeportocarrero.com\/wp-content\/uploads\/2023\/05\/istockphoto-680412874-612x612-1.jpg?resize=525%2C300&ssl=1 1.5x"},"classes":[]},{"id":96,"url":"https:\/\/iessoldeportocarrero.com\/?page_id=96","url_meta":{"origin":81,"position":4},"title":"Educaci\u00f3n F\u00edsica","author":"admin","date":"noviembre 10, 2022","format":false,"excerpt":"Documentaci\u00f3n","rel":"","context":"Entrada similar","block_context":{"text":"Entrada similar","link":""},"img":{"alt_text":"","src":"https:\/\/i0.wp.com\/iessoldeportocarrero.com\/wp-content\/uploads\/2023\/05\/istockphoto-1366060980-612x612-1.jpg?resize=350%2C200&ssl=1","width":350,"height":200,"srcset":"https:\/\/i0.wp.com\/iessoldeportocarrero.com\/wp-content\/uploads\/2023\/05\/istockphoto-1366060980-612x612-1.jpg?resize=350%2C200&ssl=1 1x, https:\/\/i0.wp.com\/iessoldeportocarrero.com\/wp-content\/uploads\/2023\/05\/istockphoto-1366060980-612x612-1.jpg?resize=525%2C300&ssl=1 1.5x"},"classes":[]},{"id":351,"url":"https:\/\/iessoldeportocarrero.com\/?page_id=351","url_meta":{"origin":81,"position":5},"title":"Documentaci\u00f3n_Extraescolares","author":"admin","date":"noviembre 14, 2022","format":false,"excerpt":"","rel":"","context":"Entrada similar","block_context":{"text":"Entrada similar","link":""},"img":{"alt_text":"","src":"","width":0,"height":0},"classes":[]}],"_links":{"self":[{"href":"https:\/\/iessoldeportocarrero.com\/index.php?rest_route=\/wp\/v2\/pages\/81","targetHints":{"allow":["GET"]}}],"collection":[{"href":"https:\/\/iessoldeportocarrero.com\/index.php?rest_route=\/wp\/v2\/pages"}],"about":[{"href":"https:\/\/iessoldeportocarrero.com\/index.php?rest_route=\/wp\/v2\/types\/page"}],"author":[{"embeddable":true,"href":"https:\/\/iessoldeportocarrero.com\/index.php?rest_route=\/wp\/v2\/users\/1"}],"replies":[{"embeddable":true,"href":"https:\/\/iessoldeportocarrero.com\/index.php?rest_route=%2Fwp%2Fv2%2Fcomments&post=81"}],"version-history":[{"count":11,"href":"https:\/\/iessoldeportocarrero.com\/index.php?rest_route=\/wp\/v2\/pages\/81\/revisions"}],"predecessor-version":[{"id":3366,"href":"https:\/\/iessoldeportocarrero.com\/index.php?rest_route=\/wp\/v2\/pages\/81\/revisions\/3366"}],"up":[{"embeddable":true,"href":"https:\/\/iessoldeportocarrero.com\/index.php?rest_route=\/wp\/v2\/pages\/28"}],"wp:attachment":[{"href":"https:\/\/iessoldeportocarrero.com\/index.php?rest_route=%2Fwp%2Fv2%2Fmedia&parent=81"}],"curies":[{"name":"wp","href":"https:\/\/api.w.org\/{rel}","templated":true}]}}