{"id":67,"date":"2022-11-10T11:17:45","date_gmt":"2022-11-10T10:17:45","guid":{"rendered":"https:\/\/soldeportocarreroies.wordpress.com\/?page_id=67"},"modified":"2022-11-10T11:17:45","modified_gmt":"2022-11-10T10:17:45","slug":"escolarizacion","status":"publish","type":"page","link":"https:\/\/iessoldeportocarrero.com\/?page_id=67","title":{"rendered":"Escolarizaci\u00f3n"},"content":{"rendered":"\n<h1 class=\"wp-block-heading\">Escolarizaci\u00f3n<\/h1>\n\n\n\n<figure class=\"wp-block-image\"><a href=\"http:\/\/www.juntadeandalucia.es\/educacion\/portals\/web\/escolarizacion\" target=\"_blank\" rel=\"noreferrer noopener\"><img decoding=\"async\" src=\"https:\/\/blogsaverroes.juntadeandalucia.es\/iesoldeportocarrero\/files\/2015\/03\/escolarizacion.png\" alt=\"\" class=\"wp-image-3510\" \/><\/a><\/figure>\n\n\n\n<p>Esta secci\u00f3n contiene informaci\u00f3n de utilidad para las familias a la hora de de iniciar el proceso de escolarizaci\u00f3n: plazos, documentos, normativa, enlaces, etc.<\/p>\n\n\n\n<p><a href=\"http:\/\/www.juntadeandalucia.es\/educacion\/portals\/web\/escolarizacion\" target=\"_blank\" rel=\"noreferrer noopener\">Enlace al portal de escolarizaci\u00f3n.<\/a><\/p>\n\n\n\n<p><a href=\"https:\/\/www.juntadeandalucia.es\/educacion\/portals\/web\/inspeccion-educativa\/normativa\/-\/normativas\/detalle\/instrucciones-de-22-de-febrero-de-2022-de-la-viceconsejeria-sobre-los-procedimientos-de-admision-y-matriculacion-del\" target=\"_blank\" rel=\"noreferrer noopener\">Normativa<\/a>&nbsp;sobre el proceso de escolarizaci\u00f3n.<\/p>\n\n\n\n<p><strong>Per\u00edodo de admisi\u00f3n:<\/strong><\/p>\n\n\n\n<p>Marzo: ESO y Bachillerato<\/p>\n\n\n\n<p>Junio: Ciclos Formativos<\/p>\n\n\n\n<figure class=\"wp-block-embed is-type-video is-provider-youtube wp-block-embed-youtube\"><div class=\"wp-block-embed__wrapper\">\n<iframe title=\"00 FPA - Formaci\u00f3n Profesional Andaluza\" width=\"847\" height=\"476\" src=\"https:\/\/www.youtube.com\/embed\/r-2IQRy8pL8?feature=oembed\" frameborder=\"0\" allow=\"accelerometer; autoplay; clipboard-write; encrypted-media; gyroscope; picture-in-picture\" allowfullscreen><\/iframe>\n<\/div><figcaption class=\"wp-element-caption\">V\u00eddeo promocional de la Formaci\u00f3n Profesional Andaluza:<\/figcaption><\/figure>\n","protected":false},"excerpt":{"rendered":"<p>Escolarizaci\u00f3n Esta secci\u00f3n contiene informaci\u00f3n de utilidad para las familias a la hora de de iniciar el proceso de escolarizaci\u00f3n: plazos, documentos, normativa, enlaces, etc. Enlace al portal de escolarizaci\u00f3n. Normativa&nbsp;sobre el proceso de escolarizaci\u00f3n. Per\u00edodo de admisi\u00f3n: Marzo: ESO <a href=\"https:\/\/iessoldeportocarrero.com\/?page_id=67\" class=\"read-more\">Leer m\u00e1s&#8230;<\/a><\/p>\n","protected":false},"author":1,"featured_media":0,"parent":35,"menu_order":0,"comment_status":"closed","ping_status":"closed","template":"","meta":{"footnotes":""},"class_list":["post-67","page","type-page","status-publish","hentry"],"yoast_head":"<!-- This site is optimized with the Yoast SEO plugin v19.14 - https:\/\/yoast.com\/wordpress\/plugins\/seo\/ -->\n<title>Escolarizaci\u00f3n - IES SOL DE PORTOCARRERO - LA LABORAL<\/title>\n<meta name=\"robots\" content=\"index, follow, max-snippet:-1, max-image-preview:large, max-video-preview:-1\" \/>\n<link rel=\"canonical\" href=\"https:\/\/iessoldeportocarrero.com\/?page_id=67\" \/>\n<meta property=\"og:locale\" content=\"es_ES\" \/>\n<meta property=\"og:type\" content=\"article\" \/>\n<meta property=\"og:title\" content=\"Escolarizaci\u00f3n - IES SOL DE PORTOCARRERO - LA LABORAL\" \/>\n<meta property=\"og:description\" content=\"Escolarizaci\u00f3n Esta secci\u00f3n contiene informaci\u00f3n de utilidad para las familias a la hora de de iniciar el proceso de escolarizaci\u00f3n: plazos, documentos, normativa, enlaces, etc. Enlace al portal de escolarizaci\u00f3n. Normativa&nbsp;sobre el proceso de escolarizaci\u00f3n. Per\u00edodo de admisi\u00f3n: Marzo: ESO Leer m\u00e1s...\" \/>\n<meta property=\"og:url\" content=\"https:\/\/iessoldeportocarrero.com\/?page_id=67\" \/>\n<meta property=\"og:site_name\" content=\"IES SOL DE PORTOCARRERO - LA LABORAL\" \/>\n<meta property=\"og:image\" content=\"https:\/\/blogsaverroes.juntadeandalucia.es\/iesoldeportocarrero\/files\/2015\/03\/escolarizacion.png\" \/>\n<meta name=\"twitter:card\" content=\"summary_large_image\" \/>\n<script type=\"application\/ld+json\" class=\"yoast-schema-graph\">{\"@context\":\"https:\/\/schema.org\",\"@graph\":[{\"@type\":\"WebPage\",\"@id\":\"https:\/\/iessoldeportocarrero.com\/?page_id=67\",\"url\":\"https:\/\/iessoldeportocarrero.com\/?page_id=67\",\"name\":\"Escolarizaci\u00f3n - IES SOL DE PORTOCARRERO - LA LABORAL\",\"isPartOf\":{\"@id\":\"https:\/\/iessoldeportocarrero.com\/#website\"},\"datePublished\":\"2022-11-10T10:17:45+00:00\",\"dateModified\":\"2022-11-10T10:17:45+00:00\",\"breadcrumb\":{\"@id\":\"https:\/\/iessoldeportocarrero.com\/?page_id=67#breadcrumb\"},\"inLanguage\":\"es\",\"potentialAction\":[{\"@type\":\"ReadAction\",\"target\":[\"https:\/\/iessoldeportocarrero.com\/?page_id=67\"]}]},{\"@type\":\"BreadcrumbList\",\"@id\":\"https:\/\/iessoldeportocarrero.com\/?page_id=67#breadcrumb\",\"itemListElement\":[{\"@type\":\"ListItem\",\"position\":1,\"name\":\"Home\",\"item\":\"https:\/\/iessoldeportocarrero.com\/\"},{\"@type\":\"ListItem\",\"position\":2,\"name\":\"Curso Escolar\",\"item\":\"https:\/\/iessoldeportocarrero.com\/?page_id=35\"},{\"@type\":\"ListItem\",\"position\":3,\"name\":\"Escolarizaci\u00f3n\"}]},{\"@type\":\"WebSite\",\"@id\":\"https:\/\/iessoldeportocarrero.com\/#website\",\"url\":\"https:\/\/iessoldeportocarrero.com\/\",\"name\":\"IES SOL DE PORTOCARRERO - LA LABORAL\",\"description\":\"INSTITUTO DE EDUCACI\u00d3N SECUNDARIA Y FORMACI\u00d3N PROFESIONAL\",\"potentialAction\":[{\"@type\":\"SearchAction\",\"target\":{\"@type\":\"EntryPoint\",\"urlTemplate\":\"https:\/\/iessoldeportocarrero.com\/?s={search_term_string}\"},\"query-input\":\"required name=search_term_string\"}],\"inLanguage\":\"es\"}]}<\/script>\n<!-- \/ Yoast SEO plugin. -->","yoast_head_json":{"title":"Escolarizaci\u00f3n - IES SOL DE PORTOCARRERO - LA LABORAL","robots":{"index":"index","follow":"follow","max-snippet":"max-snippet:-1","max-image-preview":"max-image-preview:large","max-video-preview":"max-video-preview:-1"},"canonical":"https:\/\/iessoldeportocarrero.com\/?page_id=67","og_locale":"es_ES","og_type":"article","og_title":"Escolarizaci\u00f3n - IES SOL DE PORTOCARRERO - LA LABORAL","og_description":"Escolarizaci\u00f3n Esta secci\u00f3n contiene informaci\u00f3n de utilidad para las familias a la hora de de iniciar el proceso de escolarizaci\u00f3n: plazos, documentos, normativa, enlaces, etc. Enlace al portal de escolarizaci\u00f3n. Normativa&nbsp;sobre el proceso de escolarizaci\u00f3n. Per\u00edodo de admisi\u00f3n: Marzo: ESO Leer m\u00e1s...","og_url":"https:\/\/iessoldeportocarrero.com\/?page_id=67","og_site_name":"IES SOL DE PORTOCARRERO - LA LABORAL","og_image":[{"url":"https:\/\/blogsaverroes.juntadeandalucia.es\/iesoldeportocarrero\/files\/2015\/03\/escolarizacion.png"}],"twitter_card":"summary_large_image","schema":{"@context":"https:\/\/schema.org","@graph":[{"@type":"WebPage","@id":"https:\/\/iessoldeportocarrero.com\/?page_id=67","url":"https:\/\/iessoldeportocarrero.com\/?page_id=67","name":"Escolarizaci\u00f3n - IES SOL DE PORTOCARRERO - LA LABORAL","isPartOf":{"@id":"https:\/\/iessoldeportocarrero.com\/#website"},"datePublished":"2022-11-10T10:17:45+00:00","dateModified":"2022-11-10T10:17:45+00:00","breadcrumb":{"@id":"https:\/\/iessoldeportocarrero.com\/?page_id=67#breadcrumb"},"inLanguage":"es","potentialAction":[{"@type":"ReadAction","target":["https:\/\/iessoldeportocarrero.com\/?page_id=67"]}]},{"@type":"BreadcrumbList","@id":"https:\/\/iessoldeportocarrero.com\/?page_id=67#breadcrumb","itemListElement":[{"@type":"ListItem","position":1,"name":"Home","item":"https:\/\/iessoldeportocarrero.com\/"},{"@type":"ListItem","position":2,"name":"Curso Escolar","item":"https:\/\/iessoldeportocarrero.com\/?page_id=35"},{"@type":"ListItem","position":3,"name":"Escolarizaci\u00f3n"}]},{"@type":"WebSite","@id":"https:\/\/iessoldeportocarrero.com\/#website","url":"https:\/\/iessoldeportocarrero.com\/","name":"IES SOL DE PORTOCARRERO - LA LABORAL","description":"INSTITUTO DE EDUCACI\u00d3N SECUNDARIA Y FORMACI\u00d3N PROFESIONAL","potentialAction":[{"@type":"SearchAction","target":{"@type":"EntryPoint","urlTemplate":"https:\/\/iessoldeportocarrero.com\/?s={search_term_string}"},"query-input":"required name=search_term_string"}],"inLanguage":"es"}]}},"jetpack_sharing_enabled":true,"jetpack-related-posts":[{"id":1103,"url":"https:\/\/iessoldeportocarrero.com\/?page_id=1103","url_meta":{"origin":67,"position":0},"title":"ESCOLARIZACI\u00d3N","author":"admin","date":"abril 28, 2023","format":false,"excerpt":"Esta secci\u00f3n contiene informaci\u00f3n de utilidad para las familias a la hora de de iniciar el proceso de escolarizaci\u00f3n: plazos, documentos, normativa, enlaces, etc E.S.O y BACHILLERATO MES DE MARZO NORMATIVA ESCOLARIZACI\u00d3N ESCOLARIZACI\u00d3N FORMACI\u00d3N PROFESIONAL MES DE JUNIO https:\/\/youtu.be\/r-2IQRy8pL8","rel":"","context":"Entrada similar","block_context":{"text":"Entrada similar","link":""},"img":{"alt_text":"","src":"https:\/\/i0.wp.com\/iessoldeportocarrero.com\/wp-content\/uploads\/2023\/04\/CARTEL_ESCOLARIZACION.png?resize=350%2C200&ssl=1","width":350,"height":200},"classes":[]},{"id":39,"url":"https:\/\/iessoldeportocarrero.com\/?page_id=39","url_meta":{"origin":67,"position":1},"title":"Biblioteca","author":"admin","date":"noviembre 3, 2022","format":false,"excerpt":"Cat\u00e1logo \u00a0Aqu\u00ed ten\u00e9is el enlace a Biblioweb donde pod\u00e9is consultar el cat\u00e1logo de nuestra biblioteca:\u00a0 Biblioweb IES Sol de Portocarrero","rel":"","context":"Entrada similar","block_context":{"text":"Entrada similar","link":""},"img":{"alt_text":"libros1","src":"https:\/\/i0.wp.com\/blogsaverroes.juntadeandalucia.es\/iesoldeportocarrero\/files\/2014\/12\/libros1-300x246.png?resize=350%2C200","width":350,"height":200},"classes":[]},{"id":1100,"url":"https:\/\/iessoldeportocarrero.com\/?page_id=1100","url_meta":{"origin":67,"position":2},"title":"PLAN DE AUTOPROTECCI\u00d3N","author":"admin","date":"abril 27, 2023","format":false,"excerpt":"DOCUMENTACI\u00d3N En este enlace podr\u00e9is encontrar el plan de autoprotecci\u00f3n del centro, as\u00ed como materiales para la utilizaci\u00f3n en el aula y protocolos de actuaci\u00f3n ante emergencias. V\u00cdDEOS DIVULGATIVOS EL PLAN DE EMERGENCIA EN CENTROS ESCOLARES EVACUACI\u00d3N EN CENTROS ESCOLARES","rel":"","context":"Entrada similar","block_context":{"text":"Entrada similar","link":""},"img":{"alt_text":"","src":"","width":0,"height":0},"classes":[]},{"id":1140,"url":"https:\/\/iessoldeportocarrero.com\/?page_id=1140","url_meta":{"origin":67,"position":3},"title":"Escuela: Espacio de Paz","author":"admin","date":"abril 28, 2023","format":false,"excerpt":"Nuestro centro pertenece a la Red Andaluza \u00abEscuela: Espacio de Paz\u00bb.\u00a0 Para obtener m\u00e1s informaci\u00f3n sobre este proyecto de la Junta de Andaluc\u00eda, pinchad el siguiente enlace: \u00a0Proyecto \u00abEscuela: Espacio de Paz\u00bb de la Junta de Andaluc\u00eda.","rel":"","context":"Entrada similar","block_context":{"text":"Entrada similar","link":""},"img":{"alt_text":"","src":"https:\/\/i0.wp.com\/iessoldeportocarrero.com\/wp-content\/uploads\/2023\/04\/Logos_RAEEP.jpg?resize=350%2C200&ssl=1","width":350,"height":200,"srcset":"https:\/\/i0.wp.com\/iessoldeportocarrero.com\/wp-content\/uploads\/2023\/04\/Logos_RAEEP.jpg?resize=350%2C200&ssl=1 1x, https:\/\/i0.wp.com\/iessoldeportocarrero.com\/wp-content\/uploads\/2023\/04\/Logos_RAEEP.jpg?resize=525%2C300&ssl=1 1.5x, https:\/\/i0.wp.com\/iessoldeportocarrero.com\/wp-content\/uploads\/2023\/04\/Logos_RAEEP.jpg?resize=700%2C400&ssl=1 2x"},"classes":[]},{"id":1137,"url":"https:\/\/iessoldeportocarrero.com\/?page_id=1137","url_meta":{"origin":67,"position":4},"title":"PLAN DE COMPENSACI\u00d3N EDUCATIVA","author":"admin","date":"abril 28, 2023","format":false,"excerpt":"Aqu\u00ed se puede descargar el Plan de Compensaci\u00f3n Educativa de nuestro centro: PLAN COMPENSATORIA 2019-20_rev Pincha en el enlace para obtener m\u00e1s informaci\u00f3n sobre el Plan de Compensaci\u00f3n Educativa. M\u00e1s informaci\u00f3n sobre la compensaci\u00f3n educativa en Andaluc\u00eda.","rel":"","context":"Entrada similar","block_context":{"text":"Entrada similar","link":""},"img":{"alt_text":"","src":"","width":0,"height":0},"classes":[]},{"id":41,"url":"https:\/\/iessoldeportocarrero.com\/?page_id=41","url_meta":{"origin":67,"position":5},"title":"AMPA","author":"admin","date":"noviembre 3, 2022","format":false,"excerpt":"AMPA ALMARIYA Como miembros de la comunidad educativa del IES Sol de Portocarrero es muy importante que los padres y madres estemos en contacto con el centro y participemos en su organizaci\u00f3n y funcionamiento intentando mejorar el instituto en el que nuestros hijos e hijas pasan tanto tiempo. \u00a0 La\u2026","rel":"","context":"Entrada similar","block_context":{"text":"Entrada similar","link":""},"img":{"alt_text":"","src":"https:\/\/i0.wp.com\/iessoldeportocarrero.com\/wp-content\/uploads\/2024\/02\/ampa.png?resize=350%2C200&ssl=1","width":350,"height":200,"srcset":"https:\/\/i0.wp.com\/iessoldeportocarrero.com\/wp-content\/uploads\/2024\/02\/ampa.png?resize=350%2C200&ssl=1 1x, https:\/\/i0.wp.com\/iessoldeportocarrero.com\/wp-content\/uploads\/2024\/02\/ampa.png?resize=525%2C300&ssl=1 1.5x, https:\/\/i0.wp.com\/iessoldeportocarrero.com\/wp-content\/uploads\/2024\/02\/ampa.png?resize=700%2C400&ssl=1 2x"},"classes":[]}],"_links":{"self":[{"href":"https:\/\/iessoldeportocarrero.com\/index.php?rest_route=\/wp\/v2\/pages\/67","targetHints":{"allow":["GET"]}}],"collection":[{"href":"https:\/\/iessoldeportocarrero.com\/index.php?rest_route=\/wp\/v2\/pages"}],"about":[{"href":"https:\/\/iessoldeportocarrero.com\/index.php?rest_route=\/wp\/v2\/types\/page"}],"author":[{"embeddable":true,"href":"https:\/\/iessoldeportocarrero.com\/index.php?rest_route=\/wp\/v2\/users\/1"}],"replies":[{"embeddable":true,"href":"https:\/\/iessoldeportocarrero.com\/index.php?rest_route=%2Fwp%2Fv2%2Fcomments&post=67"}],"version-history":[{"count":0,"href":"https:\/\/iessoldeportocarrero.com\/index.php?rest_route=\/wp\/v2\/pages\/67\/revisions"}],"up":[{"embeddable":true,"href":"https:\/\/iessoldeportocarrero.com\/index.php?rest_route=\/wp\/v2\/pages\/35"}],"wp:attachment":[{"href":"https:\/\/iessoldeportocarrero.com\/index.php?rest_route=%2Fwp%2Fv2%2Fmedia&parent=67"}],"curies":[{"name":"wp","href":"https:\/\/api.w.org\/{rel}","templated":true}]}}