{"id":41,"date":"2022-11-03T12:29:31","date_gmt":"2022-11-03T11:29:31","guid":{"rendered":"https:\/\/soldeportocarreroies.wordpress.com\/?page_id=41"},"modified":"2024-02-09T10:07:54","modified_gmt":"2024-02-09T09:07:54","slug":"ampa","status":"publish","type":"page","link":"https:\/\/iessoldeportocarrero.com\/?page_id=41","title":{"rendered":"AMPA"},"content":{"rendered":"\n<h1 class=\"wp-block-heading\">AMPA ALMARIYA<\/h1>\n\n\n<div class=\"wp-block-image\">\n<figure class=\"aligncenter size-full is-resized\"><img fetchpriority=\"high\" decoding=\"async\" width=\"946\" height=\"395\" src=\"https:\/\/iessoldeportocarrero.com\/wp-content\/uploads\/2024\/02\/ampa.png\" alt=\"\" class=\"wp-image-2191\" style=\"width:580px;height:auto\" srcset=\"https:\/\/iessoldeportocarrero.com\/wp-content\/uploads\/2024\/02\/ampa.png 946w, https:\/\/iessoldeportocarrero.com\/wp-content\/uploads\/2024\/02\/ampa-300x125.png 300w, https:\/\/iessoldeportocarrero.com\/wp-content\/uploads\/2024\/02\/ampa-768x321.png 768w, https:\/\/iessoldeportocarrero.com\/wp-content\/uploads\/2024\/02\/ampa-360x150.png 360w\" sizes=\"(max-width: 946px) 100vw, 946px\" \/><\/figure>\n<\/div>\n\n\n<p>Como miembros de la comunidad educativa del IES Sol de Portocarrero es muy importante que los padres y madres estemos en contacto con el centro y participemos en su organizaci\u00f3n y funcionamiento intentando mejorar el instituto en el que nuestros hijos e hijas pasan tanto tiempo. &nbsp;<\/p>\n\n\n\n<p>La cuota de socio para apuntarse a la Asociaci\u00f3n de Madres y Padres de Alumnos del IES Sol de Portocarrero \u00abAlmariya\u00bb es 20 Euros por familia y por curso.&nbsp;Debajo tienen el documento de afiliaci\u00f3n.<\/p>\n\n\n\n<p>\u00c9ste el enlace a nuestra p\u00e1gina de Facebook:&nbsp;<a href=\"https:\/\/www.facebook.com\/AMPAalmariya\/\" target=\"_blank\" rel=\"noreferrer noopener\">https:\/\/www.facebook.com\/AMPAalmariya\/<\/a>&nbsp;<\/p>\n\n\n\n<div data-wp-interactive=\"core\/file\" class=\"wp-block-file\"><object data-wp-bind--hidden=\"!state.hasPdfPreview\" hidden class=\"wp-block-file__embed\" data=\"https:\/\/iessoldeportocarrero.com\/wp-content\/uploads\/2024\/02\/AMPA-ficha.pdf\" type=\"application\/pdf\" style=\"width:100%;height:600px\" aria-label=\"Incrustado de AMPA-ficha.\"><\/object><a id=\"wp-block-file--media-990277cf-4bde-4c12-8aaa-71ead1ce2f1d\" href=\"https:\/\/iessoldeportocarrero.com\/wp-content\/uploads\/2024\/02\/AMPA-ficha.pdf\">AMPA-ficha<\/a><a href=\"https:\/\/iessoldeportocarrero.com\/wp-content\/uploads\/2024\/02\/AMPA-ficha.pdf\" class=\"wp-block-file__button wp-element-button\" download aria-describedby=\"wp-block-file--media-990277cf-4bde-4c12-8aaa-71ead1ce2f1d\">Descarga<\/a><\/div>\n","protected":false},"excerpt":{"rendered":"<p>AMPA ALMARIYA Como miembros de la comunidad educativa del IES Sol de Portocarrero es muy importante que los padres y madres estemos en contacto con el centro y participemos en su organizaci\u00f3n y funcionamiento intentando mejorar el instituto en el <a href=\"https:\/\/iessoldeportocarrero.com\/?page_id=41\" class=\"read-more\">Leer m\u00e1s&#8230;<\/a><\/p>\n","protected":false},"author":1,"featured_media":0,"parent":0,"menu_order":0,"comment_status":"closed","ping_status":"closed","template":"","meta":{"footnotes":""},"class_list":["post-41","page","type-page","status-publish","hentry"],"yoast_head":"<!-- This site is optimized with the Yoast SEO plugin v19.14 - https:\/\/yoast.com\/wordpress\/plugins\/seo\/ -->\n<title>AMPA - IES SOL DE PORTOCARRERO - LA LABORAL<\/title>\n<meta name=\"robots\" content=\"index, follow, max-snippet:-1, max-image-preview:large, max-video-preview:-1\" \/>\n<link rel=\"canonical\" href=\"https:\/\/iessoldeportocarrero.com\/?page_id=41\" \/>\n<meta property=\"og:locale\" content=\"es_ES\" \/>\n<meta property=\"og:type\" content=\"article\" \/>\n<meta property=\"og:title\" content=\"AMPA - IES SOL DE PORTOCARRERO - LA LABORAL\" \/>\n<meta property=\"og:description\" content=\"AMPA ALMARIYA Como miembros de la comunidad educativa del IES Sol de Portocarrero es muy importante que los padres y madres estemos en contacto con el centro y participemos en su organizaci\u00f3n y funcionamiento intentando mejorar el instituto en el Leer m\u00e1s...\" \/>\n<meta property=\"og:url\" content=\"https:\/\/iessoldeportocarrero.com\/?page_id=41\" \/>\n<meta property=\"og:site_name\" content=\"IES SOL DE PORTOCARRERO - LA LABORAL\" \/>\n<meta property=\"article:modified_time\" content=\"2024-02-09T09:07:54+00:00\" \/>\n<meta property=\"og:image\" content=\"https:\/\/iessoldeportocarrero.com\/wp-content\/uploads\/2024\/02\/ampa.png\" \/>\n<meta name=\"twitter:card\" content=\"summary_large_image\" \/>\n<meta name=\"twitter:label1\" content=\"Tiempo de lectura\" \/>\n\t<meta name=\"twitter:data1\" content=\"1 minuto\" \/>\n<script type=\"application\/ld+json\" class=\"yoast-schema-graph\">{\"@context\":\"https:\/\/schema.org\",\"@graph\":[{\"@type\":\"WebPage\",\"@id\":\"https:\/\/iessoldeportocarrero.com\/?page_id=41\",\"url\":\"https:\/\/iessoldeportocarrero.com\/?page_id=41\",\"name\":\"AMPA - IES SOL DE PORTOCARRERO - LA LABORAL\",\"isPartOf\":{\"@id\":\"https:\/\/iessoldeportocarrero.com\/#website\"},\"datePublished\":\"2022-11-03T11:29:31+00:00\",\"dateModified\":\"2024-02-09T09:07:54+00:00\",\"breadcrumb\":{\"@id\":\"https:\/\/iessoldeportocarrero.com\/?page_id=41#breadcrumb\"},\"inLanguage\":\"es\",\"potentialAction\":[{\"@type\":\"ReadAction\",\"target\":[\"https:\/\/iessoldeportocarrero.com\/?page_id=41\"]}]},{\"@type\":\"BreadcrumbList\",\"@id\":\"https:\/\/iessoldeportocarrero.com\/?page_id=41#breadcrumb\",\"itemListElement\":[{\"@type\":\"ListItem\",\"position\":1,\"name\":\"Home\",\"item\":\"https:\/\/iessoldeportocarrero.com\/\"},{\"@type\":\"ListItem\",\"position\":2,\"name\":\"AMPA\"}]},{\"@type\":\"WebSite\",\"@id\":\"https:\/\/iessoldeportocarrero.com\/#website\",\"url\":\"https:\/\/iessoldeportocarrero.com\/\",\"name\":\"IES SOL DE PORTOCARRERO - LA LABORAL\",\"description\":\"INSTITUTO DE EDUCACI\u00d3N SECUNDARIA Y FORMACI\u00d3N PROFESIONAL\",\"potentialAction\":[{\"@type\":\"SearchAction\",\"target\":{\"@type\":\"EntryPoint\",\"urlTemplate\":\"https:\/\/iessoldeportocarrero.com\/?s={search_term_string}\"},\"query-input\":\"required name=search_term_string\"}],\"inLanguage\":\"es\"}]}<\/script>\n<!-- \/ Yoast SEO plugin. -->","yoast_head_json":{"title":"AMPA - IES SOL DE PORTOCARRERO - LA LABORAL","robots":{"index":"index","follow":"follow","max-snippet":"max-snippet:-1","max-image-preview":"max-image-preview:large","max-video-preview":"max-video-preview:-1"},"canonical":"https:\/\/iessoldeportocarrero.com\/?page_id=41","og_locale":"es_ES","og_type":"article","og_title":"AMPA - IES SOL DE PORTOCARRERO - LA LABORAL","og_description":"AMPA ALMARIYA Como miembros de la comunidad educativa del IES Sol de Portocarrero es muy importante que los padres y madres estemos en contacto con el centro y participemos en su organizaci\u00f3n y funcionamiento intentando mejorar el instituto en el Leer m\u00e1s...","og_url":"https:\/\/iessoldeportocarrero.com\/?page_id=41","og_site_name":"IES SOL DE PORTOCARRERO - LA LABORAL","article_modified_time":"2024-02-09T09:07:54+00:00","og_image":[{"url":"https:\/\/iessoldeportocarrero.com\/wp-content\/uploads\/2024\/02\/ampa.png"}],"twitter_card":"summary_large_image","twitter_misc":{"Tiempo de lectura":"1 minuto"},"schema":{"@context":"https:\/\/schema.org","@graph":[{"@type":"WebPage","@id":"https:\/\/iessoldeportocarrero.com\/?page_id=41","url":"https:\/\/iessoldeportocarrero.com\/?page_id=41","name":"AMPA - IES SOL DE PORTOCARRERO - LA LABORAL","isPartOf":{"@id":"https:\/\/iessoldeportocarrero.com\/#website"},"datePublished":"2022-11-03T11:29:31+00:00","dateModified":"2024-02-09T09:07:54+00:00","breadcrumb":{"@id":"https:\/\/iessoldeportocarrero.com\/?page_id=41#breadcrumb"},"inLanguage":"es","potentialAction":[{"@type":"ReadAction","target":["https:\/\/iessoldeportocarrero.com\/?page_id=41"]}]},{"@type":"BreadcrumbList","@id":"https:\/\/iessoldeportocarrero.com\/?page_id=41#breadcrumb","itemListElement":[{"@type":"ListItem","position":1,"name":"Home","item":"https:\/\/iessoldeportocarrero.com\/"},{"@type":"ListItem","position":2,"name":"AMPA"}]},{"@type":"WebSite","@id":"https:\/\/iessoldeportocarrero.com\/#website","url":"https:\/\/iessoldeportocarrero.com\/","name":"IES SOL DE PORTOCARRERO - LA LABORAL","description":"INSTITUTO DE EDUCACI\u00d3N SECUNDARIA Y FORMACI\u00d3N PROFESIONAL","potentialAction":[{"@type":"SearchAction","target":{"@type":"EntryPoint","urlTemplate":"https:\/\/iessoldeportocarrero.com\/?s={search_term_string}"},"query-input":"required name=search_term_string"}],"inLanguage":"es"}]}},"jetpack_sharing_enabled":true,"jetpack-related-posts":[{"id":134,"url":"https:\/\/iessoldeportocarrero.com\/?page_id=134","url_meta":{"origin":41,"position":0},"title":"\u00bfQu\u00e9 es el AMPA?","author":"admin","date":"noviembre 10, 2022","format":false,"excerpt":"El AMPA es una asociaci\u00f3n sin \u00e1nimo de lucro que formada por los padres y madres de todo el alumnado del Colegio. Es un punto de encuentro y de trabajo independiente, abierto y plural. Desde el AMPA podemos contribuir a la mejora de la calidad de la educaci\u00f3n, la convivencia\u2026","rel":"","context":"Entrada similar","block_context":{"text":"Entrada similar","link":""},"img":{"alt_text":"","src":"https:\/\/i0.wp.com\/iessoldeportocarrero.com\/wp-content\/uploads\/2023\/05\/familia-300x193-1.png?resize=350%2C200&ssl=1","width":350,"height":200},"classes":[]},{"id":136,"url":"https:\/\/iessoldeportocarrero.com\/?page_id=136","url_meta":{"origin":41,"position":1},"title":"\u00bfQuienes formamos el AMPA?","author":"admin","date":"noviembre 10, 2022","format":false,"excerpt":"\u00bfQuienes formamos el AMPA? La Asociaci\u00f3n de Madres y Padres BlogsAverroes, est\u00e1 constituida por ___________familias, y gestionada por una \u00a0Junta Directiva. Puedes ponerte en contacto con nosotros\/as en el email:\u00a0________________________ Relaci\u00f3n de las personas que forman parte de la Junta Directiva:","rel":"","context":"Entrada similar","block_context":{"text":"Entrada similar","link":""},"img":{"alt_text":"","src":"","width":0,"height":0},"classes":[]},{"id":39,"url":"https:\/\/iessoldeportocarrero.com\/?page_id=39","url_meta":{"origin":41,"position":2},"title":"Biblioteca","author":"admin","date":"noviembre 3, 2022","format":false,"excerpt":"Cat\u00e1logo \u00a0Aqu\u00ed ten\u00e9is el enlace a Biblioweb donde pod\u00e9is consultar el cat\u00e1logo de nuestra biblioteca:\u00a0 Biblioweb IES Sol de Portocarrero","rel":"","context":"Entrada similar","block_context":{"text":"Entrada similar","link":""},"img":{"alt_text":"libros1","src":"https:\/\/i0.wp.com\/blogsaverroes.juntadeandalucia.es\/iesoldeportocarrero\/files\/2014\/12\/libros1-300x246.png?resize=350%2C200","width":350,"height":200},"classes":[]},{"id":2772,"url":"https:\/\/iessoldeportocarrero.com\/?page_id=2772","url_meta":{"origin":41,"position":3},"title":"50 ANIVERSARIO. UNIVERSIDAD LABORAL","author":"admin","date":"noviembre 19, 2024","format":false,"excerpt":"Toda la informaci\u00f3n relaci\u00f3nada con eventos relacionados con el 50 aniversario de estas instalaciones de la Universidad Laboral, edificio privilegiado galardonado por su dise\u00f1o y que ahora se transforma en IES SOL DE PORTOCARRERO.","rel":"","context":"Entrada similar","block_context":{"text":"Entrada similar","link":""},"img":{"alt_text":"","src":"","width":0,"height":0},"classes":[]},{"id":1156,"url":"https:\/\/iessoldeportocarrero.com\/?page_id=1156","url_meta":{"origin":41,"position":4},"title":"PLAN DE IGUALDAD","author":"admin","date":"mayo 3, 2023","format":false,"excerpt":"PLAN DE IGUALDAD IES SOL DE PORTOCARRERO Reproductor de v\u00eddeo 00:18 01:13Reproductor de v\u00eddeo 00:00 01:38Reproductor de v\u00eddeo 00:00 00:44Reproductor de v\u00eddeo 00:00 06:16Reproductor de v\u00eddeo 00:00 01:31Reproductor de v\u00eddeo 00:00 01:57","rel":"","context":"Entrada similar","block_context":{"text":"Entrada similar","link":""},"img":{"alt_text":"","src":"","width":0,"height":0},"classes":[]},{"id":132,"url":"https:\/\/iessoldeportocarrero.com\/?page_id=132","url_meta":{"origin":41,"position":5},"title":"Noticias AMPA","author":"admin","date":"noviembre 10, 2022","format":false,"excerpt":"","rel":"","context":"Entrada similar","block_context":{"text":"Entrada similar","link":""},"img":{"alt_text":"","src":"","width":0,"height":0},"classes":[]}],"_links":{"self":[{"href":"https:\/\/iessoldeportocarrero.com\/index.php?rest_route=\/wp\/v2\/pages\/41","targetHints":{"allow":["GET"]}}],"collection":[{"href":"https:\/\/iessoldeportocarrero.com\/index.php?rest_route=\/wp\/v2\/pages"}],"about":[{"href":"https:\/\/iessoldeportocarrero.com\/index.php?rest_route=\/wp\/v2\/types\/page"}],"author":[{"embeddable":true,"href":"https:\/\/iessoldeportocarrero.com\/index.php?rest_route=\/wp\/v2\/users\/1"}],"replies":[{"embeddable":true,"href":"https:\/\/iessoldeportocarrero.com\/index.php?rest_route=%2Fwp%2Fv2%2Fcomments&post=41"}],"version-history":[{"count":3,"href":"https:\/\/iessoldeportocarrero.com\/index.php?rest_route=\/wp\/v2\/pages\/41\/revisions"}],"predecessor-version":[{"id":2193,"href":"https:\/\/iessoldeportocarrero.com\/index.php?rest_route=\/wp\/v2\/pages\/41\/revisions\/2193"}],"wp:attachment":[{"href":"https:\/\/iessoldeportocarrero.com\/index.php?rest_route=%2Fwp%2Fv2%2Fmedia&parent=41"}],"curies":[{"name":"wp","href":"https:\/\/api.w.org\/{rel}","templated":true}]}}