{"id":39,"date":"2022-11-03T12:28:57","date_gmt":"2022-11-03T11:28:57","guid":{"rendered":"https:\/\/soldeportocarreroies.wordpress.com\/?page_id=39"},"modified":"2024-11-24T22:27:59","modified_gmt":"2024-11-24T21:27:59","slug":"biblioteca","status":"publish","type":"page","link":"https:\/\/iessoldeportocarrero.com\/?page_id=39","title":{"rendered":"Biblioteca"},"content":{"rendered":"<div class=\"wp-block-image\">\n<figure class=\"alignright is-resized\"><img decoding=\"async\" src=\"http:\/\/blogsaverroes.juntadeandalucia.es\/iesoldeportocarrero\/files\/2014\/12\/libros1-300x246.png\" alt=\"libros1\" class=\"wp-image-551\" style=\"aspect-ratio:1.2195121951219512;width:189px;height:auto\"\/><\/figure>\n<\/div>\n\n\n<h1 class=\"wp-block-heading\">Cat\u00e1logo<\/h1>\n\n\n\n<p>&nbsp;Aqu\u00ed ten\u00e9is el enlace a Biblioweb donde pod\u00e9is consultar el cat\u00e1logo de nuestra biblioteca:&nbsp;<\/p>\n\n\n\n<p><a href=\"https:\/\/www.juntadeandalucia.es\/educacion\/senecav2\/seneca\/biblioweb\/portal\/04700107\">Biblioweb IES Sol de Portocarrero<\/a>  <\/p>\n\n\n\n<figure class=\"wp-block-image size-full\"><img decoding=\"async\" width=\"188\" height=\"56\" src=\"https:\/\/iessoldeportocarrero.com\/wp-content\/uploads\/2023\/10\/imagen.png\" alt=\"\" class=\"wp-image-1835\"\/><\/figure>\n\n\n\n<hr class=\"wp-block-separator has-alpha-channel-opacity\"\/>\n\n\n<ul class=\"wp-block-latest-posts__list wp-block-latest-posts\"><li><a class=\"wp-block-latest-posts__post-title\" href=\"https:\/\/iessoldeportocarrero.com\/?p=3154\">PLAN LECTOR<\/a><div class=\"wp-block-latest-posts__post-full-content\"><!-- wp:file {\"id\":3155,\"href\":\"https:\/\/iessoldeportocarrero.com\/wp-content\/uploads\/2025\/04\/PL-2425.pdf\",\"displayPreview\":true} -->\n<div class=\"wp-block-file\"><object class=\"wp-block-file__embed\" data=\"https:\/\/iessoldeportocarrero.com\/wp-content\/uploads\/2025\/04\/PL-2425.pdf\" type=\"application\/pdf\" style=\"width:100%;height:600px\" aria-label=\"PL 2425\"><\/object><a id=\"wp-block-file--media-c7cf6290-3650-464c-bc03-35a18dd70be6\" href=\"https:\/\/iessoldeportocarrero.com\/wp-content\/uploads\/2025\/04\/PL-2425.pdf\">PL 2425<\/a><a href=\"https:\/\/iessoldeportocarrero.com\/wp-content\/uploads\/2025\/04\/PL-2425.pdf\" class=\"wp-block-file__button wp-element-button\" download aria-describedby=\"wp-block-file--media-c7cf6290-3650-464c-bc03-35a18dd70be6\">Descarga<\/a><\/div>\n<!-- \/wp:file --><\/div><\/li>\n<li><a class=\"wp-block-latest-posts__post-title\" href=\"https:\/\/iessoldeportocarrero.com\/?p=3150\">PRESENTACI\u00d3N DE TRABAJOS Y PLANTILLA<\/a><div class=\"wp-block-latest-posts__post-full-content\"><!-- wp:columns -->\n<div class=\"wp-block-columns\"><!-- wp:column {\"width\":\"100%\"} -->\n<div class=\"wp-block-column\" style=\"flex-basis:100%\"><!-- wp:file {\"id\":3151,\"href\":\"https:\/\/iessoldeportocarrero.com\/wp-content\/uploads\/2025\/04\/REPRENTACION-DE-TRABAJOS.pdf\",\"displayPreview\":true} -->\n<div class=\"wp-block-file\"><object class=\"wp-block-file__embed\" data=\"https:\/\/iessoldeportocarrero.com\/wp-content\/uploads\/2025\/04\/REPRENTACION-DE-TRABAJOS.pdf\" type=\"application\/pdf\" style=\"width:100%;height:600px\" aria-label=\"REPRENTACI\u00d3N DE TRABAJOS\"><\/object><a id=\"wp-block-file--media-a737d662-673a-4b6f-be08-5702d88ced2b\" href=\"https:\/\/iessoldeportocarrero.com\/wp-content\/uploads\/2025\/04\/REPRENTACION-DE-TRABAJOS.pdf\">REPRENTACI\u00d3N DE TRABAJOS<\/a><a href=\"https:\/\/iessoldeportocarrero.com\/wp-content\/uploads\/2025\/04\/REPRENTACION-DE-TRABAJOS.pdf\" class=\"wp-block-file__button wp-element-button\" download aria-describedby=\"wp-block-file--media-a737d662-673a-4b6f-be08-5702d88ced2b\">Descarga<\/a><\/div>\n<!-- \/wp:file --><\/div>\n<!-- \/wp:column --><\/div>\n<!-- \/wp:columns -->\n\n<!-- wp:file {\"id\":3152,\"href\":\"https:\/\/iessoldeportocarrero.com\/wp-content\/uploads\/2025\/04\/PLANTILLA-TRABAJO.pdf\",\"displayPreview\":true} -->\n<div class=\"wp-block-file\"><object class=\"wp-block-file__embed\" data=\"https:\/\/iessoldeportocarrero.com\/wp-content\/uploads\/2025\/04\/PLANTILLA-TRABAJO.pdf\" type=\"application\/pdf\" style=\"width:100%;height:600px\" aria-label=\"PLANTILLA TRABAJO\"><\/object><a id=\"wp-block-file--media-2c36115b-2de7-43f4-8808-8114a8631e08\" href=\"https:\/\/iessoldeportocarrero.com\/wp-content\/uploads\/2025\/04\/PLANTILLA-TRABAJO.pdf\">PLANTILLA TRABAJO<\/a><a href=\"https:\/\/iessoldeportocarrero.com\/wp-content\/uploads\/2025\/04\/PLANTILLA-TRABAJO.pdf\" class=\"wp-block-file__button wp-element-button\" download aria-describedby=\"wp-block-file--media-2c36115b-2de7-43f4-8808-8114a8631e08\">Descarga<\/a><\/div>\n<!-- \/wp:file --><\/div><\/li>\n<li><a class=\"wp-block-latest-posts__post-title\" href=\"https:\/\/iessoldeportocarrero.com\/?p=3147\">CITAR FUENTES<\/a><div class=\"wp-block-latest-posts__post-full-content\"><!-- wp:file {\"id\":3148,\"href\":\"https:\/\/iessoldeportocarrero.com\/wp-content\/uploads\/2025\/04\/CITAR-FUENTES.pdf\",\"displayPreview\":true} -->\n<div class=\"wp-block-file\"><object class=\"wp-block-file__embed\" data=\"https:\/\/iessoldeportocarrero.com\/wp-content\/uploads\/2025\/04\/CITAR-FUENTES.pdf\" type=\"application\/pdf\" style=\"width:100%;height:600px\" aria-label=\"CITAR FUENTES\"><\/object><a id=\"wp-block-file--media-99898c8a-45ec-4ec6-b7b6-6c7ae06d1cf8\" href=\"https:\/\/iessoldeportocarrero.com\/wp-content\/uploads\/2025\/04\/CITAR-FUENTES.pdf\">CITAR FUENTES<\/a><a href=\"https:\/\/iessoldeportocarrero.com\/wp-content\/uploads\/2025\/04\/CITAR-FUENTES.pdf\" class=\"wp-block-file__button wp-element-button\" download aria-describedby=\"wp-block-file--media-99898c8a-45ec-4ec6-b7b6-6c7ae06d1cf8\">Descarga<\/a><\/div>\n<!-- \/wp:file --><\/div><\/li>\n<li><a class=\"wp-block-latest-posts__post-title\" href=\"https:\/\/iessoldeportocarrero.com\/?p=3144\">B\u00daSQUEDAS DE INFORMACI\u00d3N EN INTERNET<\/a><div class=\"wp-block-latest-posts__post-full-content\"><!-- wp:file {\"id\":3145,\"href\":\"https:\/\/iessoldeportocarrero.com\/wp-content\/uploads\/2025\/04\/BUSQUEDAS-DE-INTERNET.pdf\",\"displayPreview\":true} -->\n<div class=\"wp-block-file\"><object class=\"wp-block-file__embed\" data=\"https:\/\/iessoldeportocarrero.com\/wp-content\/uploads\/2025\/04\/BUSQUEDAS-DE-INTERNET.pdf\" type=\"application\/pdf\" style=\"width:100%;height:600px\" aria-label=\"B\u00daSQUEDAS DE INTERNET\"><\/object><a id=\"wp-block-file--media-336ef262-2169-447b-9192-f73d88cbbbd7\" href=\"https:\/\/iessoldeportocarrero.com\/wp-content\/uploads\/2025\/04\/BUSQUEDAS-DE-INTERNET.pdf\">B\u00daSQUEDAS DE INTERNET<\/a><a href=\"https:\/\/iessoldeportocarrero.com\/wp-content\/uploads\/2025\/04\/BUSQUEDAS-DE-INTERNET.pdf\" class=\"wp-block-file__button wp-element-button\" download aria-describedby=\"wp-block-file--media-336ef262-2169-447b-9192-f73d88cbbbd7\">Descarga<\/a><\/div>\n<!-- \/wp:file -->\n\n<!-- wp:paragraph -->\n<p><\/p>\n<!-- \/wp:paragraph --><\/div><\/li>\n<li><a class=\"wp-block-latest-posts__post-title\" href=\"https:\/\/iessoldeportocarrero.com\/?p=2808\">DOCUMENTACI\u00d3N BIBLIOTECA<\/a><div class=\"wp-block-latest-posts__post-full-content\"><!-- wp:file {\"id\":2802,\"href\":\"https:\/\/iessoldeportocarrero.com\/wp-content\/uploads\/2024\/11\/PEDIR-PRESTADO-UN-LIBRO-DE-LA-BIBLOTECA-comprimido.pdf\",\"displayPreview\":true} -->\n<div class=\"wp-block-file\"><object class=\"wp-block-file__embed\" data=\"https:\/\/iessoldeportocarrero.com\/wp-content\/uploads\/2024\/11\/PEDIR-PRESTADO-UN-LIBRO-DE-LA-BIBLOTECA-comprimido.pdf\" type=\"application\/pdf\" style=\"width:100%;height:600px\" aria-label=\"PEDIR PRESTADO UN LIBRO DE LA BIBLOTECA-comprimido\"><\/object><a id=\"wp-block-file--media-45451248-de35-4187-ab7f-7d302e8166b3\" href=\"https:\/\/iessoldeportocarrero.com\/wp-content\/uploads\/2024\/11\/PEDIR-PRESTADO-UN-LIBRO-DE-LA-BIBLOTECA-comprimido.pdf\">PEDIR PRESTADO UN LIBRO DE LA BIBLOTECA-comprimido<\/a><a href=\"https:\/\/iessoldeportocarrero.com\/wp-content\/uploads\/2024\/11\/PEDIR-PRESTADO-UN-LIBRO-DE-LA-BIBLOTECA-comprimido.pdf\" class=\"wp-block-file__button wp-element-button\" download aria-describedby=\"wp-block-file--media-45451248-de35-4187-ab7f-7d302e8166b3\">Descarga<\/a><\/div>\n<!-- \/wp:file -->\n\n<!-- wp:file {\"id\":2803,\"href\":\"https:\/\/iessoldeportocarrero.com\/wp-content\/uploads\/2024\/11\/UTILIZACION-BIBLIOTECA-24-25.pdf\",\"displayPreview\":true} -->\n<div class=\"wp-block-file\"><object class=\"wp-block-file__embed\" data=\"https:\/\/iessoldeportocarrero.com\/wp-content\/uploads\/2024\/11\/UTILIZACION-BIBLIOTECA-24-25.pdf\" type=\"application\/pdf\" style=\"width:100%;height:600px\" aria-label=\"UTILIZACI\u00d3N BIBLIOTECA 24-25\"><\/object><a id=\"wp-block-file--media-99ea0383-a5bd-4c58-a2cd-53cede65586f\" href=\"https:\/\/iessoldeportocarrero.com\/wp-content\/uploads\/2024\/11\/UTILIZACION-BIBLIOTECA-24-25.pdf\">UTILIZACI\u00d3N BIBLIOTECA 24-25<\/a><a href=\"https:\/\/iessoldeportocarrero.com\/wp-content\/uploads\/2024\/11\/UTILIZACION-BIBLIOTECA-24-25.pdf\" class=\"wp-block-file__button wp-element-button\" download aria-describedby=\"wp-block-file--media-99ea0383-a5bd-4c58-a2cd-53cede65586f\">Descarga<\/a><\/div>\n<!-- \/wp:file -->\n\n<!-- wp:file {\"id\":2804,\"href\":\"https:\/\/iessoldeportocarrero.com\/wp-content\/uploads\/2024\/11\/HORARIO-GUARDIAS-BIBLIOTECA-24-25.pdf\",\"displayPreview\":true} -->\n<div class=\"wp-block-file\"><object class=\"wp-block-file__embed\" data=\"https:\/\/iessoldeportocarrero.com\/wp-content\/uploads\/2024\/11\/HORARIO-GUARDIAS-BIBLIOTECA-24-25.pdf\" type=\"application\/pdf\" style=\"width:100%;height:600px\" aria-label=\"HORARIO GUARDIAS BIBLIOTECA 24-25\"><\/object><a id=\"wp-block-file--media-27a01fac-d38b-4d8f-980f-7836ddb929a2\" href=\"https:\/\/iessoldeportocarrero.com\/wp-content\/uploads\/2024\/11\/HORARIO-GUARDIAS-BIBLIOTECA-24-25.pdf\">HORARIO GUARDIAS BIBLIOTECA 24-25<\/a><a href=\"https:\/\/iessoldeportocarrero.com\/wp-content\/uploads\/2024\/11\/HORARIO-GUARDIAS-BIBLIOTECA-24-25.pdf\" class=\"wp-block-file__button wp-element-button\" download aria-describedby=\"wp-block-file--media-27a01fac-d38b-4d8f-980f-7836ddb929a2\">Descarga<\/a><\/div>\n<!-- \/wp:file --><\/div><\/li>\n<\/ul>","protected":false},"excerpt":{"rendered":"<p>Cat\u00e1logo &nbsp;Aqu\u00ed ten\u00e9is el enlace a Biblioweb donde pod\u00e9is consultar el cat\u00e1logo de nuestra biblioteca:&nbsp; Biblioweb IES Sol de Portocarrero<\/p>\n","protected":false},"author":1,"featured_media":0,"parent":0,"menu_order":0,"comment_status":"closed","ping_status":"closed","template":"","meta":{"footnotes":""},"class_list":["post-39","page","type-page","status-publish","hentry"],"yoast_head":"<!-- This site is optimized with the Yoast SEO plugin v19.14 - https:\/\/yoast.com\/wordpress\/plugins\/seo\/ -->\n<title>Biblioteca - IES SOL DE PORTOCARRERO - LA LABORAL<\/title>\n<meta name=\"robots\" content=\"index, follow, max-snippet:-1, max-image-preview:large, max-video-preview:-1\" \/>\n<link rel=\"canonical\" href=\"https:\/\/iessoldeportocarrero.com\/?page_id=39\" \/>\n<meta property=\"og:locale\" content=\"es_ES\" \/>\n<meta property=\"og:type\" content=\"article\" \/>\n<meta property=\"og:title\" content=\"Biblioteca - IES SOL DE PORTOCARRERO - LA LABORAL\" \/>\n<meta property=\"og:description\" content=\"Cat\u00e1logo &nbsp;Aqu\u00ed ten\u00e9is el enlace a Biblioweb donde pod\u00e9is consultar el cat\u00e1logo de nuestra biblioteca:&nbsp; Biblioweb IES Sol de Portocarrero\" \/>\n<meta property=\"og:url\" content=\"https:\/\/iessoldeportocarrero.com\/?page_id=39\" \/>\n<meta property=\"og:site_name\" content=\"IES SOL DE PORTOCARRERO - LA LABORAL\" \/>\n<meta property=\"article:modified_time\" content=\"2024-11-24T21:27:59+00:00\" \/>\n<meta property=\"og:image\" content=\"http:\/\/blogsaverroes.juntadeandalucia.es\/iesoldeportocarrero\/files\/2014\/12\/libros1-300x246.png\" \/>\n<meta name=\"twitter:card\" content=\"summary_large_image\" \/>\n<meta name=\"twitter:label1\" content=\"Tiempo de lectura\" \/>\n\t<meta name=\"twitter:data1\" content=\"1 minuto\" \/>\n<script type=\"application\/ld+json\" class=\"yoast-schema-graph\">{\"@context\":\"https:\/\/schema.org\",\"@graph\":[{\"@type\":\"WebPage\",\"@id\":\"https:\/\/iessoldeportocarrero.com\/?page_id=39\",\"url\":\"https:\/\/iessoldeportocarrero.com\/?page_id=39\",\"name\":\"Biblioteca - IES SOL DE PORTOCARRERO - LA LABORAL\",\"isPartOf\":{\"@id\":\"https:\/\/iessoldeportocarrero.com\/#website\"},\"datePublished\":\"2022-11-03T11:28:57+00:00\",\"dateModified\":\"2024-11-24T21:27:59+00:00\",\"breadcrumb\":{\"@id\":\"https:\/\/iessoldeportocarrero.com\/?page_id=39#breadcrumb\"},\"inLanguage\":\"es\",\"potentialAction\":[{\"@type\":\"ReadAction\",\"target\":[\"https:\/\/iessoldeportocarrero.com\/?page_id=39\"]}]},{\"@type\":\"BreadcrumbList\",\"@id\":\"https:\/\/iessoldeportocarrero.com\/?page_id=39#breadcrumb\",\"itemListElement\":[{\"@type\":\"ListItem\",\"position\":1,\"name\":\"Home\",\"item\":\"https:\/\/iessoldeportocarrero.com\/\"},{\"@type\":\"ListItem\",\"position\":2,\"name\":\"Biblioteca\"}]},{\"@type\":\"WebSite\",\"@id\":\"https:\/\/iessoldeportocarrero.com\/#website\",\"url\":\"https:\/\/iessoldeportocarrero.com\/\",\"name\":\"IES SOL DE PORTOCARRERO - LA LABORAL\",\"description\":\"INSTITUTO DE EDUCACI\u00d3N SECUNDARIA Y FORMACI\u00d3N PROFESIONAL\",\"potentialAction\":[{\"@type\":\"SearchAction\",\"target\":{\"@type\":\"EntryPoint\",\"urlTemplate\":\"https:\/\/iessoldeportocarrero.com\/?s={search_term_string}\"},\"query-input\":\"required name=search_term_string\"}],\"inLanguage\":\"es\"}]}<\/script>\n<!-- \/ Yoast SEO plugin. -->","yoast_head_json":{"title":"Biblioteca - IES SOL DE PORTOCARRERO - LA LABORAL","robots":{"index":"index","follow":"follow","max-snippet":"max-snippet:-1","max-image-preview":"max-image-preview:large","max-video-preview":"max-video-preview:-1"},"canonical":"https:\/\/iessoldeportocarrero.com\/?page_id=39","og_locale":"es_ES","og_type":"article","og_title":"Biblioteca - IES SOL DE PORTOCARRERO - LA LABORAL","og_description":"Cat\u00e1logo &nbsp;Aqu\u00ed ten\u00e9is el enlace a Biblioweb donde pod\u00e9is consultar el cat\u00e1logo de nuestra biblioteca:&nbsp; Biblioweb IES Sol de Portocarrero","og_url":"https:\/\/iessoldeportocarrero.com\/?page_id=39","og_site_name":"IES SOL DE PORTOCARRERO - LA LABORAL","article_modified_time":"2024-11-24T21:27:59+00:00","og_image":[{"url":"http:\/\/blogsaverroes.juntadeandalucia.es\/iesoldeportocarrero\/files\/2014\/12\/libros1-300x246.png"}],"twitter_card":"summary_large_image","twitter_misc":{"Tiempo de lectura":"1 minuto"},"schema":{"@context":"https:\/\/schema.org","@graph":[{"@type":"WebPage","@id":"https:\/\/iessoldeportocarrero.com\/?page_id=39","url":"https:\/\/iessoldeportocarrero.com\/?page_id=39","name":"Biblioteca - IES SOL DE PORTOCARRERO - LA LABORAL","isPartOf":{"@id":"https:\/\/iessoldeportocarrero.com\/#website"},"datePublished":"2022-11-03T11:28:57+00:00","dateModified":"2024-11-24T21:27:59+00:00","breadcrumb":{"@id":"https:\/\/iessoldeportocarrero.com\/?page_id=39#breadcrumb"},"inLanguage":"es","potentialAction":[{"@type":"ReadAction","target":["https:\/\/iessoldeportocarrero.com\/?page_id=39"]}]},{"@type":"BreadcrumbList","@id":"https:\/\/iessoldeportocarrero.com\/?page_id=39#breadcrumb","itemListElement":[{"@type":"ListItem","position":1,"name":"Home","item":"https:\/\/iessoldeportocarrero.com\/"},{"@type":"ListItem","position":2,"name":"Biblioteca"}]},{"@type":"WebSite","@id":"https:\/\/iessoldeportocarrero.com\/#website","url":"https:\/\/iessoldeportocarrero.com\/","name":"IES SOL DE PORTOCARRERO - LA LABORAL","description":"INSTITUTO DE EDUCACI\u00d3N SECUNDARIA Y FORMACI\u00d3N PROFESIONAL","potentialAction":[{"@type":"SearchAction","target":{"@type":"EntryPoint","urlTemplate":"https:\/\/iessoldeportocarrero.com\/?s={search_term_string}"},"query-input":"required name=search_term_string"}],"inLanguage":"es"}]}},"jetpack_sharing_enabled":true,"jetpack-related-posts":[],"_links":{"self":[{"href":"https:\/\/iessoldeportocarrero.com\/index.php?rest_route=\/wp\/v2\/pages\/39","targetHints":{"allow":["GET"]}}],"collection":[{"href":"https:\/\/iessoldeportocarrero.com\/index.php?rest_route=\/wp\/v2\/pages"}],"about":[{"href":"https:\/\/iessoldeportocarrero.com\/index.php?rest_route=\/wp\/v2\/types\/page"}],"author":[{"embeddable":true,"href":"https:\/\/iessoldeportocarrero.com\/index.php?rest_route=\/wp\/v2\/users\/1"}],"replies":[{"embeddable":true,"href":"https:\/\/iessoldeportocarrero.com\/index.php?rest_route=%2Fwp%2Fv2%2Fcomments&post=39"}],"version-history":[{"count":5,"href":"https:\/\/iessoldeportocarrero.com\/index.php?rest_route=\/wp\/v2\/pages\/39\/revisions"}],"predecessor-version":[{"id":2812,"href":"https:\/\/iessoldeportocarrero.com\/index.php?rest_route=\/wp\/v2\/pages\/39\/revisions\/2812"}],"wp:attachment":[{"href":"https:\/\/iessoldeportocarrero.com\/index.php?rest_route=%2Fwp%2Fv2%2Fmedia&parent=39"}],"curies":[{"name":"wp","href":"https:\/\/api.w.org\/{rel}","templated":true}]}}