{"id":35,"date":"2022-11-03T12:26:41","date_gmt":"2022-11-03T11:26:41","guid":{"rendered":"https:\/\/soldeportocarreroies.wordpress.com\/?page_id=35"},"modified":"2022-11-03T12:26:41","modified_gmt":"2022-11-03T11:26:41","slug":"curso-escolar","status":"publish","type":"page","link":"https:\/\/iessoldeportocarrero.com\/?page_id=35","title":{"rendered":"Curso Escolar"},"content":{"rendered":"","protected":false},"excerpt":{"rendered":"","protected":false},"author":1,"featured_media":0,"parent":0,"menu_order":0,"comment_status":"closed","ping_status":"closed","template":"","meta":{"footnotes":""},"class_list":["post-35","page","type-page","status-publish","hentry"],"yoast_head":"<!-- This site is optimized with the Yoast SEO plugin v19.14 - https:\/\/yoast.com\/wordpress\/plugins\/seo\/ -->\n<title>Curso Escolar - IES SOL DE PORTOCARRERO - LA LABORAL<\/title>\n<meta name=\"robots\" content=\"index, follow, max-snippet:-1, max-image-preview:large, max-video-preview:-1\" \/>\n<link rel=\"canonical\" href=\"https:\/\/iessoldeportocarrero.com\/?page_id=35\" \/>\n<meta property=\"og:locale\" content=\"es_ES\" \/>\n<meta property=\"og:type\" content=\"article\" \/>\n<meta property=\"og:title\" content=\"Curso Escolar - IES SOL DE PORTOCARRERO - LA LABORAL\" \/>\n<meta property=\"og:url\" content=\"https:\/\/iessoldeportocarrero.com\/?page_id=35\" \/>\n<meta property=\"og:site_name\" content=\"IES SOL DE PORTOCARRERO - LA LABORAL\" \/>\n<meta name=\"twitter:card\" content=\"summary_large_image\" \/>\n<script type=\"application\/ld+json\" class=\"yoast-schema-graph\">{\"@context\":\"https:\/\/schema.org\",\"@graph\":[{\"@type\":\"WebPage\",\"@id\":\"https:\/\/iessoldeportocarrero.com\/?page_id=35\",\"url\":\"https:\/\/iessoldeportocarrero.com\/?page_id=35\",\"name\":\"Curso Escolar - IES SOL DE PORTOCARRERO - LA LABORAL\",\"isPartOf\":{\"@id\":\"https:\/\/iessoldeportocarrero.com\/#website\"},\"datePublished\":\"2022-11-03T11:26:41+00:00\",\"dateModified\":\"2022-11-03T11:26:41+00:00\",\"breadcrumb\":{\"@id\":\"https:\/\/iessoldeportocarrero.com\/?page_id=35#breadcrumb\"},\"inLanguage\":\"es\",\"potentialAction\":[{\"@type\":\"ReadAction\",\"target\":[\"https:\/\/iessoldeportocarrero.com\/?page_id=35\"]}]},{\"@type\":\"BreadcrumbList\",\"@id\":\"https:\/\/iessoldeportocarrero.com\/?page_id=35#breadcrumb\",\"itemListElement\":[{\"@type\":\"ListItem\",\"position\":1,\"name\":\"Home\",\"item\":\"https:\/\/iessoldeportocarrero.com\/\"},{\"@type\":\"ListItem\",\"position\":2,\"name\":\"Curso Escolar\"}]},{\"@type\":\"WebSite\",\"@id\":\"https:\/\/iessoldeportocarrero.com\/#website\",\"url\":\"https:\/\/iessoldeportocarrero.com\/\",\"name\":\"IES SOL DE PORTOCARRERO - LA LABORAL\",\"description\":\"INSTITUTO DE EDUCACI\u00d3N SECUNDARIA Y FORMACI\u00d3N PROFESIONAL\",\"potentialAction\":[{\"@type\":\"SearchAction\",\"target\":{\"@type\":\"EntryPoint\",\"urlTemplate\":\"https:\/\/iessoldeportocarrero.com\/?s={search_term_string}\"},\"query-input\":\"required name=search_term_string\"}],\"inLanguage\":\"es\"}]}<\/script>\n<!-- \/ Yoast SEO plugin. -->","yoast_head_json":{"title":"Curso Escolar - IES SOL DE PORTOCARRERO - LA LABORAL","robots":{"index":"index","follow":"follow","max-snippet":"max-snippet:-1","max-image-preview":"max-image-preview:large","max-video-preview":"max-video-preview:-1"},"canonical":"https:\/\/iessoldeportocarrero.com\/?page_id=35","og_locale":"es_ES","og_type":"article","og_title":"Curso Escolar - IES SOL DE PORTOCARRERO - LA LABORAL","og_url":"https:\/\/iessoldeportocarrero.com\/?page_id=35","og_site_name":"IES SOL DE PORTOCARRERO - LA LABORAL","twitter_card":"summary_large_image","schema":{"@context":"https:\/\/schema.org","@graph":[{"@type":"WebPage","@id":"https:\/\/iessoldeportocarrero.com\/?page_id=35","url":"https:\/\/iessoldeportocarrero.com\/?page_id=35","name":"Curso Escolar - IES SOL DE PORTOCARRERO - LA LABORAL","isPartOf":{"@id":"https:\/\/iessoldeportocarrero.com\/#website"},"datePublished":"2022-11-03T11:26:41+00:00","dateModified":"2022-11-03T11:26:41+00:00","breadcrumb":{"@id":"https:\/\/iessoldeportocarrero.com\/?page_id=35#breadcrumb"},"inLanguage":"es","potentialAction":[{"@type":"ReadAction","target":["https:\/\/iessoldeportocarrero.com\/?page_id=35"]}]},{"@type":"BreadcrumbList","@id":"https:\/\/iessoldeportocarrero.com\/?page_id=35#breadcrumb","itemListElement":[{"@type":"ListItem","position":1,"name":"Home","item":"https:\/\/iessoldeportocarrero.com\/"},{"@type":"ListItem","position":2,"name":"Curso Escolar"}]},{"@type":"WebSite","@id":"https:\/\/iessoldeportocarrero.com\/#website","url":"https:\/\/iessoldeportocarrero.com\/","name":"IES SOL DE PORTOCARRERO - LA LABORAL","description":"INSTITUTO DE EDUCACI\u00d3N SECUNDARIA Y FORMACI\u00d3N PROFESIONAL","potentialAction":[{"@type":"SearchAction","target":{"@type":"EntryPoint","urlTemplate":"https:\/\/iessoldeportocarrero.com\/?s={search_term_string}"},"query-input":"required name=search_term_string"}],"inLanguage":"es"}]}},"jetpack_sharing_enabled":true,"jetpack-related-posts":[{"id":74,"url":"https:\/\/iessoldeportocarrero.com\/?page_id=74","url_meta":{"origin":35,"position":0},"title":"Calendario Escolar del curso.","author":"admin","date":"noviembre 10, 2022","format":false,"excerpt":"Calendario_escolar_24_25_Almer\u00edaDescarga","rel":"","context":"Entrada similar","block_context":{"text":"Entrada similar","link":""},"img":{"alt_text":"","src":"","width":0,"height":0},"classes":[]},{"id":69,"url":"https:\/\/iessoldeportocarrero.com\/?page_id=69","url_meta":{"origin":35,"position":1},"title":"Horarios","author":"admin","date":"noviembre 10, 2022","format":false,"excerpt":"","rel":"","context":"Entrada similar","block_context":{"text":"Entrada similar","link":""},"img":{"alt_text":"","src":"","width":0,"height":0},"classes":[]},{"id":70,"url":"https:\/\/iessoldeportocarrero.com\/?page_id=70","url_meta":{"origin":35,"position":2},"title":"Eventos","author":"admin","date":"noviembre 10, 2022","format":false,"excerpt":"","rel":"","context":"Entrada similar","block_context":{"text":"Entrada similar","link":""},"img":{"alt_text":"","src":"","width":0,"height":0},"classes":[]},{"id":75,"url":"https:\/\/iessoldeportocarrero.com\/?page_id=75","url_meta":{"origin":35,"position":3},"title":"Actividades Extraescolares","author":"admin","date":"noviembre 10, 2022","format":false,"excerpt":"E.S.O Y BACHILLERATO ACTIVIDADES EXTRAESCOLARES 25,26 DEFINITIVADescarga CICLOS FORMATIVOS ACTIVIDADES EXTRAESCOLARES Y COMPLEMENTARIAS CICLOS FORMATIVOS CURSO 25,26Descarga","rel":"","context":"Entrada similar","block_context":{"text":"Entrada similar","link":""},"img":{"alt_text":"","src":"https:\/\/i0.wp.com\/iessoldeportocarrero.com\/wp-content\/uploads\/2023\/01\/bus-300x225-1.jpg?resize=350%2C200&ssl=1","width":350,"height":200},"classes":[]},{"id":67,"url":"https:\/\/iessoldeportocarrero.com\/?page_id=67","url_meta":{"origin":35,"position":4},"title":"Escolarizaci\u00f3n","author":"admin","date":"noviembre 10, 2022","format":false,"excerpt":"Escolarizaci\u00f3n Esta secci\u00f3n contiene informaci\u00f3n de utilidad para las familias a la hora de de iniciar el proceso de escolarizaci\u00f3n: plazos, documentos, normativa, enlaces, etc. Enlace al portal de escolarizaci\u00f3n. Normativa\u00a0sobre el proceso de escolarizaci\u00f3n. Per\u00edodo de admisi\u00f3n: Marzo: ESO y Bachillerato Junio: Ciclos Formativos https:\/\/youtu.be\/r-2IQRy8pL8 V\u00eddeo promocional de la\u2026","rel":"","context":"Entrada similar","block_context":{"text":"Entrada similar","link":""},"img":{"alt_text":"","src":"https:\/\/i0.wp.com\/img.youtube.com\/vi\/r-2IQRy8pL8\/0.jpg?resize=350%2C200","width":350,"height":200},"classes":[]},{"id":387,"url":"https:\/\/iessoldeportocarrero.com\/?page_id=387","url_meta":{"origin":35,"position":5},"title":"Programaci\u00f3n_ByG","author":"admin","date":"noviembre 14, 2022","format":false,"excerpt":"La asignatura de Biolog\u00eda y Geolog\u00eda debe contribuir durante la Educaci\u00f3n Secundaria Obligatoria (ESO) a que el alumnado adquiera unos conocimientos y destrezas b\u00e1sicas que le permitan adquirir una cultura cient\u00edfica; los alumnos y alumnas debe identificarse como agentes activos, y reconocer que de sus actuaciones y conocimientos depender\u00e1 el\u2026","rel":"","context":"Entrada similar","block_context":{"text":"Entrada similar","link":""},"img":{"alt_text":"","src":"","width":0,"height":0},"classes":[]}],"_links":{"self":[{"href":"https:\/\/iessoldeportocarrero.com\/index.php?rest_route=\/wp\/v2\/pages\/35","targetHints":{"allow":["GET"]}}],"collection":[{"href":"https:\/\/iessoldeportocarrero.com\/index.php?rest_route=\/wp\/v2\/pages"}],"about":[{"href":"https:\/\/iessoldeportocarrero.com\/index.php?rest_route=\/wp\/v2\/types\/page"}],"author":[{"embeddable":true,"href":"https:\/\/iessoldeportocarrero.com\/index.php?rest_route=\/wp\/v2\/users\/1"}],"replies":[{"embeddable":true,"href":"https:\/\/iessoldeportocarrero.com\/index.php?rest_route=%2Fwp%2Fv2%2Fcomments&post=35"}],"version-history":[{"count":0,"href":"https:\/\/iessoldeportocarrero.com\/index.php?rest_route=\/wp\/v2\/pages\/35\/revisions"}],"wp:attachment":[{"href":"https:\/\/iessoldeportocarrero.com\/index.php?rest_route=%2Fwp%2Fv2%2Fmedia&parent=35"}],"curies":[{"name":"wp","href":"https:\/\/api.w.org\/{rel}","templated":true}]}}