{"id":3234,"date":"2025-05-23T09:58:06","date_gmt":"2025-05-23T07:58:06","guid":{"rendered":"https:\/\/iessoldeportocarrero.com\/?page_id=3234"},"modified":"2025-10-09T13:02:06","modified_gmt":"2025-10-09T11:02:06","slug":"escuela-de-familias","status":"publish","type":"page","link":"https:\/\/iessoldeportocarrero.com\/?page_id=3234","title":{"rendered":"ESCUELA DE FAMILIAS"},"content":{"rendered":"\n<p>\u00a1Bienvenidos a nuestra <strong>Escuela de Familias<\/strong>! Este es vuestro espacio, un rinc\u00f3n donde encontrar\u00e9is apoyo y recursos para acompa\u00f1ar a vuestros hijos adolescentes en ese viaje incre\u00edble que es crecer. Estamos convencidos de que la <strong>coeducaci\u00f3n<\/strong> es la clave para que construyamos juntos un mundo m\u00e1s justo e igualitario, y sabemos que vuestro papel en esto es s\u00faper importante. Mano a mano, escuela y casa, vamos a <strong>coeducar<\/strong> y darles a nuestros chic@s todo lo que necesitan para que brillen con luz propia, tanto en los estudios como en la vida. \u00a1Contamos con vosotros!<\/p>\n\n\n\n<div class=\"wp-block-columns is-layout-flex wp-container-core-columns-is-layout-9d6595d7 wp-block-columns-is-layout-flex\">\n<div class=\"wp-block-column is-layout-flow wp-block-column-is-layout-flow\">\n<p>Es la siguiente p\u00e1gina puedes encontrar informaci\u00f3n al respecto:<\/p>\n\n\n\n<p><a href=\"https:\/\/www.familiaysalud.es\/salud-joven\/para-padres-de-adolescentes-y-publico-en-general\/el-adolescente-y-su-familia\">Agencia espa\u00f1ola de Pediatr\u00eda de Atenci\u00f3n Primaria<\/a><\/p>\n\n\n\n<figure class=\"wp-block-image size-large\"><a href=\"https:\/\/www.familiaysalud.es\/salud-joven\/para-padres-de-adolescentes-y-publico-en-general\/el-adolescente-y-su-familia\"><img fetchpriority=\"high\" decoding=\"async\" width=\"410\" height=\"1024\" src=\"https:\/\/iessoldeportocarrero.com\/wp-content\/uploads\/2025\/05\/cartel-410x1024.png\" alt=\"\" class=\"wp-image-3245\" srcset=\"https:\/\/iessoldeportocarrero.com\/wp-content\/uploads\/2025\/05\/cartel-410x1024.png 410w, https:\/\/iessoldeportocarrero.com\/wp-content\/uploads\/2025\/05\/cartel-120x300.png 120w, https:\/\/iessoldeportocarrero.com\/wp-content\/uploads\/2025\/05\/cartel-768x1920.png 768w, https:\/\/iessoldeportocarrero.com\/wp-content\/uploads\/2025\/05\/cartel-819x2048.png 819w, https:\/\/iessoldeportocarrero.com\/wp-content\/uploads\/2025\/05\/cartel-108x270.png 108w, https:\/\/iessoldeportocarrero.com\/wp-content\/uploads\/2025\/05\/cartel-scaled.png 1024w\" sizes=\"(max-width: 410px) 100vw, 410px\" \/><\/a><\/figure>\n<\/div>\n\n\n\n<div class=\"wp-block-column is-layout-flow wp-block-column-is-layout-flow\">\n<p>En este enlace, encontrar\u00e1 una amplia colecci\u00f3n de documentos y recursos dise\u00f1ados para apoyar y enriquecer la educaci\u00f3n de su hijo <\/p>\n\n\n\n<p><a href=\"https:\/\/drive.google.com\/drive\/folders\/1A72MkDJV_TgPlJ2_Vho7h8UN0umGxOfM?usp=sharing\">Pinche aqu\u00ed o en la imagen<\/a> <\/p>\n\n\n<div class=\"wp-block-image\">\n<figure class=\"aligncenter size-full is-resized\"><a href=\"https:\/\/drive.google.com\/drive\/folders\/1A72MkDJV_TgPlJ2_Vho7h8UN0umGxOfM?usp=sharing\"><img decoding=\"async\" width=\"614\" height=\"422\" src=\"https:\/\/iessoldeportocarrero.com\/wp-content\/uploads\/2025\/05\/carpeta.png\" alt=\"\" class=\"wp-image-3258\" style=\"width:262px;height:auto\" srcset=\"https:\/\/iessoldeportocarrero.com\/wp-content\/uploads\/2025\/05\/carpeta.png 614w, https:\/\/iessoldeportocarrero.com\/wp-content\/uploads\/2025\/05\/carpeta-300x206.png 300w, https:\/\/iessoldeportocarrero.com\/wp-content\/uploads\/2025\/05\/carpeta-360x247.png 360w\" sizes=\"(max-width: 614px) 100vw, 614px\" \/><\/a><\/figure>\n<\/div>\n\n<h2 class=\"wp-block-post-title\">ESCUELA DE FAMILIAS<\/h2>\n\n\n<p><em>Si tiene alguna inquietud , p\u00f3ngase en contacto con nosotros:<\/em><\/p>\n\n\n<div class=\"wp-block-jetpack-contact-form is-layout-flex wp-container-jetpack-contact-form-is-layout-faa3ad1c wp-block-jetpack-contact-form-is-layout-flex\"><a href=\"https:\/\/iessoldeportocarrero.com\/?page_id=3234\" target=\"_blank\" rel=\"noopener noreferrer\">Env\u00eda un formulario.<\/a><\/div><\/div>\n<\/div>\n","protected":false},"excerpt":{"rendered":"<p>\u00a1Bienvenidos a nuestra Escuela de Familias! Este es vuestro espacio, un rinc\u00f3n donde encontrar\u00e9is apoyo y recursos para acompa\u00f1ar a vuestros hijos adolescentes en ese viaje incre\u00edble que es crecer. Estamos convencidos de que la coeducaci\u00f3n es la clave para <a href=\"https:\/\/iessoldeportocarrero.com\/?page_id=3234\" class=\"read-more\">Leer m\u00e1s&#8230;<\/a><\/p>\n","protected":false},"author":1,"featured_media":3235,"parent":0,"menu_order":1,"comment_status":"closed","ping_status":"closed","template":"","meta":{"footnotes":""},"class_list":["post-3234","page","type-page","status-publish","has-post-thumbnail","hentry"],"yoast_head":"<!-- This site is optimized with the Yoast SEO plugin v19.14 - https:\/\/yoast.com\/wordpress\/plugins\/seo\/ -->\n<title>ESCUELA DE FAMILIAS - IES SOL DE PORTOCARRERO - LA LABORAL<\/title>\n<meta name=\"robots\" content=\"index, follow, max-snippet:-1, max-image-preview:large, max-video-preview:-1\" \/>\n<link rel=\"canonical\" href=\"https:\/\/iessoldeportocarrero.com\/?page_id=3234\" \/>\n<meta property=\"og:locale\" content=\"es_ES\" \/>\n<meta property=\"og:type\" content=\"article\" \/>\n<meta property=\"og:title\" content=\"ESCUELA DE FAMILIAS - IES SOL DE PORTOCARRERO - LA LABORAL\" \/>\n<meta property=\"og:description\" content=\"\u00a1Bienvenidos a nuestra Escuela de Familias! Este es vuestro espacio, un rinc\u00f3n donde encontrar\u00e9is apoyo y recursos para acompa\u00f1ar a vuestros hijos adolescentes en ese viaje incre\u00edble que es crecer. Estamos convencidos de que la coeducaci\u00f3n es la clave para Leer m\u00e1s...\" \/>\n<meta property=\"og:url\" content=\"https:\/\/iessoldeportocarrero.com\/?page_id=3234\" \/>\n<meta property=\"og:site_name\" content=\"IES SOL DE PORTOCARRERO - LA LABORAL\" \/>\n<meta property=\"article:modified_time\" content=\"2025-10-09T11:02:06+00:00\" \/>\n<meta property=\"og:image\" content=\"https:\/\/iessoldeportocarrero.com\/wp-content\/uploads\/2025\/05\/escueladefamilias-e1747988079562.jpg\" \/>\n\t<meta property=\"og:image:width\" content=\"350\" \/>\n\t<meta property=\"og:image:height\" content=\"350\" \/>\n\t<meta property=\"og:image:type\" content=\"image\/jpeg\" \/>\n<meta name=\"twitter:card\" content=\"summary_large_image\" \/>\n<meta name=\"twitter:label1\" content=\"Tiempo de lectura\" \/>\n\t<meta name=\"twitter:data1\" content=\"2 minutos\" \/>\n<script type=\"application\/ld+json\" class=\"yoast-schema-graph\">{\"@context\":\"https:\/\/schema.org\",\"@graph\":[{\"@type\":\"WebPage\",\"@id\":\"https:\/\/iessoldeportocarrero.com\/?page_id=3234\",\"url\":\"https:\/\/iessoldeportocarrero.com\/?page_id=3234\",\"name\":\"ESCUELA DE FAMILIAS - IES SOL DE PORTOCARRERO - LA LABORAL\",\"isPartOf\":{\"@id\":\"https:\/\/iessoldeportocarrero.com\/#website\"},\"datePublished\":\"2025-05-23T07:58:06+00:00\",\"dateModified\":\"2025-10-09T11:02:06+00:00\",\"breadcrumb\":{\"@id\":\"https:\/\/iessoldeportocarrero.com\/?page_id=3234#breadcrumb\"},\"inLanguage\":\"es\",\"potentialAction\":[{\"@type\":\"ReadAction\",\"target\":[\"https:\/\/iessoldeportocarrero.com\/?page_id=3234\"]}]},{\"@type\":\"BreadcrumbList\",\"@id\":\"https:\/\/iessoldeportocarrero.com\/?page_id=3234#breadcrumb\",\"itemListElement\":[{\"@type\":\"ListItem\",\"position\":1,\"name\":\"Home\",\"item\":\"https:\/\/iessoldeportocarrero.com\/\"},{\"@type\":\"ListItem\",\"position\":2,\"name\":\"ESCUELA DE FAMILIAS\"}]},{\"@type\":\"WebSite\",\"@id\":\"https:\/\/iessoldeportocarrero.com\/#website\",\"url\":\"https:\/\/iessoldeportocarrero.com\/\",\"name\":\"IES SOL DE PORTOCARRERO - LA LABORAL\",\"description\":\"INSTITUTO DE EDUCACI\u00d3N SECUNDARIA Y FORMACI\u00d3N PROFESIONAL\",\"potentialAction\":[{\"@type\":\"SearchAction\",\"target\":{\"@type\":\"EntryPoint\",\"urlTemplate\":\"https:\/\/iessoldeportocarrero.com\/?s={search_term_string}\"},\"query-input\":\"required name=search_term_string\"}],\"inLanguage\":\"es\"}]}<\/script>\n<!-- \/ Yoast SEO plugin. -->","yoast_head_json":{"title":"ESCUELA DE FAMILIAS - IES SOL DE PORTOCARRERO - LA LABORAL","robots":{"index":"index","follow":"follow","max-snippet":"max-snippet:-1","max-image-preview":"max-image-preview:large","max-video-preview":"max-video-preview:-1"},"canonical":"https:\/\/iessoldeportocarrero.com\/?page_id=3234","og_locale":"es_ES","og_type":"article","og_title":"ESCUELA DE FAMILIAS - IES SOL DE PORTOCARRERO - LA LABORAL","og_description":"\u00a1Bienvenidos a nuestra Escuela de Familias! Este es vuestro espacio, un rinc\u00f3n donde encontrar\u00e9is apoyo y recursos para acompa\u00f1ar a vuestros hijos adolescentes en ese viaje incre\u00edble que es crecer. Estamos convencidos de que la coeducaci\u00f3n es la clave para Leer m\u00e1s...","og_url":"https:\/\/iessoldeportocarrero.com\/?page_id=3234","og_site_name":"IES SOL DE PORTOCARRERO - LA LABORAL","article_modified_time":"2025-10-09T11:02:06+00:00","og_image":[{"width":350,"height":350,"url":"https:\/\/iessoldeportocarrero.com\/wp-content\/uploads\/2025\/05\/escueladefamilias-e1747988079562.jpg","type":"image\/jpeg"}],"twitter_card":"summary_large_image","twitter_misc":{"Tiempo de lectura":"2 minutos"},"schema":{"@context":"https:\/\/schema.org","@graph":[{"@type":"WebPage","@id":"https:\/\/iessoldeportocarrero.com\/?page_id=3234","url":"https:\/\/iessoldeportocarrero.com\/?page_id=3234","name":"ESCUELA DE FAMILIAS - IES SOL DE PORTOCARRERO - LA LABORAL","isPartOf":{"@id":"https:\/\/iessoldeportocarrero.com\/#website"},"datePublished":"2025-05-23T07:58:06+00:00","dateModified":"2025-10-09T11:02:06+00:00","breadcrumb":{"@id":"https:\/\/iessoldeportocarrero.com\/?page_id=3234#breadcrumb"},"inLanguage":"es","potentialAction":[{"@type":"ReadAction","target":["https:\/\/iessoldeportocarrero.com\/?page_id=3234"]}]},{"@type":"BreadcrumbList","@id":"https:\/\/iessoldeportocarrero.com\/?page_id=3234#breadcrumb","itemListElement":[{"@type":"ListItem","position":1,"name":"Home","item":"https:\/\/iessoldeportocarrero.com\/"},{"@type":"ListItem","position":2,"name":"ESCUELA DE FAMILIAS"}]},{"@type":"WebSite","@id":"https:\/\/iessoldeportocarrero.com\/#website","url":"https:\/\/iessoldeportocarrero.com\/","name":"IES SOL DE PORTOCARRERO - LA LABORAL","description":"INSTITUTO DE EDUCACI\u00d3N SECUNDARIA Y FORMACI\u00d3N PROFESIONAL","potentialAction":[{"@type":"SearchAction","target":{"@type":"EntryPoint","urlTemplate":"https:\/\/iessoldeportocarrero.com\/?s={search_term_string}"},"query-input":"required name=search_term_string"}],"inLanguage":"es"}]}},"jetpack_sharing_enabled":true,"jetpack-related-posts":[{"id":1140,"url":"https:\/\/iessoldeportocarrero.com\/?page_id=1140","url_meta":{"origin":3234,"position":0},"title":"Escuela: Espacio de Paz","author":"admin","date":"abril 28, 2023","format":false,"excerpt":"Nuestro centro pertenece a la Red Andaluza \u00abEscuela: Espacio de Paz\u00bb.\u00a0 Para obtener m\u00e1s informaci\u00f3n sobre este proyecto de la Junta de Andaluc\u00eda, pinchad el siguiente enlace: \u00a0Proyecto \u00abEscuela: Espacio de Paz\u00bb de la Junta de Andaluc\u00eda.","rel":"","context":"Entrada similar","block_context":{"text":"Entrada similar","link":""},"img":{"alt_text":"","src":"https:\/\/i0.wp.com\/iessoldeportocarrero.com\/wp-content\/uploads\/2023\/04\/Logos_RAEEP.jpg?resize=350%2C200&ssl=1","width":350,"height":200,"srcset":"https:\/\/i0.wp.com\/iessoldeportocarrero.com\/wp-content\/uploads\/2023\/04\/Logos_RAEEP.jpg?resize=350%2C200&ssl=1 1x, https:\/\/i0.wp.com\/iessoldeportocarrero.com\/wp-content\/uploads\/2023\/04\/Logos_RAEEP.jpg?resize=525%2C300&ssl=1 1.5x, https:\/\/i0.wp.com\/iessoldeportocarrero.com\/wp-content\/uploads\/2023\/04\/Logos_RAEEP.jpg?resize=700%2C400&ssl=1 2x"},"classes":[]},{"id":1097,"url":"https:\/\/iessoldeportocarrero.com\/?page_id=1097","url_meta":{"origin":3234,"position":1},"title":"PLANES Y PROGRAMAS","author":"admin","date":"abril 27, 2023","format":false,"excerpt":"Programa de centro biling\u00fce \u2013 Ingl\u00e9s PLAN DE COMPENSACI\u00d3N EDUCATIVA Escuela: Espacio de Paz PLAN DE IGUALDAD PROGRAMAS DEL MINISTERIO DE EDUCACI\u00d3N, CULTURA Y DEPORTE","rel":"","context":"Entrada similar","block_context":{"text":"Entrada similar","link":""},"img":{"alt_text":"","src":"","width":0,"height":0},"classes":[]},{"id":146,"url":"https:\/\/iessoldeportocarrero.com\/?page_id=146","url_meta":{"origin":3234,"position":2},"title":"Documentos Alumnado\/Familia","author":"admin","date":"noviembre 10, 2022","format":false,"excerpt":"","rel":"","context":"Entrada similar","block_context":{"text":"Entrada similar","link":""},"img":{"alt_text":"","src":"","width":0,"height":0},"classes":[]},{"id":3308,"url":"https:\/\/iessoldeportocarrero.com\/?page_id=3308","url_meta":{"origin":3234,"position":3},"title":"FAMILIAS PROFESIONALES DE CICLOS FORMATIVOS (PRIORIDAD 3: EDUCACI\u00d3N Y FORMACI\u00d3N).","author":"admin","date":"junio 16, 2025","format":false,"excerpt":"ACTIVIDADES F\u00cdSICAS AGRARIA REDES Y ESTACIONES DE AGUA","rel":"","context":"Entrada similar","block_context":{"text":"Entrada similar","link":""},"img":{"alt_text":"","src":"https:\/\/i0.wp.com\/iessoldeportocarrero.com\/wp-content\/uploads\/2025\/06\/ef1-150x150.png?resize=350%2C200&ssl=1","width":350,"height":200},"classes":[]},{"id":153,"url":"https:\/\/iessoldeportocarrero.com\/?page_id=153","url_meta":{"origin":3234,"position":4},"title":"Documentos Emergencias","author":"admin","date":"noviembre 10, 2022","format":false,"excerpt":"DOCUMENTACI\u00d3N","rel":"","context":"Entrada similar","block_context":{"text":"Entrada similar","link":""},"img":{"alt_text":"","src":"","width":0,"height":0},"classes":[]},{"id":151,"url":"https:\/\/iessoldeportocarrero.com\/?page_id=151","url_meta":{"origin":3234,"position":5},"title":"Documentos Plan de Acogida","author":"admin","date":"noviembre 10, 2022","format":false,"excerpt":"Plan de acogida: DOCUMENTACI\u00d3N","rel":"","context":"Entrada similar","block_context":{"text":"Entrada similar","link":""},"img":{"alt_text":"","src":"","width":0,"height":0},"classes":[]}],"_links":{"self":[{"href":"https:\/\/iessoldeportocarrero.com\/index.php?rest_route=\/wp\/v2\/pages\/3234","targetHints":{"allow":["GET"]}}],"collection":[{"href":"https:\/\/iessoldeportocarrero.com\/index.php?rest_route=\/wp\/v2\/pages"}],"about":[{"href":"https:\/\/iessoldeportocarrero.com\/index.php?rest_route=\/wp\/v2\/types\/page"}],"author":[{"embeddable":true,"href":"https:\/\/iessoldeportocarrero.com\/index.php?rest_route=\/wp\/v2\/users\/1"}],"replies":[{"embeddable":true,"href":"https:\/\/iessoldeportocarrero.com\/index.php?rest_route=%2Fwp%2Fv2%2Fcomments&post=3234"}],"version-history":[{"count":14,"href":"https:\/\/iessoldeportocarrero.com\/index.php?rest_route=\/wp\/v2\/pages\/3234\/revisions"}],"predecessor-version":[{"id":3474,"href":"https:\/\/iessoldeportocarrero.com\/index.php?rest_route=\/wp\/v2\/pages\/3234\/revisions\/3474"}],"wp:featuredmedia":[{"embeddable":true,"href":"https:\/\/iessoldeportocarrero.com\/index.php?rest_route=\/wp\/v2\/media\/3235"}],"wp:attachment":[{"href":"https:\/\/iessoldeportocarrero.com\/index.php?rest_route=%2Fwp%2Fv2%2Fmedia&parent=3234"}],"curies":[{"name":"wp","href":"https:\/\/api.w.org\/{rel}","templated":true}]}}