{"id":2911,"date":"2024-12-03T13:09:14","date_gmt":"2024-12-03T12:09:14","guid":{"rendered":"https:\/\/iessoldeportocarrero.com\/?page_id=2911"},"modified":"2025-10-27T08:52:00","modified_gmt":"2025-10-27T07:52:00","slug":"inventario-portatiles","status":"publish","type":"page","link":"https:\/\/iessoldeportocarrero.com\/?page_id=2911","title":{"rendered":"INVENTARIO PORT\u00c1TILES"},"content":{"rendered":"","protected":true},"excerpt":{"rendered":"","protected":true},"author":1,"featured_media":0,"parent":161,"menu_order":0,"comment_status":"closed","ping_status":"closed","template":"","meta":{"footnotes":""},"class_list":["post-2911","page","type-page","status-publish","post-password-required","hentry"],"yoast_head":"<!-- This site is optimized with the Yoast SEO plugin v19.14 - https:\/\/yoast.com\/wordpress\/plugins\/seo\/ -->\n<title>INVENTARIO PORT\u00c1TILES - IES SOL DE PORTOCARRERO - LA LABORAL<\/title>\n<meta name=\"robots\" content=\"index, follow, max-snippet:-1, max-image-preview:large, max-video-preview:-1\" \/>\n<link rel=\"canonical\" href=\"https:\/\/iessoldeportocarrero.com\/?page_id=2911\" \/>\n<meta property=\"og:locale\" content=\"es_ES\" \/>\n<meta property=\"og:type\" content=\"article\" \/>\n<meta property=\"og:title\" content=\"INVENTARIO PORT\u00c1TILES - IES SOL DE PORTOCARRERO - LA LABORAL\" \/>\n<meta property=\"og:description\" content=\"No hay extracto porque es una entrada protegida.\" \/>\n<meta property=\"og:url\" content=\"https:\/\/iessoldeportocarrero.com\/?page_id=2911\" \/>\n<meta property=\"og:site_name\" content=\"IES SOL DE PORTOCARRERO - LA LABORAL\" \/>\n<meta property=\"article:modified_time\" content=\"2025-10-27T07:52:00+00:00\" \/>\n<meta name=\"twitter:card\" content=\"summary_large_image\" \/>\n<meta name=\"twitter:label1\" content=\"Tiempo de lectura\" \/>\n\t<meta name=\"twitter:data1\" content=\"1 minuto\" \/>\n<script type=\"application\/ld+json\" class=\"yoast-schema-graph\">{\"@context\":\"https:\/\/schema.org\",\"@graph\":[{\"@type\":\"WebPage\",\"@id\":\"https:\/\/iessoldeportocarrero.com\/?page_id=2911\",\"url\":\"https:\/\/iessoldeportocarrero.com\/?page_id=2911\",\"name\":\"INVENTARIO PORT\u00c1TILES - IES SOL DE PORTOCARRERO - LA LABORAL\",\"isPartOf\":{\"@id\":\"https:\/\/iessoldeportocarrero.com\/#website\"},\"datePublished\":\"2024-12-03T12:09:14+00:00\",\"dateModified\":\"2025-10-27T07:52:00+00:00\",\"breadcrumb\":{\"@id\":\"https:\/\/iessoldeportocarrero.com\/?page_id=2911#breadcrumb\"},\"inLanguage\":\"es\"},{\"@type\":\"WebSite\",\"@id\":\"https:\/\/iessoldeportocarrero.com\/#website\",\"url\":\"https:\/\/iessoldeportocarrero.com\/\",\"name\":\"IES SOL DE PORTOCARRERO - LA LABORAL\",\"description\":\"INSTITUTO DE EDUCACI\u00d3N SECUNDARIA Y FORMACI\u00d3N PROFESIONAL\",\"potentialAction\":[{\"@type\":\"SearchAction\",\"target\":{\"@type\":\"EntryPoint\",\"urlTemplate\":\"https:\/\/iessoldeportocarrero.com\/?s={search_term_string}\"},\"query-input\":\"required name=search_term_string\"}],\"inLanguage\":\"es\"}]}<\/script>\n<!-- \/ Yoast SEO plugin. -->","yoast_head_json":{"title":"INVENTARIO PORT\u00c1TILES - IES SOL DE PORTOCARRERO - LA LABORAL","robots":{"index":"index","follow":"follow","max-snippet":"max-snippet:-1","max-image-preview":"max-image-preview:large","max-video-preview":"max-video-preview:-1"},"canonical":"https:\/\/iessoldeportocarrero.com\/?page_id=2911","og_locale":"es_ES","og_type":"article","og_title":"INVENTARIO PORT\u00c1TILES - IES SOL DE PORTOCARRERO - LA LABORAL","og_description":"No hay extracto porque es una entrada protegida.","og_url":"https:\/\/iessoldeportocarrero.com\/?page_id=2911","og_site_name":"IES SOL DE PORTOCARRERO - LA LABORAL","article_modified_time":"2025-10-27T07:52:00+00:00","twitter_card":"summary_large_image","twitter_misc":{"Tiempo de lectura":"1 minuto"},"schema":{"@context":"https:\/\/schema.org","@graph":[{"@type":"WebPage","@id":"https:\/\/iessoldeportocarrero.com\/?page_id=2911","url":"https:\/\/iessoldeportocarrero.com\/?page_id=2911","name":"INVENTARIO PORT\u00c1TILES - IES SOL DE PORTOCARRERO - LA LABORAL","isPartOf":{"@id":"https:\/\/iessoldeportocarrero.com\/#website"},"datePublished":"2024-12-03T12:09:14+00:00","dateModified":"2025-10-27T07:52:00+00:00","breadcrumb":{"@id":"https:\/\/iessoldeportocarrero.com\/?page_id=2911#breadcrumb"},"inLanguage":"es"},{"@type":"WebSite","@id":"https:\/\/iessoldeportocarrero.com\/#website","url":"https:\/\/iessoldeportocarrero.com\/","name":"IES SOL DE PORTOCARRERO - LA LABORAL","description":"INSTITUTO DE EDUCACI\u00d3N SECUNDARIA Y FORMACI\u00d3N PROFESIONAL","potentialAction":[{"@type":"SearchAction","target":{"@type":"EntryPoint","urlTemplate":"https:\/\/iessoldeportocarrero.com\/?s={search_term_string}"},"query-input":"required name=search_term_string"}],"inLanguage":"es"}]}},"jetpack_sharing_enabled":true,"jetpack-related-posts":[{"id":55,"url":"https:\/\/iessoldeportocarrero.com\/?page_id=55","url_meta":{"origin":2911,"position":0},"title":"Equipo Directivo","author":"admin","date":"noviembre 10, 2022","format":false,"excerpt":"Direcci\u00f3nM\u00aa del Mar Mota Forte Vicedirecci\u00f3nLidia Cobos S\u00e1nchezSecretar\u00edaJos\u00e9 Botias Palaz\u00f3nJefatura de EstudiosRaquel Soler DelgadoJefatura de Estudios AdjuntaTeresa Bl\u00e1zquez C\u00e1tedraJefatura de Estudios AdjuntaJuana Castillo RojoJefatura de Estudios AdjuntaRicardo Juan Linares Ortiz","rel":"","context":"Entrada similar","block_context":{"text":"Entrada similar","link":""},"img":{"alt_text":"","src":"","width":0,"height":0},"classes":[]},{"id":1137,"url":"https:\/\/iessoldeportocarrero.com\/?page_id=1137","url_meta":{"origin":2911,"position":1},"title":"PLAN DE COMPENSACI\u00d3N EDUCATIVA","author":"admin","date":"abril 28, 2023","format":false,"excerpt":"Aqu\u00ed se puede descargar el Plan de Compensaci\u00f3n Educativa de nuestro centro: PLAN COMPENSATORIA 2019-20_rev Pincha en el enlace para obtener m\u00e1s informaci\u00f3n sobre el Plan de Compensaci\u00f3n Educativa. M\u00e1s informaci\u00f3n sobre la compensaci\u00f3n educativa en Andaluc\u00eda.","rel":"","context":"Entrada similar","block_context":{"text":"Entrada similar","link":""},"img":{"alt_text":"","src":"","width":0,"height":0},"classes":[]},{"id":168,"url":"https:\/\/iessoldeportocarrero.com\/?page_id=168","url_meta":{"origin":2911,"position":2},"title":"Certificados de Profesionalidad","author":"admin","date":"noviembre 10, 2022","format":false,"excerpt":"Aqu\u00ed pod\u00e9is encontrar toda la informaci\u00f3n sobre los CERTIFICADOS DE PROFESIONALIDAD. PLAZO DE INSCRIPCI\u00d3N HASTA EL 7 DE MARZO DE 2022 En el centro se imparten dos de estos Certificados: ACONDICIONAMIENTO F\u00cdSICO CON SOPORTE MUSICAL AGRICULTURA ECOL\u00d3GICA Mas informaci\u00f3n pinchando en el tr\u00edptico: triptico-certificadosDescarga Y aqu\u00ed teneis los archivos con\u2026","rel":"","context":"Entrada similar","block_context":{"text":"Entrada similar","link":""},"img":{"alt_text":"","src":"","width":0,"height":0},"classes":[]},{"id":3234,"url":"https:\/\/iessoldeportocarrero.com\/?page_id=3234","url_meta":{"origin":2911,"position":3},"title":"ESCUELA DE FAMILIAS","author":"admin","date":"mayo 23, 2025","format":false,"excerpt":"\u00a1Bienvenidos a nuestra Escuela de Familias! Este es vuestro espacio, un rinc\u00f3n donde encontrar\u00e9is apoyo y recursos para acompa\u00f1ar a vuestros hijos adolescentes en ese viaje incre\u00edble que es crecer. Estamos convencidos de que la coeducaci\u00f3n es la clave para que construyamos juntos un mundo m\u00e1s justo e igualitario, y\u2026","rel":"","context":"Entrada similar","block_context":{"text":"Entrada similar","link":""},"img":{"alt_text":"","src":"https:\/\/i0.wp.com\/iessoldeportocarrero.com\/wp-content\/uploads\/2025\/05\/escueladefamilias-e1747988079562.jpg?resize=350%2C200&ssl=1","width":350,"height":200},"classes":[]},{"id":1140,"url":"https:\/\/iessoldeportocarrero.com\/?page_id=1140","url_meta":{"origin":2911,"position":4},"title":"Escuela: Espacio de Paz","author":"admin","date":"abril 28, 2023","format":false,"excerpt":"Nuestro centro pertenece a la Red Andaluza \u00abEscuela: Espacio de Paz\u00bb.\u00a0 Para obtener m\u00e1s informaci\u00f3n sobre este proyecto de la Junta de Andaluc\u00eda, pinchad el siguiente enlace: \u00a0Proyecto \u00abEscuela: Espacio de Paz\u00bb de la Junta de Andaluc\u00eda.","rel":"","context":"Entrada similar","block_context":{"text":"Entrada similar","link":""},"img":{"alt_text":"","src":"https:\/\/i0.wp.com\/iessoldeportocarrero.com\/wp-content\/uploads\/2023\/04\/Logos_RAEEP.jpg?resize=350%2C200&ssl=1","width":350,"height":200,"srcset":"https:\/\/i0.wp.com\/iessoldeportocarrero.com\/wp-content\/uploads\/2023\/04\/Logos_RAEEP.jpg?resize=350%2C200&ssl=1 1x, https:\/\/i0.wp.com\/iessoldeportocarrero.com\/wp-content\/uploads\/2023\/04\/Logos_RAEEP.jpg?resize=525%2C300&ssl=1 1.5x, https:\/\/i0.wp.com\/iessoldeportocarrero.com\/wp-content\/uploads\/2023\/04\/Logos_RAEEP.jpg?resize=700%2C400&ssl=1 2x"},"classes":[]},{"id":1088,"url":"https:\/\/iessoldeportocarrero.com\/?page_id=1088","url_meta":{"origin":2911,"position":5},"title":"EQUIPO DIRECTIVO","author":"admin","date":"abril 27, 2023","format":false,"excerpt":"CARGONOMBREHORARIO ATENCI\u00d3N FAMILIASDIRECCI\u00d3NMaria del Mar Mota ForteLunes-Martes-Mi\u00e9rcoles: 8:15 a 9:15 Martes: 10:15 a 11:15 Lunes:17:00a 18:00VICEDIRECCI\u00d3NLidia Cobos S\u00e1nchezLunes-Martes: 13:45 a 14:45SECRETAR\u00cdARicardo Juan Linares OrtizMartes-Mi\u00e9rcoles : 11:45 a 12:45JEFATURADE ESTUDIOSRaquel Soler DelgadoLunes: 12:45 a 14:45 y 17:00 a 18:00Martes: 11:45 a 13:45JEFATURA DE ESTUDIOSADJUNTA\u00c1ngel Suanes AguileraJuana Castillo RojoPedro Llorente Pulido Se\u2026","rel":"","context":"Entrada similar","block_context":{"text":"Entrada similar","link":""},"img":{"alt_text":"","src":"https:\/\/i0.wp.com\/iessoldeportocarrero.com\/wp-content\/uploads\/2024\/03\/1.jpg?resize=350%2C200&ssl=1","width":350,"height":200,"srcset":"https:\/\/i0.wp.com\/iessoldeportocarrero.com\/wp-content\/uploads\/2024\/03\/1.jpg?resize=350%2C200&ssl=1 1x, https:\/\/i0.wp.com\/iessoldeportocarrero.com\/wp-content\/uploads\/2024\/03\/1.jpg?resize=525%2C300&ssl=1 1.5x, https:\/\/i0.wp.com\/iessoldeportocarrero.com\/wp-content\/uploads\/2024\/03\/1.jpg?resize=700%2C400&ssl=1 2x, https:\/\/i0.wp.com\/iessoldeportocarrero.com\/wp-content\/uploads\/2024\/03\/1.jpg?resize=1050%2C600&ssl=1 3x, https:\/\/i0.wp.com\/iessoldeportocarrero.com\/wp-content\/uploads\/2024\/03\/1.jpg?resize=1400%2C800&ssl=1 4x"},"classes":[]}],"_links":{"self":[{"href":"https:\/\/iessoldeportocarrero.com\/index.php?rest_route=\/wp\/v2\/pages\/2911","targetHints":{"allow":["GET"]}}],"collection":[{"href":"https:\/\/iessoldeportocarrero.com\/index.php?rest_route=\/wp\/v2\/pages"}],"about":[{"href":"https:\/\/iessoldeportocarrero.com\/index.php?rest_route=\/wp\/v2\/types\/page"}],"author":[{"embeddable":true,"href":"https:\/\/iessoldeportocarrero.com\/index.php?rest_route=\/wp\/v2\/users\/1"}],"replies":[{"embeddable":true,"href":"https:\/\/iessoldeportocarrero.com\/index.php?rest_route=%2Fwp%2Fv2%2Fcomments&post=2911"}],"version-history":[{"count":2,"href":"https:\/\/iessoldeportocarrero.com\/index.php?rest_route=\/wp\/v2\/pages\/2911\/revisions"}],"predecessor-version":[{"id":3516,"href":"https:\/\/iessoldeportocarrero.com\/index.php?rest_route=\/wp\/v2\/pages\/2911\/revisions\/3516"}],"up":[{"embeddable":true,"href":"https:\/\/iessoldeportocarrero.com\/index.php?rest_route=\/wp\/v2\/pages\/161"}],"wp:attachment":[{"href":"https:\/\/iessoldeportocarrero.com\/index.php?rest_route=%2Fwp%2Fv2%2Fmedia&parent=2911"}],"curies":[{"name":"wp","href":"https:\/\/api.w.org\/{rel}","templated":true}]}}