{"id":28,"date":"2022-11-03T12:16:40","date_gmt":"2022-11-03T11:16:40","guid":{"rendered":"https:\/\/soldeportocarreroies.wordpress.com\/?page_id=28"},"modified":"2025-11-17T11:29:22","modified_gmt":"2025-11-17T10:29:22","slug":"departamentos","status":"publish","type":"page","link":"https:\/\/iessoldeportocarrero.com\/?page_id=28","title":{"rendered":"DEPARTAMENTOS"},"content":{"rendered":"\n<div class=\"wp-block-buttons has-custom-font-size is-horizontal is-content-justification-center is-layout-flex wp-container-core-buttons-is-layout-769315fb wp-block-buttons-is-layout-flex\" style=\"font-size:15px\">\n<div class=\"wp-block-button is-style-fill\"><a class=\"wp-block-button__link has-small-font-size has-custom-font-size wp-element-button\" href=\"https:\/\/iessoldeportocarrero.com\/?page_id=81\">ACTIVIDADES F\u00cdSICAS <\/a><\/div>\n\n\n\n<div class=\"wp-block-button\"><a class=\"wp-block-button__link wp-element-button\" href=\"https:\/\/iessoldeportocarrero.com\/?page_id=82\">AGRARIA<\/a><\/div>\n\n\n\n<div class=\"wp-block-button\"><a class=\"wp-block-button__link wp-element-button\" href=\"https:\/\/iessoldeportocarrero.com\/?page_id=86\">BIOLOG\u00cdA Y GEOLOG\u00cdA<\/a><\/div>\n\n\n\n<div class=\"wp-block-button\"><a class=\"wp-block-button__link wp-element-button\" href=\"https:\/\/iessoldeportocarrero.com\/?page_id=87\">CL\u00c1SICAS<\/a><\/div>\n\n\n\n<div class=\"wp-block-button\"><a class=\"wp-block-button__link has-small-font-size has-custom-font-size wp-element-button\" href=\"https:\/\/iessoldeportocarrero.com\/?page_id=75\">ACTIVIDADES EXTRAESCOLARES<\/a><\/div>\n\n\n\n<div class=\"wp-block-button\"><a class=\"wp-block-button__link wp-element-button\" href=\"https:\/\/iessoldeportocarrero.com\/?page_id=91\">DIBUJO<\/a><\/div>\n\n\n\n<div class=\"wp-block-button\"><a class=\"wp-block-button__link wp-element-button\" href=\"https:\/\/iessoldeportocarrero.com\/?page_id=129\">ECONOM\u00cdA<\/a><\/div>\n\n\n\n<div class=\"wp-block-button\"><a class=\"wp-block-button__link wp-element-button\" href=\"https:\/\/iessoldeportocarrero.com\/?page_id=96\">EDUCACI\u00d3N F\u00cdSICA<\/a><\/div>\n\n\n\n<div class=\"wp-block-button\"><a class=\"wp-block-button__link wp-element-button\" href=\"https:\/\/iessoldeportocarrero.com\/?page_id=98\">FILOSOF\u00cdA<\/a><\/div>\n\n\n\n<div class=\"wp-block-button\"><a class=\"wp-block-button__link wp-element-button\" href=\"https:\/\/iessoldeportocarrero.com\/?page_id=100\">F\u00cdSICA Y QU\u00cdMICA<\/a><\/div>\n\n\n\n<div class=\"wp-block-button\"><a class=\"wp-block-button__link wp-element-button\" href=\"https:\/\/iessoldeportocarrero.com\/?page_id=103\">FOL<\/a><\/div>\n\n\n\n<div class=\"wp-block-button\"><a class=\"wp-block-button__link wp-element-button\" href=\"https:\/\/iessoldeportocarrero.com\/?page_id=105\">FEIE<\/a><\/div>\n\n\n\n<div class=\"wp-block-button\"><a class=\"wp-block-button__link wp-element-button\" href=\"https:\/\/iessoldeportocarrero.com\/?page_id=107\">FRANC\u00c9S<\/a><\/div>\n\n\n\n<div class=\"wp-block-button\"><a class=\"wp-block-button__link wp-element-button\" href=\"https:\/\/iessoldeportocarrero.com\/?page_id=109\">GEOGRAF\u00cdA E HISTORIA<\/a><\/div>\n\n\n\n<div class=\"wp-block-button\"><a class=\"wp-block-button__link wp-element-button\" href=\"https:\/\/iessoldeportocarrero.com\/?page_id=127\">INFORM\u00c1TICA<\/a><\/div>\n\n\n\n<div class=\"wp-block-button\"><a class=\"wp-block-button__link wp-element-button\" href=\"https:\/\/iessoldeportocarrero.com\/?page_id=111\">INGL\u00c9S<\/a><\/div>\n\n\n\n<div class=\"wp-block-button\"><a class=\"wp-block-button__link has-small-font-size has-custom-font-size wp-element-button\" href=\"https:\/\/iessoldeportocarrero.com\/?page_id=113\">INSTALACI\u00d3N Y MANTENIMIENTO<\/a><\/div>\n\n\n\n<div class=\"wp-block-button\"><a class=\"wp-block-button__link wp-element-button\" href=\"https:\/\/iessoldeportocarrero.com\/?page_id=115\">LENGUA<\/a><\/div>\n\n\n\n<div class=\"wp-block-button\"><a class=\"wp-block-button__link wp-element-button\" href=\"https:\/\/iessoldeportocarrero.com\/?page_id=117\">MATEM\u00c1TICAS<\/a><\/div>\n\n\n\n<div class=\"wp-block-button\"><a class=\"wp-block-button__link wp-element-button\" href=\"https:\/\/iessoldeportocarrero.com\/?page_id=119\">M\u00daSICA<\/a><\/div>\n\n\n\n<div class=\"wp-block-button\"><a class=\"wp-block-button__link wp-element-button\" href=\"https:\/\/iessoldeportocarrero.com\/?page_id=121\">ORIENTACI\u00d3N<\/a><\/div>\n\n\n\n<div class=\"wp-block-button\"><a class=\"wp-block-button__link wp-element-button\" href=\"https:\/\/iessoldeportocarrero.com\/?page_id=125\">RELIGI\u00d3N<\/a><\/div>\n\n\n\n<div class=\"wp-block-button\"><a class=\"wp-block-button__link wp-element-button\" href=\"https:\/\/iessoldeportocarrero.com\/?page_id=127\">TECNOLOG\u00cdA E INFORM\u00c1TICA<\/a><\/div>\n<\/div>\n\n\n\n<p><\/p>\n","protected":false},"excerpt":{"rendered":"","protected":false},"author":1,"featured_media":0,"parent":0,"menu_order":0,"comment_status":"closed","ping_status":"closed","template":"","meta":{"footnotes":""},"class_list":["post-28","page","type-page","status-publish","hentry"],"yoast_head":"<!-- This site is optimized with the Yoast SEO plugin v19.14 - https:\/\/yoast.com\/wordpress\/plugins\/seo\/ -->\n<title>DEPARTAMENTOS - IES SOL DE PORTOCARRERO - LA LABORAL<\/title>\n<meta name=\"robots\" content=\"index, follow, max-snippet:-1, max-image-preview:large, max-video-preview:-1\" \/>\n<link rel=\"canonical\" href=\"https:\/\/iessoldeportocarrero.com\/?page_id=28\" \/>\n<meta property=\"og:locale\" content=\"es_ES\" \/>\n<meta property=\"og:type\" content=\"article\" \/>\n<meta property=\"og:title\" content=\"DEPARTAMENTOS - IES SOL DE PORTOCARRERO - LA LABORAL\" \/>\n<meta property=\"og:url\" content=\"https:\/\/iessoldeportocarrero.com\/?page_id=28\" \/>\n<meta property=\"og:site_name\" content=\"IES SOL DE PORTOCARRERO - LA LABORAL\" \/>\n<meta property=\"article:modified_time\" content=\"2025-11-17T10:29:22+00:00\" \/>\n<meta name=\"twitter:card\" content=\"summary_large_image\" \/>\n<meta name=\"twitter:label1\" content=\"Tiempo de lectura\" \/>\n\t<meta name=\"twitter:data1\" content=\"1 minuto\" \/>\n<script type=\"application\/ld+json\" class=\"yoast-schema-graph\">{\"@context\":\"https:\/\/schema.org\",\"@graph\":[{\"@type\":\"WebPage\",\"@id\":\"https:\/\/iessoldeportocarrero.com\/?page_id=28\",\"url\":\"https:\/\/iessoldeportocarrero.com\/?page_id=28\",\"name\":\"DEPARTAMENTOS - IES SOL DE PORTOCARRERO - LA LABORAL\",\"isPartOf\":{\"@id\":\"https:\/\/iessoldeportocarrero.com\/#website\"},\"datePublished\":\"2022-11-03T11:16:40+00:00\",\"dateModified\":\"2025-11-17T10:29:22+00:00\",\"breadcrumb\":{\"@id\":\"https:\/\/iessoldeportocarrero.com\/?page_id=28#breadcrumb\"},\"inLanguage\":\"es\",\"potentialAction\":[{\"@type\":\"ReadAction\",\"target\":[\"https:\/\/iessoldeportocarrero.com\/?page_id=28\"]}]},{\"@type\":\"BreadcrumbList\",\"@id\":\"https:\/\/iessoldeportocarrero.com\/?page_id=28#breadcrumb\",\"itemListElement\":[{\"@type\":\"ListItem\",\"position\":1,\"name\":\"Home\",\"item\":\"https:\/\/iessoldeportocarrero.com\/\"},{\"@type\":\"ListItem\",\"position\":2,\"name\":\"DEPARTAMENTOS\"}]},{\"@type\":\"WebSite\",\"@id\":\"https:\/\/iessoldeportocarrero.com\/#website\",\"url\":\"https:\/\/iessoldeportocarrero.com\/\",\"name\":\"IES SOL DE PORTOCARRERO - LA LABORAL\",\"description\":\"INSTITUTO DE EDUCACI\u00d3N SECUNDARIA Y FORMACI\u00d3N PROFESIONAL\",\"potentialAction\":[{\"@type\":\"SearchAction\",\"target\":{\"@type\":\"EntryPoint\",\"urlTemplate\":\"https:\/\/iessoldeportocarrero.com\/?s={search_term_string}\"},\"query-input\":\"required name=search_term_string\"}],\"inLanguage\":\"es\"}]}<\/script>\n<!-- \/ Yoast SEO plugin. -->","yoast_head_json":{"title":"DEPARTAMENTOS - IES SOL DE PORTOCARRERO - LA LABORAL","robots":{"index":"index","follow":"follow","max-snippet":"max-snippet:-1","max-image-preview":"max-image-preview:large","max-video-preview":"max-video-preview:-1"},"canonical":"https:\/\/iessoldeportocarrero.com\/?page_id=28","og_locale":"es_ES","og_type":"article","og_title":"DEPARTAMENTOS - IES SOL DE PORTOCARRERO - LA LABORAL","og_url":"https:\/\/iessoldeportocarrero.com\/?page_id=28","og_site_name":"IES SOL DE PORTOCARRERO - LA LABORAL","article_modified_time":"2025-11-17T10:29:22+00:00","twitter_card":"summary_large_image","twitter_misc":{"Tiempo de lectura":"1 minuto"},"schema":{"@context":"https:\/\/schema.org","@graph":[{"@type":"WebPage","@id":"https:\/\/iessoldeportocarrero.com\/?page_id=28","url":"https:\/\/iessoldeportocarrero.com\/?page_id=28","name":"DEPARTAMENTOS - IES SOL DE PORTOCARRERO - LA LABORAL","isPartOf":{"@id":"https:\/\/iessoldeportocarrero.com\/#website"},"datePublished":"2022-11-03T11:16:40+00:00","dateModified":"2025-11-17T10:29:22+00:00","breadcrumb":{"@id":"https:\/\/iessoldeportocarrero.com\/?page_id=28#breadcrumb"},"inLanguage":"es","potentialAction":[{"@type":"ReadAction","target":["https:\/\/iessoldeportocarrero.com\/?page_id=28"]}]},{"@type":"BreadcrumbList","@id":"https:\/\/iessoldeportocarrero.com\/?page_id=28#breadcrumb","itemListElement":[{"@type":"ListItem","position":1,"name":"Home","item":"https:\/\/iessoldeportocarrero.com\/"},{"@type":"ListItem","position":2,"name":"DEPARTAMENTOS"}]},{"@type":"WebSite","@id":"https:\/\/iessoldeportocarrero.com\/#website","url":"https:\/\/iessoldeportocarrero.com\/","name":"IES SOL DE PORTOCARRERO - LA LABORAL","description":"INSTITUTO DE EDUCACI\u00d3N SECUNDARIA Y FORMACI\u00d3N PROFESIONAL","potentialAction":[{"@type":"SearchAction","target":{"@type":"EntryPoint","urlTemplate":"https:\/\/iessoldeportocarrero.com\/?s={search_term_string}"},"query-input":"required name=search_term_string"}],"inLanguage":"es"}]}},"jetpack_sharing_enabled":true,"jetpack-related-posts":[{"id":387,"url":"https:\/\/iessoldeportocarrero.com\/?page_id=387","url_meta":{"origin":28,"position":0},"title":"Programaci\u00f3n_ByG","author":"admin","date":"noviembre 14, 2022","format":false,"excerpt":"La asignatura de Biolog\u00eda y Geolog\u00eda debe contribuir durante la Educaci\u00f3n Secundaria Obligatoria (ESO) a que el alumnado adquiera unos conocimientos y destrezas b\u00e1sicas que le permitan adquirir una cultura cient\u00edfica; los alumnos y alumnas debe identificarse como agentes activos, y reconocer que de sus actuaciones y conocimientos depender\u00e1 el\u2026","rel":"","context":"Entrada similar","block_context":{"text":"Entrada similar","link":""},"img":{"alt_text":"","src":"","width":0,"height":0},"classes":[]},{"id":86,"url":"https:\/\/iessoldeportocarrero.com\/?page_id=86","url_meta":{"origin":28,"position":1},"title":"Biolog\u00eda y Geolog\u00eda","author":"admin","date":"noviembre 10, 2022","format":false,"excerpt":"Documentaci\u00f3n","rel":"","context":"Entrada similar","block_context":{"text":"Entrada similar","link":""},"img":{"alt_text":"","src":"https:\/\/i0.wp.com\/iessoldeportocarrero.com\/wp-content\/uploads\/2023\/05\/bio9-1-150x150.jpeg?resize=350%2C200&ssl=1","width":350,"height":200},"classes":[]},{"id":343,"url":"https:\/\/iessoldeportocarrero.com\/?page_id=343","url_meta":{"origin":28,"position":2},"title":"Documentaci\u00f3n_ByG","author":"admin","date":"noviembre 14, 2022","format":false,"excerpt":"Materiales, recursos El aparato circulatorio humano Secuencia did\u00e1ctica para el estudio del aparato circulatorio. Los cinco objetos que lo componen explican c\u00f3mo la sangre transporta todos los elementos necesarios para el cuerpo pasando por el coraz\u00f3n. Se hace hincapi\u00e9 en la transmisi\u00f3n de enfermedades. El espacio urbano y la evoluci\u00f3n\u2026","rel":"","context":"Entrada similar","block_context":{"text":"Entrada similar","link":""},"img":{"alt_text":"biologia_01","src":"https:\/\/i0.wp.com\/blogsaverroes.juntadeandalucia.es\/iesoldeportocarrero\/files\/2015\/03\/biologia_01-300x178.jpg?resize=350%2C200","width":350,"height":200,"srcset":"https:\/\/i0.wp.com\/blogsaverroes.juntadeandalucia.es\/iesoldeportocarrero\/files\/2015\/03\/biologia_01-300x178.jpg?resize=350%2C200 1x, https:\/\/i0.wp.com\/blogsaverroes.juntadeandalucia.es\/iesoldeportocarrero\/files\/2015\/03\/biologia_01-300x178.jpg?resize=525%2C300 1.5x, https:\/\/i0.wp.com\/blogsaverroes.juntadeandalucia.es\/iesoldeportocarrero\/files\/2015\/03\/biologia_01-300x178.jpg?resize=700%2C400 2x"},"classes":[]},{"id":385,"url":"https:\/\/iessoldeportocarrero.com\/?page_id=385","url_meta":{"origin":28,"position":3},"title":"Programaci\u00f3n Actividades F\u00edsicas","author":"admin","date":"noviembre 14, 2022","format":false,"excerpt":"Programaci\u00f3n del departamento de Actividades F\u00edsicas CRITERIOS-CALIFICACION-DEPARTAMENTO-ACTIVIDADES-FISICAS-22.23Descarga PROGRAMACION-DEPARTAMENTO-DE-ACTIVIDADES-FISICO-DEPORTIVAS-22-23Descarga","rel":"","context":"Entrada similar","block_context":{"text":"Entrada similar","link":""},"img":{"alt_text":"","src":"","width":0,"height":0},"classes":[]},{"id":3308,"url":"https:\/\/iessoldeportocarrero.com\/?page_id=3308","url_meta":{"origin":28,"position":4},"title":"FAMILIAS PROFESIONALES DE CICLOS FORMATIVOS (PRIORIDAD 3: EDUCACI\u00d3N Y FORMACI\u00d3N).","author":"admin","date":"junio 16, 2025","format":false,"excerpt":"ACTIVIDADES F\u00cdSICAS AGRARIA REDES Y ESTACIONES DE AGUA","rel":"","context":"Entrada similar","block_context":{"text":"Entrada similar","link":""},"img":{"alt_text":"","src":"https:\/\/i0.wp.com\/iessoldeportocarrero.com\/wp-content\/uploads\/2025\/06\/ef1-150x150.png?resize=350%2C200&ssl=1","width":350,"height":200},"classes":[]},{"id":82,"url":"https:\/\/iessoldeportocarrero.com\/?page_id=82","url_meta":{"origin":28,"position":5},"title":"Agraria","author":"admin","date":"noviembre 10, 2022","format":false,"excerpt":"Documentaci\u00f3n https:\/\/youtu.be\/_VHRyU-SywM https:\/\/youtu.be\/u2emUk5MmIc https:\/\/youtu.be\/7jZ6qoYEpjs https:\/\/youtu.be\/fxEg-SFdqjM https:\/\/youtu.be\/TEKa8K71mI8","rel":"","context":"Entrada similar","block_context":{"text":"Entrada similar","link":""},"img":{"alt_text":"","src":"https:\/\/i0.wp.com\/iessoldeportocarrero.com\/wp-content\/uploads\/2025\/06\/PAISAJ-2-150x150.jpeg?resize=350%2C200&ssl=1","width":350,"height":200,"srcset":"https:\/\/i0.wp.com\/iessoldeportocarrero.com\/wp-content\/uploads\/2025\/06\/PAISAJ-2-150x150.jpeg?resize=350%2C200&ssl=1 1x, https:\/\/i0.wp.com\/iessoldeportocarrero.com\/wp-content\/uploads\/2025\/06\/PAISAJ-2-150x150.jpeg?resize=525%2C300&ssl=1 1.5x, https:\/\/i0.wp.com\/iessoldeportocarrero.com\/wp-content\/uploads\/2025\/06\/PAISAJ-2-150x150.jpeg?resize=700%2C400&ssl=1 2x, https:\/\/i0.wp.com\/iessoldeportocarrero.com\/wp-content\/uploads\/2025\/06\/PAISAJ-2-150x150.jpeg?resize=1050%2C600&ssl=1 3x, https:\/\/i0.wp.com\/iessoldeportocarrero.com\/wp-content\/uploads\/2025\/06\/PAISAJ-2-150x150.jpeg?resize=1400%2C800&ssl=1 4x"},"classes":[]}],"_links":{"self":[{"href":"https:\/\/iessoldeportocarrero.com\/index.php?rest_route=\/wp\/v2\/pages\/28","targetHints":{"allow":["GET"]}}],"collection":[{"href":"https:\/\/iessoldeportocarrero.com\/index.php?rest_route=\/wp\/v2\/pages"}],"about":[{"href":"https:\/\/iessoldeportocarrero.com\/index.php?rest_route=\/wp\/v2\/types\/page"}],"author":[{"embeddable":true,"href":"https:\/\/iessoldeportocarrero.com\/index.php?rest_route=\/wp\/v2\/users\/1"}],"replies":[{"embeddable":true,"href":"https:\/\/iessoldeportocarrero.com\/index.php?rest_route=%2Fwp%2Fv2%2Fcomments&post=28"}],"version-history":[{"count":12,"href":"https:\/\/iessoldeportocarrero.com\/index.php?rest_route=\/wp\/v2\/pages\/28\/revisions"}],"predecessor-version":[{"id":3543,"href":"https:\/\/iessoldeportocarrero.com\/index.php?rest_route=\/wp\/v2\/pages\/28\/revisions\/3543"}],"wp:attachment":[{"href":"https:\/\/iessoldeportocarrero.com\/index.php?rest_route=%2Fwp%2Fv2%2Fmedia&parent=28"}],"curies":[{"name":"wp","href":"https:\/\/api.w.org\/{rel}","templated":true}]}}