{"id":2441,"date":"2024-04-16T13:11:37","date_gmt":"2024-04-16T11:11:37","guid":{"rendered":"https:\/\/iessoldeportocarrero.com\/?page_id=2441"},"modified":"2024-05-29T10:11:06","modified_gmt":"2024-05-29T08:11:06","slug":"iacp-2","status":"publish","type":"page","link":"https:\/\/iessoldeportocarrero.com\/?page_id=2441","title":{"rendered":"IACP: ACREDITACI\u00d3N DE FAMILIAS PROFESIONALES"},"content":{"rendered":"\n<div class=\"wp-block-columns is-layout-flex wp-container-core-columns-is-layout-9d6595d7 wp-block-columns-is-layout-flex\">\n<div class=\"wp-block-column is-layout-flow wp-block-column-is-layout-flow\"><div class=\"wp-block-image\">\n<figure class=\"alignright size-full is-resized\"><a href=\"https:\/\/www.juntadeandalucia.es\/educacion\/portals\/web\/iacp\/convocatorias\"><img fetchpriority=\"high\" decoding=\"async\" width=\"686\" height=\"948\" src=\"https:\/\/iessoldeportocarrero.com\/wp-content\/uploads\/2024\/05\/acreditaPrincipal.png\" alt=\"\" class=\"wp-image-2510\" style=\"width:183px;height:auto\" srcset=\"https:\/\/iessoldeportocarrero.com\/wp-content\/uploads\/2024\/05\/acreditaPrincipal.png 686w, https:\/\/iessoldeportocarrero.com\/wp-content\/uploads\/2024\/05\/acreditaPrincipal-217x300.png 217w, https:\/\/iessoldeportocarrero.com\/wp-content\/uploads\/2024\/05\/acreditaPrincipal-195x270.png 195w\" sizes=\"(max-width: 686px) 100vw, 686px\" \/><\/a><\/figure>\n<\/div><\/div>\n\n\n\n<div class=\"wp-block-column is-vertically-aligned-center is-layout-flow wp-block-column-is-layout-flow\">\n<blockquote class=\"wp-block-quote is-layout-flow wp-block-quote-is-layout-flow\">\n<p>Para m\u00e1s informaci\u00f3n:<\/p>\n\n\n\n<p>Tel\u00e9fono del centro: <em><strong>950 150 950<\/strong><\/em><\/p>\n\n\n\n<p>Correo electr\u00f3nico: <strong><em>acredita.portocarrero@gmail.com<\/em><\/strong><\/p>\n<cite><a href=\"https:\/\/www.juntadeandalucia.es\/educacion\/portals\/web\/iacp\/convocatorias\">Para m\u00e1s informaci\u00f3n en la p\u00e1gina de la Junta de Andaluc\u00eda, pulsar sobre la imagen o pulse aqu\u00ed.<\/a><\/cite><\/blockquote>\n<\/div>\n<\/div>\n\n\n\n<div data-wp-interactive=\"core\/file\" class=\"wp-block-file\"><object data-wp-bind--hidden=\"!state.hasPdfPreview\" hidden class=\"wp-block-file__embed\" data=\"https:\/\/iessoldeportocarrero.com\/wp-content\/uploads\/2024\/05\/PROCEDIMIENTO-DE-SOLICITUD-ACP.pdf\" type=\"application\/pdf\" style=\"width:100%;height:600px\" aria-label=\"Incrustado de PROCEDIMIENTO-DE-SOLICITUD-ACP.\"><\/object><a id=\"wp-block-file--media-4a8a3a11-ea5a-4535-9c22-22b8ec4ced0c\" href=\"https:\/\/iessoldeportocarrero.com\/wp-content\/uploads\/2024\/05\/PROCEDIMIENTO-DE-SOLICITUD-ACP.pdf\">PROCEDIMIENTO-DE-SOLICITUD-ACP<\/a><a href=\"https:\/\/iessoldeportocarrero.com\/wp-content\/uploads\/2024\/05\/PROCEDIMIENTO-DE-SOLICITUD-ACP.pdf\" class=\"wp-block-file__button wp-element-button\" download aria-describedby=\"wp-block-file--media-4a8a3a11-ea5a-4535-9c22-22b8ec4ced0c\">Descarga<\/a><\/div>\n\n\n\n<div data-wp-interactive=\"core\/file\" class=\"wp-block-file\"><object data-wp-bind--hidden=\"!state.hasPdfPreview\" hidden class=\"wp-block-file__embed\" data=\"https:\/\/iessoldeportocarrero.com\/wp-content\/uploads\/2024\/04\/Diptico-Acredita-C20I1-PRTR.pdf\" type=\"application\/pdf\" style=\"width:100%;height:600px\" aria-label=\"Incrustado de Diptico-Acredita-C20I1-PRTR.\"><\/object><a id=\"wp-block-file--media-37abb221-cb2f-4dde-bb0f-95b725b2159e\" href=\"https:\/\/iessoldeportocarrero.com\/wp-content\/uploads\/2024\/04\/Diptico-Acredita-C20I1-PRTR.pdf\" target=\"_blank\" rel=\"noreferrer noopener\">Diptico-Acredita-C20I1-PRTR<\/a><a href=\"https:\/\/iessoldeportocarrero.com\/wp-content\/uploads\/2024\/04\/Diptico-Acredita-C20I1-PRTR.pdf\" class=\"wp-block-file__button wp-element-button\" download aria-describedby=\"wp-block-file--media-37abb221-cb2f-4dde-bb0f-95b725b2159e\">Descarga<\/a><\/div>\n\n\n<ul class=\"wp-block-latest-posts__list wp-block-latest-posts\"><li><a class=\"wp-block-latest-posts__post-title\" href=\"https:\/\/iessoldeportocarrero.com\/?p=2559\">AYUDA FIRMA Y PRESENTACION EN UN PDF<\/a><div class=\"wp-block-latest-posts__post-full-content\"><!-- wp:paragraph -->\n<p>Se adjunta estos dos PDFs donde se resuelven las dificultades que se le plantean a algunos candidatos durante el Proceso de Asesoramiento o Evaluaci\u00f3n para que lo sub\u00e1is a la web en la pesta\u00f1a de Acredita.<\/p>\n<!-- \/wp:paragraph -->\n\n<!-- wp:paragraph -->\n<p>Son los pasos a seguir para rellenar y firmar los cuestionarios y la documentaci\u00f3n que se le va enviando durante en el Proceso de Asesoramiento o Evaluaci\u00f3n a los candidatos.<\/p>\n<!-- \/wp:paragraph -->\n\n<!-- wp:file {\"id\":2560,\"href\":\"https:\/\/iessoldeportocarrero.com\/wp-content\/uploads\/2024\/05\/COMO-ESCRIBIR-SOBRE-UN-PDF-CON-ACROBAT-READER-.pdf\",\"displayPreview\":false} -->\n<div class=\"wp-block-file\"><a id=\"wp-block-file--media-879b42cc-a02f-48b7-84b8-e5c122212dde\" href=\"https:\/\/iessoldeportocarrero.com\/wp-content\/uploads\/2024\/05\/COMO-ESCRIBIR-SOBRE-UN-PDF-CON-ACROBAT-READER-.pdf\">COMO-ESCRIBIR-SOBRE-UN-PDF-CON-ACROBAT-READER-<\/a><a href=\"https:\/\/iessoldeportocarrero.com\/wp-content\/uploads\/2024\/05\/COMO-ESCRIBIR-SOBRE-UN-PDF-CON-ACROBAT-READER-.pdf\" class=\"wp-block-file__button wp-element-button\" download aria-describedby=\"wp-block-file--media-879b42cc-a02f-48b7-84b8-e5c122212dde\">Descarga<\/a><\/div>\n<!-- \/wp:file -->\n\n<!-- wp:file {\"id\":2561,\"href\":\"https:\/\/iessoldeportocarrero.com\/wp-content\/uploads\/2024\/05\/COMO-FIRMAR-EN-UN-PDF-CON-ACROBAT-READER-.pdf\",\"displayPreview\":false} -->\n<div class=\"wp-block-file\"><a id=\"wp-block-file--media-31ba4bcc-0570-431a-a28a-84a9828821f4\" href=\"https:\/\/iessoldeportocarrero.com\/wp-content\/uploads\/2024\/05\/COMO-FIRMAR-EN-UN-PDF-CON-ACROBAT-READER-.pdf\">COMO-FIRMAR-EN-UN-PDF-CON-ACROBAT-READER-<\/a><a href=\"https:\/\/iessoldeportocarrero.com\/wp-content\/uploads\/2024\/05\/COMO-FIRMAR-EN-UN-PDF-CON-ACROBAT-READER-.pdf\" class=\"wp-block-file__button wp-element-button\" download aria-describedby=\"wp-block-file--media-31ba4bcc-0570-431a-a28a-84a9828821f4\">Descarga<\/a><\/div>\n<!-- \/wp:file --><\/div><\/li>\n<\/ul>","protected":false},"excerpt":{"rendered":"<p>Para m\u00e1s informaci\u00f3n: Tel\u00e9fono del centro: 950 150 950 Correo electr\u00f3nico: acredita.portocarrero@gmail.com<\/p>\n","protected":false},"author":1,"featured_media":0,"parent":0,"menu_order":0,"comment_status":"closed","ping_status":"closed","template":"","meta":{"footnotes":""},"class_list":["post-2441","page","type-page","status-publish","hentry"],"yoast_head":"<!-- This site is optimized with the Yoast SEO plugin v19.14 - https:\/\/yoast.com\/wordpress\/plugins\/seo\/ -->\n<title>IACP: ACREDITACI\u00d3N DE FAMILIAS PROFESIONALES - IES SOL DE PORTOCARRERO - LA LABORAL<\/title>\n<meta name=\"robots\" content=\"index, follow, max-snippet:-1, max-image-preview:large, max-video-preview:-1\" \/>\n<link rel=\"canonical\" href=\"https:\/\/iessoldeportocarrero.com\/?page_id=2441\" \/>\n<meta property=\"og:locale\" content=\"es_ES\" \/>\n<meta property=\"og:type\" content=\"article\" \/>\n<meta property=\"og:title\" content=\"IACP: ACREDITACI\u00d3N DE FAMILIAS PROFESIONALES - IES SOL DE PORTOCARRERO - LA LABORAL\" \/>\n<meta property=\"og:description\" content=\"Para m\u00e1s informaci\u00f3n: Tel\u00e9fono del centro: 950 150 950 Correo electr\u00f3nico: acredita.portocarrero@gmail.com\" \/>\n<meta property=\"og:url\" content=\"https:\/\/iessoldeportocarrero.com\/?page_id=2441\" \/>\n<meta property=\"og:site_name\" content=\"IES SOL DE PORTOCARRERO - LA LABORAL\" \/>\n<meta property=\"article:modified_time\" content=\"2024-05-29T08:11:06+00:00\" \/>\n<meta property=\"og:image\" content=\"https:\/\/iessoldeportocarrero.com\/wp-content\/uploads\/2024\/05\/acreditaPrincipal.png\" \/>\n<meta name=\"twitter:card\" content=\"summary_large_image\" \/>\n<script type=\"application\/ld+json\" class=\"yoast-schema-graph\">{\"@context\":\"https:\/\/schema.org\",\"@graph\":[{\"@type\":\"WebPage\",\"@id\":\"https:\/\/iessoldeportocarrero.com\/?page_id=2441\",\"url\":\"https:\/\/iessoldeportocarrero.com\/?page_id=2441\",\"name\":\"IACP: ACREDITACI\u00d3N DE FAMILIAS PROFESIONALES - IES SOL DE PORTOCARRERO - LA LABORAL\",\"isPartOf\":{\"@id\":\"https:\/\/iessoldeportocarrero.com\/#website\"},\"datePublished\":\"2024-04-16T11:11:37+00:00\",\"dateModified\":\"2024-05-29T08:11:06+00:00\",\"breadcrumb\":{\"@id\":\"https:\/\/iessoldeportocarrero.com\/?page_id=2441#breadcrumb\"},\"inLanguage\":\"es\",\"potentialAction\":[{\"@type\":\"ReadAction\",\"target\":[\"https:\/\/iessoldeportocarrero.com\/?page_id=2441\"]}]},{\"@type\":\"BreadcrumbList\",\"@id\":\"https:\/\/iessoldeportocarrero.com\/?page_id=2441#breadcrumb\",\"itemListElement\":[{\"@type\":\"ListItem\",\"position\":1,\"name\":\"Home\",\"item\":\"https:\/\/iessoldeportocarrero.com\/\"},{\"@type\":\"ListItem\",\"position\":2,\"name\":\"IACP: ACREDITACI\u00d3N DE FAMILIAS PROFESIONALES\"}]},{\"@type\":\"WebSite\",\"@id\":\"https:\/\/iessoldeportocarrero.com\/#website\",\"url\":\"https:\/\/iessoldeportocarrero.com\/\",\"name\":\"IES SOL DE PORTOCARRERO - LA LABORAL\",\"description\":\"INSTITUTO DE EDUCACI\u00d3N SECUNDARIA Y FORMACI\u00d3N PROFESIONAL\",\"potentialAction\":[{\"@type\":\"SearchAction\",\"target\":{\"@type\":\"EntryPoint\",\"urlTemplate\":\"https:\/\/iessoldeportocarrero.com\/?s={search_term_string}\"},\"query-input\":\"required name=search_term_string\"}],\"inLanguage\":\"es\"}]}<\/script>\n<!-- \/ Yoast SEO plugin. -->","yoast_head_json":{"title":"IACP: ACREDITACI\u00d3N DE FAMILIAS PROFESIONALES - IES SOL DE PORTOCARRERO - LA LABORAL","robots":{"index":"index","follow":"follow","max-snippet":"max-snippet:-1","max-image-preview":"max-image-preview:large","max-video-preview":"max-video-preview:-1"},"canonical":"https:\/\/iessoldeportocarrero.com\/?page_id=2441","og_locale":"es_ES","og_type":"article","og_title":"IACP: ACREDITACI\u00d3N DE FAMILIAS PROFESIONALES - IES SOL DE PORTOCARRERO - LA LABORAL","og_description":"Para m\u00e1s informaci\u00f3n: Tel\u00e9fono del centro: 950 150 950 Correo electr\u00f3nico: acredita.portocarrero@gmail.com","og_url":"https:\/\/iessoldeportocarrero.com\/?page_id=2441","og_site_name":"IES SOL DE PORTOCARRERO - LA LABORAL","article_modified_time":"2024-05-29T08:11:06+00:00","og_image":[{"url":"https:\/\/iessoldeportocarrero.com\/wp-content\/uploads\/2024\/05\/acreditaPrincipal.png"}],"twitter_card":"summary_large_image","schema":{"@context":"https:\/\/schema.org","@graph":[{"@type":"WebPage","@id":"https:\/\/iessoldeportocarrero.com\/?page_id=2441","url":"https:\/\/iessoldeportocarrero.com\/?page_id=2441","name":"IACP: ACREDITACI\u00d3N DE FAMILIAS PROFESIONALES - IES SOL DE PORTOCARRERO - LA LABORAL","isPartOf":{"@id":"https:\/\/iessoldeportocarrero.com\/#website"},"datePublished":"2024-04-16T11:11:37+00:00","dateModified":"2024-05-29T08:11:06+00:00","breadcrumb":{"@id":"https:\/\/iessoldeportocarrero.com\/?page_id=2441#breadcrumb"},"inLanguage":"es","potentialAction":[{"@type":"ReadAction","target":["https:\/\/iessoldeportocarrero.com\/?page_id=2441"]}]},{"@type":"BreadcrumbList","@id":"https:\/\/iessoldeportocarrero.com\/?page_id=2441#breadcrumb","itemListElement":[{"@type":"ListItem","position":1,"name":"Home","item":"https:\/\/iessoldeportocarrero.com\/"},{"@type":"ListItem","position":2,"name":"IACP: ACREDITACI\u00d3N DE FAMILIAS PROFESIONALES"}]},{"@type":"WebSite","@id":"https:\/\/iessoldeportocarrero.com\/#website","url":"https:\/\/iessoldeportocarrero.com\/","name":"IES SOL DE PORTOCARRERO - LA LABORAL","description":"INSTITUTO DE EDUCACI\u00d3N SECUNDARIA Y FORMACI\u00d3N PROFESIONAL","potentialAction":[{"@type":"SearchAction","target":{"@type":"EntryPoint","urlTemplate":"https:\/\/iessoldeportocarrero.com\/?s={search_term_string}"},"query-input":"required name=search_term_string"}],"inLanguage":"es"}]}},"jetpack_sharing_enabled":true,"jetpack-related-posts":[{"id":168,"url":"https:\/\/iessoldeportocarrero.com\/?page_id=168","url_meta":{"origin":2441,"position":0},"title":"Certificados de Profesionalidad","author":"admin","date":"noviembre 10, 2022","format":false,"excerpt":"Aqu\u00ed pod\u00e9is encontrar toda la informaci\u00f3n sobre los CERTIFICADOS DE PROFESIONALIDAD. PLAZO DE INSCRIPCI\u00d3N HASTA EL 7 DE MARZO DE 2022 En el centro se imparten dos de estos Certificados: ACONDICIONAMIENTO F\u00cdSICO CON SOPORTE MUSICAL AGRICULTURA ECOL\u00d3GICA Mas informaci\u00f3n pinchando en el tr\u00edptico: triptico-certificadosDescarga Y aqu\u00ed teneis los archivos con\u2026","rel":"","context":"Entrada similar","block_context":{"text":"Entrada similar","link":""},"img":{"alt_text":"","src":"","width":0,"height":0},"classes":[]}],"_links":{"self":[{"href":"https:\/\/iessoldeportocarrero.com\/index.php?rest_route=\/wp\/v2\/pages\/2441","targetHints":{"allow":["GET"]}}],"collection":[{"href":"https:\/\/iessoldeportocarrero.com\/index.php?rest_route=\/wp\/v2\/pages"}],"about":[{"href":"https:\/\/iessoldeportocarrero.com\/index.php?rest_route=\/wp\/v2\/types\/page"}],"author":[{"embeddable":true,"href":"https:\/\/iessoldeportocarrero.com\/index.php?rest_route=\/wp\/v2\/users\/1"}],"replies":[{"embeddable":true,"href":"https:\/\/iessoldeportocarrero.com\/index.php?rest_route=%2Fwp%2Fv2%2Fcomments&post=2441"}],"version-history":[{"count":11,"href":"https:\/\/iessoldeportocarrero.com\/index.php?rest_route=\/wp\/v2\/pages\/2441\/revisions"}],"predecessor-version":[{"id":2563,"href":"https:\/\/iessoldeportocarrero.com\/index.php?rest_route=\/wp\/v2\/pages\/2441\/revisions\/2563"}],"wp:attachment":[{"href":"https:\/\/iessoldeportocarrero.com\/index.php?rest_route=%2Fwp%2Fv2%2Fmedia&parent=2441"}],"curies":[{"name":"wp","href":"https:\/\/api.w.org\/{rel}","templated":true}]}}