{"id":1950,"date":"2024-01-17T09:16:34","date_gmt":"2024-01-17T08:16:34","guid":{"rendered":"https:\/\/iessoldeportocarrero.com\/?page_id=1950"},"modified":"2024-03-07T09:05:26","modified_gmt":"2024-03-07T08:05:26","slug":"erasmus-2","status":"publish","type":"page","link":"https:\/\/iessoldeportocarrero.com\/?page_id=1950","title":{"rendered":"ERASMUS"},"content":{"rendered":"\n<p>Centro acreditado para distintas etapas: ESCOLAR, FORMACI\u00d3N PROFESIONAL GRADO MEDIO Y SUPERIOR.<\/p>\n\n\n\n<figure class=\"wp-block-image size-full is-resized\"><img fetchpriority=\"high\" decoding=\"async\" width=\"421\" height=\"120\" src=\"https:\/\/iessoldeportocarrero.com\/wp-content\/uploads\/2024\/01\/CENTRO-ERASMUS.jpeg\" alt=\"\" class=\"wp-image-1960\" style=\"width:845px;height:auto\" srcset=\"https:\/\/iessoldeportocarrero.com\/wp-content\/uploads\/2024\/01\/CENTRO-ERASMUS.jpeg 421w, https:\/\/iessoldeportocarrero.com\/wp-content\/uploads\/2024\/01\/CENTRO-ERASMUS-300x86.jpeg 300w, https:\/\/iessoldeportocarrero.com\/wp-content\/uploads\/2024\/01\/CENTRO-ERASMUS-360x103.jpeg 360w\" sizes=\"(max-width: 421px) 100vw, 421px\" \/><\/figure>\n\n\n\n<div class=\"wp-block-buttons is-content-justification-center is-layout-flex wp-container-core-buttons-is-layout-16018d1d wp-block-buttons-is-layout-flex\">\n<div class=\"wp-block-button has-custom-width wp-block-button__width-25\"><a class=\"wp-block-button__link wp-element-button\" href=\"https:\/\/iessoldeportocarrero.com\/?page_id=1938\">ESCOLAR<\/a><\/div>\n\n\n\n<div class=\"wp-block-button\"><a class=\"wp-block-button__link wp-element-button\" href=\"https:\/\/iessoldeportocarrero.com\/?page_id=1953\">FP.GRADO MEDIO<\/a><\/div>\n\n\n\n<div class=\"wp-block-button\"><a class=\"wp-block-button__link wp-element-button\" href=\"https:\/\/iessoldeportocarrero.com\/wp-admin\/post.php?post=1957&amp;action=edit\">FP GRADO SUPERIOR<\/a><\/div>\n<\/div>\n\n\n\n<div style=\"height:100px\" aria-hidden=\"true\" class=\"wp-block-spacer\"><\/div>\n\n\n\n<hr class=\"wp-block-separator has-alpha-channel-opacity\"\/>\n\n\n\n<p class=\"has-text-align-center\">Para mayor informaci\u00f3n sobre el Programa ERASMUS+ puede acceder la web de <a href=\"http:\/\/SEPIE.ES\">SEPIE<\/a><\/p>\n\n\n<div class=\"wp-block-image\">\n<figure class=\"aligncenter size-full\"><img decoding=\"async\" width=\"400\" height=\"148\" src=\"https:\/\/iessoldeportocarrero.com\/wp-content\/uploads\/2024\/03\/SEPIE_erasmus_plus.gif\" alt=\"\" class=\"wp-image-2271\"\/><\/figure>\n<\/div>","protected":false},"excerpt":{"rendered":"<p>Centro acreditado para distintas etapas: ESCOLAR, FORMACI\u00d3N PROFESIONAL GRADO MEDIO Y SUPERIOR. Para mayor informaci\u00f3n sobre el Programa ERASMUS+ puede acceder la web de SEPIE<\/p>\n","protected":false},"author":1,"featured_media":0,"parent":0,"menu_order":0,"comment_status":"closed","ping_status":"closed","template":"","meta":{"footnotes":""},"class_list":["post-1950","page","type-page","status-publish","hentry"],"yoast_head":"<!-- This site is optimized with the Yoast SEO plugin v19.14 - https:\/\/yoast.com\/wordpress\/plugins\/seo\/ -->\n<title>ERASMUS - IES SOL DE PORTOCARRERO - LA LABORAL<\/title>\n<meta name=\"robots\" content=\"index, follow, max-snippet:-1, max-image-preview:large, max-video-preview:-1\" \/>\n<link rel=\"canonical\" href=\"https:\/\/iessoldeportocarrero.com\/?page_id=1950\" \/>\n<meta property=\"og:locale\" content=\"es_ES\" \/>\n<meta property=\"og:type\" content=\"article\" \/>\n<meta property=\"og:title\" content=\"ERASMUS - IES SOL DE PORTOCARRERO - LA LABORAL\" \/>\n<meta property=\"og:description\" content=\"Centro acreditado para distintas etapas: ESCOLAR, FORMACI\u00d3N PROFESIONAL GRADO MEDIO Y SUPERIOR. Para mayor informaci\u00f3n sobre el Programa ERASMUS+ puede acceder la web de SEPIE\" \/>\n<meta property=\"og:url\" content=\"https:\/\/iessoldeportocarrero.com\/?page_id=1950\" \/>\n<meta property=\"og:site_name\" content=\"IES SOL DE PORTOCARRERO - LA LABORAL\" \/>\n<meta property=\"article:modified_time\" content=\"2024-03-07T08:05:26+00:00\" \/>\n<meta property=\"og:image\" content=\"https:\/\/iessoldeportocarrero.com\/wp-content\/uploads\/2024\/01\/CENTRO-ERASMUS.jpeg\" \/>\n<meta name=\"twitter:card\" content=\"summary_large_image\" \/>\n<script type=\"application\/ld+json\" class=\"yoast-schema-graph\">{\"@context\":\"https:\/\/schema.org\",\"@graph\":[{\"@type\":\"WebPage\",\"@id\":\"https:\/\/iessoldeportocarrero.com\/?page_id=1950\",\"url\":\"https:\/\/iessoldeportocarrero.com\/?page_id=1950\",\"name\":\"ERASMUS - IES SOL DE PORTOCARRERO - LA LABORAL\",\"isPartOf\":{\"@id\":\"https:\/\/iessoldeportocarrero.com\/#website\"},\"datePublished\":\"2024-01-17T08:16:34+00:00\",\"dateModified\":\"2024-03-07T08:05:26+00:00\",\"breadcrumb\":{\"@id\":\"https:\/\/iessoldeportocarrero.com\/?page_id=1950#breadcrumb\"},\"inLanguage\":\"es\",\"potentialAction\":[{\"@type\":\"ReadAction\",\"target\":[\"https:\/\/iessoldeportocarrero.com\/?page_id=1950\"]}]},{\"@type\":\"BreadcrumbList\",\"@id\":\"https:\/\/iessoldeportocarrero.com\/?page_id=1950#breadcrumb\",\"itemListElement\":[{\"@type\":\"ListItem\",\"position\":1,\"name\":\"Home\",\"item\":\"https:\/\/iessoldeportocarrero.com\/\"},{\"@type\":\"ListItem\",\"position\":2,\"name\":\"ERASMUS\"}]},{\"@type\":\"WebSite\",\"@id\":\"https:\/\/iessoldeportocarrero.com\/#website\",\"url\":\"https:\/\/iessoldeportocarrero.com\/\",\"name\":\"IES SOL DE PORTOCARRERO - LA LABORAL\",\"description\":\"INSTITUTO DE EDUCACI\u00d3N SECUNDARIA Y FORMACI\u00d3N PROFESIONAL\",\"potentialAction\":[{\"@type\":\"SearchAction\",\"target\":{\"@type\":\"EntryPoint\",\"urlTemplate\":\"https:\/\/iessoldeportocarrero.com\/?s={search_term_string}\"},\"query-input\":\"required name=search_term_string\"}],\"inLanguage\":\"es\"}]}<\/script>\n<!-- \/ Yoast SEO plugin. -->","yoast_head_json":{"title":"ERASMUS - IES SOL DE PORTOCARRERO - LA LABORAL","robots":{"index":"index","follow":"follow","max-snippet":"max-snippet:-1","max-image-preview":"max-image-preview:large","max-video-preview":"max-video-preview:-1"},"canonical":"https:\/\/iessoldeportocarrero.com\/?page_id=1950","og_locale":"es_ES","og_type":"article","og_title":"ERASMUS - IES SOL DE PORTOCARRERO - LA LABORAL","og_description":"Centro acreditado para distintas etapas: ESCOLAR, FORMACI\u00d3N PROFESIONAL GRADO MEDIO Y SUPERIOR. Para mayor informaci\u00f3n sobre el Programa ERASMUS+ puede acceder la web de SEPIE","og_url":"https:\/\/iessoldeportocarrero.com\/?page_id=1950","og_site_name":"IES SOL DE PORTOCARRERO - LA LABORAL","article_modified_time":"2024-03-07T08:05:26+00:00","og_image":[{"url":"https:\/\/iessoldeportocarrero.com\/wp-content\/uploads\/2024\/01\/CENTRO-ERASMUS.jpeg"}],"twitter_card":"summary_large_image","schema":{"@context":"https:\/\/schema.org","@graph":[{"@type":"WebPage","@id":"https:\/\/iessoldeportocarrero.com\/?page_id=1950","url":"https:\/\/iessoldeportocarrero.com\/?page_id=1950","name":"ERASMUS - IES SOL DE PORTOCARRERO - LA LABORAL","isPartOf":{"@id":"https:\/\/iessoldeportocarrero.com\/#website"},"datePublished":"2024-01-17T08:16:34+00:00","dateModified":"2024-03-07T08:05:26+00:00","breadcrumb":{"@id":"https:\/\/iessoldeportocarrero.com\/?page_id=1950#breadcrumb"},"inLanguage":"es","potentialAction":[{"@type":"ReadAction","target":["https:\/\/iessoldeportocarrero.com\/?page_id=1950"]}]},{"@type":"BreadcrumbList","@id":"https:\/\/iessoldeportocarrero.com\/?page_id=1950#breadcrumb","itemListElement":[{"@type":"ListItem","position":1,"name":"Home","item":"https:\/\/iessoldeportocarrero.com\/"},{"@type":"ListItem","position":2,"name":"ERASMUS"}]},{"@type":"WebSite","@id":"https:\/\/iessoldeportocarrero.com\/#website","url":"https:\/\/iessoldeportocarrero.com\/","name":"IES SOL DE PORTOCARRERO - LA LABORAL","description":"INSTITUTO DE EDUCACI\u00d3N SECUNDARIA Y FORMACI\u00d3N PROFESIONAL","potentialAction":[{"@type":"SearchAction","target":{"@type":"EntryPoint","urlTemplate":"https:\/\/iessoldeportocarrero.com\/?s={search_term_string}"},"query-input":"required name=search_term_string"}],"inLanguage":"es"}]}},"jetpack_sharing_enabled":true,"jetpack-related-posts":[{"id":51,"url":"https:\/\/iessoldeportocarrero.com\/?page_id=51","url_meta":{"origin":1950,"position":0},"title":"Datos del centro","author":"admin","date":"noviembre 10, 2022","format":false,"excerpt":"I.E.S.L SOL DE PORTOCARRERO-LA LABORAL C\u00f3digo del centro: 04700107 Direcci\u00f3n:\u00a0Carretera de N\u00edjar Km 7, 04120, La Ca\u00f1ada de San Urbano, Almer\u00edaTel\u00e9fono:\u00a0950156950 \u00a0 Email:\u00a004700107.edu@juntadeandalucia.es Horarios del centro Horario lectivo : 8:15 a 14:45 Un recreo: 11:15 a 11:45. PRESENTACI\u00d3N DE NUESTRO CENTRO presentacion_ies_sol_de_portocarrero_almeriaDescarga E.S.O ENSE\u00d1ANZA BILINGUE- INGL\u00c9S Plan TDE S Bbliotecas\u2026","rel":"","context":"Entrada similar","block_context":{"text":"Entrada similar","link":""},"img":{"alt_text":"","src":"https:\/\/i0.wp.com\/iessoldeportocarrero.com\/wp-content\/uploads\/2025\/09\/loGO_LABORAL.png?resize=350%2C200&ssl=1","width":350,"height":200,"srcset":"https:\/\/i0.wp.com\/iessoldeportocarrero.com\/wp-content\/uploads\/2025\/09\/loGO_LABORAL.png?resize=350%2C200&ssl=1 1x, https:\/\/i0.wp.com\/iessoldeportocarrero.com\/wp-content\/uploads\/2025\/09\/loGO_LABORAL.png?resize=525%2C300&ssl=1 1.5x, https:\/\/i0.wp.com\/iessoldeportocarrero.com\/wp-content\/uploads\/2025\/09\/loGO_LABORAL.png?resize=700%2C400&ssl=1 2x"},"classes":[]},{"id":1938,"url":"https:\/\/iessoldeportocarrero.com\/?page_id=1938","url_meta":{"origin":1950,"position":1},"title":"ERASMUS ESCOLAR","author":"admin","date":"enero 17, 2024","format":false,"excerpt":"El IES SOL DE PORTOCARRERO cuenta con una amplia trayectoria en proyectos Erasmus. Somos centro Acreditado en el \u00e1mbito de la educaci\u00f3n escolar (secundaria y bachillerato) y hemos enviado a profesorado y alumnado en el marco de acciones de movilidad europea. Actualmente seguimos trabajando en estos proyectos, tanto preparando movilidades\u2026","rel":"","context":"Entrada similar","block_context":{"text":"Entrada similar","link":""},"img":{"alt_text":"","src":"https:\/\/i0.wp.com\/iessoldeportocarrero.com\/wp-content\/uploads\/2025\/01\/LOGO-ERASMUS1.png?resize=350%2C200&ssl=1","width":350,"height":200},"classes":[]},{"id":142,"url":"https:\/\/iessoldeportocarrero.com\/?page_id=142","url_meta":{"origin":1950,"position":2},"title":"Erasmus+ FP Grado Superior","author":"admin","date":"noviembre 10, 2022","format":false,"excerpt":"","rel":"","context":"Entrada similar","block_context":{"text":"Entrada similar","link":""},"img":{"alt_text":"","src":"","width":0,"height":0},"classes":[]},{"id":1953,"url":"https:\/\/iessoldeportocarrero.com\/?page_id=1953","url_meta":{"origin":1950,"position":3},"title":"ERASMUS F.P. GRADO MEDIO","author":"admin","date":"enero 17, 2024","format":false,"excerpt":"","rel":"","context":"Entrada similar","block_context":{"text":"Entrada similar","link":""},"img":{"alt_text":"","src":"https:\/\/i0.wp.com\/iessoldeportocarrero.com\/wp-content\/uploads\/2024\/04\/erasmus-agraria.png?resize=350%2C200&ssl=1","width":350,"height":200,"srcset":"https:\/\/i0.wp.com\/iessoldeportocarrero.com\/wp-content\/uploads\/2024\/04\/erasmus-agraria.png?resize=350%2C200&ssl=1 1x, https:\/\/i0.wp.com\/iessoldeportocarrero.com\/wp-content\/uploads\/2024\/04\/erasmus-agraria.png?resize=525%2C300&ssl=1 1.5x"},"classes":[]},{"id":1957,"url":"https:\/\/iessoldeportocarrero.com\/?page_id=1957","url_meta":{"origin":1950,"position":4},"title":"ERASMUS F.P. GRADO SUPERIOR","author":"admin","date":"enero 17, 2024","format":false,"excerpt":"","rel":"","context":"Entrada similar","block_context":{"text":"Entrada similar","link":""},"img":{"alt_text":"","src":"https:\/\/i0.wp.com\/iessoldeportocarrero.com\/wp-content\/uploads\/2024\/01\/pagina-en-construccion-1.jpeg?resize=350%2C200&ssl=1","width":350,"height":200},"classes":[]},{"id":67,"url":"https:\/\/iessoldeportocarrero.com\/?page_id=67","url_meta":{"origin":1950,"position":5},"title":"Escolarizaci\u00f3n","author":"admin","date":"noviembre 10, 2022","format":false,"excerpt":"Escolarizaci\u00f3n Esta secci\u00f3n contiene informaci\u00f3n de utilidad para las familias a la hora de de iniciar el proceso de escolarizaci\u00f3n: plazos, documentos, normativa, enlaces, etc. Enlace al portal de escolarizaci\u00f3n. Normativa\u00a0sobre el proceso de escolarizaci\u00f3n. Per\u00edodo de admisi\u00f3n: Marzo: ESO y Bachillerato Junio: Ciclos Formativos https:\/\/youtu.be\/r-2IQRy8pL8 V\u00eddeo promocional de la\u2026","rel":"","context":"Entrada similar","block_context":{"text":"Entrada similar","link":""},"img":{"alt_text":"","src":"https:\/\/i0.wp.com\/img.youtube.com\/vi\/r-2IQRy8pL8\/0.jpg?resize=350%2C200","width":350,"height":200},"classes":[]}],"_links":{"self":[{"href":"https:\/\/iessoldeportocarrero.com\/index.php?rest_route=\/wp\/v2\/pages\/1950","targetHints":{"allow":["GET"]}}],"collection":[{"href":"https:\/\/iessoldeportocarrero.com\/index.php?rest_route=\/wp\/v2\/pages"}],"about":[{"href":"https:\/\/iessoldeportocarrero.com\/index.php?rest_route=\/wp\/v2\/types\/page"}],"author":[{"embeddable":true,"href":"https:\/\/iessoldeportocarrero.com\/index.php?rest_route=\/wp\/v2\/users\/1"}],"replies":[{"embeddable":true,"href":"https:\/\/iessoldeportocarrero.com\/index.php?rest_route=%2Fwp%2Fv2%2Fcomments&post=1950"}],"version-history":[{"count":10,"href":"https:\/\/iessoldeportocarrero.com\/index.php?rest_route=\/wp\/v2\/pages\/1950\/revisions"}],"predecessor-version":[{"id":2273,"href":"https:\/\/iessoldeportocarrero.com\/index.php?rest_route=\/wp\/v2\/pages\/1950\/revisions\/2273"}],"wp:attachment":[{"href":"https:\/\/iessoldeportocarrero.com\/index.php?rest_route=%2Fwp%2Fv2%2Fmedia&parent=1950"}],"curies":[{"name":"wp","href":"https:\/\/api.w.org\/{rel}","templated":true}]}}