{"id":1704,"date":"2023-09-07T12:17:00","date_gmt":"2023-09-07T10:17:00","guid":{"rendered":"https:\/\/iessoldeportocarrero.com\/?page_id=1704"},"modified":"2025-06-17T12:36:49","modified_gmt":"2025-06-17T10:36:49","slug":"energia-y-agua","status":"publish","type":"page","link":"https:\/\/iessoldeportocarrero.com\/?page_id=1704","title":{"rendered":"Energ\u00eda y Agua"},"content":{"rendered":"<div class=\"wp-block-image\">\n<figure class=\"aligncenter size-full is-resized\"><img decoding=\"async\" width=\"165\" height=\"190\" src=\"https:\/\/iessoldeportocarrero.com\/wp-content\/uploads\/2023\/09\/Energia-y-agua.png\" alt=\"\" class=\"wp-image-1705\" style=\"width:187px;height:215px\"\/><\/figure>\n<\/div>\n\n\n<div class=\"wp-block-buttons is-content-justification-center is-layout-flex wp-container-core-buttons-is-layout-16018d1d wp-block-buttons-is-layout-flex\">\n<div class=\"wp-block-button\"><a class=\"wp-block-button__link wp-element-button\" href=\"https:\/\/drive.google.com\/drive\/folders\/1th4C3OANu2XBIaVX-nnF82UyBhVYHOZK?usp=sharing\" target=\"_blank\" rel=\"noreferrer noopener\">Documentaci\u00f3n<\/a><\/div>\n<\/div>\n\n\n\n<div class=\"wp-block-columns is-layout-flex wp-container-core-columns-is-layout-9d6595d7 wp-block-columns-is-layout-flex\">\n<div class=\"wp-block-column is-layout-flow wp-block-column-is-layout-flow\">\n<figure class=\"wp-block-table is-style-stripes\"><table><tbody><tr><td><strong>El departamento de Energ\u00eda y Agua est\u00e1 formado por:<\/strong><\/td><\/tr><tr><td>Dolores Mart\u00ednez L\u00f3pez<\/td><\/tr><tr><td>Serapio Vicente Moya Sahori<\/td><\/tr><\/tbody><\/table><\/figure>\n<\/div>\n\n\n\n<div class=\"wp-block-column is-layout-flow wp-block-column-is-layout-flow\">\n<figure class=\"wp-block-image size-large is-resized\"><img fetchpriority=\"high\" decoding=\"async\" width=\"1024\" height=\"442\" src=\"https:\/\/iessoldeportocarrero.com\/wp-content\/uploads\/2023\/09\/EyA-1024x442.png\" alt=\"\" class=\"wp-image-1712\" style=\"width:547px;height:236px\" srcset=\"https:\/\/iessoldeportocarrero.com\/wp-content\/uploads\/2023\/09\/EyA-1024x442.png 1024w, https:\/\/iessoldeportocarrero.com\/wp-content\/uploads\/2023\/09\/EyA-300x129.png 300w, https:\/\/iessoldeportocarrero.com\/wp-content\/uploads\/2023\/09\/EyA-768x331.png 768w, https:\/\/iessoldeportocarrero.com\/wp-content\/uploads\/2023\/09\/EyA-360x155.png 360w, https:\/\/iessoldeportocarrero.com\/wp-content\/uploads\/2023\/09\/EyA.png 1495w\" sizes=\"(max-width: 1024px) 100vw, 1024px\" \/><\/figure>\n<\/div>\n<\/div>\n\n\n\n<figure class=\"wp-block-image size-full\"><img decoding=\"async\" width=\"986\" height=\"714\" src=\"https:\/\/iessoldeportocarrero.com\/wp-content\/uploads\/2025\/06\/Triptico-Redes-2.png\" alt=\"\" class=\"wp-image-3321\" srcset=\"https:\/\/iessoldeportocarrero.com\/wp-content\/uploads\/2025\/06\/Triptico-Redes-2.png 986w, https:\/\/iessoldeportocarrero.com\/wp-content\/uploads\/2025\/06\/Triptico-Redes-2-300x217.png 300w, https:\/\/iessoldeportocarrero.com\/wp-content\/uploads\/2025\/06\/Triptico-Redes-2-768x556.png 768w, https:\/\/iessoldeportocarrero.com\/wp-content\/uploads\/2025\/06\/Triptico-Redes-2-360x261.png 360w\" sizes=\"(max-width: 986px) 100vw, 986px\" \/><\/figure>\n\n\n\n<figure class=\"wp-block-image size-full\"><img loading=\"lazy\" decoding=\"async\" width=\"790\" height=\"574\" src=\"https:\/\/iessoldeportocarrero.com\/wp-content\/uploads\/2025\/06\/REDES2.png\" alt=\"\" class=\"wp-image-3327\" srcset=\"https:\/\/iessoldeportocarrero.com\/wp-content\/uploads\/2025\/06\/REDES2.png 790w, https:\/\/iessoldeportocarrero.com\/wp-content\/uploads\/2025\/06\/REDES2-300x218.png 300w, https:\/\/iessoldeportocarrero.com\/wp-content\/uploads\/2025\/06\/REDES2-768x558.png 768w, https:\/\/iessoldeportocarrero.com\/wp-content\/uploads\/2025\/06\/REDES2-360x262.png 360w\" sizes=\"(max-width: 790px) 100vw, 790px\" \/><\/figure>\n\n\n\n<figure class=\"wp-block-image size-full\"><img loading=\"lazy\" decoding=\"async\" width=\"398\" height=\"796\" src=\"https:\/\/iessoldeportocarrero.com\/wp-content\/uploads\/2025\/06\/ER.png\" alt=\"\" class=\"wp-image-3343\" srcset=\"https:\/\/iessoldeportocarrero.com\/wp-content\/uploads\/2025\/06\/ER.png 398w, https:\/\/iessoldeportocarrero.com\/wp-content\/uploads\/2025\/06\/ER-150x300.png 150w, https:\/\/iessoldeportocarrero.com\/wp-content\/uploads\/2025\/06\/ER-135x270.png 135w\" sizes=\"(max-width: 398px) 100vw, 398px\" \/><\/figure>\n","protected":false},"excerpt":{"rendered":"<p>El departamento de Energ\u00eda y Agua est\u00e1 formado por: Dolores Mart\u00ednez L\u00f3pez Serapio Vicente Moya Sahori<\/p>\n","protected":false},"author":1,"featured_media":0,"parent":0,"menu_order":0,"comment_status":"closed","ping_status":"closed","template":"","meta":{"footnotes":""},"class_list":["post-1704","page","type-page","status-publish","hentry"],"yoast_head":"<!-- This site is optimized with the Yoast SEO plugin v19.14 - https:\/\/yoast.com\/wordpress\/plugins\/seo\/ -->\n<title>Energ\u00eda y Agua - IES SOL DE PORTOCARRERO - LA LABORAL<\/title>\n<meta name=\"robots\" content=\"index, follow, max-snippet:-1, max-image-preview:large, max-video-preview:-1\" \/>\n<link rel=\"canonical\" href=\"https:\/\/iessoldeportocarrero.com\/?page_id=1704\" \/>\n<meta property=\"og:locale\" content=\"es_ES\" \/>\n<meta property=\"og:type\" content=\"article\" \/>\n<meta property=\"og:title\" content=\"Energ\u00eda y Agua - IES SOL DE PORTOCARRERO - LA LABORAL\" \/>\n<meta property=\"og:description\" content=\"El departamento de Energ\u00eda y Agua est\u00e1 formado por: Dolores Mart\u00ednez L\u00f3pez Serapio Vicente Moya Sahori\" \/>\n<meta property=\"og:url\" content=\"https:\/\/iessoldeportocarrero.com\/?page_id=1704\" \/>\n<meta property=\"og:site_name\" content=\"IES SOL DE PORTOCARRERO - LA LABORAL\" \/>\n<meta property=\"article:modified_time\" content=\"2025-06-17T10:36:49+00:00\" \/>\n<meta property=\"og:image\" content=\"https:\/\/iessoldeportocarrero.com\/wp-content\/uploads\/2023\/09\/Energia-y-agua.png\" \/>\n<meta name=\"twitter:card\" content=\"summary_large_image\" \/>\n<meta name=\"twitter:label1\" content=\"Tiempo de lectura\" \/>\n\t<meta name=\"twitter:data1\" content=\"2 minutos\" \/>\n<script type=\"application\/ld+json\" class=\"yoast-schema-graph\">{\"@context\":\"https:\/\/schema.org\",\"@graph\":[{\"@type\":\"WebPage\",\"@id\":\"https:\/\/iessoldeportocarrero.com\/?page_id=1704\",\"url\":\"https:\/\/iessoldeportocarrero.com\/?page_id=1704\",\"name\":\"Energ\u00eda y Agua - IES SOL DE PORTOCARRERO - LA LABORAL\",\"isPartOf\":{\"@id\":\"https:\/\/iessoldeportocarrero.com\/#website\"},\"datePublished\":\"2023-09-07T10:17:00+00:00\",\"dateModified\":\"2025-06-17T10:36:49+00:00\",\"breadcrumb\":{\"@id\":\"https:\/\/iessoldeportocarrero.com\/?page_id=1704#breadcrumb\"},\"inLanguage\":\"es\",\"potentialAction\":[{\"@type\":\"ReadAction\",\"target\":[\"https:\/\/iessoldeportocarrero.com\/?page_id=1704\"]}]},{\"@type\":\"BreadcrumbList\",\"@id\":\"https:\/\/iessoldeportocarrero.com\/?page_id=1704#breadcrumb\",\"itemListElement\":[{\"@type\":\"ListItem\",\"position\":1,\"name\":\"Home\",\"item\":\"https:\/\/iessoldeportocarrero.com\/\"},{\"@type\":\"ListItem\",\"position\":2,\"name\":\"Energ\u00eda y Agua\"}]},{\"@type\":\"WebSite\",\"@id\":\"https:\/\/iessoldeportocarrero.com\/#website\",\"url\":\"https:\/\/iessoldeportocarrero.com\/\",\"name\":\"IES SOL DE PORTOCARRERO - LA LABORAL\",\"description\":\"INSTITUTO DE EDUCACI\u00d3N SECUNDARIA Y FORMACI\u00d3N PROFESIONAL\",\"potentialAction\":[{\"@type\":\"SearchAction\",\"target\":{\"@type\":\"EntryPoint\",\"urlTemplate\":\"https:\/\/iessoldeportocarrero.com\/?s={search_term_string}\"},\"query-input\":\"required name=search_term_string\"}],\"inLanguage\":\"es\"}]}<\/script>\n<!-- \/ Yoast SEO plugin. -->","yoast_head_json":{"title":"Energ\u00eda y Agua - IES SOL DE PORTOCARRERO - LA LABORAL","robots":{"index":"index","follow":"follow","max-snippet":"max-snippet:-1","max-image-preview":"max-image-preview:large","max-video-preview":"max-video-preview:-1"},"canonical":"https:\/\/iessoldeportocarrero.com\/?page_id=1704","og_locale":"es_ES","og_type":"article","og_title":"Energ\u00eda y Agua - IES SOL DE PORTOCARRERO - LA LABORAL","og_description":"El departamento de Energ\u00eda y Agua est\u00e1 formado por: Dolores Mart\u00ednez L\u00f3pez Serapio Vicente Moya Sahori","og_url":"https:\/\/iessoldeportocarrero.com\/?page_id=1704","og_site_name":"IES SOL DE PORTOCARRERO - LA LABORAL","article_modified_time":"2025-06-17T10:36:49+00:00","og_image":[{"url":"https:\/\/iessoldeportocarrero.com\/wp-content\/uploads\/2023\/09\/Energia-y-agua.png"}],"twitter_card":"summary_large_image","twitter_misc":{"Tiempo de lectura":"2 minutos"},"schema":{"@context":"https:\/\/schema.org","@graph":[{"@type":"WebPage","@id":"https:\/\/iessoldeportocarrero.com\/?page_id=1704","url":"https:\/\/iessoldeportocarrero.com\/?page_id=1704","name":"Energ\u00eda y Agua - IES SOL DE PORTOCARRERO - LA LABORAL","isPartOf":{"@id":"https:\/\/iessoldeportocarrero.com\/#website"},"datePublished":"2023-09-07T10:17:00+00:00","dateModified":"2025-06-17T10:36:49+00:00","breadcrumb":{"@id":"https:\/\/iessoldeportocarrero.com\/?page_id=1704#breadcrumb"},"inLanguage":"es","potentialAction":[{"@type":"ReadAction","target":["https:\/\/iessoldeportocarrero.com\/?page_id=1704"]}]},{"@type":"BreadcrumbList","@id":"https:\/\/iessoldeportocarrero.com\/?page_id=1704#breadcrumb","itemListElement":[{"@type":"ListItem","position":1,"name":"Home","item":"https:\/\/iessoldeportocarrero.com\/"},{"@type":"ListItem","position":2,"name":"Energ\u00eda y Agua"}]},{"@type":"WebSite","@id":"https:\/\/iessoldeportocarrero.com\/#website","url":"https:\/\/iessoldeportocarrero.com\/","name":"IES SOL DE PORTOCARRERO - LA LABORAL","description":"INSTITUTO DE EDUCACI\u00d3N SECUNDARIA Y FORMACI\u00d3N PROFESIONAL","potentialAction":[{"@type":"SearchAction","target":{"@type":"EntryPoint","urlTemplate":"https:\/\/iessoldeportocarrero.com\/?s={search_term_string}"},"query-input":"required name=search_term_string"}],"inLanguage":"es"}]}},"jetpack_sharing_enabled":true,"jetpack-related-posts":[{"id":125,"url":"https:\/\/iessoldeportocarrero.com\/?page_id=125","url_meta":{"origin":1704,"position":0},"title":"Religi\u00f3n","author":"admin","date":"noviembre 10, 2022","format":false,"excerpt":"Documentaci\u00f3n El departamento de Religi\u00f3n est\u00e1 formado por:Jes\u00fas Gines Garc\u00eda AizMar\u00eda Adoraci\u00f3n Amat CarmonaMar\u00eda del Mar Polo Ossorio","rel":"","context":"Entrada similar","block_context":{"text":"Entrada similar","link":""},"img":{"alt_text":"","src":"https:\/\/i0.wp.com\/iessoldeportocarrero.com\/wp-content\/uploads\/2023\/05\/istockphoto-1130867088-612x612-1.jpg?resize=350%2C200&ssl=1","width":350,"height":200,"srcset":"https:\/\/i0.wp.com\/iessoldeportocarrero.com\/wp-content\/uploads\/2023\/05\/istockphoto-1130867088-612x612-1.jpg?resize=350%2C200&ssl=1 1x, https:\/\/i0.wp.com\/iessoldeportocarrero.com\/wp-content\/uploads\/2023\/05\/istockphoto-1130867088-612x612-1.jpg?resize=525%2C300&ssl=1 1.5x"},"classes":[]},{"id":121,"url":"https:\/\/iessoldeportocarrero.com\/?page_id=121","url_meta":{"origin":1704,"position":1},"title":"Orientaci\u00f3n","author":"admin","date":"noviembre 10, 2022","format":false,"excerpt":"Documentaci\u00f3n El departamento de Orientaci\u00f3n est\u00e1 formado por:Lidia Cobos S\u00e1nchezMar\u00eda Jos\u00e9 Albarr\u00e1n VillalbaRaquel Soler DelgadoMar\u00eda Jes\u00fas de Aguilar Mart\u00ednezTeresa Bl\u00e1zquez C\u00e1tedraAlicia Bel\u00e9n Torres Mu\u00f1ozJosefa Perales Mart\u00ednMar\u00eda Jos\u00e9 Soriano Plaza","rel":"","context":"Entrada similar","block_context":{"text":"Entrada similar","link":""},"img":{"alt_text":"","src":"https:\/\/i0.wp.com\/iessoldeportocarrero.com\/wp-content\/uploads\/2023\/05\/istockphoto-1415496763-612x612-1.jpg?resize=350%2C200&ssl=1","width":350,"height":200,"srcset":"https:\/\/i0.wp.com\/iessoldeportocarrero.com\/wp-content\/uploads\/2023\/05\/istockphoto-1415496763-612x612-1.jpg?resize=350%2C200&ssl=1 1x, https:\/\/i0.wp.com\/iessoldeportocarrero.com\/wp-content\/uploads\/2023\/05\/istockphoto-1415496763-612x612-1.jpg?resize=525%2C300&ssl=1 1.5x"},"classes":[]},{"id":307,"url":"https:\/\/iessoldeportocarrero.com\/?page_id=307","url_meta":{"origin":1704,"position":2},"title":"Documentaci\u00f3n_Franc\u00e9s","author":"admin","date":"noviembre 14, 2022","format":false,"excerpt":"Documentaci\u00f3n Programaci\u00f3n","rel":"","context":"Entrada similar","block_context":{"text":"Entrada similar","link":""},"img":{"alt_text":"","src":"","width":0,"height":0},"classes":[]},{"id":351,"url":"https:\/\/iessoldeportocarrero.com\/?page_id=351","url_meta":{"origin":1704,"position":3},"title":"Documentaci\u00f3n_Extraescolares","author":"admin","date":"noviembre 14, 2022","format":false,"excerpt":"","rel":"","context":"Entrada similar","block_context":{"text":"Entrada similar","link":""},"img":{"alt_text":"","src":"","width":0,"height":0},"classes":[]},{"id":174,"url":"https:\/\/iessoldeportocarrero.com\/?page_id=174","url_meta":{"origin":1704,"position":4},"title":"Documentaci\u00f3n_Mat","author":"admin","date":"noviembre 11, 2022","format":false,"excerpt":"","rel":"","context":"Entrada similar","block_context":{"text":"Entrada similar","link":""},"img":{"alt_text":"","src":"","width":0,"height":0},"classes":[]},{"id":299,"url":"https:\/\/iessoldeportocarrero.com\/?page_id=299","url_meta":{"origin":1704,"position":5},"title":"Documentaci\u00f3n_FOL","author":"admin","date":"noviembre 14, 2022","format":false,"excerpt":"","rel":"","context":"Entrada similar","block_context":{"text":"Entrada similar","link":""},"img":{"alt_text":"","src":"","width":0,"height":0},"classes":[]}],"_links":{"self":[{"href":"https:\/\/iessoldeportocarrero.com\/index.php?rest_route=\/wp\/v2\/pages\/1704","targetHints":{"allow":["GET"]}}],"collection":[{"href":"https:\/\/iessoldeportocarrero.com\/index.php?rest_route=\/wp\/v2\/pages"}],"about":[{"href":"https:\/\/iessoldeportocarrero.com\/index.php?rest_route=\/wp\/v2\/types\/page"}],"author":[{"embeddable":true,"href":"https:\/\/iessoldeportocarrero.com\/index.php?rest_route=\/wp\/v2\/users\/1"}],"replies":[{"embeddable":true,"href":"https:\/\/iessoldeportocarrero.com\/index.php?rest_route=%2Fwp%2Fv2%2Fcomments&post=1704"}],"version-history":[{"count":8,"href":"https:\/\/iessoldeportocarrero.com\/index.php?rest_route=\/wp\/v2\/pages\/1704\/revisions"}],"predecessor-version":[{"id":3736,"href":"https:\/\/iessoldeportocarrero.com\/index.php?rest_route=\/wp\/v2\/pages\/1704\/revisions\/3736"}],"wp:attachment":[{"href":"https:\/\/iessoldeportocarrero.com\/index.php?rest_route=%2Fwp%2Fv2%2Fmedia&parent=1704"}],"curies":[{"name":"wp","href":"https:\/\/api.w.org\/{rel}","templated":true}]}}