{"id":1690,"date":"2023-09-06T12:39:51","date_gmt":"2023-09-06T10:39:51","guid":{"rendered":"https:\/\/iessoldeportocarrero.com\/?page_id=1690"},"modified":"2025-09-29T19:31:29","modified_gmt":"2025-09-29T17:31:29","slug":"tutoriales","status":"publish","type":"page","link":"https:\/\/iessoldeportocarrero.com\/?page_id=1690","title":{"rendered":"TUTORIALES"},"content":{"rendered":"\n<h2 class=\"wp-block-heading has-light-blue-color has-yellow-background-color has-text-color has-background\">IPASEN<\/h2>\n\n\n\n<div class=\"wp-block-columns is-layout-flex wp-container-core-columns-is-layout-9d6595d7 wp-block-columns-is-layout-flex\">\n<div class=\"wp-block-column is-layout-flow wp-block-column-is-layout-flow\">\n<figure class=\"wp-block-embed is-type-video is-provider-youtube wp-block-embed-youtube wp-embed-aspect-4-3 wp-has-aspect-ratio\"><div class=\"wp-block-embed__wrapper\">\n<iframe title=\"Autologin o autorregistro en iPasen\" width=\"847\" height=\"635\" src=\"https:\/\/www.youtube.com\/embed\/cHLova48ULE?feature=oembed\" frameborder=\"0\" allow=\"accelerometer; autoplay; clipboard-write; encrypted-media; gyroscope; picture-in-picture; web-share\" allowfullscreen><\/iframe>\n<\/div><\/figure>\n<\/div>\n\n\n\n<div class=\"wp-block-column is-layout-flow wp-block-column-is-layout-flow\">\n<figure class=\"wp-block-embed is-type-video is-provider-youtube wp-block-embed-youtube wp-embed-aspect-16-9 wp-has-aspect-ratio\"><div class=\"wp-block-embed__wrapper\">\n<iframe title=\"C\u00f3mo justificar faltas de asistencia en iPasen\" width=\"847\" height=\"476\" src=\"https:\/\/www.youtube.com\/embed\/W3a7pt1hqr8?feature=oembed\" frameborder=\"0\" allow=\"accelerometer; autoplay; clipboard-write; encrypted-media; gyroscope; picture-in-picture; web-share\" allowfullscreen><\/iframe>\n<\/div><\/figure>\n<\/div>\n<\/div>\n\n\n\n<h2 class=\"wp-block-heading has-yellow-background-color has-background\">HERRAMIENTAS INTERNAS S\u00c9NECA<\/h2>\n\n\n\n<div class=\"wp-block-columns is-layout-flex wp-container-core-columns-is-layout-9d6595d7 wp-block-columns-is-layout-flex\">\n<div class=\"wp-block-column is-layout-flow wp-block-column-is-layout-flow\">\n<figure class=\"wp-block-embed is-type-video is-provider-youtube wp-block-embed-youtube wp-embed-aspect-16-9 wp-has-aspect-ratio\"><div class=\"wp-block-embed__wrapper\">\n<iframe title=\"C\u00f3mo configurar la nueva red Andared Corporativo en tu dispositivo\" width=\"847\" height=\"476\" src=\"https:\/\/www.youtube.com\/embed\/Jsthn3l8IE8?feature=oembed\" frameborder=\"0\" allow=\"accelerometer; autoplay; clipboard-write; encrypted-media; gyroscope; picture-in-picture; web-share\" allowfullscreen><\/iframe>\n<\/div><\/figure>\n<\/div>\n\n\n\n<div class=\"wp-block-column is-layout-flow wp-block-column-is-layout-flow\">\n<figure class=\"wp-block-embed is-type-video is-provider-youtube wp-block-embed-youtube wp-embed-aspect-16-9 wp-has-aspect-ratio\"><div class=\"wp-block-embed__wrapper\">\n<iframe title=\"CONTROL DE PRESENCIA 5: Distintas Formas de Registrar entradas y salidas\" width=\"847\" height=\"476\" src=\"https:\/\/www.youtube.com\/embed\/tIIoVifpiow?feature=oembed\" frameborder=\"0\" allow=\"accelerometer; autoplay; clipboard-write; encrypted-media; gyroscope; picture-in-picture; web-share\" allowfullscreen><\/iframe>\n<\/div><\/figure>\n<\/div>\n<\/div>\n\n\n\n<div class=\"wp-block-columns is-layout-flex wp-container-core-columns-is-layout-9d6595d7 wp-block-columns-is-layout-flex\">\n<div class=\"wp-block-column is-layout-flow wp-block-column-is-layout-flow\">\n<figure class=\"wp-block-embed is-type-video is-provider-youtube wp-block-embed-youtube wp-embed-aspect-16-9 wp-has-aspect-ratio\"><div class=\"wp-block-embed__wrapper\">\n<iframe title=\"C\u00f3mo confirmar la participaci\u00f3n en TDE\" width=\"847\" height=\"476\" src=\"https:\/\/www.youtube.com\/embed\/RRVXMjGMi4s?feature=oembed\" frameborder=\"0\" allow=\"accelerometer; autoplay; clipboard-write; encrypted-media; gyroscope; picture-in-picture; web-share\" allowfullscreen><\/iframe>\n<\/div><\/figure>\n<\/div>\n\n\n\n<div class=\"wp-block-column is-layout-flow wp-block-column-is-layout-flow\">\n<figure class=\"wp-block-embed is-type-video is-provider-youtube wp-block-embed-youtube wp-embed-aspect-16-9 wp-has-aspect-ratio\"><div class=\"wp-block-embed__wrapper\">\n<iframe title=\"Nuevo m\u00f3dulo en S\u00e9neca. Permisos y licencias-AnexoI\" width=\"847\" height=\"476\" src=\"https:\/\/www.youtube.com\/embed\/a5tmdlgDHJ0?feature=oembed\" frameborder=\"0\" allow=\"accelerometer; autoplay; clipboard-write; encrypted-media; gyroscope; picture-in-picture; web-share\" allowfullscreen><\/iframe>\n<\/div><\/figure>\n<\/div>\n<\/div>\n\n\n\n<div class=\"wp-block-columns is-layout-flex wp-container-core-columns-is-layout-9d6595d7 wp-block-columns-is-layout-flex\">\n<div class=\"wp-block-column is-layout-flow wp-block-column-is-layout-flow\">\n<figure class=\"wp-block-embed is-type-video is-provider-youtube wp-block-embed-youtube wp-embed-aspect-16-9 wp-has-aspect-ratio\"><div class=\"wp-block-embed__wrapper\">\n<iframe title=\"C\u00f3mo rellenar el test CDD\" width=\"847\" height=\"476\" src=\"https:\/\/www.youtube.com\/embed\/Asc4F9VBh7k?feature=oembed\" frameborder=\"0\" allow=\"accelerometer; autoplay; clipboard-write; encrypted-media; gyroscope; picture-in-picture; web-share\" allowfullscreen><\/iframe>\n<\/div><\/figure>\n<\/div>\n\n\n\n<div class=\"wp-block-column is-layout-flow wp-block-column-is-layout-flow\">\n<figure class=\"wp-block-embed is-type-video is-provider-youtube wp-block-embed-youtube wp-embed-aspect-16-9 wp-has-aspect-ratio\"><div class=\"wp-block-embed__wrapper\">\n<iframe title=\"\u2705 \u00bfCo\u0301mo poner nota A LA VEZ a TODOS los CRITERIOS de Evaluaci\u00f3n? | Calificaci\u00f3n Masiva en 2023\/2024\" width=\"847\" height=\"476\" src=\"https:\/\/www.youtube.com\/embed\/IyJ_rO9LZ5Y?feature=oembed\" frameborder=\"0\" allow=\"accelerometer; autoplay; clipboard-write; encrypted-media; gyroscope; picture-in-picture; web-share\" allowfullscreen><\/iframe>\n<\/div><\/figure>\n<\/div>\n<\/div>\n\n\n\n<div class=\"wp-block-columns is-layout-flex wp-container-core-columns-is-layout-9d6595d7 wp-block-columns-is-layout-flex\">\n<div class=\"wp-block-column is-layout-flow wp-block-column-is-layout-flow\">\n<figure class=\"wp-block-embed is-type-video is-provider-youtube wp-block-embed-youtube wp-embed-aspect-16-9 wp-has-aspect-ratio\"><div class=\"wp-block-embed__wrapper\">\n<iframe title=\"15.Cuaderno de S\u00e9neca LOMLOE. Soluci\u00f3n a criterios evaluados y que no aparece en la visi\u00f3n global\" width=\"847\" height=\"476\" src=\"https:\/\/www.youtube.com\/embed\/cm5_RsfA4MI?feature=oembed\" frameborder=\"0\" allow=\"accelerometer; autoplay; clipboard-write; encrypted-media; gyroscope; picture-in-picture; web-share\" referrerpolicy=\"strict-origin-when-cross-origin\" allowfullscreen><\/iframe>\n<\/div><\/figure>\n<\/div>\n\n\n\n<div class=\"wp-block-column is-layout-flow wp-block-column-is-layout-flow\"><\/div>\n<\/div>\n\n\n\n<h2 class=\"wp-block-heading has-dark-yellow-background-color has-background\">MOODLE<\/h2>\n\n\n\n<div class=\"wp-block-columns is-layout-flex wp-container-core-columns-is-layout-9d6595d7 wp-block-columns-is-layout-flex\">\n<div class=\"wp-block-column is-layout-flow wp-block-column-is-layout-flow\">\n<figure class=\"wp-block-embed is-type-video is-provider-youtube wp-block-embed-youtube wp-embed-aspect-16-9 wp-has-aspect-ratio\"><div class=\"wp-block-embed__wrapper\">\n<iframe title=\"Moodle centros Reserva salas y dispositivos\" width=\"847\" height=\"476\" src=\"https:\/\/www.youtube.com\/embed\/Hjy4uZyNlIQ?feature=oembed\" frameborder=\"0\" allow=\"accelerometer; autoplay; clipboard-write; encrypted-media; gyroscope; picture-in-picture; web-share\" allowfullscreen><\/iframe>\n<\/div><figcaption class=\"wp-element-caption\">RESERVA DE AULAS<\/figcaption><\/figure>\n\n\n\n<p><\/p>\n<\/div>\n\n\n\n<div class=\"wp-block-column is-layout-flow wp-block-column-is-layout-flow\">\n<figure class=\"wp-block-image size-large\"><a href=\"https:\/\/drive.google.com\/file\/d\/1DfB0lBcTcyQ2xD-uC_yBLSM0rcrkMoNk\/view?usp=sharing\"><img fetchpriority=\"high\" decoding=\"async\" width=\"1024\" height=\"578\" src=\"https:\/\/iessoldeportocarrero.com\/wp-content\/uploads\/2024\/01\/Moodle-Seneca-1024x578.png\" alt=\"\" class=\"wp-image-2030\" srcset=\"https:\/\/iessoldeportocarrero.com\/wp-content\/uploads\/2024\/01\/Moodle-Seneca-1024x578.png 1024w, https:\/\/iessoldeportocarrero.com\/wp-content\/uploads\/2024\/01\/Moodle-Seneca-300x169.png 300w, https:\/\/iessoldeportocarrero.com\/wp-content\/uploads\/2024\/01\/Moodle-Seneca-768x434.png 768w, https:\/\/iessoldeportocarrero.com\/wp-content\/uploads\/2024\/01\/Moodle-Seneca-360x203.png 360w, https:\/\/iessoldeportocarrero.com\/wp-content\/uploads\/2024\/01\/Moodle-Seneca.png 1202w\" sizes=\"(max-width: 1024px) 100vw, 1024px\" \/><\/a><\/figure>\n<\/div>\n<\/div>\n\n\n\n<div class=\"wp-block-columns is-layout-flex wp-container-core-columns-is-layout-9d6595d7 wp-block-columns-is-layout-flex\">\n<div class=\"wp-block-column is-layout-flow wp-block-column-is-layout-flow\">\n<figure class=\"wp-block-embed is-type-video is-provider-youtube wp-block-embed-youtube wp-embed-aspect-16-9 wp-has-aspect-ratio\"><div class=\"wp-block-embed__wrapper\">\n<iframe title=\"Carga de grupos en Moodle Centros.\" width=\"847\" height=\"476\" src=\"https:\/\/www.youtube.com\/embed\/2sJDfvk9jik?feature=oembed\" frameborder=\"0\" allow=\"accelerometer; autoplay; clipboard-write; encrypted-media; gyroscope; picture-in-picture; web-share\" referrerpolicy=\"strict-origin-when-cross-origin\" allowfullscreen><\/iframe>\n<\/div><\/figure>\n<\/div>\n\n\n\n<div class=\"wp-block-column is-layout-flow wp-block-column-is-layout-flow\">\n<figure class=\"wp-block-embed is-type-video is-provider-youtube wp-block-embed-youtube wp-embed-aspect-16-9 wp-has-aspect-ratio\"><div class=\"wp-block-embed__wrapper\">\n<iframe title=\"Obtener enlace a Reuni\u00f3n por Moodle y Webex\" width=\"847\" height=\"476\" src=\"https:\/\/www.youtube.com\/embed\/vEX3vLvANg4?feature=oembed\" frameborder=\"0\" allow=\"accelerometer; autoplay; clipboard-write; encrypted-media; gyroscope; picture-in-picture; web-share\" referrerpolicy=\"strict-origin-when-cross-origin\" allowfullscreen><\/iframe>\n<\/div><\/figure>\n<\/div>\n<\/div>\n","protected":false},"excerpt":{"rendered":"<p>IPASEN HERRAMIENTAS INTERNAS S\u00c9NECA MOODLE<\/p>\n","protected":false},"author":1,"featured_media":0,"parent":0,"menu_order":0,"comment_status":"closed","ping_status":"closed","template":"","meta":{"footnotes":""},"class_list":["post-1690","page","type-page","status-publish","hentry"],"yoast_head":"<!-- This site is optimized with the Yoast SEO plugin v19.14 - https:\/\/yoast.com\/wordpress\/plugins\/seo\/ -->\n<title>TUTORIALES - IES SOL DE PORTOCARRERO - LA LABORAL<\/title>\n<meta name=\"robots\" content=\"index, follow, max-snippet:-1, max-image-preview:large, max-video-preview:-1\" \/>\n<link rel=\"canonical\" href=\"https:\/\/iessoldeportocarrero.com\/?page_id=1690\" \/>\n<meta property=\"og:locale\" content=\"es_ES\" \/>\n<meta property=\"og:type\" content=\"article\" \/>\n<meta property=\"og:title\" content=\"TUTORIALES - IES SOL DE PORTOCARRERO - LA LABORAL\" \/>\n<meta property=\"og:description\" content=\"IPASEN HERRAMIENTAS INTERNAS S\u00c9NECA MOODLE\" \/>\n<meta property=\"og:url\" content=\"https:\/\/iessoldeportocarrero.com\/?page_id=1690\" \/>\n<meta property=\"og:site_name\" content=\"IES SOL DE PORTOCARRERO - LA LABORAL\" \/>\n<meta property=\"article:modified_time\" content=\"2025-09-29T17:31:29+00:00\" \/>\n<meta property=\"og:image\" content=\"https:\/\/iessoldeportocarrero.com\/wp-content\/uploads\/2024\/01\/Moodle-Seneca-1024x578.png\" \/>\n<meta name=\"twitter:card\" content=\"summary_large_image\" \/>\n<meta name=\"twitter:label1\" content=\"Tiempo de lectura\" \/>\n\t<meta name=\"twitter:data1\" content=\"1 minuto\" \/>\n<script type=\"application\/ld+json\" class=\"yoast-schema-graph\">{\"@context\":\"https:\/\/schema.org\",\"@graph\":[{\"@type\":\"WebPage\",\"@id\":\"https:\/\/iessoldeportocarrero.com\/?page_id=1690\",\"url\":\"https:\/\/iessoldeportocarrero.com\/?page_id=1690\",\"name\":\"TUTORIALES - IES SOL DE PORTOCARRERO - LA LABORAL\",\"isPartOf\":{\"@id\":\"https:\/\/iessoldeportocarrero.com\/#website\"},\"datePublished\":\"2023-09-06T10:39:51+00:00\",\"dateModified\":\"2025-09-29T17:31:29+00:00\",\"breadcrumb\":{\"@id\":\"https:\/\/iessoldeportocarrero.com\/?page_id=1690#breadcrumb\"},\"inLanguage\":\"es\",\"potentialAction\":[{\"@type\":\"ReadAction\",\"target\":[\"https:\/\/iessoldeportocarrero.com\/?page_id=1690\"]}]},{\"@type\":\"BreadcrumbList\",\"@id\":\"https:\/\/iessoldeportocarrero.com\/?page_id=1690#breadcrumb\",\"itemListElement\":[{\"@type\":\"ListItem\",\"position\":1,\"name\":\"Home\",\"item\":\"https:\/\/iessoldeportocarrero.com\/\"},{\"@type\":\"ListItem\",\"position\":2,\"name\":\"TUTORIALES\"}]},{\"@type\":\"WebSite\",\"@id\":\"https:\/\/iessoldeportocarrero.com\/#website\",\"url\":\"https:\/\/iessoldeportocarrero.com\/\",\"name\":\"IES SOL DE PORTOCARRERO - LA LABORAL\",\"description\":\"INSTITUTO DE EDUCACI\u00d3N SECUNDARIA Y FORMACI\u00d3N PROFESIONAL\",\"potentialAction\":[{\"@type\":\"SearchAction\",\"target\":{\"@type\":\"EntryPoint\",\"urlTemplate\":\"https:\/\/iessoldeportocarrero.com\/?s={search_term_string}\"},\"query-input\":\"required name=search_term_string\"}],\"inLanguage\":\"es\"}]}<\/script>\n<!-- \/ Yoast SEO plugin. -->","yoast_head_json":{"title":"TUTORIALES - IES SOL DE PORTOCARRERO - LA LABORAL","robots":{"index":"index","follow":"follow","max-snippet":"max-snippet:-1","max-image-preview":"max-image-preview:large","max-video-preview":"max-video-preview:-1"},"canonical":"https:\/\/iessoldeportocarrero.com\/?page_id=1690","og_locale":"es_ES","og_type":"article","og_title":"TUTORIALES - IES SOL DE PORTOCARRERO - LA LABORAL","og_description":"IPASEN HERRAMIENTAS INTERNAS S\u00c9NECA MOODLE","og_url":"https:\/\/iessoldeportocarrero.com\/?page_id=1690","og_site_name":"IES SOL DE PORTOCARRERO - LA LABORAL","article_modified_time":"2025-09-29T17:31:29+00:00","og_image":[{"url":"https:\/\/iessoldeportocarrero.com\/wp-content\/uploads\/2024\/01\/Moodle-Seneca-1024x578.png"}],"twitter_card":"summary_large_image","twitter_misc":{"Tiempo de lectura":"1 minuto"},"schema":{"@context":"https:\/\/schema.org","@graph":[{"@type":"WebPage","@id":"https:\/\/iessoldeportocarrero.com\/?page_id=1690","url":"https:\/\/iessoldeportocarrero.com\/?page_id=1690","name":"TUTORIALES - IES SOL DE PORTOCARRERO - LA LABORAL","isPartOf":{"@id":"https:\/\/iessoldeportocarrero.com\/#website"},"datePublished":"2023-09-06T10:39:51+00:00","dateModified":"2025-09-29T17:31:29+00:00","breadcrumb":{"@id":"https:\/\/iessoldeportocarrero.com\/?page_id=1690#breadcrumb"},"inLanguage":"es","potentialAction":[{"@type":"ReadAction","target":["https:\/\/iessoldeportocarrero.com\/?page_id=1690"]}]},{"@type":"BreadcrumbList","@id":"https:\/\/iessoldeportocarrero.com\/?page_id=1690#breadcrumb","itemListElement":[{"@type":"ListItem","position":1,"name":"Home","item":"https:\/\/iessoldeportocarrero.com\/"},{"@type":"ListItem","position":2,"name":"TUTORIALES"}]},{"@type":"WebSite","@id":"https:\/\/iessoldeportocarrero.com\/#website","url":"https:\/\/iessoldeportocarrero.com\/","name":"IES SOL DE PORTOCARRERO - LA LABORAL","description":"INSTITUTO DE EDUCACI\u00d3N SECUNDARIA Y FORMACI\u00d3N PROFESIONAL","potentialAction":[{"@type":"SearchAction","target":{"@type":"EntryPoint","urlTemplate":"https:\/\/iessoldeportocarrero.com\/?s={search_term_string}"},"query-input":"required name=search_term_string"}],"inLanguage":"es"}]}},"jetpack_sharing_enabled":true,"jetpack-related-posts":[{"id":82,"url":"https:\/\/iessoldeportocarrero.com\/?page_id=82","url_meta":{"origin":1690,"position":0},"title":"Agraria","author":"admin","date":"noviembre 10, 2022","format":false,"excerpt":"Documentaci\u00f3n https:\/\/youtu.be\/_VHRyU-SywM https:\/\/youtu.be\/u2emUk5MmIc https:\/\/youtu.be\/7jZ6qoYEpjs https:\/\/youtu.be\/fxEg-SFdqjM https:\/\/youtu.be\/TEKa8K71mI8","rel":"","context":"Entrada similar","block_context":{"text":"Entrada similar","link":""},"img":{"alt_text":"","src":"https:\/\/i0.wp.com\/iessoldeportocarrero.com\/wp-content\/uploads\/2025\/06\/PAISAJ-2-150x150.jpeg?resize=350%2C200&ssl=1","width":350,"height":200,"srcset":"https:\/\/i0.wp.com\/iessoldeportocarrero.com\/wp-content\/uploads\/2025\/06\/PAISAJ-2-150x150.jpeg?resize=350%2C200&ssl=1 1x, https:\/\/i0.wp.com\/iessoldeportocarrero.com\/wp-content\/uploads\/2025\/06\/PAISAJ-2-150x150.jpeg?resize=525%2C300&ssl=1 1.5x, https:\/\/i0.wp.com\/iessoldeportocarrero.com\/wp-content\/uploads\/2025\/06\/PAISAJ-2-150x150.jpeg?resize=700%2C400&ssl=1 2x, https:\/\/i0.wp.com\/iessoldeportocarrero.com\/wp-content\/uploads\/2025\/06\/PAISAJ-2-150x150.jpeg?resize=1050%2C600&ssl=1 3x, https:\/\/i0.wp.com\/iessoldeportocarrero.com\/wp-content\/uploads\/2025\/06\/PAISAJ-2-150x150.jpeg?resize=1400%2C800&ssl=1 4x"},"classes":[]},{"id":309,"url":"https:\/\/iessoldeportocarrero.com\/?page_id=309","url_meta":{"origin":1690,"position":1},"title":"Documentaci\u00f3n_Agraria","author":"admin","date":"noviembre 14, 2022","format":false,"excerpt":"https:\/\/youtu.be\/_VHRyU-SywM https:\/\/youtu.be\/u2emUk5MmIc https:\/\/youtu.be\/7jZ6qoYEpjs https:\/\/youtu.be\/TEKa8K71mI8 https:\/\/youtu.be\/fxEg-SFdqjM CICLO FORMATIVO DE GRADO MEDIO EN \u00abJARDINER\u00cdA Y FLORISTER\u00cdA\u00bb (PRESENCIAL) CICLO FORMATIVO DE GRADO MEDIO EN \u00abPRODUCCI\u00d3N AGROECOL\u00d3GICA\u00bb (DUAL) CICLO FORMATIVO SUPERIOR EN \u00abPAISAJISMO Y MEDIO RURAL\u00bb (DUAL) FP BASICA \u00abAGROJARDINER\u00cdA Y COMPOSICIONES FLORALES\u00bb (PRESENCIAL) PERFILES PROFESIONALES CICLOS FAMILIA DE AGRARIADescarga","rel":"","context":"Entrada similar","block_context":{"text":"Entrada similar","link":""},"img":{"alt_text":"","src":"https:\/\/i0.wp.com\/iessoldeportocarrero.com\/wp-content\/uploads\/2022\/12\/IMG-20181204-WA0008-fotofamilia.jpg?resize=350%2C200&ssl=1","width":350,"height":200,"srcset":"https:\/\/i0.wp.com\/iessoldeportocarrero.com\/wp-content\/uploads\/2022\/12\/IMG-20181204-WA0008-fotofamilia.jpg?resize=350%2C200&ssl=1 1x, https:\/\/i0.wp.com\/iessoldeportocarrero.com\/wp-content\/uploads\/2022\/12\/IMG-20181204-WA0008-fotofamilia.jpg?resize=525%2C300&ssl=1 1.5x, https:\/\/i0.wp.com\/iessoldeportocarrero.com\/wp-content\/uploads\/2022\/12\/IMG-20181204-WA0008-fotofamilia.jpg?resize=700%2C400&ssl=1 2x, https:\/\/i0.wp.com\/iessoldeportocarrero.com\/wp-content\/uploads\/2022\/12\/IMG-20181204-WA0008-fotofamilia.jpg?resize=1050%2C600&ssl=1 3x, https:\/\/i0.wp.com\/iessoldeportocarrero.com\/wp-content\/uploads\/2022\/12\/IMG-20181204-WA0008-fotofamilia.jpg?resize=1400%2C800&ssl=1 4x"},"classes":[]},{"id":345,"url":"https:\/\/iessoldeportocarrero.com\/?page_id=345","url_meta":{"origin":1690,"position":2},"title":"Documentaci\u00f3n_AF","author":"admin","date":"noviembre 14, 2022","format":false,"excerpt":"Documentaci\u00f3n del departamento de Actividades F\u00edsicas https:\/\/youtu.be\/bPu7CwBkYfU https:\/\/youtu.be\/DKq6eXTHvc8 https:\/\/youtu.be\/q2nARCpUuhQ https:\/\/youtu.be\/hWqgP-D-HWA Cartel-ACOFISDescarga Cartel-EASDDescarga PERFILES PROFESIONALES DE LOS CICLOS DE ACTIVIDADES F\u00cdSISICASDescarga","rel":"","context":"Entrada similar","block_context":{"text":"Entrada similar","link":""},"img":{"alt_text":"","src":"https:\/\/i0.wp.com\/img.youtube.com\/vi\/bPu7CwBkYfU\/0.jpg?resize=350%2C200","width":350,"height":200},"classes":[]},{"id":113,"url":"https:\/\/iessoldeportocarrero.com\/?page_id=113","url_meta":{"origin":1690,"position":3},"title":"Instalaci\u00f3n y Matenimiento","author":"admin","date":"noviembre 10, 2022","format":false,"excerpt":"Documentaci\u00f3n https:\/\/youtu.be\/saEhHIBdgX8 https:\/\/youtu.be\/s8MKe41R7pg","rel":"","context":"Entrada similar","block_context":{"text":"Entrada similar","link":""},"img":{"alt_text":"","src":"https:\/\/i0.wp.com\/iessoldeportocarrero.com\/wp-content\/uploads\/2023\/05\/welder-1825675_960_720.jpg?resize=350%2C200&ssl=1","width":350,"height":200,"srcset":"https:\/\/i0.wp.com\/iessoldeportocarrero.com\/wp-content\/uploads\/2023\/05\/welder-1825675_960_720.jpg?resize=350%2C200&ssl=1 1x, https:\/\/i0.wp.com\/iessoldeportocarrero.com\/wp-content\/uploads\/2023\/05\/welder-1825675_960_720.jpg?resize=525%2C300&ssl=1 1.5x, https:\/\/i0.wp.com\/iessoldeportocarrero.com\/wp-content\/uploads\/2023\/05\/welder-1825675_960_720.jpg?resize=700%2C400&ssl=1 2x"},"classes":[]},{"id":1091,"url":"https:\/\/iessoldeportocarrero.com\/?page_id=1091","url_meta":{"origin":1690,"position":4},"title":"SECRETAR\u00cdA","author":"admin","date":"abril 27, 2023","format":false,"excerpt":"Entre las medidas adoptadas por la Consejer\u00eda de Educaci\u00f3n de la Junta de Andaluc\u00eda ante la situaci\u00f3n de crisis sanitaria ocasionada por el COVID-19, se encuentra la habilitaci\u00f3n de la SECRETAR\u00cdA VIRTUAL DE LOS CENTROS DOCENTES ANDALUCES de modo que se puedan realizar los tr\u00e1mites de forma telem\u00e1tica sin necesidad\u2026","rel":"","context":"Entrada similar","block_context":{"text":"Entrada similar","link":""},"img":{"alt_text":"","src":"https:\/\/i0.wp.com\/iessoldeportocarrero.com\/wp-content\/uploads\/2023\/04\/imagen.png?resize=350%2C200&ssl=1","width":350,"height":200},"classes":[]},{"id":81,"url":"https:\/\/iessoldeportocarrero.com\/?page_id=81","url_meta":{"origin":1690,"position":5},"title":"Actividades F\u00edsicas","author":"admin","date":"noviembre 10, 2022","format":false,"excerpt":"Documentaci\u00f3n https:\/\/youtu.be\/bPu7CwBkYfU A continuaci\u00f3n os presentamos una serie de v\u00eddeos promocionales de los ciclos formativos que se imparten en el centro VIDEO PROMOCIONAL DEL CICLO FORMATIVO DE GRADO SUPERIOR DE T\u00c9CNICO EN ENSE\u00d1ANZA Y ANIMACI\u00d3N SOCIODEPORTIVA https:\/\/drive.google.com\/file\/d\/1dMxyAZQdMw8sAWQzpyF9pkpJ3afkkuNa\/view?usp=share_link VIDEO PROMOCIONAL DEL CICLO DE GRADO SUPERIOR ACONDICIONAMIENTO F\u00cdSICO https:\/\/drive.google.com\/file\/d\/13yunfnrqxJjlML9dclpJ3oN8qvmSMKm5\/view?usp=share_link VIDEO PROMOCIONAL DEL\u2026","rel":"","context":"Entrada similar","block_context":{"text":"Entrada similar","link":""},"img":{"alt_text":"","src":"https:\/\/i0.wp.com\/iessoldeportocarrero.com\/wp-content\/uploads\/2025\/06\/ef2-150x150.png?resize=350%2C200&ssl=1","width":350,"height":200},"classes":[]}],"_links":{"self":[{"href":"https:\/\/iessoldeportocarrero.com\/index.php?rest_route=\/wp\/v2\/pages\/1690","targetHints":{"allow":["GET"]}}],"collection":[{"href":"https:\/\/iessoldeportocarrero.com\/index.php?rest_route=\/wp\/v2\/pages"}],"about":[{"href":"https:\/\/iessoldeportocarrero.com\/index.php?rest_route=\/wp\/v2\/types\/page"}],"author":[{"embeddable":true,"href":"https:\/\/iessoldeportocarrero.com\/index.php?rest_route=\/wp\/v2\/users\/1"}],"replies":[{"embeddable":true,"href":"https:\/\/iessoldeportocarrero.com\/index.php?rest_route=%2Fwp%2Fv2%2Fcomments&post=1690"}],"version-history":[{"count":16,"href":"https:\/\/iessoldeportocarrero.com\/index.php?rest_route=\/wp\/v2\/pages\/1690\/revisions"}],"predecessor-version":[{"id":3448,"href":"https:\/\/iessoldeportocarrero.com\/index.php?rest_route=\/wp\/v2\/pages\/1690\/revisions\/3448"}],"wp:attachment":[{"href":"https:\/\/iessoldeportocarrero.com\/index.php?rest_route=%2Fwp%2Fv2%2Fmedia&parent=1690"}],"curies":[{"name":"wp","href":"https:\/\/api.w.org\/{rel}","templated":true}]}}