{"id":136,"date":"2022-11-10T12:04:04","date_gmt":"2022-11-10T11:04:04","guid":{"rendered":"https:\/\/soldeportocarreroies.wordpress.com\/?page_id=136"},"modified":"2023-05-11T11:13:49","modified_gmt":"2023-05-11T09:13:49","slug":"quienes-formamos-el-ampa","status":"publish","type":"page","link":"https:\/\/iessoldeportocarrero.com\/?page_id=136","title":{"rendered":"\u00bfQuienes formamos el AMPA?"},"content":{"rendered":"\n<h1 class=\"wp-block-heading\">\u00bfQuienes formamos el AMPA?<\/h1>\n\n\n\n<p>La Asociaci\u00f3n de Madres y Padres <em>BlogsAverroes<\/em>, est\u00e1 constituida por ___________familias, y gestionada por una &nbsp;<strong>Junta Directiva<\/strong>.<\/p>\n\n\n\n<p>Puedes ponerte en contacto con nosotros\/as en el email:&nbsp;________________________<\/p>\n\n\n\n<p>Relaci\u00f3n de las personas que forman parte de la Junta Directiva:<\/p>\n","protected":false},"excerpt":{"rendered":"<p>\u00bfQuienes formamos el AMPA? La Asociaci\u00f3n de Madres y Padres BlogsAverroes, est\u00e1 constituida por ___________familias, y gestionada por una &nbsp;Junta Directiva. Puedes ponerte en contacto con nosotros\/as en el email:&nbsp;________________________ Relaci\u00f3n de las personas que forman parte de la Junta <a href=\"https:\/\/iessoldeportocarrero.com\/?page_id=136\" class=\"read-more\">Leer m\u00e1s&#8230;<\/a><\/p>\n","protected":false},"author":1,"featured_media":0,"parent":41,"menu_order":0,"comment_status":"closed","ping_status":"closed","template":"","meta":{"footnotes":""},"class_list":["post-136","page","type-page","status-publish","hentry"],"yoast_head":"<!-- This site is optimized with the Yoast SEO plugin v19.14 - https:\/\/yoast.com\/wordpress\/plugins\/seo\/ -->\n<title>\u00bfQuienes formamos el AMPA? - IES SOL DE PORTOCARRERO - LA LABORAL<\/title>\n<meta name=\"robots\" content=\"index, follow, max-snippet:-1, max-image-preview:large, max-video-preview:-1\" \/>\n<link rel=\"canonical\" href=\"https:\/\/iessoldeportocarrero.com\/?page_id=136\" \/>\n<meta property=\"og:locale\" content=\"es_ES\" \/>\n<meta property=\"og:type\" content=\"article\" \/>\n<meta property=\"og:title\" content=\"\u00bfQuienes formamos el AMPA? - IES SOL DE PORTOCARRERO - LA LABORAL\" \/>\n<meta property=\"og:description\" content=\"\u00bfQuienes formamos el AMPA? La Asociaci\u00f3n de Madres y Padres BlogsAverroes, est\u00e1 constituida por ___________familias, y gestionada por una &nbsp;Junta Directiva. Puedes ponerte en contacto con nosotros\/as en el email:&nbsp;________________________ Relaci\u00f3n de las personas que forman parte de la Junta Leer m\u00e1s...\" \/>\n<meta property=\"og:url\" content=\"https:\/\/iessoldeportocarrero.com\/?page_id=136\" \/>\n<meta property=\"og:site_name\" content=\"IES SOL DE PORTOCARRERO - LA LABORAL\" \/>\n<meta property=\"article:modified_time\" content=\"2023-05-11T09:13:49+00:00\" \/>\n<meta name=\"twitter:card\" content=\"summary_large_image\" \/>\n<script type=\"application\/ld+json\" class=\"yoast-schema-graph\">{\"@context\":\"https:\/\/schema.org\",\"@graph\":[{\"@type\":\"WebPage\",\"@id\":\"https:\/\/iessoldeportocarrero.com\/?page_id=136\",\"url\":\"https:\/\/iessoldeportocarrero.com\/?page_id=136\",\"name\":\"\u00bfQuienes formamos el AMPA? - IES SOL DE PORTOCARRERO - LA LABORAL\",\"isPartOf\":{\"@id\":\"https:\/\/iessoldeportocarrero.com\/#website\"},\"datePublished\":\"2022-11-10T11:04:04+00:00\",\"dateModified\":\"2023-05-11T09:13:49+00:00\",\"breadcrumb\":{\"@id\":\"https:\/\/iessoldeportocarrero.com\/?page_id=136#breadcrumb\"},\"inLanguage\":\"es\",\"potentialAction\":[{\"@type\":\"ReadAction\",\"target\":[\"https:\/\/iessoldeportocarrero.com\/?page_id=136\"]}]},{\"@type\":\"BreadcrumbList\",\"@id\":\"https:\/\/iessoldeportocarrero.com\/?page_id=136#breadcrumb\",\"itemListElement\":[{\"@type\":\"ListItem\",\"position\":1,\"name\":\"Home\",\"item\":\"https:\/\/iessoldeportocarrero.com\/\"},{\"@type\":\"ListItem\",\"position\":2,\"name\":\"AMPA\",\"item\":\"https:\/\/iessoldeportocarrero.com\/?page_id=41\"},{\"@type\":\"ListItem\",\"position\":3,\"name\":\"\u00bfQuienes formamos el AMPA?\"}]},{\"@type\":\"WebSite\",\"@id\":\"https:\/\/iessoldeportocarrero.com\/#website\",\"url\":\"https:\/\/iessoldeportocarrero.com\/\",\"name\":\"IES SOL DE PORTOCARRERO - LA LABORAL\",\"description\":\"INSTITUTO DE EDUCACI\u00d3N SECUNDARIA Y FORMACI\u00d3N PROFESIONAL\",\"potentialAction\":[{\"@type\":\"SearchAction\",\"target\":{\"@type\":\"EntryPoint\",\"urlTemplate\":\"https:\/\/iessoldeportocarrero.com\/?s={search_term_string}\"},\"query-input\":\"required name=search_term_string\"}],\"inLanguage\":\"es\"}]}<\/script>\n<!-- \/ Yoast SEO plugin. -->","yoast_head_json":{"title":"\u00bfQuienes formamos el AMPA? - IES SOL DE PORTOCARRERO - LA LABORAL","robots":{"index":"index","follow":"follow","max-snippet":"max-snippet:-1","max-image-preview":"max-image-preview:large","max-video-preview":"max-video-preview:-1"},"canonical":"https:\/\/iessoldeportocarrero.com\/?page_id=136","og_locale":"es_ES","og_type":"article","og_title":"\u00bfQuienes formamos el AMPA? - IES SOL DE PORTOCARRERO - LA LABORAL","og_description":"\u00bfQuienes formamos el AMPA? La Asociaci\u00f3n de Madres y Padres BlogsAverroes, est\u00e1 constituida por ___________familias, y gestionada por una &nbsp;Junta Directiva. Puedes ponerte en contacto con nosotros\/as en el email:&nbsp;________________________ Relaci\u00f3n de las personas que forman parte de la Junta Leer m\u00e1s...","og_url":"https:\/\/iessoldeportocarrero.com\/?page_id=136","og_site_name":"IES SOL DE PORTOCARRERO - LA LABORAL","article_modified_time":"2023-05-11T09:13:49+00:00","twitter_card":"summary_large_image","schema":{"@context":"https:\/\/schema.org","@graph":[{"@type":"WebPage","@id":"https:\/\/iessoldeportocarrero.com\/?page_id=136","url":"https:\/\/iessoldeportocarrero.com\/?page_id=136","name":"\u00bfQuienes formamos el AMPA? - IES SOL DE PORTOCARRERO - LA LABORAL","isPartOf":{"@id":"https:\/\/iessoldeportocarrero.com\/#website"},"datePublished":"2022-11-10T11:04:04+00:00","dateModified":"2023-05-11T09:13:49+00:00","breadcrumb":{"@id":"https:\/\/iessoldeportocarrero.com\/?page_id=136#breadcrumb"},"inLanguage":"es","potentialAction":[{"@type":"ReadAction","target":["https:\/\/iessoldeportocarrero.com\/?page_id=136"]}]},{"@type":"BreadcrumbList","@id":"https:\/\/iessoldeportocarrero.com\/?page_id=136#breadcrumb","itemListElement":[{"@type":"ListItem","position":1,"name":"Home","item":"https:\/\/iessoldeportocarrero.com\/"},{"@type":"ListItem","position":2,"name":"AMPA","item":"https:\/\/iessoldeportocarrero.com\/?page_id=41"},{"@type":"ListItem","position":3,"name":"\u00bfQuienes formamos el AMPA?"}]},{"@type":"WebSite","@id":"https:\/\/iessoldeportocarrero.com\/#website","url":"https:\/\/iessoldeportocarrero.com\/","name":"IES SOL DE PORTOCARRERO - LA LABORAL","description":"INSTITUTO DE EDUCACI\u00d3N SECUNDARIA Y FORMACI\u00d3N PROFESIONAL","potentialAction":[{"@type":"SearchAction","target":{"@type":"EntryPoint","urlTemplate":"https:\/\/iessoldeportocarrero.com\/?s={search_term_string}"},"query-input":"required name=search_term_string"}],"inLanguage":"es"}]}},"jetpack_sharing_enabled":true,"jetpack-related-posts":[{"id":134,"url":"https:\/\/iessoldeportocarrero.com\/?page_id=134","url_meta":{"origin":136,"position":0},"title":"\u00bfQu\u00e9 es el AMPA?","author":"admin","date":"noviembre 10, 2022","format":false,"excerpt":"El AMPA es una asociaci\u00f3n sin \u00e1nimo de lucro que formada por los padres y madres de todo el alumnado del Colegio. Es un punto de encuentro y de trabajo independiente, abierto y plural. Desde el AMPA podemos contribuir a la mejora de la calidad de la educaci\u00f3n, la convivencia\u2026","rel":"","context":"Entrada similar","block_context":{"text":"Entrada similar","link":""},"img":{"alt_text":"","src":"https:\/\/i0.wp.com\/iessoldeportocarrero.com\/wp-content\/uploads\/2023\/05\/familia-300x193-1.png?resize=350%2C200&ssl=1","width":350,"height":200},"classes":[]},{"id":132,"url":"https:\/\/iessoldeportocarrero.com\/?page_id=132","url_meta":{"origin":136,"position":1},"title":"Noticias AMPA","author":"admin","date":"noviembre 10, 2022","format":false,"excerpt":"","rel":"","context":"Entrada similar","block_context":{"text":"Entrada similar","link":""},"img":{"alt_text":"","src":"","width":0,"height":0},"classes":[]},{"id":41,"url":"https:\/\/iessoldeportocarrero.com\/?page_id=41","url_meta":{"origin":136,"position":2},"title":"AMPA","author":"admin","date":"noviembre 3, 2022","format":false,"excerpt":"AMPA ALMARIYA Como miembros de la comunidad educativa del IES Sol de Portocarrero es muy importante que los padres y madres estemos en contacto con el centro y participemos en su organizaci\u00f3n y funcionamiento intentando mejorar el instituto en el que nuestros hijos e hijas pasan tanto tiempo. \u00a0 La\u2026","rel":"","context":"Entrada similar","block_context":{"text":"Entrada similar","link":""},"img":{"alt_text":"","src":"https:\/\/i0.wp.com\/iessoldeportocarrero.com\/wp-content\/uploads\/2024\/02\/ampa.png?resize=350%2C200&ssl=1","width":350,"height":200,"srcset":"https:\/\/i0.wp.com\/iessoldeportocarrero.com\/wp-content\/uploads\/2024\/02\/ampa.png?resize=350%2C200&ssl=1 1x, https:\/\/i0.wp.com\/iessoldeportocarrero.com\/wp-content\/uploads\/2024\/02\/ampa.png?resize=525%2C300&ssl=1 1.5x, https:\/\/i0.wp.com\/iessoldeportocarrero.com\/wp-content\/uploads\/2024\/02\/ampa.png?resize=700%2C400&ssl=1 2x"},"classes":[]},{"id":1091,"url":"https:\/\/iessoldeportocarrero.com\/?page_id=1091","url_meta":{"origin":136,"position":3},"title":"SECRETAR\u00cdA","author":"admin","date":"abril 27, 2023","format":false,"excerpt":"Entre las medidas adoptadas por la Consejer\u00eda de Educaci\u00f3n de la Junta de Andaluc\u00eda ante la situaci\u00f3n de crisis sanitaria ocasionada por el COVID-19, se encuentra la habilitaci\u00f3n de la SECRETAR\u00cdA VIRTUAL DE LOS CENTROS DOCENTES ANDALUCES de modo que se puedan realizar los tr\u00e1mites de forma telem\u00e1tica sin necesidad\u2026","rel":"","context":"Entrada similar","block_context":{"text":"Entrada similar","link":""},"img":{"alt_text":"","src":"https:\/\/i0.wp.com\/iessoldeportocarrero.com\/wp-content\/uploads\/2023\/04\/imagen.png?resize=350%2C200&ssl=1","width":350,"height":200},"classes":[]},{"id":53,"url":"https:\/\/iessoldeportocarrero.com\/?page_id=53","url_meta":{"origin":136,"position":4},"title":"Consejo Escolar","author":"admin","date":"noviembre 10, 2022","format":false,"excerpt":"SECTORMIEMBROEQUIPO DIRECTIVOMAR MOTA (DIRECTORA)EQUIPO DIRECTIVORAQUEL SOLER (JEFA DE ESTUDIOS)EQUIPO DIRECTIVORICARDO LINARES (SECRETARIO)PROFESORADO8 REPRESENTANTESMadres\/Padres\/Tutores5 REPRESENTANTESALUMNADO5 REPRESENTANTESP.A.S.1 REPRESENTANTEENTORNO EMPRESARIAL1 REPRESENTANTE","rel":"","context":"Entrada similar","block_context":{"text":"Entrada similar","link":""},"img":{"alt_text":"","src":"https:\/\/i0.wp.com\/s.w.org\/patterns\/files\/2021\/06\/wire-sculpture-263x300.jpg?resize=350%2C200&ssl=1","width":350,"height":200},"classes":[]},{"id":55,"url":"https:\/\/iessoldeportocarrero.com\/?page_id=55","url_meta":{"origin":136,"position":5},"title":"Equipo Directivo","author":"admin","date":"noviembre 10, 2022","format":false,"excerpt":"Direcci\u00f3nM\u00aa del Mar Mota Forte Vicedirecci\u00f3nLidia Cobos S\u00e1nchezSecretar\u00edaJos\u00e9 Botias Palaz\u00f3nJefatura de EstudiosRaquel Soler DelgadoJefatura de Estudios AdjuntaTeresa Bl\u00e1zquez C\u00e1tedraJefatura de Estudios AdjuntaJuana Castillo RojoJefatura de Estudios AdjuntaRicardo Juan Linares Ortiz","rel":"","context":"Entrada similar","block_context":{"text":"Entrada similar","link":""},"img":{"alt_text":"","src":"","width":0,"height":0},"classes":[]}],"_links":{"self":[{"href":"https:\/\/iessoldeportocarrero.com\/index.php?rest_route=\/wp\/v2\/pages\/136","targetHints":{"allow":["GET"]}}],"collection":[{"href":"https:\/\/iessoldeportocarrero.com\/index.php?rest_route=\/wp\/v2\/pages"}],"about":[{"href":"https:\/\/iessoldeportocarrero.com\/index.php?rest_route=\/wp\/v2\/types\/page"}],"author":[{"embeddable":true,"href":"https:\/\/iessoldeportocarrero.com\/index.php?rest_route=\/wp\/v2\/users\/1"}],"replies":[{"embeddable":true,"href":"https:\/\/iessoldeportocarrero.com\/index.php?rest_route=%2Fwp%2Fv2%2Fcomments&post=136"}],"version-history":[{"count":1,"href":"https:\/\/iessoldeportocarrero.com\/index.php?rest_route=\/wp\/v2\/pages\/136\/revisions"}],"predecessor-version":[{"id":1401,"href":"https:\/\/iessoldeportocarrero.com\/index.php?rest_route=\/wp\/v2\/pages\/136\/revisions\/1401"}],"up":[{"embeddable":true,"href":"https:\/\/iessoldeportocarrero.com\/index.php?rest_route=\/wp\/v2\/pages\/41"}],"wp:attachment":[{"href":"https:\/\/iessoldeportocarrero.com\/index.php?rest_route=%2Fwp%2Fv2%2Fmedia&parent=136"}],"curies":[{"name":"wp","href":"https:\/\/api.w.org\/{rel}","templated":true}]}}