{"id":129,"date":"2022-11-10T11:52:50","date_gmt":"2022-11-10T10:52:50","guid":{"rendered":"https:\/\/soldeportocarreroies.wordpress.com\/?page_id=129"},"modified":"2024-11-24T23:02:56","modified_gmt":"2024-11-24T22:02:56","slug":"economia","status":"publish","type":"page","link":"https:\/\/iessoldeportocarrero.com\/?page_id=129","title":{"rendered":"Econom\u00eda"},"content":{"rendered":"<div class=\"wp-block-image is-style-rounded\">\n<figure class=\"aligncenter size-full is-resized\"><img fetchpriority=\"high\" decoding=\"async\" width=\"612\" height=\"408\" src=\"https:\/\/iessoldeportocarrero.com\/wp-content\/uploads\/2023\/05\/istockphoto-1365511379-612x612-1.jpg\" alt=\"\" class=\"wp-image-1355\" style=\"width:306px;height:204px\" srcset=\"https:\/\/iessoldeportocarrero.com\/wp-content\/uploads\/2023\/05\/istockphoto-1365511379-612x612-1.jpg 612w, https:\/\/iessoldeportocarrero.com\/wp-content\/uploads\/2023\/05\/istockphoto-1365511379-612x612-1-300x200.jpg 300w, https:\/\/iessoldeportocarrero.com\/wp-content\/uploads\/2023\/05\/istockphoto-1365511379-612x612-1-360x240.jpg 360w\" sizes=\"(max-width: 612px) 100vw, 612px\" \/><\/figure>\n<\/div>\n\n\n<div class=\"wp-block-buttons is-content-justification-center is-layout-flex wp-container-core-buttons-is-layout-16018d1d wp-block-buttons-is-layout-flex\">\n<div class=\"wp-block-button\"><a class=\"wp-block-button__link wp-element-button\" href=\"https:\/\/drive.google.com\/drive\/folders\/1x_gaCDtQgk_6QWsRfJ_3ka3tYudCrvNh?usp=sharing\" target=\"_blank\" rel=\"noreferrer noopener\">Documentaci\u00f3n<\/a><\/div>\n<\/div>\n\n\n\n<div class=\"wp-block-columns is-layout-flex wp-container-core-columns-is-layout-9d6595d7 wp-block-columns-is-layout-flex\">\n<div class=\"wp-block-column is-layout-flow wp-block-column-is-layout-flow\">\n<p><strong>Econom\u00eda<\/strong><\/p>\n\n\n\n<p>El estudio y la formaci\u00f3n en econom\u00eda se hacen absolutamente necesarios en un contexto muy globalizado, en el que las relaciones econ\u00f3micas son cada vez m\u00e1s complejas. La econom\u00eda est\u00e1 presente en todos los aspectos de nuestra vida cotidiana, cualquier ciudadano necesita conocer las reglas b\u00e1sicas que explican los acontecimientos econ\u00f3micos y el lenguaje espec\u00edfico que es utilizado por los economistas y los medios de comunicaci\u00f3n para analizar esos hechos. La realidad no puede entenderse correctamente sin considerar el comportamiento econ\u00f3mico, individual y colectivo, de las personas en la b\u00fasqueda de la satisfacci\u00f3n de sus necesidades, as\u00ed como la producci\u00f3n y organizaci\u00f3n de los bienes y servicios que se necesitan para ello, y la distribuci\u00f3n de los recursos escasos.<\/p>\n\n\n\n<p><strong>Econom\u00eda de la Empresa<\/strong><\/p>\n\n\n\n<p>La Econom\u00eda de la Empresa estudia y analiza respuestas para los problemas econ\u00f3micos que se plantean en el seno de la empresa; su objetivo es avanzar en el an\u00e1lisis de la moderna organizaci\u00f3n y administraci\u00f3n de empresas, con un enfoque completo y actualizado.<\/p>\n<\/div>\n<\/div>\n\n\n<ul class=\"wp-block-latest-posts__list has-dates has-author wp-block-latest-posts\"><li><a class=\"wp-block-latest-posts__post-title\" href=\"https:\/\/iessoldeportocarrero.com\/?p=2835\">COMPONENTES DEL DEPARTAMENTO<\/a><div class=\"wp-block-latest-posts__post-author\">por Jefe departamento Econom\u00eda e Inform\u00e1tica<\/div><time datetime=\"2024-11-24T23:03:02+01:00\" class=\"wp-block-latest-posts__post-date\">noviembre 24, 2024<\/time><div class=\"wp-block-latest-posts__post-full-content\"><\/div><\/li>\n<\/ul>","protected":false},"excerpt":{"rendered":"<p>Econom\u00eda El estudio y la formaci\u00f3n en econom\u00eda se hacen absolutamente necesarios en un contexto muy globalizado, en el que las relaciones econ\u00f3micas son cada vez m\u00e1s complejas. La econom\u00eda est\u00e1 presente en todos los aspectos de nuestra vida cotidiana, <a href=\"https:\/\/iessoldeportocarrero.com\/?page_id=129\" class=\"read-more\">Leer m\u00e1s&#8230;<\/a><\/p>\n","protected":false},"author":1,"featured_media":0,"parent":28,"menu_order":0,"comment_status":"closed","ping_status":"closed","template":"","meta":{"footnotes":""},"class_list":["post-129","page","type-page","status-publish","hentry"],"yoast_head":"<!-- This site is optimized with the Yoast SEO plugin v19.14 - https:\/\/yoast.com\/wordpress\/plugins\/seo\/ -->\n<title>Econom\u00eda - IES SOL DE PORTOCARRERO - LA LABORAL<\/title>\n<meta name=\"robots\" content=\"index, follow, max-snippet:-1, max-image-preview:large, max-video-preview:-1\" \/>\n<link rel=\"canonical\" href=\"https:\/\/iessoldeportocarrero.com\/?page_id=129\" \/>\n<meta property=\"og:locale\" content=\"es_ES\" \/>\n<meta property=\"og:type\" content=\"article\" \/>\n<meta property=\"og:title\" content=\"Econom\u00eda - IES SOL DE PORTOCARRERO - LA LABORAL\" \/>\n<meta property=\"og:description\" content=\"Econom\u00eda El estudio y la formaci\u00f3n en econom\u00eda se hacen absolutamente necesarios en un contexto muy globalizado, en el que las relaciones econ\u00f3micas son cada vez m\u00e1s complejas. La econom\u00eda est\u00e1 presente en todos los aspectos de nuestra vida cotidiana, Leer m\u00e1s...\" \/>\n<meta property=\"og:url\" content=\"https:\/\/iessoldeportocarrero.com\/?page_id=129\" \/>\n<meta property=\"og:site_name\" content=\"IES SOL DE PORTOCARRERO - LA LABORAL\" \/>\n<meta property=\"article:modified_time\" content=\"2024-11-24T22:02:56+00:00\" \/>\n<meta property=\"og:image\" content=\"https:\/\/iessoldeportocarrero.com\/wp-content\/uploads\/2023\/05\/istockphoto-1365511379-612x612-1.jpg\" \/>\n<meta name=\"twitter:card\" content=\"summary_large_image\" \/>\n<meta name=\"twitter:label1\" content=\"Tiempo de lectura\" \/>\n\t<meta name=\"twitter:data1\" content=\"1 minuto\" \/>\n<script type=\"application\/ld+json\" class=\"yoast-schema-graph\">{\"@context\":\"https:\/\/schema.org\",\"@graph\":[{\"@type\":\"WebPage\",\"@id\":\"https:\/\/iessoldeportocarrero.com\/?page_id=129\",\"url\":\"https:\/\/iessoldeportocarrero.com\/?page_id=129\",\"name\":\"Econom\u00eda - IES SOL DE PORTOCARRERO - LA LABORAL\",\"isPartOf\":{\"@id\":\"https:\/\/iessoldeportocarrero.com\/#website\"},\"datePublished\":\"2022-11-10T10:52:50+00:00\",\"dateModified\":\"2024-11-24T22:02:56+00:00\",\"breadcrumb\":{\"@id\":\"https:\/\/iessoldeportocarrero.com\/?page_id=129#breadcrumb\"},\"inLanguage\":\"es\",\"potentialAction\":[{\"@type\":\"ReadAction\",\"target\":[\"https:\/\/iessoldeportocarrero.com\/?page_id=129\"]}]},{\"@type\":\"BreadcrumbList\",\"@id\":\"https:\/\/iessoldeportocarrero.com\/?page_id=129#breadcrumb\",\"itemListElement\":[{\"@type\":\"ListItem\",\"position\":1,\"name\":\"Home\",\"item\":\"https:\/\/iessoldeportocarrero.com\/\"},{\"@type\":\"ListItem\",\"position\":2,\"name\":\"DEPARTAMENTOS\",\"item\":\"https:\/\/iessoldeportocarrero.com\/?page_id=28\"},{\"@type\":\"ListItem\",\"position\":3,\"name\":\"Econom\u00eda\"}]},{\"@type\":\"WebSite\",\"@id\":\"https:\/\/iessoldeportocarrero.com\/#website\",\"url\":\"https:\/\/iessoldeportocarrero.com\/\",\"name\":\"IES SOL DE PORTOCARRERO - LA LABORAL\",\"description\":\"INSTITUTO DE EDUCACI\u00d3N SECUNDARIA Y FORMACI\u00d3N PROFESIONAL\",\"potentialAction\":[{\"@type\":\"SearchAction\",\"target\":{\"@type\":\"EntryPoint\",\"urlTemplate\":\"https:\/\/iessoldeportocarrero.com\/?s={search_term_string}\"},\"query-input\":\"required name=search_term_string\"}],\"inLanguage\":\"es\"}]}<\/script>\n<!-- \/ Yoast SEO plugin. -->","yoast_head_json":{"title":"Econom\u00eda - IES SOL DE PORTOCARRERO - LA LABORAL","robots":{"index":"index","follow":"follow","max-snippet":"max-snippet:-1","max-image-preview":"max-image-preview:large","max-video-preview":"max-video-preview:-1"},"canonical":"https:\/\/iessoldeportocarrero.com\/?page_id=129","og_locale":"es_ES","og_type":"article","og_title":"Econom\u00eda - IES SOL DE PORTOCARRERO - LA LABORAL","og_description":"Econom\u00eda El estudio y la formaci\u00f3n en econom\u00eda se hacen absolutamente necesarios en un contexto muy globalizado, en el que las relaciones econ\u00f3micas son cada vez m\u00e1s complejas. La econom\u00eda est\u00e1 presente en todos los aspectos de nuestra vida cotidiana, Leer m\u00e1s...","og_url":"https:\/\/iessoldeportocarrero.com\/?page_id=129","og_site_name":"IES SOL DE PORTOCARRERO - LA LABORAL","article_modified_time":"2024-11-24T22:02:56+00:00","og_image":[{"url":"https:\/\/iessoldeportocarrero.com\/wp-content\/uploads\/2023\/05\/istockphoto-1365511379-612x612-1.jpg"}],"twitter_card":"summary_large_image","twitter_misc":{"Tiempo de lectura":"1 minuto"},"schema":{"@context":"https:\/\/schema.org","@graph":[{"@type":"WebPage","@id":"https:\/\/iessoldeportocarrero.com\/?page_id=129","url":"https:\/\/iessoldeportocarrero.com\/?page_id=129","name":"Econom\u00eda - IES SOL DE PORTOCARRERO - LA LABORAL","isPartOf":{"@id":"https:\/\/iessoldeportocarrero.com\/#website"},"datePublished":"2022-11-10T10:52:50+00:00","dateModified":"2024-11-24T22:02:56+00:00","breadcrumb":{"@id":"https:\/\/iessoldeportocarrero.com\/?page_id=129#breadcrumb"},"inLanguage":"es","potentialAction":[{"@type":"ReadAction","target":["https:\/\/iessoldeportocarrero.com\/?page_id=129"]}]},{"@type":"BreadcrumbList","@id":"https:\/\/iessoldeportocarrero.com\/?page_id=129#breadcrumb","itemListElement":[{"@type":"ListItem","position":1,"name":"Home","item":"https:\/\/iessoldeportocarrero.com\/"},{"@type":"ListItem","position":2,"name":"DEPARTAMENTOS","item":"https:\/\/iessoldeportocarrero.com\/?page_id=28"},{"@type":"ListItem","position":3,"name":"Econom\u00eda"}]},{"@type":"WebSite","@id":"https:\/\/iessoldeportocarrero.com\/#website","url":"https:\/\/iessoldeportocarrero.com\/","name":"IES SOL DE PORTOCARRERO - LA LABORAL","description":"INSTITUTO DE EDUCACI\u00d3N SECUNDARIA Y FORMACI\u00d3N PROFESIONAL","potentialAction":[{"@type":"SearchAction","target":{"@type":"EntryPoint","urlTemplate":"https:\/\/iessoldeportocarrero.com\/?s={search_term_string}"},"query-input":"required name=search_term_string"}],"inLanguage":"es"}]}},"jetpack_sharing_enabled":true,"jetpack-related-posts":[{"id":313,"url":"https:\/\/iessoldeportocarrero.com\/?page_id=313","url_meta":{"origin":129,"position":0},"title":"Documentaci\u00f3n_Econom\u00eda","author":"admin","date":"noviembre 14, 2022","format":false,"excerpt":"","rel":"","context":"Entrada similar","block_context":{"text":"Entrada similar","link":""},"img":{"alt_text":"","src":"","width":0,"height":0},"classes":[]},{"id":107,"url":"https:\/\/iessoldeportocarrero.com\/?page_id=107","url_meta":{"origin":129,"position":1},"title":"Franc\u00e9s","author":"admin","date":"noviembre 10, 2022","format":false,"excerpt":"Documentaci\u00f3n Segunda Lengua Extranjera El pluriling\u00fcismo es una de las se\u00f1as de identidad de la ciudadan\u00eda en una Europa multiling\u00fce y multicultural, cuya diversidad no debe suponer un obst\u00e1culo a la movilidad y la cooperaci\u00f3n sino constituir una fuente de riqueza personal, social y cultural y un factor de progreso.\u2026","rel":"","context":"Entrada similar","block_context":{"text":"Entrada similar","link":""},"img":{"alt_text":"","src":"https:\/\/i0.wp.com\/iessoldeportocarrero.com\/wp-content\/uploads\/2023\/05\/istockphoto-1169984447-612x612-1.jpg?resize=350%2C200&ssl=1","width":350,"height":200,"srcset":"https:\/\/i0.wp.com\/iessoldeportocarrero.com\/wp-content\/uploads\/2023\/05\/istockphoto-1169984447-612x612-1.jpg?resize=350%2C200&ssl=1 1x, https:\/\/i0.wp.com\/iessoldeportocarrero.com\/wp-content\/uploads\/2023\/05\/istockphoto-1169984447-612x612-1.jpg?resize=525%2C300&ssl=1 1.5x"},"classes":[]},{"id":371,"url":"https:\/\/iessoldeportocarrero.com\/?page_id=371","url_meta":{"origin":129,"position":2},"title":"Programaci\u00f3n_Economia","author":"admin","date":"noviembre 14, 2022","format":false,"excerpt":"","rel":"","context":"Entrada similar","block_context":{"text":"Entrada similar","link":""},"img":{"alt_text":"","src":"","width":0,"height":0},"classes":[]},{"id":353,"url":"https:\/\/iessoldeportocarrero.com\/?page_id=353","url_meta":{"origin":129,"position":3},"title":"Documentaci\u00f3n_FEIE","author":"admin","date":"noviembre 14, 2022","format":false,"excerpt":"","rel":"","context":"Entrada similar","block_context":{"text":"Entrada similar","link":""},"img":{"alt_text":"","src":"","width":0,"height":0},"classes":[]},{"id":109,"url":"https:\/\/iessoldeportocarrero.com\/?page_id=109","url_meta":{"origin":129,"position":4},"title":"Geograf\u00eda e Historia.","author":"admin","date":"noviembre 10, 2022","format":false,"excerpt":"Documentaci\u00f3n El conocimiento de la sociedad, su organizaci\u00f3n y funcionamiento a lo largo del tiempo es esencial para poder entender el mundo actual. Conocer el espacio donde se desarrollan las sociedades, los recursos naturales y el uso que se ha dado a \u00e9stos, nos aporta datos sobre el pasado y\u2026","rel":"","context":"Entrada similar","block_context":{"text":"Entrada similar","link":""},"img":{"alt_text":"","src":"https:\/\/i0.wp.com\/iessoldeportocarrero.com\/wp-content\/uploads\/2023\/05\/istockphoto-154063991-612x612-1.jpg?resize=350%2C200&ssl=1","width":350,"height":200,"srcset":"https:\/\/i0.wp.com\/iessoldeportocarrero.com\/wp-content\/uploads\/2023\/05\/istockphoto-154063991-612x612-1.jpg?resize=350%2C200&ssl=1 1x, https:\/\/i0.wp.com\/iessoldeportocarrero.com\/wp-content\/uploads\/2023\/05\/istockphoto-154063991-612x612-1.jpg?resize=525%2C300&ssl=1 1.5x"},"classes":[]},{"id":105,"url":"https:\/\/iessoldeportocarrero.com\/?page_id=105","url_meta":{"origin":129,"position":5},"title":"Formaci\u00f3n , Evaluaci\u00f3n e Innovaci\u00f3n Educativa","author":"admin","date":"noviembre 10, 2022","format":false,"excerpt":"Documentaci\u00f3n FEIE","rel":"","context":"Entrada similar","block_context":{"text":"Entrada similar","link":""},"img":{"alt_text":"","src":"","width":0,"height":0},"classes":[]}],"_links":{"self":[{"href":"https:\/\/iessoldeportocarrero.com\/index.php?rest_route=\/wp\/v2\/pages\/129","targetHints":{"allow":["GET"]}}],"collection":[{"href":"https:\/\/iessoldeportocarrero.com\/index.php?rest_route=\/wp\/v2\/pages"}],"about":[{"href":"https:\/\/iessoldeportocarrero.com\/index.php?rest_route=\/wp\/v2\/types\/page"}],"author":[{"embeddable":true,"href":"https:\/\/iessoldeportocarrero.com\/index.php?rest_route=\/wp\/v2\/users\/1"}],"replies":[{"embeddable":true,"href":"https:\/\/iessoldeportocarrero.com\/index.php?rest_route=%2Fwp%2Fv2%2Fcomments&post=129"}],"version-history":[{"count":11,"href":"https:\/\/iessoldeportocarrero.com\/index.php?rest_route=\/wp\/v2\/pages\/129\/revisions"}],"predecessor-version":[{"id":2837,"href":"https:\/\/iessoldeportocarrero.com\/index.php?rest_route=\/wp\/v2\/pages\/129\/revisions\/2837"}],"up":[{"embeddable":true,"href":"https:\/\/iessoldeportocarrero.com\/index.php?rest_route=\/wp\/v2\/pages\/28"}],"wp:attachment":[{"href":"https:\/\/iessoldeportocarrero.com\/index.php?rest_route=%2Fwp%2Fv2%2Fmedia&parent=129"}],"curies":[{"name":"wp","href":"https:\/\/api.w.org\/{rel}","templated":true}]}}