{"id":125,"date":"2022-11-10T11:49:49","date_gmt":"2022-11-10T10:49:49","guid":{"rendered":"https:\/\/soldeportocarreroies.wordpress.com\/?page_id=125"},"modified":"2023-05-24T12:20:59","modified_gmt":"2023-05-24T10:20:59","slug":"religion","status":"publish","type":"page","link":"https:\/\/iessoldeportocarrero.com\/?page_id=125","title":{"rendered":"Religi\u00f3n"},"content":{"rendered":"<div class=\"wp-block-image is-style-rounded\">\n<figure class=\"aligncenter size-full is-resized\"><img fetchpriority=\"high\" decoding=\"async\" src=\"https:\/\/iessoldeportocarrero.com\/wp-content\/uploads\/2023\/05\/istockphoto-1130867088-612x612-1.jpg\" alt=\"\" class=\"wp-image-1387\" width=\"306\" height=\"191\" srcset=\"https:\/\/iessoldeportocarrero.com\/wp-content\/uploads\/2023\/05\/istockphoto-1130867088-612x612-1.jpg 612w, https:\/\/iessoldeportocarrero.com\/wp-content\/uploads\/2023\/05\/istockphoto-1130867088-612x612-1-300x187.jpg 300w, https:\/\/iessoldeportocarrero.com\/wp-content\/uploads\/2023\/05\/istockphoto-1130867088-612x612-1-360x224.jpg 360w\" sizes=\"(max-width: 306px) 100vw, 306px\" \/><\/figure>\n<\/div>\n\n\n<div class=\"wp-block-buttons is-content-justification-center is-layout-flex wp-container-core-buttons-is-layout-16018d1d wp-block-buttons-is-layout-flex\">\n<div class=\"wp-block-button\"><a class=\"wp-block-button__link wp-element-button\" href=\"https:\/\/drive.google.com\/drive\/folders\/1axc_nmjFcpK_p-ONoMG51BHd95S9M9AN?usp=sharing\" target=\"_blank\" rel=\"noreferrer noopener\">Documentaci\u00f3n<\/a><\/div>\n<\/div>\n\n\n\n<div class=\"wp-block-columns is-layout-flex wp-container-core-columns-is-layout-9d6595d7 wp-block-columns-is-layout-flex\">\n<div class=\"wp-block-column is-layout-flow wp-block-column-is-layout-flow\">\n<figure class=\"wp-block-table is-style-stripes\"><table><tbody><tr><td><strong>El departamento de Religi\u00f3n est\u00e1 formado por:<\/strong><\/td><\/tr><tr><td><br><br>Jes\u00fas Gines Garc\u00eda Aiz<\/td><\/tr><tr><td><br><br>Mar\u00eda Adoraci\u00f3n Amat Carmona<\/td><\/tr><tr><td><br><br>Mar\u00eda del Mar Polo Ossorio<\/td><\/tr><\/tbody><\/table><\/figure>\n<\/div>\n\n\n\n<div class=\"wp-block-column is-layout-flow wp-block-column-is-layout-flow\"><\/div>\n<\/div>\n\n\n\n<div class=\"wp-block-query is-layout-flow wp-block-query-is-layout-flow\"><\/div>\n","protected":false},"excerpt":{"rendered":"<p>El departamento de Religi\u00f3n est\u00e1 formado por: Jes\u00fas Gines Garc\u00eda Aiz Mar\u00eda Adoraci\u00f3n Amat Carmona Mar\u00eda del Mar Polo Ossorio<\/p>\n","protected":false},"author":1,"featured_media":0,"parent":28,"menu_order":0,"comment_status":"closed","ping_status":"closed","template":"","meta":{"footnotes":""},"class_list":["post-125","page","type-page","status-publish","hentry"],"yoast_head":"<!-- This site is optimized with the Yoast SEO plugin v19.14 - https:\/\/yoast.com\/wordpress\/plugins\/seo\/ -->\n<title>Religi\u00f3n - IES SOL DE PORTOCARRERO - LA LABORAL<\/title>\n<meta name=\"robots\" content=\"index, follow, max-snippet:-1, max-image-preview:large, max-video-preview:-1\" \/>\n<link rel=\"canonical\" href=\"https:\/\/iessoldeportocarrero.com\/?page_id=125\" \/>\n<meta property=\"og:locale\" content=\"es_ES\" \/>\n<meta property=\"og:type\" content=\"article\" \/>\n<meta property=\"og:title\" content=\"Religi\u00f3n - IES SOL DE PORTOCARRERO - LA LABORAL\" \/>\n<meta property=\"og:description\" content=\"El departamento de Religi\u00f3n est\u00e1 formado por: Jes\u00fas Gines Garc\u00eda Aiz Mar\u00eda Adoraci\u00f3n Amat Carmona Mar\u00eda del Mar Polo Ossorio\" \/>\n<meta property=\"og:url\" content=\"https:\/\/iessoldeportocarrero.com\/?page_id=125\" \/>\n<meta property=\"og:site_name\" content=\"IES SOL DE PORTOCARRERO - LA LABORAL\" \/>\n<meta property=\"article:modified_time\" content=\"2023-05-24T10:20:59+00:00\" \/>\n<meta property=\"og:image\" content=\"https:\/\/iessoldeportocarrero.com\/wp-content\/uploads\/2023\/05\/istockphoto-1130867088-612x612-1.jpg\" \/>\n<meta name=\"twitter:card\" content=\"summary_large_image\" \/>\n<meta name=\"twitter:label1\" content=\"Tiempo de lectura\" \/>\n\t<meta name=\"twitter:data1\" content=\"1 minuto\" \/>\n<script type=\"application\/ld+json\" class=\"yoast-schema-graph\">{\"@context\":\"https:\/\/schema.org\",\"@graph\":[{\"@type\":\"WebPage\",\"@id\":\"https:\/\/iessoldeportocarrero.com\/?page_id=125\",\"url\":\"https:\/\/iessoldeportocarrero.com\/?page_id=125\",\"name\":\"Religi\u00f3n - IES SOL DE PORTOCARRERO - LA LABORAL\",\"isPartOf\":{\"@id\":\"https:\/\/iessoldeportocarrero.com\/#website\"},\"datePublished\":\"2022-11-10T10:49:49+00:00\",\"dateModified\":\"2023-05-24T10:20:59+00:00\",\"breadcrumb\":{\"@id\":\"https:\/\/iessoldeportocarrero.com\/?page_id=125#breadcrumb\"},\"inLanguage\":\"es\",\"potentialAction\":[{\"@type\":\"ReadAction\",\"target\":[\"https:\/\/iessoldeportocarrero.com\/?page_id=125\"]}]},{\"@type\":\"BreadcrumbList\",\"@id\":\"https:\/\/iessoldeportocarrero.com\/?page_id=125#breadcrumb\",\"itemListElement\":[{\"@type\":\"ListItem\",\"position\":1,\"name\":\"Home\",\"item\":\"https:\/\/iessoldeportocarrero.com\/\"},{\"@type\":\"ListItem\",\"position\":2,\"name\":\"DEPARTAMENTOS\",\"item\":\"https:\/\/iessoldeportocarrero.com\/?page_id=28\"},{\"@type\":\"ListItem\",\"position\":3,\"name\":\"Religi\u00f3n\"}]},{\"@type\":\"WebSite\",\"@id\":\"https:\/\/iessoldeportocarrero.com\/#website\",\"url\":\"https:\/\/iessoldeportocarrero.com\/\",\"name\":\"IES SOL DE PORTOCARRERO - LA LABORAL\",\"description\":\"INSTITUTO DE EDUCACI\u00d3N SECUNDARIA Y FORMACI\u00d3N PROFESIONAL\",\"potentialAction\":[{\"@type\":\"SearchAction\",\"target\":{\"@type\":\"EntryPoint\",\"urlTemplate\":\"https:\/\/iessoldeportocarrero.com\/?s={search_term_string}\"},\"query-input\":\"required name=search_term_string\"}],\"inLanguage\":\"es\"}]}<\/script>\n<!-- \/ Yoast SEO plugin. -->","yoast_head_json":{"title":"Religi\u00f3n - IES SOL DE PORTOCARRERO - LA LABORAL","robots":{"index":"index","follow":"follow","max-snippet":"max-snippet:-1","max-image-preview":"max-image-preview:large","max-video-preview":"max-video-preview:-1"},"canonical":"https:\/\/iessoldeportocarrero.com\/?page_id=125","og_locale":"es_ES","og_type":"article","og_title":"Religi\u00f3n - IES SOL DE PORTOCARRERO - LA LABORAL","og_description":"El departamento de Religi\u00f3n est\u00e1 formado por: Jes\u00fas Gines Garc\u00eda Aiz Mar\u00eda Adoraci\u00f3n Amat Carmona Mar\u00eda del Mar Polo Ossorio","og_url":"https:\/\/iessoldeportocarrero.com\/?page_id=125","og_site_name":"IES SOL DE PORTOCARRERO - LA LABORAL","article_modified_time":"2023-05-24T10:20:59+00:00","og_image":[{"url":"https:\/\/iessoldeportocarrero.com\/wp-content\/uploads\/2023\/05\/istockphoto-1130867088-612x612-1.jpg"}],"twitter_card":"summary_large_image","twitter_misc":{"Tiempo de lectura":"1 minuto"},"schema":{"@context":"https:\/\/schema.org","@graph":[{"@type":"WebPage","@id":"https:\/\/iessoldeportocarrero.com\/?page_id=125","url":"https:\/\/iessoldeportocarrero.com\/?page_id=125","name":"Religi\u00f3n - IES SOL DE PORTOCARRERO - LA LABORAL","isPartOf":{"@id":"https:\/\/iessoldeportocarrero.com\/#website"},"datePublished":"2022-11-10T10:49:49+00:00","dateModified":"2023-05-24T10:20:59+00:00","breadcrumb":{"@id":"https:\/\/iessoldeportocarrero.com\/?page_id=125#breadcrumb"},"inLanguage":"es","potentialAction":[{"@type":"ReadAction","target":["https:\/\/iessoldeportocarrero.com\/?page_id=125"]}]},{"@type":"BreadcrumbList","@id":"https:\/\/iessoldeportocarrero.com\/?page_id=125#breadcrumb","itemListElement":[{"@type":"ListItem","position":1,"name":"Home","item":"https:\/\/iessoldeportocarrero.com\/"},{"@type":"ListItem","position":2,"name":"DEPARTAMENTOS","item":"https:\/\/iessoldeportocarrero.com\/?page_id=28"},{"@type":"ListItem","position":3,"name":"Religi\u00f3n"}]},{"@type":"WebSite","@id":"https:\/\/iessoldeportocarrero.com\/#website","url":"https:\/\/iessoldeportocarrero.com\/","name":"IES SOL DE PORTOCARRERO - LA LABORAL","description":"INSTITUTO DE EDUCACI\u00d3N SECUNDARIA Y FORMACI\u00d3N PROFESIONAL","potentialAction":[{"@type":"SearchAction","target":{"@type":"EntryPoint","urlTemplate":"https:\/\/iessoldeportocarrero.com\/?s={search_term_string}"},"query-input":"required name=search_term_string"}],"inLanguage":"es"}]}},"jetpack_sharing_enabled":true,"jetpack-related-posts":[{"id":315,"url":"https:\/\/iessoldeportocarrero.com\/?page_id=315","url_meta":{"origin":125,"position":0},"title":"Documentaci\u00f3n_Religi\u00f3n","author":"admin","date":"noviembre 14, 2022","format":false,"excerpt":"","rel":"","context":"Entrada similar","block_context":{"text":"Entrada similar","link":""},"img":{"alt_text":"","src":"","width":0,"height":0},"classes":[]},{"id":373,"url":"https:\/\/iessoldeportocarrero.com\/?page_id=373","url_meta":{"origin":125,"position":1},"title":"Programaci\u00f3n_Religi\u00f3n","author":"admin","date":"noviembre 14, 2022","format":false,"excerpt":"","rel":"","context":"Entrada similar","block_context":{"text":"Entrada similar","link":""},"img":{"alt_text":"","src":"","width":0,"height":0},"classes":[]},{"id":307,"url":"https:\/\/iessoldeportocarrero.com\/?page_id=307","url_meta":{"origin":125,"position":2},"title":"Documentaci\u00f3n_Franc\u00e9s","author":"admin","date":"noviembre 14, 2022","format":false,"excerpt":"Documentaci\u00f3n Programaci\u00f3n","rel":"","context":"Entrada similar","block_context":{"text":"Entrada similar","link":""},"img":{"alt_text":"","src":"","width":0,"height":0},"classes":[]},{"id":351,"url":"https:\/\/iessoldeportocarrero.com\/?page_id=351","url_meta":{"origin":125,"position":3},"title":"Documentaci\u00f3n_Extraescolares","author":"admin","date":"noviembre 14, 2022","format":false,"excerpt":"","rel":"","context":"Entrada similar","block_context":{"text":"Entrada similar","link":""},"img":{"alt_text":"","src":"","width":0,"height":0},"classes":[]},{"id":174,"url":"https:\/\/iessoldeportocarrero.com\/?page_id=174","url_meta":{"origin":125,"position":4},"title":"Documentaci\u00f3n_Mat","author":"admin","date":"noviembre 11, 2022","format":false,"excerpt":"","rel":"","context":"Entrada similar","block_context":{"text":"Entrada similar","link":""},"img":{"alt_text":"","src":"","width":0,"height":0},"classes":[]},{"id":299,"url":"https:\/\/iessoldeportocarrero.com\/?page_id=299","url_meta":{"origin":125,"position":5},"title":"Documentaci\u00f3n_FOL","author":"admin","date":"noviembre 14, 2022","format":false,"excerpt":"","rel":"","context":"Entrada similar","block_context":{"text":"Entrada similar","link":""},"img":{"alt_text":"","src":"","width":0,"height":0},"classes":[]}],"_links":{"self":[{"href":"https:\/\/iessoldeportocarrero.com\/index.php?rest_route=\/wp\/v2\/pages\/125","targetHints":{"allow":["GET"]}}],"collection":[{"href":"https:\/\/iessoldeportocarrero.com\/index.php?rest_route=\/wp\/v2\/pages"}],"about":[{"href":"https:\/\/iessoldeportocarrero.com\/index.php?rest_route=\/wp\/v2\/types\/page"}],"author":[{"embeddable":true,"href":"https:\/\/iessoldeportocarrero.com\/index.php?rest_route=\/wp\/v2\/users\/1"}],"replies":[{"embeddable":true,"href":"https:\/\/iessoldeportocarrero.com\/index.php?rest_route=%2Fwp%2Fv2%2Fcomments&post=125"}],"version-history":[{"count":3,"href":"https:\/\/iessoldeportocarrero.com\/index.php?rest_route=\/wp\/v2\/pages\/125\/revisions"}],"predecessor-version":[{"id":1578,"href":"https:\/\/iessoldeportocarrero.com\/index.php?rest_route=\/wp\/v2\/pages\/125\/revisions\/1578"}],"up":[{"embeddable":true,"href":"https:\/\/iessoldeportocarrero.com\/index.php?rest_route=\/wp\/v2\/pages\/28"}],"wp:attachment":[{"href":"https:\/\/iessoldeportocarrero.com\/index.php?rest_route=%2Fwp%2Fv2%2Fmedia&parent=125"}],"curies":[{"name":"wp","href":"https:\/\/api.w.org\/{rel}","templated":true}]}}