{"id":119,"date":"2022-11-10T11:48:42","date_gmt":"2022-11-10T10:48:42","guid":{"rendered":"https:\/\/soldeportocarreroies.wordpress.com\/?page_id=119"},"modified":"2024-11-24T23:37:36","modified_gmt":"2024-11-24T22:37:36","slug":"musica","status":"publish","type":"page","link":"https:\/\/iessoldeportocarrero.com\/?page_id=119","title":{"rendered":"M\u00fasica"},"content":{"rendered":"<div class=\"wp-block-image is-style-rounded\">\n<figure class=\"aligncenter size-full is-resized\"><img fetchpriority=\"high\" decoding=\"async\" width=\"612\" height=\"408\" src=\"https:\/\/iessoldeportocarrero.com\/wp-content\/uploads\/2023\/05\/istockphoto-1446743599-612x612-1.jpg\" alt=\"\" class=\"wp-image-1379\" style=\"width:306px;height:204px\" srcset=\"https:\/\/iessoldeportocarrero.com\/wp-content\/uploads\/2023\/05\/istockphoto-1446743599-612x612-1.jpg 612w, https:\/\/iessoldeportocarrero.com\/wp-content\/uploads\/2023\/05\/istockphoto-1446743599-612x612-1-300x200.jpg 300w, https:\/\/iessoldeportocarrero.com\/wp-content\/uploads\/2023\/05\/istockphoto-1446743599-612x612-1-360x240.jpg 360w\" sizes=\"(max-width: 612px) 100vw, 612px\" \/><\/figure>\n<\/div>\n\n\n<div class=\"wp-block-buttons is-content-justification-center is-layout-flex wp-container-core-buttons-is-layout-16018d1d wp-block-buttons-is-layout-flex\">\n<div class=\"wp-block-button\"><a class=\"wp-block-button__link wp-element-button\" href=\"https:\/\/drive.google.com\/drive\/folders\/1HLigCgttqnXRXrWUkBvtfrz_PisJ3Ouw?usp=sharing\" target=\"_blank\" rel=\"noreferrer noopener\">Documentaci\u00f3n<\/a><\/div>\n<\/div>\n\n\n\n<div class=\"wp-block-columns is-layout-flex wp-container-core-columns-is-layout-9d6595d7 wp-block-columns-is-layout-flex\">\n<div class=\"wp-block-column is-layout-flow wp-block-column-is-layout-flow\">\n<p><strong>M\u00fasica<\/strong><\/p>\n\n\n\n<p>La m\u00fasica, como bien cultural y como lenguaje y medio de comunicaci\u00f3n no verbal, constituye un elemento con gran valor en la vida de las personas; adem\u00e1s, favorece el desarrollo integral de los individuos, interviene en su formaci\u00f3n emocional e intelectual, a trav\u00e9s del conocimiento del hecho musical como manifestaci\u00f3n cultural e hist\u00f3rica, y contribuye al afianzamiento de una postura abierta, reflexiva y cr\u00edtica en el alumnado.<\/p>\n\n\n\n<p>En la actualidad la m\u00fasica constituye uno de los principales referentes de identificaci\u00f3n de la juventud. Con el desarrollo tecnol\u00f3gico se han multiplicado los cauces de acceso a las cada vez m\u00e1s numerosas fuentes de cultura musical, as\u00ed como a sus diversas maneras de creaci\u00f3n e interpretaci\u00f3n a trav\u00e9s de veh\u00edculos que forman parte de su vida cotidiana como Internet, dispositivos m\u00f3viles, reproductores de audio o videojuegos; adem\u00e1s, fomenta el desarrollo de la percepci\u00f3n, la sensibilidad est\u00e9tica, la expresi\u00f3n creativa y la reflexi\u00f3n cr\u00edtica.<\/p>\n<\/div>\n<\/div>\n\n\n\n<div class=\"wp-block-query is-layout-flow wp-block-query-is-layout-flow\"><ul class=\"wp-block-post-template is-layout-flow wp-block-post-template-is-layout-flow\"><li class=\"wp-block-post post-2863 post type-post status-publish format-standard hentry category-musica\">\n<ul class=\"wp-block-latest-posts__list has-dates wp-block-latest-posts\"><li><a class=\"wp-block-latest-posts__post-title\" href=\"https:\/\/iessoldeportocarrero.com\/?p=2863\">COMPONENTES DEL DEPARTAMENTO<\/a><time datetime=\"2024-11-24T23:36:23+01:00\" class=\"wp-block-latest-posts__post-date\">noviembre 24, 2024<\/time><div class=\"wp-block-latest-posts__post-full-content\"><!-- wp:table {\"hasFixedLayout\":false,\"className\":\"is-style-stripes\"} -->\n<figure class=\"wp-block-table is-style-stripes\"><table><tbody><tr><td class=\"has-text-align-center\" data-align=\"center\"><strong>El departamento de M\u00fasica est\u00e1 formado por:<\/strong><\/td><\/tr><tr><td class=\"has-text-align-center\" data-align=\"center\">Francisco Javier Caballero P\u00e9rez<\/td><\/tr><tr><td class=\"has-text-align-center\" data-align=\"center\">Miguel \u00c1ngel Camacho Rodr\u00edguez<\/td><\/tr><\/tbody><\/table><\/figure>\n<!-- \/wp:table -->\n\n<!-- wp:paragraph -->\n<p><\/p>\n<!-- \/wp:paragraph --><\/div><\/li>\n<li><div class=\"wp-block-latest-posts__featured-image aligncenter\"><img decoding=\"async\" width=\"150\" height=\"150\" src=\"https:\/\/iessoldeportocarrero.com\/wp-content\/uploads\/2023\/11\/IMG_20231127_1259241-1-pdf-1024x461-1-150x150.jpg\" class=\"attachment-thumbnail size-thumbnail wp-post-image\" alt=\"\" style=\"max-width:113px;max-height:113px;\" \/><\/div><a class=\"wp-block-latest-posts__post-title\" href=\"https:\/\/iessoldeportocarrero.com\/?p=1852\">CONCIERTO DE JAZZ  CON LOS ALUMNOS DE 2\u00ba E.S.O<\/a><time datetime=\"2023-11-28T19:57:47+01:00\" class=\"wp-block-latest-posts__post-date\">noviembre 28, 2023<\/time><div class=\"wp-block-latest-posts__post-full-content\"><!-- wp:paragraph -->\n<p>Los alumnos de 2\u00ba E.S.O, han disfrutado de unas jornadas con un extraordinario concierto de Jazz.<\/p>\n<!-- \/wp:paragraph -->\n\n<!-- wp:image {\"id\":1860,\"sizeSlug\":\"large\",\"linkDestination\":\"none\"} -->\n<figure class=\"wp-block-image size-large\"><img decoding=\"async\" width=\"1024\" height=\"461\" src=\"https:\/\/iessoldeportocarrero.com\/wp-content\/uploads\/2023\/11\/IMG_20231127_1216021-1-pdf-1024x461.jpg\" alt=\"\" class=\"wp-image-1860\" \/><\/figure>\n<!-- \/wp:image -->\n\n<!-- wp:image {\"id\":1857,\"sizeSlug\":\"large\",\"linkDestination\":\"none\"} -->\n<figure class=\"wp-block-image size-large\"><img loading=\"lazy\" decoding=\"async\" width=\"1024\" height=\"461\" src=\"https:\/\/iessoldeportocarrero.com\/wp-content\/uploads\/2023\/11\/IMG_20231127_1259241-1-pdf-1024x461.jpg\" alt=\"\" class=\"wp-image-1857\" \/><\/figure>\n<!-- \/wp:image --><\/div><\/li>\n<\/ul>\n<\/li><li class=\"wp-block-post post-1852 post type-post status-publish format-standard has-post-thumbnail hentry category-centro category-musica\">\n<ul class=\"wp-block-latest-posts__list has-dates wp-block-latest-posts\"><li><a class=\"wp-block-latest-posts__post-title\" href=\"https:\/\/iessoldeportocarrero.com\/?p=2863\">COMPONENTES DEL DEPARTAMENTO<\/a><time datetime=\"2024-11-24T23:36:23+01:00\" class=\"wp-block-latest-posts__post-date\">noviembre 24, 2024<\/time><div class=\"wp-block-latest-posts__post-full-content\"><!-- wp:table {\"hasFixedLayout\":false,\"className\":\"is-style-stripes\"} -->\n<figure class=\"wp-block-table is-style-stripes\"><table><tbody><tr><td class=\"has-text-align-center\" data-align=\"center\"><strong>El departamento de M\u00fasica est\u00e1 formado por:<\/strong><\/td><\/tr><tr><td class=\"has-text-align-center\" data-align=\"center\">Francisco Javier Caballero P\u00e9rez<\/td><\/tr><tr><td class=\"has-text-align-center\" data-align=\"center\">Miguel \u00c1ngel Camacho Rodr\u00edguez<\/td><\/tr><\/tbody><\/table><\/figure>\n<!-- \/wp:table -->\n\n<!-- wp:paragraph -->\n<p><\/p>\n<!-- \/wp:paragraph --><\/div><\/li>\n<li><div class=\"wp-block-latest-posts__featured-image aligncenter\"><img decoding=\"async\" width=\"150\" height=\"150\" src=\"https:\/\/iessoldeportocarrero.com\/wp-content\/uploads\/2023\/11\/IMG_20231127_1259241-1-pdf-1024x461-1-150x150.jpg\" class=\"attachment-thumbnail size-thumbnail wp-post-image\" alt=\"\" style=\"max-width:113px;max-height:113px;\" \/><\/div><a class=\"wp-block-latest-posts__post-title\" href=\"https:\/\/iessoldeportocarrero.com\/?p=1852\">CONCIERTO DE JAZZ  CON LOS ALUMNOS DE 2\u00ba E.S.O<\/a><time datetime=\"2023-11-28T19:57:47+01:00\" class=\"wp-block-latest-posts__post-date\">noviembre 28, 2023<\/time><div class=\"wp-block-latest-posts__post-full-content\"><!-- wp:paragraph -->\n<p>Los alumnos de 2\u00ba E.S.O, han disfrutado de unas jornadas con un extraordinario concierto de Jazz.<\/p>\n<!-- \/wp:paragraph -->\n\n<!-- wp:image {\"id\":1860,\"sizeSlug\":\"large\",\"linkDestination\":\"none\"} -->\n<figure class=\"wp-block-image size-large\"><img decoding=\"async\" width=\"1024\" height=\"461\" src=\"https:\/\/iessoldeportocarrero.com\/wp-content\/uploads\/2023\/11\/IMG_20231127_1216021-1-pdf-1024x461.jpg\" alt=\"\" class=\"wp-image-1860\" \/><\/figure>\n<!-- \/wp:image -->\n\n<!-- wp:image {\"id\":1857,\"sizeSlug\":\"large\",\"linkDestination\":\"none\"} -->\n<figure class=\"wp-block-image size-large\"><img loading=\"lazy\" decoding=\"async\" width=\"1024\" height=\"461\" src=\"https:\/\/iessoldeportocarrero.com\/wp-content\/uploads\/2023\/11\/IMG_20231127_1259241-1-pdf-1024x461.jpg\" alt=\"\" class=\"wp-image-1857\" \/><\/figure>\n<!-- \/wp:image --><\/div><\/li>\n<\/ul>\n<\/li><\/ul><\/div>\n","protected":false},"excerpt":{"rendered":"<p>M\u00fasica La m\u00fasica, como bien cultural y como lenguaje y medio de comunicaci\u00f3n no verbal, constituye un elemento con gran valor en la vida de las personas; adem\u00e1s, favorece el desarrollo integral de los individuos, interviene en su formaci\u00f3n emocional <a href=\"https:\/\/iessoldeportocarrero.com\/?page_id=119\" class=\"read-more\">Leer m\u00e1s&#8230;<\/a><\/p>\n","protected":false},"author":1,"featured_media":0,"parent":28,"menu_order":0,"comment_status":"closed","ping_status":"closed","template":"","meta":{"footnotes":""},"class_list":["post-119","page","type-page","status-publish","hentry"],"yoast_head":"<!-- This site is optimized with the Yoast SEO plugin v19.14 - https:\/\/yoast.com\/wordpress\/plugins\/seo\/ -->\n<title>M\u00fasica - IES SOL DE PORTOCARRERO - LA LABORAL<\/title>\n<meta name=\"robots\" content=\"index, follow, max-snippet:-1, max-image-preview:large, max-video-preview:-1\" \/>\n<link rel=\"canonical\" href=\"https:\/\/iessoldeportocarrero.com\/?page_id=119\" \/>\n<meta property=\"og:locale\" content=\"es_ES\" \/>\n<meta property=\"og:type\" content=\"article\" \/>\n<meta property=\"og:title\" content=\"M\u00fasica - IES SOL DE PORTOCARRERO - LA LABORAL\" \/>\n<meta property=\"og:description\" content=\"M\u00fasica La m\u00fasica, como bien cultural y como lenguaje y medio de comunicaci\u00f3n no verbal, constituye un elemento con gran valor en la vida de las personas; adem\u00e1s, favorece el desarrollo integral de los individuos, interviene en su formaci\u00f3n emocional Leer m\u00e1s...\" \/>\n<meta property=\"og:url\" content=\"https:\/\/iessoldeportocarrero.com\/?page_id=119\" \/>\n<meta property=\"og:site_name\" content=\"IES SOL DE PORTOCARRERO - LA LABORAL\" \/>\n<meta property=\"article:modified_time\" content=\"2024-11-24T22:37:36+00:00\" \/>\n<meta property=\"og:image\" content=\"https:\/\/iessoldeportocarrero.com\/wp-content\/uploads\/2023\/05\/istockphoto-1446743599-612x612-1.jpg\" \/>\n<meta name=\"twitter:card\" content=\"summary_large_image\" \/>\n<meta name=\"twitter:label1\" content=\"Tiempo de lectura\" \/>\n\t<meta name=\"twitter:data1\" content=\"1 minuto\" \/>\n<script type=\"application\/ld+json\" class=\"yoast-schema-graph\">{\"@context\":\"https:\/\/schema.org\",\"@graph\":[{\"@type\":\"WebPage\",\"@id\":\"https:\/\/iessoldeportocarrero.com\/?page_id=119\",\"url\":\"https:\/\/iessoldeportocarrero.com\/?page_id=119\",\"name\":\"M\u00fasica - IES SOL DE PORTOCARRERO - LA LABORAL\",\"isPartOf\":{\"@id\":\"https:\/\/iessoldeportocarrero.com\/#website\"},\"datePublished\":\"2022-11-10T10:48:42+00:00\",\"dateModified\":\"2024-11-24T22:37:36+00:00\",\"breadcrumb\":{\"@id\":\"https:\/\/iessoldeportocarrero.com\/?page_id=119#breadcrumb\"},\"inLanguage\":\"es\",\"potentialAction\":[{\"@type\":\"ReadAction\",\"target\":[\"https:\/\/iessoldeportocarrero.com\/?page_id=119\"]}]},{\"@type\":\"BreadcrumbList\",\"@id\":\"https:\/\/iessoldeportocarrero.com\/?page_id=119#breadcrumb\",\"itemListElement\":[{\"@type\":\"ListItem\",\"position\":1,\"name\":\"Home\",\"item\":\"https:\/\/iessoldeportocarrero.com\/\"},{\"@type\":\"ListItem\",\"position\":2,\"name\":\"DEPARTAMENTOS\",\"item\":\"https:\/\/iessoldeportocarrero.com\/?page_id=28\"},{\"@type\":\"ListItem\",\"position\":3,\"name\":\"M\u00fasica\"}]},{\"@type\":\"WebSite\",\"@id\":\"https:\/\/iessoldeportocarrero.com\/#website\",\"url\":\"https:\/\/iessoldeportocarrero.com\/\",\"name\":\"IES SOL DE PORTOCARRERO - LA LABORAL\",\"description\":\"INSTITUTO DE EDUCACI\u00d3N SECUNDARIA Y FORMACI\u00d3N PROFESIONAL\",\"potentialAction\":[{\"@type\":\"SearchAction\",\"target\":{\"@type\":\"EntryPoint\",\"urlTemplate\":\"https:\/\/iessoldeportocarrero.com\/?s={search_term_string}\"},\"query-input\":\"required name=search_term_string\"}],\"inLanguage\":\"es\"}]}<\/script>\n<!-- \/ Yoast SEO plugin. -->","yoast_head_json":{"title":"M\u00fasica - IES SOL DE PORTOCARRERO - LA LABORAL","robots":{"index":"index","follow":"follow","max-snippet":"max-snippet:-1","max-image-preview":"max-image-preview:large","max-video-preview":"max-video-preview:-1"},"canonical":"https:\/\/iessoldeportocarrero.com\/?page_id=119","og_locale":"es_ES","og_type":"article","og_title":"M\u00fasica - IES SOL DE PORTOCARRERO - LA LABORAL","og_description":"M\u00fasica La m\u00fasica, como bien cultural y como lenguaje y medio de comunicaci\u00f3n no verbal, constituye un elemento con gran valor en la vida de las personas; adem\u00e1s, favorece el desarrollo integral de los individuos, interviene en su formaci\u00f3n emocional Leer m\u00e1s...","og_url":"https:\/\/iessoldeportocarrero.com\/?page_id=119","og_site_name":"IES SOL DE PORTOCARRERO - LA LABORAL","article_modified_time":"2024-11-24T22:37:36+00:00","og_image":[{"url":"https:\/\/iessoldeportocarrero.com\/wp-content\/uploads\/2023\/05\/istockphoto-1446743599-612x612-1.jpg"}],"twitter_card":"summary_large_image","twitter_misc":{"Tiempo de lectura":"1 minuto"},"schema":{"@context":"https:\/\/schema.org","@graph":[{"@type":"WebPage","@id":"https:\/\/iessoldeportocarrero.com\/?page_id=119","url":"https:\/\/iessoldeportocarrero.com\/?page_id=119","name":"M\u00fasica - IES SOL DE PORTOCARRERO - LA LABORAL","isPartOf":{"@id":"https:\/\/iessoldeportocarrero.com\/#website"},"datePublished":"2022-11-10T10:48:42+00:00","dateModified":"2024-11-24T22:37:36+00:00","breadcrumb":{"@id":"https:\/\/iessoldeportocarrero.com\/?page_id=119#breadcrumb"},"inLanguage":"es","potentialAction":[{"@type":"ReadAction","target":["https:\/\/iessoldeportocarrero.com\/?page_id=119"]}]},{"@type":"BreadcrumbList","@id":"https:\/\/iessoldeportocarrero.com\/?page_id=119#breadcrumb","itemListElement":[{"@type":"ListItem","position":1,"name":"Home","item":"https:\/\/iessoldeportocarrero.com\/"},{"@type":"ListItem","position":2,"name":"DEPARTAMENTOS","item":"https:\/\/iessoldeportocarrero.com\/?page_id=28"},{"@type":"ListItem","position":3,"name":"M\u00fasica"}]},{"@type":"WebSite","@id":"https:\/\/iessoldeportocarrero.com\/#website","url":"https:\/\/iessoldeportocarrero.com\/","name":"IES SOL DE PORTOCARRERO - LA LABORAL","description":"INSTITUTO DE EDUCACI\u00d3N SECUNDARIA Y FORMACI\u00d3N PROFESIONAL","potentialAction":[{"@type":"SearchAction","target":{"@type":"EntryPoint","urlTemplate":"https:\/\/iessoldeportocarrero.com\/?s={search_term_string}"},"query-input":"required name=search_term_string"}],"inLanguage":"es"}]}},"jetpack_sharing_enabled":true,"jetpack-related-posts":[{"id":303,"url":"https:\/\/iessoldeportocarrero.com\/?page_id=303","url_meta":{"origin":119,"position":0},"title":"Documentaci\u00f3n_M\u00fasica","author":"admin","date":"noviembre 14, 2022","format":false,"excerpt":"","rel":"","context":"Entrada similar","block_context":{"text":"Entrada similar","link":""},"img":{"alt_text":"","src":"","width":0,"height":0},"classes":[]},{"id":363,"url":"https:\/\/iessoldeportocarrero.com\/?page_id=363","url_meta":{"origin":119,"position":1},"title":"Programaci\u00f3n_Musica","author":"admin","date":"noviembre 14, 2022","format":false,"excerpt":"","rel":"","context":"Entrada similar","block_context":{"text":"Entrada similar","link":""},"img":{"alt_text":"","src":"","width":0,"height":0},"classes":[]},{"id":28,"url":"https:\/\/iessoldeportocarrero.com\/?page_id=28","url_meta":{"origin":119,"position":2},"title":"DEPARTAMENTOS","author":"admin","date":"noviembre 3, 2022","format":false,"excerpt":"ACTIVIDADES F\u00cdSICAS AGRARIA BIOLOG\u00cdA Y GEOLOG\u00cdA CL\u00c1SICAS ACTIVIDADES EXTRAESCOLARES DIBUJO ECONOM\u00cdA EDUCACI\u00d3N F\u00cdSICA FILOSOF\u00cdA F\u00cdSICA Y QU\u00cdMICA FOL FEIE FRANC\u00c9S GEOGRAF\u00cdA E HISTORIA INFORM\u00c1TICA INGL\u00c9S INSTALACI\u00d3N Y MANTENIMIENTO LENGUA MATEM\u00c1TICAS M\u00daSICA ORIENTACI\u00d3N RELIGI\u00d3N TECNOLOG\u00cdA E INFORM\u00c1TICA","rel":"","context":"Entrada similar","block_context":{"text":"Entrada similar","link":""},"img":{"alt_text":"","src":"","width":0,"height":0},"classes":[]},{"id":129,"url":"https:\/\/iessoldeportocarrero.com\/?page_id=129","url_meta":{"origin":119,"position":3},"title":"Econom\u00eda","author":"admin","date":"noviembre 10, 2022","format":false,"excerpt":"Documentaci\u00f3n Econom\u00eda El estudio y la formaci\u00f3n en econom\u00eda se hacen absolutamente necesarios en un contexto muy globalizado, en el que las relaciones econ\u00f3micas son cada vez m\u00e1s complejas. La econom\u00eda est\u00e1 presente en todos los aspectos de nuestra vida cotidiana, cualquier ciudadano necesita conocer las reglas b\u00e1sicas que explican\u2026","rel":"","context":"Entrada similar","block_context":{"text":"Entrada similar","link":""},"img":{"alt_text":"","src":"https:\/\/i0.wp.com\/iessoldeportocarrero.com\/wp-content\/uploads\/2023\/05\/istockphoto-1365511379-612x612-1.jpg?resize=350%2C200&ssl=1","width":350,"height":200,"srcset":"https:\/\/i0.wp.com\/iessoldeportocarrero.com\/wp-content\/uploads\/2023\/05\/istockphoto-1365511379-612x612-1.jpg?resize=350%2C200&ssl=1 1x, https:\/\/i0.wp.com\/iessoldeportocarrero.com\/wp-content\/uploads\/2023\/05\/istockphoto-1365511379-612x612-1.jpg?resize=525%2C300&ssl=1 1.5x"},"classes":[]},{"id":301,"url":"https:\/\/iessoldeportocarrero.com\/?page_id=301","url_meta":{"origin":119,"position":4},"title":"Documentaci\u00f3n_Dibujo","author":"admin","date":"noviembre 14, 2022","format":false,"excerpt":"Materiales, recursos\u2026 Dibujo, visualidad y conocimiento: Elementos comunes de la unidad La historia inicial que vas a encontrarte en esta primera unidad comienza hace mucho, mucho tiempo. Hay frases que han pasado a la historia por lo que han significado y por los acontecimientos a los que est\u00e1n ligadas. Tal\u2026","rel":"","context":"Entrada similar","block_context":{"text":"Entrada similar","link":""},"img":{"alt_text":"dibujo01","src":"https:\/\/i0.wp.com\/blogsaverroes.juntadeandalucia.es\/iesoldeportocarrero\/files\/2015\/03\/dibujo01-300x204.jpg?resize=350%2C200","width":350,"height":200},"classes":[]},{"id":107,"url":"https:\/\/iessoldeportocarrero.com\/?page_id=107","url_meta":{"origin":119,"position":5},"title":"Franc\u00e9s","author":"admin","date":"noviembre 10, 2022","format":false,"excerpt":"Documentaci\u00f3n Segunda Lengua Extranjera El pluriling\u00fcismo es una de las se\u00f1as de identidad de la ciudadan\u00eda en una Europa multiling\u00fce y multicultural, cuya diversidad no debe suponer un obst\u00e1culo a la movilidad y la cooperaci\u00f3n sino constituir una fuente de riqueza personal, social y cultural y un factor de progreso.\u2026","rel":"","context":"Entrada similar","block_context":{"text":"Entrada similar","link":""},"img":{"alt_text":"","src":"https:\/\/i0.wp.com\/iessoldeportocarrero.com\/wp-content\/uploads\/2023\/05\/istockphoto-1169984447-612x612-1.jpg?resize=350%2C200&ssl=1","width":350,"height":200,"srcset":"https:\/\/i0.wp.com\/iessoldeportocarrero.com\/wp-content\/uploads\/2023\/05\/istockphoto-1169984447-612x612-1.jpg?resize=350%2C200&ssl=1 1x, https:\/\/i0.wp.com\/iessoldeportocarrero.com\/wp-content\/uploads\/2023\/05\/istockphoto-1169984447-612x612-1.jpg?resize=525%2C300&ssl=1 1.5x"},"classes":[]}],"_links":{"self":[{"href":"https:\/\/iessoldeportocarrero.com\/index.php?rest_route=\/wp\/v2\/pages\/119","targetHints":{"allow":["GET"]}}],"collection":[{"href":"https:\/\/iessoldeportocarrero.com\/index.php?rest_route=\/wp\/v2\/pages"}],"about":[{"href":"https:\/\/iessoldeportocarrero.com\/index.php?rest_route=\/wp\/v2\/types\/page"}],"author":[{"embeddable":true,"href":"https:\/\/iessoldeportocarrero.com\/index.php?rest_route=\/wp\/v2\/users\/1"}],"replies":[{"embeddable":true,"href":"https:\/\/iessoldeportocarrero.com\/index.php?rest_route=%2Fwp%2Fv2%2Fcomments&post=119"}],"version-history":[{"count":6,"href":"https:\/\/iessoldeportocarrero.com\/index.php?rest_route=\/wp\/v2\/pages\/119\/revisions"}],"predecessor-version":[{"id":2866,"href":"https:\/\/iessoldeportocarrero.com\/index.php?rest_route=\/wp\/v2\/pages\/119\/revisions\/2866"}],"up":[{"embeddable":true,"href":"https:\/\/iessoldeportocarrero.com\/index.php?rest_route=\/wp\/v2\/pages\/28"}],"wp:attachment":[{"href":"https:\/\/iessoldeportocarrero.com\/index.php?rest_route=%2Fwp%2Fv2%2Fmedia&parent=119"}],"curies":[{"name":"wp","href":"https:\/\/api.w.org\/{rel}","templated":true}]}}