{"id":1134,"date":"2023-04-28T09:54:27","date_gmt":"2023-04-28T07:54:27","guid":{"rendered":"https:\/\/iessoldeportocarrero.com\/?page_id=1134"},"modified":"2024-01-24T08:50:32","modified_gmt":"2024-01-24T07:50:32","slug":"programa-de-centro-bilingue-ingles","status":"publish","type":"page","link":"https:\/\/iessoldeportocarrero.com\/?page_id=1134","title":{"rendered":"Programa de centro biling\u00fce \u2013 Ingl\u00e9s"},"content":{"rendered":"\n<figure class=\"wp-block-image size-large\"><img fetchpriority=\"high\" decoding=\"async\" width=\"1024\" height=\"299\" src=\"https:\/\/iessoldeportocarrero.com\/wp-content\/uploads\/2023\/12\/CENTRO-BILINGUE-1024x299.png\" alt=\"\" class=\"wp-image-1874\" srcset=\"https:\/\/iessoldeportocarrero.com\/wp-content\/uploads\/2023\/12\/CENTRO-BILINGUE-1024x299.png 1024w, https:\/\/iessoldeportocarrero.com\/wp-content\/uploads\/2023\/12\/CENTRO-BILINGUE-300x88.png 300w, https:\/\/iessoldeportocarrero.com\/wp-content\/uploads\/2023\/12\/CENTRO-BILINGUE-768x224.png 768w, https:\/\/iessoldeportocarrero.com\/wp-content\/uploads\/2023\/12\/CENTRO-BILINGUE-360x105.png 360w, https:\/\/iessoldeportocarrero.com\/wp-content\/uploads\/2023\/12\/CENTRO-BILINGUE.png 1200w\" sizes=\"(max-width: 1024px) 100vw, 1024px\" \/><\/figure>\n\n\n\n<p>Vivimos en una sociedad necesariamente pluriling\u00fce en un mundo globalizado. En este contexto, el ingl\u00e9s cobra una importancia esencial en su condici\u00f3n de lengua com\u00fan usada internacionalmente en el \u00e1mbito de la ciencia, la cultura, los negocios o el turismo, entre otros. La ense\u00f1anza biling\u00fce en nuestro centro es en esa lengua, con lo pretendemos mejorar las habilidades de nuestro alumnado en ingl\u00e9s al mismo tiempo que aprenden las \u00e1reas integradas en nuestro programa biling\u00fce.<\/p>\n\n\n\n<p>A continuaci\u00f3n se adjuntan varios documentos de inter\u00e9s relacionados con nuestro Programa Biling\u00fce y, m\u00e1s concretamente, con nuestros auxiliares de conversaci\u00f3n adscritos a dicho programa.<\/p>\n\n\n\n<p><a href=\"https:\/\/drive.google.com\/drive\/folders\/1XoM8Q2vsP8N3xSv8LXcMF_JPnZt-Msk7?usp=sharing\" target=\"_blank\" rel=\"noreferrer noopener\">PLANIFICACI\u00d3N BILING\u00dcISMO <\/a><\/p>\n\n\n\n<p><a href=\"https:\/\/drive.google.com\/drive\/folders\/1vUAIefyNUiyxzo38U9ggAER8r2N4aNaR?usp=sharing\" target=\"_blank\" rel=\"noreferrer noopener\">FICHA DE INFORMACI\u00d3N PARA AUXILIARES DE CONVERSACI\u00d3N<\/a><\/p>\n\n\n\n<p><a href=\"https:\/\/drive.google.com\/drive\/folders\/1vUAIefyNUiyxzo38U9ggAER8r2N4aNaR?usp=sharing\" target=\"_blank\" rel=\"noreferrer noopener\">LINKS A MATERIALES AUXILIARES DE CONVERSACI\u00d3N<\/a><\/p>\n\n\n\n<p>Asimismo, desde el Programa Biling\u00fce se promueve en nuestro centro y se participa en diferentes actuaciones relacionadas con Erasmus + en el \u00e1mbito escolar (educaci\u00f3n secundaria y bachillerato), como v\u00eda id\u00f3nea para mejorar la competencia ling\u00fc\u00edstica de nuestro profesorado y de nuestro alumnado a trav\u00e9s de acciones de movilidad y de acogida de socios europeos.<\/p>\n\n\n\n<p><\/p>\n\n\n\n<div class=\"wp-block-buttons is-layout-flex wp-block-buttons-is-layout-flex\">\n<div class=\"wp-block-button\"><a class=\"wp-block-button__link wp-element-button\" href=\"https:\/\/iessoldeportocarrero.com\/?page_id=1950\">ERASMUS +<\/a><\/div>\n<\/div>\n\n\n\n<p><\/p>\n\n\n\n<p><\/p>\n","protected":false},"excerpt":{"rendered":"<p>Vivimos en una sociedad necesariamente pluriling\u00fce en un mundo globalizado. En este contexto, el ingl\u00e9s cobra una importancia esencial en su condici\u00f3n de lengua com\u00fan usada internacionalmente en el \u00e1mbito de la ciencia, la cultura, los negocios o el turismo, <a href=\"https:\/\/iessoldeportocarrero.com\/?page_id=1134\" class=\"read-more\">Leer m\u00e1s&#8230;<\/a><\/p>\n","protected":false},"author":1,"featured_media":0,"parent":0,"menu_order":0,"comment_status":"closed","ping_status":"closed","template":"","meta":{"footnotes":""},"class_list":["post-1134","page","type-page","status-publish","hentry"],"yoast_head":"<!-- This site is optimized with the Yoast SEO plugin v19.14 - https:\/\/yoast.com\/wordpress\/plugins\/seo\/ -->\n<title>Programa de centro biling\u00fce \u2013 Ingl\u00e9s - IES SOL DE PORTOCARRERO - LA LABORAL<\/title>\n<meta name=\"robots\" content=\"index, follow, max-snippet:-1, max-image-preview:large, max-video-preview:-1\" \/>\n<link rel=\"canonical\" href=\"https:\/\/iessoldeportocarrero.com\/?page_id=1134\" \/>\n<meta property=\"og:locale\" content=\"es_ES\" \/>\n<meta property=\"og:type\" content=\"article\" \/>\n<meta property=\"og:title\" content=\"Programa de centro biling\u00fce \u2013 Ingl\u00e9s - IES SOL DE PORTOCARRERO - LA LABORAL\" \/>\n<meta property=\"og:description\" content=\"Vivimos en una sociedad necesariamente pluriling\u00fce en un mundo globalizado. En este contexto, el ingl\u00e9s cobra una importancia esencial en su condici\u00f3n de lengua com\u00fan usada internacionalmente en el \u00e1mbito de la ciencia, la cultura, los negocios o el turismo, Leer m\u00e1s...\" \/>\n<meta property=\"og:url\" content=\"https:\/\/iessoldeportocarrero.com\/?page_id=1134\" \/>\n<meta property=\"og:site_name\" content=\"IES SOL DE PORTOCARRERO - LA LABORAL\" \/>\n<meta property=\"article:modified_time\" content=\"2024-01-24T07:50:32+00:00\" \/>\n<meta property=\"og:image\" content=\"https:\/\/iessoldeportocarrero.com\/wp-content\/uploads\/2023\/12\/CENTRO-BILINGUE-1024x299.png\" \/>\n<meta name=\"twitter:card\" content=\"summary_large_image\" \/>\n<meta name=\"twitter:label1\" content=\"Tiempo de lectura\" \/>\n\t<meta name=\"twitter:data1\" content=\"1 minuto\" \/>\n<script type=\"application\/ld+json\" class=\"yoast-schema-graph\">{\"@context\":\"https:\/\/schema.org\",\"@graph\":[{\"@type\":\"WebPage\",\"@id\":\"https:\/\/iessoldeportocarrero.com\/?page_id=1134\",\"url\":\"https:\/\/iessoldeportocarrero.com\/?page_id=1134\",\"name\":\"Programa de centro biling\u00fce \u2013 Ingl\u00e9s - IES SOL DE PORTOCARRERO - LA LABORAL\",\"isPartOf\":{\"@id\":\"https:\/\/iessoldeportocarrero.com\/#website\"},\"datePublished\":\"2023-04-28T07:54:27+00:00\",\"dateModified\":\"2024-01-24T07:50:32+00:00\",\"breadcrumb\":{\"@id\":\"https:\/\/iessoldeportocarrero.com\/?page_id=1134#breadcrumb\"},\"inLanguage\":\"es\",\"potentialAction\":[{\"@type\":\"ReadAction\",\"target\":[\"https:\/\/iessoldeportocarrero.com\/?page_id=1134\"]}]},{\"@type\":\"BreadcrumbList\",\"@id\":\"https:\/\/iessoldeportocarrero.com\/?page_id=1134#breadcrumb\",\"itemListElement\":[{\"@type\":\"ListItem\",\"position\":1,\"name\":\"Home\",\"item\":\"https:\/\/iessoldeportocarrero.com\/\"},{\"@type\":\"ListItem\",\"position\":2,\"name\":\"Programa de centro biling\u00fce \u2013 Ingl\u00e9s\"}]},{\"@type\":\"WebSite\",\"@id\":\"https:\/\/iessoldeportocarrero.com\/#website\",\"url\":\"https:\/\/iessoldeportocarrero.com\/\",\"name\":\"IES SOL DE PORTOCARRERO - LA LABORAL\",\"description\":\"INSTITUTO DE EDUCACI\u00d3N SECUNDARIA Y FORMACI\u00d3N PROFESIONAL\",\"potentialAction\":[{\"@type\":\"SearchAction\",\"target\":{\"@type\":\"EntryPoint\",\"urlTemplate\":\"https:\/\/iessoldeportocarrero.com\/?s={search_term_string}\"},\"query-input\":\"required name=search_term_string\"}],\"inLanguage\":\"es\"}]}<\/script>\n<!-- \/ Yoast SEO plugin. -->","yoast_head_json":{"title":"Programa de centro biling\u00fce \u2013 Ingl\u00e9s - IES SOL DE PORTOCARRERO - LA LABORAL","robots":{"index":"index","follow":"follow","max-snippet":"max-snippet:-1","max-image-preview":"max-image-preview:large","max-video-preview":"max-video-preview:-1"},"canonical":"https:\/\/iessoldeportocarrero.com\/?page_id=1134","og_locale":"es_ES","og_type":"article","og_title":"Programa de centro biling\u00fce \u2013 Ingl\u00e9s - IES SOL DE PORTOCARRERO - LA LABORAL","og_description":"Vivimos en una sociedad necesariamente pluriling\u00fce en un mundo globalizado. En este contexto, el ingl\u00e9s cobra una importancia esencial en su condici\u00f3n de lengua com\u00fan usada internacionalmente en el \u00e1mbito de la ciencia, la cultura, los negocios o el turismo, Leer m\u00e1s...","og_url":"https:\/\/iessoldeportocarrero.com\/?page_id=1134","og_site_name":"IES SOL DE PORTOCARRERO - LA LABORAL","article_modified_time":"2024-01-24T07:50:32+00:00","og_image":[{"url":"https:\/\/iessoldeportocarrero.com\/wp-content\/uploads\/2023\/12\/CENTRO-BILINGUE-1024x299.png"}],"twitter_card":"summary_large_image","twitter_misc":{"Tiempo de lectura":"1 minuto"},"schema":{"@context":"https:\/\/schema.org","@graph":[{"@type":"WebPage","@id":"https:\/\/iessoldeportocarrero.com\/?page_id=1134","url":"https:\/\/iessoldeportocarrero.com\/?page_id=1134","name":"Programa de centro biling\u00fce \u2013 Ingl\u00e9s - IES SOL DE PORTOCARRERO - LA LABORAL","isPartOf":{"@id":"https:\/\/iessoldeportocarrero.com\/#website"},"datePublished":"2023-04-28T07:54:27+00:00","dateModified":"2024-01-24T07:50:32+00:00","breadcrumb":{"@id":"https:\/\/iessoldeportocarrero.com\/?page_id=1134#breadcrumb"},"inLanguage":"es","potentialAction":[{"@type":"ReadAction","target":["https:\/\/iessoldeportocarrero.com\/?page_id=1134"]}]},{"@type":"BreadcrumbList","@id":"https:\/\/iessoldeportocarrero.com\/?page_id=1134#breadcrumb","itemListElement":[{"@type":"ListItem","position":1,"name":"Home","item":"https:\/\/iessoldeportocarrero.com\/"},{"@type":"ListItem","position":2,"name":"Programa de centro biling\u00fce \u2013 Ingl\u00e9s"}]},{"@type":"WebSite","@id":"https:\/\/iessoldeportocarrero.com\/#website","url":"https:\/\/iessoldeportocarrero.com\/","name":"IES SOL DE PORTOCARRERO - LA LABORAL","description":"INSTITUTO DE EDUCACI\u00d3N SECUNDARIA Y FORMACI\u00d3N PROFESIONAL","potentialAction":[{"@type":"SearchAction","target":{"@type":"EntryPoint","urlTemplate":"https:\/\/iessoldeportocarrero.com\/?s={search_term_string}"},"query-input":"required name=search_term_string"}],"inLanguage":"es"}]}},"jetpack_sharing_enabled":true,"jetpack-related-posts":[{"id":1097,"url":"https:\/\/iessoldeportocarrero.com\/?page_id=1097","url_meta":{"origin":1134,"position":0},"title":"PLANES Y PROGRAMAS","author":"admin","date":"abril 27, 2023","format":false,"excerpt":"Programa de centro biling\u00fce \u2013 Ingl\u00e9s PLAN DE COMPENSACI\u00d3N EDUCATIVA Escuela: Espacio de Paz PLAN DE IGUALDAD PROGRAMAS DEL MINISTERIO DE EDUCACI\u00d3N, CULTURA Y DEPORTE","rel":"","context":"Entrada similar","block_context":{"text":"Entrada similar","link":""},"img":{"alt_text":"","src":"","width":0,"height":0},"classes":[]},{"id":51,"url":"https:\/\/iessoldeportocarrero.com\/?page_id=51","url_meta":{"origin":1134,"position":1},"title":"Datos del centro","author":"admin","date":"noviembre 10, 2022","format":false,"excerpt":"I.E.S.L SOL DE PORTOCARRERO-LA LABORAL C\u00f3digo del centro: 04700107 Direcci\u00f3n:\u00a0Carretera de N\u00edjar Km 7, 04120, La Ca\u00f1ada de San Urbano, Almer\u00edaTel\u00e9fono:\u00a0950156950 \u00a0 Email:\u00a004700107.edu@juntadeandalucia.es Horarios del centro Horario lectivo : 8:15 a 14:45 Un recreo: 11:15 a 11:45. PRESENTACI\u00d3N DE NUESTRO CENTRO presentacion_ies_sol_de_portocarrero_almeriaDescarga E.S.O ENSE\u00d1ANZA BILINGUE- INGL\u00c9S Plan TDE S Bbliotecas\u2026","rel":"","context":"Entrada similar","block_context":{"text":"Entrada similar","link":""},"img":{"alt_text":"","src":"https:\/\/i0.wp.com\/iessoldeportocarrero.com\/wp-content\/uploads\/2025\/09\/loGO_LABORAL.png?resize=350%2C200&ssl=1","width":350,"height":200,"srcset":"https:\/\/i0.wp.com\/iessoldeportocarrero.com\/wp-content\/uploads\/2025\/09\/loGO_LABORAL.png?resize=350%2C200&ssl=1 1x, https:\/\/i0.wp.com\/iessoldeportocarrero.com\/wp-content\/uploads\/2025\/09\/loGO_LABORAL.png?resize=525%2C300&ssl=1 1.5x, https:\/\/i0.wp.com\/iessoldeportocarrero.com\/wp-content\/uploads\/2025\/09\/loGO_LABORAL.png?resize=700%2C400&ssl=1 2x"},"classes":[]},{"id":111,"url":"https:\/\/iessoldeportocarrero.com\/?page_id=111","url_meta":{"origin":1134,"position":2},"title":"Ingl\u00e9s","author":"admin","date":"noviembre 10, 2022","format":false,"excerpt":"Documentaci\u00f3n Primera Lengua Extranjera La lengua es el instrumento por excelencia del aprendizaje y la comunicaci\u00f3n. Tanto las lenguas primeras como las lenguas extranjeras forman parte en la actualidad, y cada vez lo har\u00e1n m\u00e1s en el futuro, del bagaje vital de las personas en un mundo en continua expansi\u00f3n\u2026","rel":"","context":"Entrada similar","block_context":{"text":"Entrada similar","link":""},"img":{"alt_text":"","src":"https:\/\/i0.wp.com\/iessoldeportocarrero.com\/wp-content\/uploads\/2023\/05\/istockphoto-1047570732-612x612-1.jpg?resize=350%2C200&ssl=1","width":350,"height":200,"srcset":"https:\/\/i0.wp.com\/iessoldeportocarrero.com\/wp-content\/uploads\/2023\/05\/istockphoto-1047570732-612x612-1.jpg?resize=350%2C200&ssl=1 1x, https:\/\/i0.wp.com\/iessoldeportocarrero.com\/wp-content\/uploads\/2023\/05\/istockphoto-1047570732-612x612-1.jpg?resize=525%2C300&ssl=1 1.5x"},"classes":[]},{"id":369,"url":"https:\/\/iessoldeportocarrero.com\/?page_id=369","url_meta":{"origin":1134,"position":3},"title":"Programaci\u00f3n Cl\u00e1sicas","author":"admin","date":"noviembre 14, 2022","format":false,"excerpt":"Cultura Cl\u00e1sica. La materia Cultura Cl\u00e1sica tiene como finalidad facilitar al alumnado un primer acercamiento general al estudio de las civilizaciones griega y latina en los \u00e1mbitos literario, art\u00edstico, filos\u00f3fico, cient\u00edfico y ling\u00fc\u00edstico, con objeto de que, a partir de su estudio, pueda tomar conciencia de la pervivencia, influencia y\u2026","rel":"","context":"Entrada similar","block_context":{"text":"Entrada similar","link":""},"img":{"alt_text":"","src":"","width":0,"height":0},"classes":[]},{"id":28,"url":"https:\/\/iessoldeportocarrero.com\/?page_id=28","url_meta":{"origin":1134,"position":4},"title":"DEPARTAMENTOS","author":"admin","date":"noviembre 3, 2022","format":false,"excerpt":"ACTIVIDADES F\u00cdSICAS AGRARIA BIOLOG\u00cdA Y GEOLOG\u00cdA CL\u00c1SICAS ACTIVIDADES EXTRAESCOLARES DIBUJO ECONOM\u00cdA EDUCACI\u00d3N F\u00cdSICA FILOSOF\u00cdA F\u00cdSICA Y QU\u00cdMICA FOL FEIE FRANC\u00c9S GEOGRAF\u00cdA E HISTORIA INFORM\u00c1TICA INGL\u00c9S INSTALACI\u00d3N Y MANTENIMIENTO LENGUA MATEM\u00c1TICAS M\u00daSICA ORIENTACI\u00d3N RELIGI\u00d3N TECNOLOG\u00cdA E INFORM\u00c1TICA","rel":"","context":"Entrada similar","block_context":{"text":"Entrada similar","link":""},"img":{"alt_text":"","src":"","width":0,"height":0},"classes":[]},{"id":1159,"url":"https:\/\/iessoldeportocarrero.com\/?page_id=1159","url_meta":{"origin":1134,"position":5},"title":"PROGRAMAS DEL MINISTERIO DE EDUCACI\u00d3N, CULTURA Y DEPORTE","author":"admin","date":"mayo 3, 2023","format":false,"excerpt":"Programas del Ministerio de Educaci\u00f3n, Cultura y Deporte Programa \u00abRutas cient\u00edficas, art\u00edsticas y literarias\u00bb Participamos en el programa de Primavera 2017 en la ruta 2 \u00abNavarra y Arag\u00f3n\u00bb Programa \u00abRecuperaci\u00f3n y utilizaci\u00f3n educativa de pueblos abandonados\u00bb Programa \u00abCentros de educaci\u00f3n ambiental\u00bb Nuestro centro va a participar en este programa del\u2026","rel":"","context":"Entrada similar","block_context":{"text":"Entrada similar","link":""},"img":{"alt_text":"","src":"","width":0,"height":0},"classes":[]}],"_links":{"self":[{"href":"https:\/\/iessoldeportocarrero.com\/index.php?rest_route=\/wp\/v2\/pages\/1134","targetHints":{"allow":["GET"]}}],"collection":[{"href":"https:\/\/iessoldeportocarrero.com\/index.php?rest_route=\/wp\/v2\/pages"}],"about":[{"href":"https:\/\/iessoldeportocarrero.com\/index.php?rest_route=\/wp\/v2\/types\/page"}],"author":[{"embeddable":true,"href":"https:\/\/iessoldeportocarrero.com\/index.php?rest_route=\/wp\/v2\/users\/1"}],"replies":[{"embeddable":true,"href":"https:\/\/iessoldeportocarrero.com\/index.php?rest_route=%2Fwp%2Fv2%2Fcomments&post=1134"}],"version-history":[{"count":6,"href":"https:\/\/iessoldeportocarrero.com\/index.php?rest_route=\/wp\/v2\/pages\/1134\/revisions"}],"predecessor-version":[{"id":2033,"href":"https:\/\/iessoldeportocarrero.com\/index.php?rest_route=\/wp\/v2\/pages\/1134\/revisions\/2033"}],"wp:attachment":[{"href":"https:\/\/iessoldeportocarrero.com\/index.php?rest_route=%2Fwp%2Fv2%2Fmedia&parent=1134"}],"curies":[{"name":"wp","href":"https:\/\/api.w.org\/{rel}","templated":true}]}}