{"id":113,"date":"2022-11-10T11:46:55","date_gmt":"2022-11-10T10:46:55","guid":{"rendered":"https:\/\/soldeportocarreroies.wordpress.com\/?page_id=113"},"modified":"2024-11-24T20:18:28","modified_gmt":"2024-11-24T19:18:28","slug":"instalacion-y-matenimiento","status":"publish","type":"page","link":"https:\/\/iessoldeportocarrero.com\/?page_id=113","title":{"rendered":"Instalaci\u00f3n y Matenimiento"},"content":{"rendered":"<div class=\"wp-block-image is-style-rounded\">\n<figure class=\"aligncenter size-full is-resized\"><img fetchpriority=\"high\" decoding=\"async\" width=\"720\" height=\"720\" src=\"https:\/\/iessoldeportocarrero.com\/wp-content\/uploads\/2023\/05\/welder-1825675_960_720.jpg\" alt=\"\" class=\"wp-image-1513\" style=\"width:184px;height:auto\" srcset=\"https:\/\/iessoldeportocarrero.com\/wp-content\/uploads\/2023\/05\/welder-1825675_960_720.jpg 720w, https:\/\/iessoldeportocarrero.com\/wp-content\/uploads\/2023\/05\/welder-1825675_960_720-300x300.jpg 300w, https:\/\/iessoldeportocarrero.com\/wp-content\/uploads\/2023\/05\/welder-1825675_960_720-150x150.jpg 150w, https:\/\/iessoldeportocarrero.com\/wp-content\/uploads\/2023\/05\/welder-1825675_960_720-270x270.jpg 270w\" sizes=\"(max-width: 720px) 100vw, 720px\" \/><\/figure>\n<\/div>\n\n\n<div class=\"wp-block-buttons is-content-justification-center is-layout-flex wp-container-core-buttons-is-layout-16018d1d wp-block-buttons-is-layout-flex\">\n<div class=\"wp-block-button\"><a class=\"wp-block-button__link wp-element-button\" href=\"https:\/\/drive.google.com\/drive\/folders\/1ubPotu55bM0Ve-u_uzZAHEVlA_T_T3L8?usp=sharing\" target=\"_blank\" rel=\"noreferrer noopener\">Documentaci\u00f3n<\/a><\/div>\n<\/div>\n\n\n\n<div class=\"wp-block-columns is-layout-flex wp-container-core-columns-is-layout-9d6595d7 wp-block-columns-is-layout-flex\">\n<div class=\"wp-block-column is-layout-flow wp-block-column-is-layout-flow\">\n<figure class=\"wp-block-embed is-type-video is-provider-youtube wp-block-embed-youtube wp-embed-aspect-16-9 wp-has-aspect-ratio\"><div class=\"wp-block-embed__wrapper\">\n<iframe title=\"16 FPA - Instalacio\u0301n y Mantenimiento\" width=\"847\" height=\"476\" src=\"https:\/\/www.youtube.com\/embed\/saEhHIBdgX8?feature=oembed\" frameborder=\"0\" allow=\"accelerometer; autoplay; clipboard-write; encrypted-media; gyroscope; picture-in-picture; web-share\" referrerpolicy=\"strict-origin-when-cross-origin\" allowfullscreen><\/iframe>\n<\/div><\/figure>\n<\/div>\n\n\n\n<div class=\"wp-block-column is-layout-flow wp-block-column-is-layout-flow\">\n<figure class=\"wp-block-embed is-type-video is-provider-youtube wp-block-embed-youtube wp-embed-aspect-4-3 wp-has-aspect-ratio\"><div class=\"wp-block-embed__wrapper\">\n<iframe title=\"Video Familia Profesional de Instalaci\u00f3n y Mantenimiento del IES Sol de Portocarrero\" width=\"847\" height=\"635\" src=\"https:\/\/www.youtube.com\/embed\/s8MKe41R7pg?feature=oembed\" frameborder=\"0\" allow=\"accelerometer; autoplay; clipboard-write; encrypted-media; gyroscope; picture-in-picture; web-share\" referrerpolicy=\"strict-origin-when-cross-origin\" allowfullscreen><\/iframe>\n<\/div><\/figure>\n<\/div>\n<\/div>\n\n\n<ul class=\"wp-block-latest-posts__list has-dates wp-block-latest-posts\"><li><a class=\"wp-block-latest-posts__post-title\" href=\"https:\/\/iessoldeportocarrero.com\/?p=3745\">JORNADAS FP SYN. IMPULSANDO SINERGIAS. 26 DE MARZO 2026.<\/a><time datetime=\"2026-04-13T13:35:03+02:00\" class=\"wp-block-latest-posts__post-date\">abril 13, 2026<\/time><div class=\"wp-block-latest-posts__post-full-content\"><\/div><\/li>\n<li><a class=\"wp-block-latest-posts__post-title\" href=\"https:\/\/iessoldeportocarrero.com\/?p=3752\">CICLO FORMATIVO DE GRADO MEDIO DE MANTENIMIENTO ELECTROMEC\u00c1NICO.<\/a><time datetime=\"2026-04-13T13:20:28+02:00\" class=\"wp-block-latest-posts__post-date\">abril 13, 2026<\/time><div class=\"wp-block-latest-posts__post-full-content\"><\/div><\/li>\n<li><a class=\"wp-block-latest-posts__post-title\" href=\"https:\/\/iessoldeportocarrero.com\/?p=3748\">CICLO FORMATIVO SUPERIOR DE MECATR\u00d3NICA INDUSTRIAL.<\/a><time datetime=\"2026-04-13T13:05:18+02:00\" class=\"wp-block-latest-posts__post-date\">abril 13, 2026<\/time><div class=\"wp-block-latest-posts__post-full-content\"><\/div><\/li>\n<li><a class=\"wp-block-latest-posts__post-title\" href=\"https:\/\/iessoldeportocarrero.com\/?p=2786\">COMPOSICI\u00d3N DEL DEPARTAMENTO<\/a><time datetime=\"2024-11-24T19:30:38+01:00\" class=\"wp-block-latest-posts__post-date\">noviembre 24, 2024<\/time><div class=\"wp-block-latest-posts__post-full-content\"><!-- wp:paragraph {\"align\":\"center\",\"style\":{\"elements\":{\"link\":{\"color\":{\"text\":\"var:preset|color|blue\"}}}},\"textColor\":\"blue\"} -->\n<p class=\"has-text-align-center has-blue-color has-text-color has-link-color\"><strong>El departamento de Instalaci\u00f3n y Mantenimiento est\u00e1 formado por:<\/strong><\/p>\n<!-- \/wp:paragraph -->\n\n<!-- wp:paragraph {\"align\":\"center\",\"style\":{\"elements\":{\"link\":{\"color\":{\"text\":\"var:preset|color|blue\"}}}},\"textColor\":\"blue\"} -->\n<p class=\"has-text-align-center has-blue-color has-text-color has-link-color\"><br>Jos\u00e9 Botias Palaz\u00f3n.<\/p>\n<!-- \/wp:paragraph -->\n\n<!-- wp:paragraph {\"align\":\"center\",\"style\":{\"elements\":{\"link\":{\"color\":{\"text\":\"var:preset|color|blue\"}}}},\"textColor\":\"blue\"} -->\n<p class=\"has-text-align-center has-blue-color has-text-color has-link-color\">Mar\u00eda Cruz Berruezo Garc\u00eda.<br>Miguel \u00c1ngel Cuesta P\u00edriz.<\/p>\n<!-- \/wp:paragraph -->\n\n<!-- wp:paragraph {\"align\":\"center\",\"style\":{\"elements\":{\"link\":{\"color\":{\"text\":\"var:preset|color|blue\"}}}},\"textColor\":\"blue\"} -->\n<p class=\"has-text-align-center has-blue-color has-text-color has-link-color\">Antonio Lanjarin .Galindo.<br>Rufino Mu\u00f1oz Mart\u00ednez.<\/p>\n<!-- \/wp:paragraph -->\n\n<!-- wp:paragraph {\"align\":\"center\",\"style\":{\"elements\":{\"link\":{\"color\":{\"text\":\"var:preset|color|blue\"}}}},\"textColor\":\"blue\"} -->\n<p class=\"has-text-align-center has-blue-color has-text-color has-link-color\">Juan Carlos P\u00e9rez Salmer\u00f3n.<\/p>\n<!-- \/wp:paragraph --><\/div><\/li>\n<li><a class=\"wp-block-latest-posts__post-title\" href=\"https:\/\/iessoldeportocarrero.com\/?p=2630\">CICLOS FORMATIVOS DE RECIENTE IMPLANTACI\u00d3N EN IES SOL DE PORTOCARRERO.<\/a><time datetime=\"2024-06-18T12:02:36+02:00\" class=\"wp-block-latest-posts__post-date\">junio 18, 2024<\/time><div class=\"wp-block-latest-posts__post-full-content\"><!-- wp:paragraph -->\n<p>Tenemos para ti nuevos ciclos formativos de reciente implantaci\u00f3n en nuestro centro: T\u00e9cnico en Redes y Estaciones de Tratamiento de Aguas (Grado Medio) y T\u00e9cnico Superior en Energ\u00edas Renovables (Grado Superior)<\/p>\n<!-- \/wp:paragraph -->\n\n<!-- wp:columns -->\n<div class=\"wp-block-columns\"><!-- wp:column -->\n<div class=\"wp-block-column\"><!-- wp:image {\"id\":2631,\"sizeSlug\":\"full\",\"linkDestination\":\"none\"} -->\n<figure class=\"wp-block-image size-full\"><img decoding=\"async\" width=\"684\" height=\"866\" src=\"https:\/\/iessoldeportocarrero.com\/wp-content\/uploads\/2024\/06\/Tecnico-Aguas.png\" alt=\"\" class=\"wp-image-2631\" srcset=\"https:\/\/iessoldeportocarrero.com\/wp-content\/uploads\/2024\/06\/Tecnico-Aguas.png 684w, https:\/\/iessoldeportocarrero.com\/wp-content\/uploads\/2024\/06\/Tecnico-Aguas-237x300.png 237w, https:\/\/iessoldeportocarrero.com\/wp-content\/uploads\/2024\/06\/Tecnico-Aguas-213x270.png 213w\" sizes=\"(max-width: 684px) 100vw, 684px\" \/><\/figure>\n<!-- \/wp:image --><\/div>\n<!-- \/wp:column -->\n\n<!-- wp:column -->\n<div class=\"wp-block-column\"><!-- wp:image {\"id\":2632,\"sizeSlug\":\"full\",\"linkDestination\":\"none\"} -->\n<figure class=\"wp-block-image size-full\"><img decoding=\"async\" width=\"711\" height=\"870\" src=\"https:\/\/iessoldeportocarrero.com\/wp-content\/uploads\/2024\/06\/Tecnico-Renovables.png\" alt=\"\" class=\"wp-image-2632\" srcset=\"https:\/\/iessoldeportocarrero.com\/wp-content\/uploads\/2024\/06\/Tecnico-Renovables.png 711w, https:\/\/iessoldeportocarrero.com\/wp-content\/uploads\/2024\/06\/Tecnico-Renovables-245x300.png 245w, https:\/\/iessoldeportocarrero.com\/wp-content\/uploads\/2024\/06\/Tecnico-Renovables-221x270.png 221w\" sizes=\"(max-width: 711px) 100vw, 711px\" \/><\/figure>\n<!-- \/wp:image --><\/div>\n<!-- \/wp:column --><\/div>\n<!-- \/wp:columns -->\n\n<!-- wp:paragraph -->\n<p><\/p>\n<!-- \/wp:paragraph --><\/div><\/li>\n<\/ul>\n\n\n<div class=\"wp-block-jetpack-related-posts\"><\/div>\n","protected":false},"excerpt":{"rendered":"","protected":false},"author":1,"featured_media":0,"parent":28,"menu_order":0,"comment_status":"closed","ping_status":"closed","template":"","meta":{"footnotes":""},"class_list":["post-113","page","type-page","status-publish","hentry"],"yoast_head":"<!-- This site is optimized with the Yoast SEO plugin v19.14 - https:\/\/yoast.com\/wordpress\/plugins\/seo\/ -->\n<title>Instalaci\u00f3n y Matenimiento - IES SOL DE PORTOCARRERO - LA LABORAL<\/title>\n<meta name=\"robots\" content=\"index, follow, max-snippet:-1, max-image-preview:large, max-video-preview:-1\" \/>\n<link rel=\"canonical\" href=\"https:\/\/iessoldeportocarrero.com\/?page_id=113\" \/>\n<meta property=\"og:locale\" content=\"es_ES\" \/>\n<meta property=\"og:type\" content=\"article\" \/>\n<meta property=\"og:title\" content=\"Instalaci\u00f3n y Matenimiento - IES SOL DE PORTOCARRERO - LA LABORAL\" \/>\n<meta property=\"og:url\" content=\"https:\/\/iessoldeportocarrero.com\/?page_id=113\" \/>\n<meta property=\"og:site_name\" content=\"IES SOL DE PORTOCARRERO - LA LABORAL\" \/>\n<meta property=\"article:modified_time\" content=\"2024-11-24T19:18:28+00:00\" \/>\n<meta property=\"og:image\" content=\"https:\/\/iessoldeportocarrero.com\/wp-content\/uploads\/2023\/05\/welder-1825675_960_720.jpg\" \/>\n<meta name=\"twitter:card\" content=\"summary_large_image\" \/>\n<meta name=\"twitter:label1\" content=\"Tiempo de lectura\" \/>\n\t<meta name=\"twitter:data1\" content=\"1 minuto\" \/>\n<script type=\"application\/ld+json\" class=\"yoast-schema-graph\">{\"@context\":\"https:\/\/schema.org\",\"@graph\":[{\"@type\":\"WebPage\",\"@id\":\"https:\/\/iessoldeportocarrero.com\/?page_id=113\",\"url\":\"https:\/\/iessoldeportocarrero.com\/?page_id=113\",\"name\":\"Instalaci\u00f3n y Matenimiento - IES SOL DE PORTOCARRERO - LA LABORAL\",\"isPartOf\":{\"@id\":\"https:\/\/iessoldeportocarrero.com\/#website\"},\"datePublished\":\"2022-11-10T10:46:55+00:00\",\"dateModified\":\"2024-11-24T19:18:28+00:00\",\"breadcrumb\":{\"@id\":\"https:\/\/iessoldeportocarrero.com\/?page_id=113#breadcrumb\"},\"inLanguage\":\"es\",\"potentialAction\":[{\"@type\":\"ReadAction\",\"target\":[\"https:\/\/iessoldeportocarrero.com\/?page_id=113\"]}]},{\"@type\":\"BreadcrumbList\",\"@id\":\"https:\/\/iessoldeportocarrero.com\/?page_id=113#breadcrumb\",\"itemListElement\":[{\"@type\":\"ListItem\",\"position\":1,\"name\":\"Home\",\"item\":\"https:\/\/iessoldeportocarrero.com\/\"},{\"@type\":\"ListItem\",\"position\":2,\"name\":\"DEPARTAMENTOS\",\"item\":\"https:\/\/iessoldeportocarrero.com\/?page_id=28\"},{\"@type\":\"ListItem\",\"position\":3,\"name\":\"Instalaci\u00f3n y Matenimiento\"}]},{\"@type\":\"WebSite\",\"@id\":\"https:\/\/iessoldeportocarrero.com\/#website\",\"url\":\"https:\/\/iessoldeportocarrero.com\/\",\"name\":\"IES SOL DE PORTOCARRERO - LA LABORAL\",\"description\":\"INSTITUTO DE EDUCACI\u00d3N SECUNDARIA Y FORMACI\u00d3N PROFESIONAL\",\"potentialAction\":[{\"@type\":\"SearchAction\",\"target\":{\"@type\":\"EntryPoint\",\"urlTemplate\":\"https:\/\/iessoldeportocarrero.com\/?s={search_term_string}\"},\"query-input\":\"required name=search_term_string\"}],\"inLanguage\":\"es\"}]}<\/script>\n<!-- \/ Yoast SEO plugin. -->","yoast_head_json":{"title":"Instalaci\u00f3n y Matenimiento - IES SOL DE PORTOCARRERO - LA LABORAL","robots":{"index":"index","follow":"follow","max-snippet":"max-snippet:-1","max-image-preview":"max-image-preview:large","max-video-preview":"max-video-preview:-1"},"canonical":"https:\/\/iessoldeportocarrero.com\/?page_id=113","og_locale":"es_ES","og_type":"article","og_title":"Instalaci\u00f3n y Matenimiento - IES SOL DE PORTOCARRERO - LA LABORAL","og_url":"https:\/\/iessoldeportocarrero.com\/?page_id=113","og_site_name":"IES SOL DE PORTOCARRERO - LA LABORAL","article_modified_time":"2024-11-24T19:18:28+00:00","og_image":[{"url":"https:\/\/iessoldeportocarrero.com\/wp-content\/uploads\/2023\/05\/welder-1825675_960_720.jpg"}],"twitter_card":"summary_large_image","twitter_misc":{"Tiempo de lectura":"1 minuto"},"schema":{"@context":"https:\/\/schema.org","@graph":[{"@type":"WebPage","@id":"https:\/\/iessoldeportocarrero.com\/?page_id=113","url":"https:\/\/iessoldeportocarrero.com\/?page_id=113","name":"Instalaci\u00f3n y Matenimiento - IES SOL DE PORTOCARRERO - LA LABORAL","isPartOf":{"@id":"https:\/\/iessoldeportocarrero.com\/#website"},"datePublished":"2022-11-10T10:46:55+00:00","dateModified":"2024-11-24T19:18:28+00:00","breadcrumb":{"@id":"https:\/\/iessoldeportocarrero.com\/?page_id=113#breadcrumb"},"inLanguage":"es","potentialAction":[{"@type":"ReadAction","target":["https:\/\/iessoldeportocarrero.com\/?page_id=113"]}]},{"@type":"BreadcrumbList","@id":"https:\/\/iessoldeportocarrero.com\/?page_id=113#breadcrumb","itemListElement":[{"@type":"ListItem","position":1,"name":"Home","item":"https:\/\/iessoldeportocarrero.com\/"},{"@type":"ListItem","position":2,"name":"DEPARTAMENTOS","item":"https:\/\/iessoldeportocarrero.com\/?page_id=28"},{"@type":"ListItem","position":3,"name":"Instalaci\u00f3n y Matenimiento"}]},{"@type":"WebSite","@id":"https:\/\/iessoldeportocarrero.com\/#website","url":"https:\/\/iessoldeportocarrero.com\/","name":"IES SOL DE PORTOCARRERO - LA LABORAL","description":"INSTITUTO DE EDUCACI\u00d3N SECUNDARIA Y FORMACI\u00d3N PROFESIONAL","potentialAction":[{"@type":"SearchAction","target":{"@type":"EntryPoint","urlTemplate":"https:\/\/iessoldeportocarrero.com\/?s={search_term_string}"},"query-input":"required name=search_term_string"}],"inLanguage":"es"}]}},"jetpack_sharing_enabled":true,"jetpack-related-posts":[{"id":349,"url":"https:\/\/iessoldeportocarrero.com\/?page_id=349","url_meta":{"origin":113,"position":0},"title":"Documentaci\u00f3n_Instalaci\u00f3n y mantenimiento","author":"admin","date":"noviembre 14, 2022","format":false,"excerpt":"","rel":"","context":"Entrada similar","block_context":{"text":"Entrada similar","link":""},"img":{"alt_text":"","src":"","width":0,"height":0},"classes":[]},{"id":397,"url":"https:\/\/iessoldeportocarrero.com\/?page_id=397","url_meta":{"origin":113,"position":1},"title":"Programaci\u00f3n_Instalacion y Mant","author":"admin","date":"noviembre 14, 2022","format":false,"excerpt":"","rel":"","context":"Entrada similar","block_context":{"text":"Entrada similar","link":""},"img":{"alt_text":"","src":"","width":0,"height":0},"classes":[]},{"id":307,"url":"https:\/\/iessoldeportocarrero.com\/?page_id=307","url_meta":{"origin":113,"position":2},"title":"Documentaci\u00f3n_Franc\u00e9s","author":"admin","date":"noviembre 14, 2022","format":false,"excerpt":"Documentaci\u00f3n Programaci\u00f3n","rel":"","context":"Entrada similar","block_context":{"text":"Entrada similar","link":""},"img":{"alt_text":"","src":"","width":0,"height":0},"classes":[]},{"id":174,"url":"https:\/\/iessoldeportocarrero.com\/?page_id=174","url_meta":{"origin":113,"position":3},"title":"Documentaci\u00f3n_Mat","author":"admin","date":"noviembre 11, 2022","format":false,"excerpt":"","rel":"","context":"Entrada similar","block_context":{"text":"Entrada similar","link":""},"img":{"alt_text":"","src":"","width":0,"height":0},"classes":[]},{"id":299,"url":"https:\/\/iessoldeportocarrero.com\/?page_id=299","url_meta":{"origin":113,"position":4},"title":"Documentaci\u00f3n_FOL","author":"admin","date":"noviembre 14, 2022","format":false,"excerpt":"","rel":"","context":"Entrada similar","block_context":{"text":"Entrada similar","link":""},"img":{"alt_text":"","src":"","width":0,"height":0},"classes":[]},{"id":303,"url":"https:\/\/iessoldeportocarrero.com\/?page_id=303","url_meta":{"origin":113,"position":5},"title":"Documentaci\u00f3n_M\u00fasica","author":"admin","date":"noviembre 14, 2022","format":false,"excerpt":"","rel":"","context":"Entrada similar","block_context":{"text":"Entrada similar","link":""},"img":{"alt_text":"","src":"","width":0,"height":0},"classes":[]}],"_links":{"self":[{"href":"https:\/\/iessoldeportocarrero.com\/index.php?rest_route=\/wp\/v2\/pages\/113","targetHints":{"allow":["GET"]}}],"collection":[{"href":"https:\/\/iessoldeportocarrero.com\/index.php?rest_route=\/wp\/v2\/pages"}],"about":[{"href":"https:\/\/iessoldeportocarrero.com\/index.php?rest_route=\/wp\/v2\/types\/page"}],"author":[{"embeddable":true,"href":"https:\/\/iessoldeportocarrero.com\/index.php?rest_route=\/wp\/v2\/users\/1"}],"replies":[{"embeddable":true,"href":"https:\/\/iessoldeportocarrero.com\/index.php?rest_route=%2Fwp%2Fv2%2Fcomments&post=113"}],"version-history":[{"count":6,"href":"https:\/\/iessoldeportocarrero.com\/index.php?rest_route=\/wp\/v2\/pages\/113\/revisions"}],"predecessor-version":[{"id":2796,"href":"https:\/\/iessoldeportocarrero.com\/index.php?rest_route=\/wp\/v2\/pages\/113\/revisions\/2796"}],"up":[{"embeddable":true,"href":"https:\/\/iessoldeportocarrero.com\/index.php?rest_route=\/wp\/v2\/pages\/28"}],"wp:attachment":[{"href":"https:\/\/iessoldeportocarrero.com\/index.php?rest_route=%2Fwp%2Fv2%2Fmedia&parent=113"}],"curies":[{"name":"wp","href":"https:\/\/api.w.org\/{rel}","templated":true}]}}