{"id":1103,"date":"2023-04-28T14:29:22","date_gmt":"2023-04-28T12:29:22","guid":{"rendered":"https:\/\/iessoldeportocarrero.com\/?page_id=1103"},"modified":"2023-04-28T14:35:57","modified_gmt":"2023-04-28T12:35:57","slug":"escolarizacion","status":"publish","type":"page","link":"https:\/\/iessoldeportocarrero.com\/?page_id=1103","title":{"rendered":"ESCOLARIZACI\u00d3N"},"content":{"rendered":"<div class=\"wp-block-image\">\n<figure class=\"aligncenter\"><a href=\"http:\/\/www.juntadeandalucia.es\/educacion\/portals\/web\/escolarizacion\" target=\"_blank\" rel=\"noreferrer noopener\"><img decoding=\"async\" src=\"https:\/\/blogsaverroes.juntadeandalucia.es\/iesoldeportocarrero\/files\/2015\/03\/escolarizacion.png\" alt=\"\" class=\"wp-image-3510\"\/><\/a><\/figure>\n<\/div>\n\n\n<p class=\"has-text-align-left\">Esta secci\u00f3n contiene informaci\u00f3n de utilidad para las familias a la hora de de iniciar el proceso de escolarizaci\u00f3n: plazos, documentos, normativa, enlaces, etc<\/p>\n\n\n\n<div class=\"wp-block-columns alignwide is-layout-flex wp-container-core-columns-is-layout-9d6595d7 wp-block-columns-is-layout-flex\">\n<div class=\"wp-block-column has-black-color has-text-color has-background has-link-color wp-elements-c71347bb5cb5fccc23f3e1a3e9c116af is-layout-flow wp-block-column-is-layout-flow\" style=\"background:linear-gradient(135deg,rgb(252,185,0) 0%,rgb(252,210,155) 39%,rgb(255,105,0) 100%);padding-top:2em;padding-right:2em;padding-bottom:2em;padding-left:2em;flex-basis:200px\">\n<h4 class=\"wp-block-heading has-text-align-center\" id=\"single\" style=\"font-size:30px\">E.S.O y BACHILLERATO                                              <\/h4>\n\n\n\n<p class=\"has-normal-font-size\" style=\"line-height:1.5\">MES DE MARZO<\/p>\n\n\n\n<hr class=\"wp-block-separator has-text-color has-css-opacity has-background is-style-wide\" style=\"background-color:#000000;color:#000000\"\/>\n\n\n\n<figure class=\"wp-block-image size-full\"><img fetchpriority=\"high\" decoding=\"async\" width=\"397\" height=\"562\" src=\"https:\/\/iessoldeportocarrero.com\/wp-content\/uploads\/2023\/04\/CARTEL_ESCOLARIZACION.png\" alt=\"\" class=\"wp-image-1115\" srcset=\"https:\/\/iessoldeportocarrero.com\/wp-content\/uploads\/2023\/04\/CARTEL_ESCOLARIZACION.png 397w, https:\/\/iessoldeportocarrero.com\/wp-content\/uploads\/2023\/04\/CARTEL_ESCOLARIZACION-212x300.png 212w, https:\/\/iessoldeportocarrero.com\/wp-content\/uploads\/2023\/04\/CARTEL_ESCOLARIZACION-191x270.png 191w\" sizes=\"(max-width: 397px) 100vw, 397px\" \/><\/figure>\n\n\n\n<p class=\"has-normal-font-size\"><\/p>\n<\/div>\n\n\n\n<div class=\"wp-block-column is-layout-flow wp-block-column-is-layout-flow\">\n<div class=\"wp-block-buttons is-layout-flex wp-block-buttons-is-layout-flex\">\n<div class=\"wp-block-button\"><a class=\"wp-block-button__link has-text-align-center wp-element-button\" href=\"https:\/\/www.juntadeandalucia.es\/educacion\/portals\/web\/inspeccion-educativa\/normativa\/-\/normativas\/detalle\/instrucciones-de-22-de-febrero-de-2022-de-la-viceconsejeria-sobre-los-procedimientos-de-admision-y-matriculacion-del\" target=\"_blank\" rel=\"noreferrer noopener\">NORMATIVA ESCOLARIZACI\u00d3N<\/a><\/div>\n<\/div>\n\n\n\n<figure class=\"wp-block-image size-full\"><img decoding=\"async\" width=\"299\" height=\"169\" src=\"https:\/\/iessoldeportocarrero.com\/wp-content\/uploads\/2023\/04\/JUNTA.png\" alt=\"\" class=\"wp-image-1149\"\/><\/figure>\n\n\n\n<div class=\"wp-block-buttons is-layout-flex wp-block-buttons-is-layout-flex\">\n<div class=\"wp-block-button\"><a class=\"wp-block-button__link has-text-align-center wp-element-button\" href=\"https:\/\/www.juntadeandalucia.es\/educacion\/portales\/web\/escolarizacion\" target=\"_blank\" rel=\"noreferrer noopener\">  ESCOLARIZACI\u00d3N<\/a><\/div>\n<\/div>\n\n\n\n<div class=\"wp-block-group is-vertical is-layout-flex wp-container-core-group-is-layout-8cf370e7 wp-block-group-is-layout-flex\">\n<div class=\"wp-block-buttons is-layout-flex wp-block-buttons-is-layout-flex\"><\/div>\n<\/div>\n<\/div>\n\n\n\n<div class=\"wp-block-column has-text-color has-background has-link-color wp-elements-d91f7ae9a3516611d689a1e781ba4594 is-layout-flow wp-block-column-is-layout-flow\" style=\"color:#000000;background:linear-gradient(107deg,rgb(252,185,0) 17%,rgb(255,105,0) 42%,rgb(252,210,155) 80%);padding-top:2em;padding-right:2em;padding-bottom:2em;padding-left:2em\">\n<h2 class=\"wp-block-heading has-text-align-center\" id=\"patron\" style=\"font-size:30px\"><strong>FORMACI\u00d3N PROFESIONAL<\/strong><\/h2>\n\n\n\n<p class=\"has-normal-font-size\"><strong>MES DE JUNIO<\/strong><\/p>\n\n\n\n<hr class=\"wp-block-separator has-css-opacity is-style-wide\"\/>\n\n\n\n<figure class=\"wp-block-image size-full\"><img decoding=\"async\" width=\"273\" height=\"185\" src=\"https:\/\/iessoldeportocarrero.com\/wp-content\/uploads\/2023\/04\/fpa.png\" alt=\"\" class=\"wp-image-1148\"\/><\/figure>\n<\/div>\n<\/div>\n\n\n\n<figure class=\"wp-block-embed is-type-video is-provider-youtube wp-block-embed-youtube wp-embed-aspect-16-9 wp-has-aspect-ratio\"><div class=\"wp-block-embed__wrapper\">\n<iframe title=\"00 FPA - Formaci\u00f3n Profesional Andaluza\" width=\"847\" height=\"476\" src=\"https:\/\/www.youtube.com\/embed\/r-2IQRy8pL8?feature=oembed\" frameborder=\"0\" allow=\"accelerometer; autoplay; clipboard-write; encrypted-media; gyroscope; picture-in-picture; web-share\" allowfullscreen><\/iframe>\n<\/div><\/figure>\n\n\n\n<p><\/p>\n","protected":false},"excerpt":{"rendered":"<p>Esta secci\u00f3n contiene informaci\u00f3n de utilidad para las familias a la hora de de iniciar el proceso de escolarizaci\u00f3n: plazos, documentos, normativa, enlaces, etc E.S.O y BACHILLERATO MES DE MARZO FORMACI\u00d3N PROFESIONAL MES DE JUNIO<\/p>\n","protected":false},"author":1,"featured_media":0,"parent":0,"menu_order":0,"comment_status":"closed","ping_status":"closed","template":"","meta":{"footnotes":""},"class_list":["post-1103","page","type-page","status-publish","hentry"],"yoast_head":"<!-- This site is optimized with the Yoast SEO plugin v19.14 - https:\/\/yoast.com\/wordpress\/plugins\/seo\/ -->\n<title>ESCOLARIZACI\u00d3N - IES SOL DE PORTOCARRERO - LA LABORAL<\/title>\n<meta name=\"robots\" content=\"index, follow, max-snippet:-1, max-image-preview:large, max-video-preview:-1\" \/>\n<link rel=\"canonical\" href=\"https:\/\/iessoldeportocarrero.com\/?page_id=1103\" \/>\n<meta property=\"og:locale\" content=\"es_ES\" \/>\n<meta property=\"og:type\" content=\"article\" \/>\n<meta property=\"og:title\" content=\"ESCOLARIZACI\u00d3N - IES SOL DE PORTOCARRERO - LA LABORAL\" \/>\n<meta property=\"og:description\" content=\"Esta secci\u00f3n contiene informaci\u00f3n de utilidad para las familias a la hora de de iniciar el proceso de escolarizaci\u00f3n: plazos, documentos, normativa, enlaces, etc E.S.O y BACHILLERATO MES DE MARZO FORMACI\u00d3N PROFESIONAL MES DE JUNIO\" \/>\n<meta property=\"og:url\" content=\"https:\/\/iessoldeportocarrero.com\/?page_id=1103\" \/>\n<meta property=\"og:site_name\" content=\"IES SOL DE PORTOCARRERO - LA LABORAL\" \/>\n<meta property=\"article:modified_time\" content=\"2023-04-28T12:35:57+00:00\" \/>\n<meta property=\"og:image\" content=\"https:\/\/blogsaverroes.juntadeandalucia.es\/iesoldeportocarrero\/files\/2015\/03\/escolarizacion.png\" \/>\n<meta name=\"twitter:card\" content=\"summary_large_image\" \/>\n<script type=\"application\/ld+json\" class=\"yoast-schema-graph\">{\"@context\":\"https:\/\/schema.org\",\"@graph\":[{\"@type\":\"WebPage\",\"@id\":\"https:\/\/iessoldeportocarrero.com\/?page_id=1103\",\"url\":\"https:\/\/iessoldeportocarrero.com\/?page_id=1103\",\"name\":\"ESCOLARIZACI\u00d3N - IES SOL DE PORTOCARRERO - LA LABORAL\",\"isPartOf\":{\"@id\":\"https:\/\/iessoldeportocarrero.com\/#website\"},\"datePublished\":\"2023-04-28T12:29:22+00:00\",\"dateModified\":\"2023-04-28T12:35:57+00:00\",\"breadcrumb\":{\"@id\":\"https:\/\/iessoldeportocarrero.com\/?page_id=1103#breadcrumb\"},\"inLanguage\":\"es\",\"potentialAction\":[{\"@type\":\"ReadAction\",\"target\":[\"https:\/\/iessoldeportocarrero.com\/?page_id=1103\"]}]},{\"@type\":\"BreadcrumbList\",\"@id\":\"https:\/\/iessoldeportocarrero.com\/?page_id=1103#breadcrumb\",\"itemListElement\":[{\"@type\":\"ListItem\",\"position\":1,\"name\":\"Home\",\"item\":\"https:\/\/iessoldeportocarrero.com\/\"},{\"@type\":\"ListItem\",\"position\":2,\"name\":\"ESCOLARIZACI\u00d3N\"}]},{\"@type\":\"WebSite\",\"@id\":\"https:\/\/iessoldeportocarrero.com\/#website\",\"url\":\"https:\/\/iessoldeportocarrero.com\/\",\"name\":\"IES SOL DE PORTOCARRERO - LA LABORAL\",\"description\":\"INSTITUTO DE EDUCACI\u00d3N SECUNDARIA Y FORMACI\u00d3N PROFESIONAL\",\"potentialAction\":[{\"@type\":\"SearchAction\",\"target\":{\"@type\":\"EntryPoint\",\"urlTemplate\":\"https:\/\/iessoldeportocarrero.com\/?s={search_term_string}\"},\"query-input\":\"required name=search_term_string\"}],\"inLanguage\":\"es\"}]}<\/script>\n<!-- \/ Yoast SEO plugin. -->","yoast_head_json":{"title":"ESCOLARIZACI\u00d3N - IES SOL DE PORTOCARRERO - LA LABORAL","robots":{"index":"index","follow":"follow","max-snippet":"max-snippet:-1","max-image-preview":"max-image-preview:large","max-video-preview":"max-video-preview:-1"},"canonical":"https:\/\/iessoldeportocarrero.com\/?page_id=1103","og_locale":"es_ES","og_type":"article","og_title":"ESCOLARIZACI\u00d3N - IES SOL DE PORTOCARRERO - LA LABORAL","og_description":"Esta secci\u00f3n contiene informaci\u00f3n de utilidad para las familias a la hora de de iniciar el proceso de escolarizaci\u00f3n: plazos, documentos, normativa, enlaces, etc E.S.O y BACHILLERATO MES DE MARZO FORMACI\u00d3N PROFESIONAL MES DE JUNIO","og_url":"https:\/\/iessoldeportocarrero.com\/?page_id=1103","og_site_name":"IES SOL DE PORTOCARRERO - LA LABORAL","article_modified_time":"2023-04-28T12:35:57+00:00","og_image":[{"url":"https:\/\/blogsaverroes.juntadeandalucia.es\/iesoldeportocarrero\/files\/2015\/03\/escolarizacion.png"}],"twitter_card":"summary_large_image","schema":{"@context":"https:\/\/schema.org","@graph":[{"@type":"WebPage","@id":"https:\/\/iessoldeportocarrero.com\/?page_id=1103","url":"https:\/\/iessoldeportocarrero.com\/?page_id=1103","name":"ESCOLARIZACI\u00d3N - IES SOL DE PORTOCARRERO - LA LABORAL","isPartOf":{"@id":"https:\/\/iessoldeportocarrero.com\/#website"},"datePublished":"2023-04-28T12:29:22+00:00","dateModified":"2023-04-28T12:35:57+00:00","breadcrumb":{"@id":"https:\/\/iessoldeportocarrero.com\/?page_id=1103#breadcrumb"},"inLanguage":"es","potentialAction":[{"@type":"ReadAction","target":["https:\/\/iessoldeportocarrero.com\/?page_id=1103"]}]},{"@type":"BreadcrumbList","@id":"https:\/\/iessoldeportocarrero.com\/?page_id=1103#breadcrumb","itemListElement":[{"@type":"ListItem","position":1,"name":"Home","item":"https:\/\/iessoldeportocarrero.com\/"},{"@type":"ListItem","position":2,"name":"ESCOLARIZACI\u00d3N"}]},{"@type":"WebSite","@id":"https:\/\/iessoldeportocarrero.com\/#website","url":"https:\/\/iessoldeportocarrero.com\/","name":"IES SOL DE PORTOCARRERO - LA LABORAL","description":"INSTITUTO DE EDUCACI\u00d3N SECUNDARIA Y FORMACI\u00d3N PROFESIONAL","potentialAction":[{"@type":"SearchAction","target":{"@type":"EntryPoint","urlTemplate":"https:\/\/iessoldeportocarrero.com\/?s={search_term_string}"},"query-input":"required name=search_term_string"}],"inLanguage":"es"}]}},"jetpack_sharing_enabled":true,"jetpack-related-posts":[{"id":67,"url":"https:\/\/iessoldeportocarrero.com\/?page_id=67","url_meta":{"origin":1103,"position":0},"title":"Escolarizaci\u00f3n","author":"admin","date":"noviembre 10, 2022","format":false,"excerpt":"Escolarizaci\u00f3n Esta secci\u00f3n contiene informaci\u00f3n de utilidad para las familias a la hora de de iniciar el proceso de escolarizaci\u00f3n: plazos, documentos, normativa, enlaces, etc. Enlace al portal de escolarizaci\u00f3n. Normativa\u00a0sobre el proceso de escolarizaci\u00f3n. Per\u00edodo de admisi\u00f3n: Marzo: ESO y Bachillerato Junio: Ciclos Formativos https:\/\/youtu.be\/r-2IQRy8pL8 V\u00eddeo promocional de la\u2026","rel":"","context":"Entrada similar","block_context":{"text":"Entrada similar","link":""},"img":{"alt_text":"","src":"https:\/\/i0.wp.com\/img.youtube.com\/vi\/r-2IQRy8pL8\/0.jpg?resize=350%2C200","width":350,"height":200},"classes":[]}],"_links":{"self":[{"href":"https:\/\/iessoldeportocarrero.com\/index.php?rest_route=\/wp\/v2\/pages\/1103","targetHints":{"allow":["GET"]}}],"collection":[{"href":"https:\/\/iessoldeportocarrero.com\/index.php?rest_route=\/wp\/v2\/pages"}],"about":[{"href":"https:\/\/iessoldeportocarrero.com\/index.php?rest_route=\/wp\/v2\/types\/page"}],"author":[{"embeddable":true,"href":"https:\/\/iessoldeportocarrero.com\/index.php?rest_route=\/wp\/v2\/users\/1"}],"replies":[{"embeddable":true,"href":"https:\/\/iessoldeportocarrero.com\/index.php?rest_route=%2Fwp%2Fv2%2Fcomments&post=1103"}],"version-history":[{"count":4,"href":"https:\/\/iessoldeportocarrero.com\/index.php?rest_route=\/wp\/v2\/pages\/1103\/revisions"}],"predecessor-version":[{"id":1155,"href":"https:\/\/iessoldeportocarrero.com\/index.php?rest_route=\/wp\/v2\/pages\/1103\/revisions\/1155"}],"wp:attachment":[{"href":"https:\/\/iessoldeportocarrero.com\/index.php?rest_route=%2Fwp%2Fv2%2Fmedia&parent=1103"}],"curies":[{"name":"wp","href":"https:\/\/api.w.org\/{rel}","templated":true}]}}