{"id":1100,"date":"2023-04-27T10:37:40","date_gmt":"2023-04-27T08:37:40","guid":{"rendered":"https:\/\/iessoldeportocarrero.com\/?page_id=1100"},"modified":"2023-05-25T09:59:54","modified_gmt":"2023-05-25T07:59:54","slug":"plan-de-autoproteccion","status":"publish","type":"page","link":"https:\/\/iessoldeportocarrero.com\/?page_id=1100","title":{"rendered":"PLAN DE AUTOPROTECCI\u00d3N"},"content":{"rendered":"\n<div class=\"wp-block-buttons is-layout-flex wp-block-buttons-is-layout-flex\">\n<div class=\"wp-block-button\"><a class=\"wp-block-button__link wp-element-button\" href=\"https:\/\/drive.google.com\/drive\/folders\/1KzAgz4_bwQ6LAyMCMQ1KNpZ-BHnTnN2V?usp=sharing\" target=\"_blank\" rel=\"noreferrer noopener\">DOCUMENTACI\u00d3N <\/a><\/div>\n<\/div>\n\n\n\n<p>En <a href=\"https:\/\/drive.google.com\/drive\/folders\/1KzAgz4_bwQ6LAyMCMQ1KNpZ-BHnTnN2V?usp=sharing\" target=\"_blank\" rel=\"noreferrer noopener\">este enlace<\/a> podr\u00e9is encontrar el plan de autoprotecci\u00f3n del centro, as\u00ed como materiales para la utilizaci\u00f3n en el aula y protocolos de actuaci\u00f3n ante emergencias.<\/p>\n\n\n\n<p><strong><em>V\u00cdDEOS DIVULGATIVOS<\/em><\/strong><\/p>\n\n\n\n<ul class=\"wp-block-list\">\n<li><a href=\"https:\/\/youtu.be\/byX5ZPkCZKM\" target=\"_blank\" rel=\"noreferrer noopener\">EL PLAN DE EMERGENCIA EN CENTROS ESCOLARES<\/a><\/li>\n\n\n\n<li><a href=\"https:\/\/youtu.be\/2IwK7aNvxkE\" target=\"_blank\" rel=\"noreferrer noopener\">EVACUACI\u00d3N EN CENTROS ESCOLARES<\/a><\/li>\n<\/ul>\n\n\n\n<div class=\"wp-block-query is-layout-flow wp-block-query-is-layout-flow\"><\/div>\n","protected":false},"excerpt":{"rendered":"<p>En este enlace podr\u00e9is encontrar el plan de autoprotecci\u00f3n del centro, as\u00ed como materiales para la utilizaci\u00f3n en el aula y protocolos de actuaci\u00f3n ante emergencias. V\u00cdDEOS DIVULGATIVOS<\/p>\n","protected":false},"author":1,"featured_media":0,"parent":0,"menu_order":0,"comment_status":"closed","ping_status":"closed","template":"","meta":{"footnotes":""},"class_list":["post-1100","page","type-page","status-publish","hentry"],"yoast_head":"<!-- This site is optimized with the Yoast SEO plugin v19.14 - https:\/\/yoast.com\/wordpress\/plugins\/seo\/ -->\n<title>PLAN DE AUTOPROTECCI\u00d3N - IES SOL DE PORTOCARRERO - LA LABORAL<\/title>\n<meta name=\"robots\" content=\"index, follow, max-snippet:-1, max-image-preview:large, max-video-preview:-1\" \/>\n<link rel=\"canonical\" href=\"https:\/\/iessoldeportocarrero.com\/?page_id=1100\" \/>\n<meta property=\"og:locale\" content=\"es_ES\" \/>\n<meta property=\"og:type\" content=\"article\" \/>\n<meta property=\"og:title\" content=\"PLAN DE AUTOPROTECCI\u00d3N - IES SOL DE PORTOCARRERO - LA LABORAL\" \/>\n<meta property=\"og:description\" content=\"En este enlace podr\u00e9is encontrar el plan de autoprotecci\u00f3n del centro, as\u00ed como materiales para la utilizaci\u00f3n en el aula y protocolos de actuaci\u00f3n ante emergencias. V\u00cdDEOS DIVULGATIVOS\" \/>\n<meta property=\"og:url\" content=\"https:\/\/iessoldeportocarrero.com\/?page_id=1100\" \/>\n<meta property=\"og:site_name\" content=\"IES SOL DE PORTOCARRERO - LA LABORAL\" \/>\n<meta property=\"article:modified_time\" content=\"2023-05-25T07:59:54+00:00\" \/>\n<meta name=\"twitter:card\" content=\"summary_large_image\" \/>\n<script type=\"application\/ld+json\" class=\"yoast-schema-graph\">{\"@context\":\"https:\/\/schema.org\",\"@graph\":[{\"@type\":\"WebPage\",\"@id\":\"https:\/\/iessoldeportocarrero.com\/?page_id=1100\",\"url\":\"https:\/\/iessoldeportocarrero.com\/?page_id=1100\",\"name\":\"PLAN DE AUTOPROTECCI\u00d3N - IES SOL DE PORTOCARRERO - LA LABORAL\",\"isPartOf\":{\"@id\":\"https:\/\/iessoldeportocarrero.com\/#website\"},\"datePublished\":\"2023-04-27T08:37:40+00:00\",\"dateModified\":\"2023-05-25T07:59:54+00:00\",\"breadcrumb\":{\"@id\":\"https:\/\/iessoldeportocarrero.com\/?page_id=1100#breadcrumb\"},\"inLanguage\":\"es\",\"potentialAction\":[{\"@type\":\"ReadAction\",\"target\":[\"https:\/\/iessoldeportocarrero.com\/?page_id=1100\"]}]},{\"@type\":\"BreadcrumbList\",\"@id\":\"https:\/\/iessoldeportocarrero.com\/?page_id=1100#breadcrumb\",\"itemListElement\":[{\"@type\":\"ListItem\",\"position\":1,\"name\":\"Home\",\"item\":\"https:\/\/iessoldeportocarrero.com\/\"},{\"@type\":\"ListItem\",\"position\":2,\"name\":\"PLAN DE AUTOPROTECCI\u00d3N\"}]},{\"@type\":\"WebSite\",\"@id\":\"https:\/\/iessoldeportocarrero.com\/#website\",\"url\":\"https:\/\/iessoldeportocarrero.com\/\",\"name\":\"IES SOL DE PORTOCARRERO - LA LABORAL\",\"description\":\"INSTITUTO DE EDUCACI\u00d3N SECUNDARIA Y FORMACI\u00d3N PROFESIONAL\",\"potentialAction\":[{\"@type\":\"SearchAction\",\"target\":{\"@type\":\"EntryPoint\",\"urlTemplate\":\"https:\/\/iessoldeportocarrero.com\/?s={search_term_string}\"},\"query-input\":\"required name=search_term_string\"}],\"inLanguage\":\"es\"}]}<\/script>\n<!-- \/ Yoast SEO plugin. -->","yoast_head_json":{"title":"PLAN DE AUTOPROTECCI\u00d3N - IES SOL DE PORTOCARRERO - LA LABORAL","robots":{"index":"index","follow":"follow","max-snippet":"max-snippet:-1","max-image-preview":"max-image-preview:large","max-video-preview":"max-video-preview:-1"},"canonical":"https:\/\/iessoldeportocarrero.com\/?page_id=1100","og_locale":"es_ES","og_type":"article","og_title":"PLAN DE AUTOPROTECCI\u00d3N - IES SOL DE PORTOCARRERO - LA LABORAL","og_description":"En este enlace podr\u00e9is encontrar el plan de autoprotecci\u00f3n del centro, as\u00ed como materiales para la utilizaci\u00f3n en el aula y protocolos de actuaci\u00f3n ante emergencias. V\u00cdDEOS DIVULGATIVOS","og_url":"https:\/\/iessoldeportocarrero.com\/?page_id=1100","og_site_name":"IES SOL DE PORTOCARRERO - LA LABORAL","article_modified_time":"2023-05-25T07:59:54+00:00","twitter_card":"summary_large_image","schema":{"@context":"https:\/\/schema.org","@graph":[{"@type":"WebPage","@id":"https:\/\/iessoldeportocarrero.com\/?page_id=1100","url":"https:\/\/iessoldeportocarrero.com\/?page_id=1100","name":"PLAN DE AUTOPROTECCI\u00d3N - IES SOL DE PORTOCARRERO - LA LABORAL","isPartOf":{"@id":"https:\/\/iessoldeportocarrero.com\/#website"},"datePublished":"2023-04-27T08:37:40+00:00","dateModified":"2023-05-25T07:59:54+00:00","breadcrumb":{"@id":"https:\/\/iessoldeportocarrero.com\/?page_id=1100#breadcrumb"},"inLanguage":"es","potentialAction":[{"@type":"ReadAction","target":["https:\/\/iessoldeportocarrero.com\/?page_id=1100"]}]},{"@type":"BreadcrumbList","@id":"https:\/\/iessoldeportocarrero.com\/?page_id=1100#breadcrumb","itemListElement":[{"@type":"ListItem","position":1,"name":"Home","item":"https:\/\/iessoldeportocarrero.com\/"},{"@type":"ListItem","position":2,"name":"PLAN DE AUTOPROTECCI\u00d3N"}]},{"@type":"WebSite","@id":"https:\/\/iessoldeportocarrero.com\/#website","url":"https:\/\/iessoldeportocarrero.com\/","name":"IES SOL DE PORTOCARRERO - LA LABORAL","description":"INSTITUTO DE EDUCACI\u00d3N SECUNDARIA Y FORMACI\u00d3N PROFESIONAL","potentialAction":[{"@type":"SearchAction","target":{"@type":"EntryPoint","urlTemplate":"https:\/\/iessoldeportocarrero.com\/?s={search_term_string}"},"query-input":"required name=search_term_string"}],"inLanguage":"es"}]}},"jetpack_sharing_enabled":true,"jetpack-related-posts":[{"id":1094,"url":"https:\/\/iessoldeportocarrero.com\/?page_id=1094","url_meta":{"origin":1100,"position":0},"title":"PLAN DE CENTRO","author":"admin","date":"abril 27, 2023","format":false,"excerpt":"Un centro se define en gran medida por su Plan de Centro. El plan de centro de un instituto lo componen el proyecto educativo, el reglamento de organizaci\u00f3n y funcionamiento y el proyecto de gesti\u00f3n.\u00a0 El Plan de Centro es un documento vivo que se debe ir actualizando cada a\u00f1o\u2026","rel":"","context":"Entrada similar","block_context":{"text":"Entrada similar","link":""},"img":{"alt_text":"","src":"https:\/\/i0.wp.com\/iessoldeportocarrero.com\/wp-content\/uploads\/2024\/02\/Documentos.jpg?resize=350%2C200&ssl=1","width":350,"height":200},"classes":[]},{"id":59,"url":"https:\/\/iessoldeportocarrero.com\/?page_id=59","url_meta":{"origin":1100,"position":1},"title":"Plan de Centro","author":"admin","date":"noviembre 10, 2022","format":false,"excerpt":"","rel":"","context":"Entrada similar","block_context":{"text":"Entrada similar","link":""},"img":{"alt_text":"","src":"","width":0,"height":0},"classes":[]},{"id":1085,"url":"https:\/\/iessoldeportocarrero.com\/?page_id=1085","url_meta":{"origin":1100,"position":2},"title":"EL CENTRO","author":"admin","date":"abril 27, 2023","format":false,"excerpt":"Datos del centro Consejo Escolar Equipo Directivo Secretar\u00eda Plan de Centro Planes y programas Plan de Autoprotecci\u00f3n","rel":"","context":"Entrada similar","block_context":{"text":"Entrada similar","link":""},"img":{"alt_text":"","src":"","width":0,"height":0},"classes":[]},{"id":61,"url":"https:\/\/iessoldeportocarrero.com\/?page_id=61","url_meta":{"origin":1100,"position":3},"title":"Planes y Programas","author":"admin","date":"noviembre 10, 2022","format":false,"excerpt":"","rel":"","context":"Entrada similar","block_context":{"text":"Entrada similar","link":""},"img":{"alt_text":"","src":"","width":0,"height":0},"classes":[]},{"id":63,"url":"https:\/\/iessoldeportocarrero.com\/?page_id=63","url_meta":{"origin":1100,"position":4},"title":"Plan de Autoprotecci\u00f3n","author":"admin","date":"noviembre 10, 2022","format":false,"excerpt":"","rel":"","context":"Entrada similar","block_context":{"text":"Entrada similar","link":""},"img":{"alt_text":"","src":"","width":0,"height":0},"classes":[]},{"id":33,"url":"https:\/\/iessoldeportocarrero.com\/?page_id=33","url_meta":{"origin":1100,"position":5},"title":"El Centro","author":"admin","date":"noviembre 3, 2022","format":false,"excerpt":"SECRETARIA PLAN DE CENTRO PLANES Y PROGRAMAS CONSEJO ESCOLAR","rel":"","context":"Entrada similar","block_context":{"text":"Entrada similar","link":""},"img":{"alt_text":"","src":"https:\/\/i0.wp.com\/iessoldeportocarrero.com\/wp-content\/uploads\/2022\/11\/cropped-cropped-escudo.jpeg?resize=350%2C200&ssl=1","width":350,"height":200},"classes":[]}],"_links":{"self":[{"href":"https:\/\/iessoldeportocarrero.com\/index.php?rest_route=\/wp\/v2\/pages\/1100","targetHints":{"allow":["GET"]}}],"collection":[{"href":"https:\/\/iessoldeportocarrero.com\/index.php?rest_route=\/wp\/v2\/pages"}],"about":[{"href":"https:\/\/iessoldeportocarrero.com\/index.php?rest_route=\/wp\/v2\/types\/page"}],"author":[{"embeddable":true,"href":"https:\/\/iessoldeportocarrero.com\/index.php?rest_route=\/wp\/v2\/users\/1"}],"replies":[{"embeddable":true,"href":"https:\/\/iessoldeportocarrero.com\/index.php?rest_route=%2Fwp%2Fv2%2Fcomments&post=1100"}],"version-history":[{"count":6,"href":"https:\/\/iessoldeportocarrero.com\/index.php?rest_route=\/wp\/v2\/pages\/1100\/revisions"}],"predecessor-version":[{"id":1600,"href":"https:\/\/iessoldeportocarrero.com\/index.php?rest_route=\/wp\/v2\/pages\/1100\/revisions\/1600"}],"wp:attachment":[{"href":"https:\/\/iessoldeportocarrero.com\/index.php?rest_route=%2Fwp%2Fv2%2Fmedia&parent=1100"}],"curies":[{"name":"wp","href":"https:\/\/api.w.org\/{rel}","templated":true}]}}