{"id":1091,"date":"2023-04-27T10:36:17","date_gmt":"2023-04-27T08:36:17","guid":{"rendered":"https:\/\/iessoldeportocarrero.com\/?page_id=1091"},"modified":"2023-04-27T11:16:38","modified_gmt":"2023-04-27T09:16:38","slug":"secretaria","status":"publish","type":"page","link":"https:\/\/iessoldeportocarrero.com\/?page_id=1091","title":{"rendered":"SECRETAR\u00cdA"},"content":{"rendered":"\n<p><\/p>\n\n\n\n<div class=\"wp-block-columns alignfull is-layout-flex wp-container-core-columns-is-layout-9d6595d7 wp-block-columns-is-layout-flex\">\n<div class=\"wp-block-column is-layout-flow wp-block-column-is-layout-flow\" style=\"flex-basis:50%\">\n<div class=\"wp-block-cover is-light\" style=\"min-height:177px;aspect-ratio:unset;\"><span aria-hidden=\"true\" class=\"wp-block-cover__background has-background-dim-100 has-background-dim\" style=\"background-color:#f6f6f6\"><\/span><div class=\"wp-block-cover__inner-container is-layout-flow wp-block-cover-is-layout-flow\"><div class=\"wp-block-image\">\n<figure class=\"aligncenter size-full\"><a href=\"https:\/\/www.juntadeandalucia.es\/educacion\/secretariavirtual\/\" target=\"_blank\" rel=\"noreferrer noopener\"><img fetchpriority=\"high\" decoding=\"async\" width=\"472\" height=\"107\" src=\"https:\/\/iessoldeportocarrero.com\/wp-content\/uploads\/2023\/04\/imagen.png\" alt=\"\" class=\"wp-image-1110\" srcset=\"https:\/\/iessoldeportocarrero.com\/wp-content\/uploads\/2023\/04\/imagen.png 472w, https:\/\/iessoldeportocarrero.com\/wp-content\/uploads\/2023\/04\/imagen-300x68.png 300w, https:\/\/iessoldeportocarrero.com\/wp-content\/uploads\/2023\/04\/imagen-360x82.png 360w\" sizes=\"(max-width: 472px) 100vw, 472px\" \/><\/a><\/figure>\n<\/div><\/div><\/div>\n<\/div>\n\n\n\n<div class=\"wp-block-column is-vertically-aligned-center is-layout-flow wp-block-column-is-layout-flow\" style=\"padding-top:1em;padding-right:1em;padding-bottom:1em;padding-left:1em\">\n<div class=\"wp-block-columns is-layout-flex wp-container-core-columns-is-layout-9d6595d7 wp-block-columns-is-layout-flex\">\n<div class=\"wp-block-column is-layout-flow wp-block-column-is-layout-flow\" style=\"flex-basis:320px\">\n<p class=\"has-small-font-size\" style=\"line-height:1.6\">Entre las medidas adoptadas por la Consejer\u00eda de Educaci\u00f3n de la Junta de Andaluc\u00eda ante la situaci\u00f3n de crisis sanitaria ocasionada por el COVID-19, se encuentra la habilitaci\u00f3n de la <a href=\"https:\/\/www.juntadeandalucia.es\/educacion\/secretariavirtual\/\" target=\"_blank\" rel=\"noreferrer noopener\">SECRETAR\u00cdA VIRTUAL DE LOS CENTROS DOCENTES ANDALUCES<\/a> de modo que se puedan realizar los tr\u00e1mites de forma telem\u00e1tica sin necesidad de desplazarse a los centros educativos. Actualmente se pueden realizar los siguientes tr\u00e1mites o procedimientos:<\/p>\n\n\n\n<ul class=\"wp-block-list\">\n<li>Tr\u00e1mites en general (Presentaci\u00f3n Electr\u00f3nica General en Centros Educativos).<\/li>\n\n\n\n<li>Solicitud de Admisi\u00f3n en centros docentes<\/li>\n\n\n\n<li>Solicitudes de diferentes convocatorias y procesos educativos de la Junta de Andaluc\u00eda<\/li>\n<\/ul>\n\n\n\n<p>De forma excepcional, y para el caso de no poder realizar los tr\u00e1mites de forma telem\u00e1tica a trav\u00e9s de la Secretar\u00eda Virtual del centro en la direcci\u00f3n de internet arriba se\u00f1alada, <strong>SE PODR\u00c1 REALIZAR DE FORMA PRESENCIAL MEDIANTE CITA PREVIA<\/strong> llamando al centro en el tel\u00e9fono 950.15.69.50.<\/p>\n\n\n\n<p><strong>Se puede acceder a la Secretar\u00eda Virtual de los Centros Docentes directamente desde la aplicaci\u00f3n iPASEN de nuestros tel\u00e9fonos m\u00f3viles sin necesidad de identificarse previamente<\/strong>.<\/p>\n<\/div>\n<\/div>\n<\/div>\n<\/div>\n","protected":false},"excerpt":{"rendered":"<p>Entre las medidas adoptadas por la Consejer\u00eda de Educaci\u00f3n de la Junta de Andaluc\u00eda ante la situaci\u00f3n de crisis sanitaria ocasionada por el COVID-19, se encuentra la habilitaci\u00f3n de la SECRETAR\u00cdA VIRTUAL DE LOS CENTROS DOCENTES ANDALUCES de modo que <a href=\"https:\/\/iessoldeportocarrero.com\/?page_id=1091\" class=\"read-more\">Leer m\u00e1s&#8230;<\/a><\/p>\n","protected":false},"author":1,"featured_media":0,"parent":0,"menu_order":0,"comment_status":"closed","ping_status":"closed","template":"","meta":{"footnotes":""},"class_list":["post-1091","page","type-page","status-publish","hentry"],"yoast_head":"<!-- This site is optimized with the Yoast SEO plugin v19.14 - https:\/\/yoast.com\/wordpress\/plugins\/seo\/ -->\n<title>SECRETAR\u00cdA - IES SOL DE PORTOCARRERO - LA LABORAL<\/title>\n<meta name=\"robots\" content=\"index, follow, max-snippet:-1, max-image-preview:large, max-video-preview:-1\" \/>\n<link rel=\"canonical\" href=\"https:\/\/iessoldeportocarrero.com\/?page_id=1091\" \/>\n<meta property=\"og:locale\" content=\"es_ES\" \/>\n<meta property=\"og:type\" content=\"article\" \/>\n<meta property=\"og:title\" content=\"SECRETAR\u00cdA - IES SOL DE PORTOCARRERO - LA LABORAL\" \/>\n<meta property=\"og:description\" content=\"Entre las medidas adoptadas por la Consejer\u00eda de Educaci\u00f3n de la Junta de Andaluc\u00eda ante la situaci\u00f3n de crisis sanitaria ocasionada por el COVID-19, se encuentra la habilitaci\u00f3n de la SECRETAR\u00cdA VIRTUAL DE LOS CENTROS DOCENTES ANDALUCES de modo que Leer m\u00e1s...\" \/>\n<meta property=\"og:url\" content=\"https:\/\/iessoldeportocarrero.com\/?page_id=1091\" \/>\n<meta property=\"og:site_name\" content=\"IES SOL DE PORTOCARRERO - LA LABORAL\" \/>\n<meta property=\"article:modified_time\" content=\"2023-04-27T09:16:38+00:00\" \/>\n<meta property=\"og:image\" content=\"https:\/\/iessoldeportocarrero.com\/wp-content\/uploads\/2023\/04\/imagen.png\" \/>\n<meta name=\"twitter:card\" content=\"summary_large_image\" \/>\n<meta name=\"twitter:label1\" content=\"Tiempo de lectura\" \/>\n\t<meta name=\"twitter:data1\" content=\"1 minuto\" \/>\n<script type=\"application\/ld+json\" class=\"yoast-schema-graph\">{\"@context\":\"https:\/\/schema.org\",\"@graph\":[{\"@type\":\"WebPage\",\"@id\":\"https:\/\/iessoldeportocarrero.com\/?page_id=1091\",\"url\":\"https:\/\/iessoldeportocarrero.com\/?page_id=1091\",\"name\":\"SECRETAR\u00cdA - IES SOL DE PORTOCARRERO - LA LABORAL\",\"isPartOf\":{\"@id\":\"https:\/\/iessoldeportocarrero.com\/#website\"},\"datePublished\":\"2023-04-27T08:36:17+00:00\",\"dateModified\":\"2023-04-27T09:16:38+00:00\",\"breadcrumb\":{\"@id\":\"https:\/\/iessoldeportocarrero.com\/?page_id=1091#breadcrumb\"},\"inLanguage\":\"es\",\"potentialAction\":[{\"@type\":\"ReadAction\",\"target\":[\"https:\/\/iessoldeportocarrero.com\/?page_id=1091\"]}]},{\"@type\":\"BreadcrumbList\",\"@id\":\"https:\/\/iessoldeportocarrero.com\/?page_id=1091#breadcrumb\",\"itemListElement\":[{\"@type\":\"ListItem\",\"position\":1,\"name\":\"Home\",\"item\":\"https:\/\/iessoldeportocarrero.com\/\"},{\"@type\":\"ListItem\",\"position\":2,\"name\":\"SECRETAR\u00cdA\"}]},{\"@type\":\"WebSite\",\"@id\":\"https:\/\/iessoldeportocarrero.com\/#website\",\"url\":\"https:\/\/iessoldeportocarrero.com\/\",\"name\":\"IES SOL DE PORTOCARRERO - LA LABORAL\",\"description\":\"INSTITUTO DE EDUCACI\u00d3N SECUNDARIA Y FORMACI\u00d3N PROFESIONAL\",\"potentialAction\":[{\"@type\":\"SearchAction\",\"target\":{\"@type\":\"EntryPoint\",\"urlTemplate\":\"https:\/\/iessoldeportocarrero.com\/?s={search_term_string}\"},\"query-input\":\"required name=search_term_string\"}],\"inLanguage\":\"es\"}]}<\/script>\n<!-- \/ Yoast SEO plugin. -->","yoast_head_json":{"title":"SECRETAR\u00cdA - IES SOL DE PORTOCARRERO - LA LABORAL","robots":{"index":"index","follow":"follow","max-snippet":"max-snippet:-1","max-image-preview":"max-image-preview:large","max-video-preview":"max-video-preview:-1"},"canonical":"https:\/\/iessoldeportocarrero.com\/?page_id=1091","og_locale":"es_ES","og_type":"article","og_title":"SECRETAR\u00cdA - IES SOL DE PORTOCARRERO - LA LABORAL","og_description":"Entre las medidas adoptadas por la Consejer\u00eda de Educaci\u00f3n de la Junta de Andaluc\u00eda ante la situaci\u00f3n de crisis sanitaria ocasionada por el COVID-19, se encuentra la habilitaci\u00f3n de la SECRETAR\u00cdA VIRTUAL DE LOS CENTROS DOCENTES ANDALUCES de modo que Leer m\u00e1s...","og_url":"https:\/\/iessoldeportocarrero.com\/?page_id=1091","og_site_name":"IES SOL DE PORTOCARRERO - LA LABORAL","article_modified_time":"2023-04-27T09:16:38+00:00","og_image":[{"url":"https:\/\/iessoldeportocarrero.com\/wp-content\/uploads\/2023\/04\/imagen.png"}],"twitter_card":"summary_large_image","twitter_misc":{"Tiempo de lectura":"1 minuto"},"schema":{"@context":"https:\/\/schema.org","@graph":[{"@type":"WebPage","@id":"https:\/\/iessoldeportocarrero.com\/?page_id=1091","url":"https:\/\/iessoldeportocarrero.com\/?page_id=1091","name":"SECRETAR\u00cdA - IES SOL DE PORTOCARRERO - LA LABORAL","isPartOf":{"@id":"https:\/\/iessoldeportocarrero.com\/#website"},"datePublished":"2023-04-27T08:36:17+00:00","dateModified":"2023-04-27T09:16:38+00:00","breadcrumb":{"@id":"https:\/\/iessoldeportocarrero.com\/?page_id=1091#breadcrumb"},"inLanguage":"es","potentialAction":[{"@type":"ReadAction","target":["https:\/\/iessoldeportocarrero.com\/?page_id=1091"]}]},{"@type":"BreadcrumbList","@id":"https:\/\/iessoldeportocarrero.com\/?page_id=1091#breadcrumb","itemListElement":[{"@type":"ListItem","position":1,"name":"Home","item":"https:\/\/iessoldeportocarrero.com\/"},{"@type":"ListItem","position":2,"name":"SECRETAR\u00cdA"}]},{"@type":"WebSite","@id":"https:\/\/iessoldeportocarrero.com\/#website","url":"https:\/\/iessoldeportocarrero.com\/","name":"IES SOL DE PORTOCARRERO - LA LABORAL","description":"INSTITUTO DE EDUCACI\u00d3N SECUNDARIA Y FORMACI\u00d3N PROFESIONAL","potentialAction":[{"@type":"SearchAction","target":{"@type":"EntryPoint","urlTemplate":"https:\/\/iessoldeportocarrero.com\/?s={search_term_string}"},"query-input":"required name=search_term_string"}],"inLanguage":"es"}]}},"jetpack_sharing_enabled":true,"jetpack-related-posts":[{"id":57,"url":"https:\/\/iessoldeportocarrero.com\/?page_id=57","url_meta":{"origin":1091,"position":0},"title":"Secretar\u00eda","author":"admin","date":"noviembre 10, 2022","format":false,"excerpt":"","rel":"","context":"Entrada similar","block_context":{"text":"Entrada similar","link":""},"img":{"alt_text":"","src":"","width":0,"height":0},"classes":[]},{"id":33,"url":"https:\/\/iessoldeportocarrero.com\/?page_id=33","url_meta":{"origin":1091,"position":1},"title":"El Centro","author":"admin","date":"noviembre 3, 2022","format":false,"excerpt":"SECRETARIA PLAN DE CENTRO PLANES Y PROGRAMAS CONSEJO ESCOLAR","rel":"","context":"Entrada similar","block_context":{"text":"Entrada similar","link":""},"img":{"alt_text":"","src":"https:\/\/i0.wp.com\/iessoldeportocarrero.com\/wp-content\/uploads\/2022\/11\/cropped-cropped-escudo.jpeg?resize=350%2C200&ssl=1","width":350,"height":200},"classes":[]},{"id":1085,"url":"https:\/\/iessoldeportocarrero.com\/?page_id=1085","url_meta":{"origin":1091,"position":2},"title":"EL CENTRO","author":"admin","date":"abril 27, 2023","format":false,"excerpt":"Datos del centro Consejo Escolar Equipo Directivo Secretar\u00eda Plan de Centro Planes y programas Plan de Autoprotecci\u00f3n","rel":"","context":"Entrada similar","block_context":{"text":"Entrada similar","link":""},"img":{"alt_text":"","src":"","width":0,"height":0},"classes":[]},{"id":53,"url":"https:\/\/iessoldeportocarrero.com\/?page_id=53","url_meta":{"origin":1091,"position":3},"title":"Consejo Escolar","author":"admin","date":"noviembre 10, 2022","format":false,"excerpt":"SECTORMIEMBROEQUIPO DIRECTIVOMAR MOTA (DIRECTORA)EQUIPO DIRECTIVORAQUEL SOLER (JEFA DE ESTUDIOS)EQUIPO DIRECTIVORICARDO LINARES (SECRETARIO)PROFESORADO8 REPRESENTANTESMadres\/Padres\/Tutores5 REPRESENTANTESALUMNADO5 REPRESENTANTESP.A.S.1 REPRESENTANTEENTORNO EMPRESARIAL1 REPRESENTANTE","rel":"","context":"Entrada similar","block_context":{"text":"Entrada similar","link":""},"img":{"alt_text":"","src":"https:\/\/i0.wp.com\/s.w.org\/patterns\/files\/2021\/06\/wire-sculpture-263x300.jpg?resize=350%2C200&ssl=1","width":350,"height":200},"classes":[]},{"id":55,"url":"https:\/\/iessoldeportocarrero.com\/?page_id=55","url_meta":{"origin":1091,"position":4},"title":"Equipo Directivo","author":"admin","date":"noviembre 10, 2022","format":false,"excerpt":"Direcci\u00f3nM\u00aa del Mar Mota Forte Vicedirecci\u00f3nLidia Cobos S\u00e1nchezSecretar\u00edaJos\u00e9 Botias Palaz\u00f3nJefatura de EstudiosRaquel Soler DelgadoJefatura de Estudios AdjuntaTeresa Bl\u00e1zquez C\u00e1tedraJefatura de Estudios AdjuntaJuana Castillo RojoJefatura de Estudios AdjuntaRicardo Juan Linares Ortiz","rel":"","context":"Entrada similar","block_context":{"text":"Entrada similar","link":""},"img":{"alt_text":"","src":"","width":0,"height":0},"classes":[]},{"id":1088,"url":"https:\/\/iessoldeportocarrero.com\/?page_id=1088","url_meta":{"origin":1091,"position":5},"title":"EQUIPO DIRECTIVO","author":"admin","date":"abril 27, 2023","format":false,"excerpt":"CARGONOMBREHORARIO ATENCI\u00d3N FAMILIASDIRECCI\u00d3NMaria del Mar Mota ForteLunes-Martes-Mi\u00e9rcoles: 8:15 a 9:15 Martes: 10:15 a 11:15 Lunes:17:00a 18:00VICEDIRECCI\u00d3NLidia Cobos S\u00e1nchezLunes-Martes: 13:45 a 14:45SECRETAR\u00cdARicardo Juan Linares OrtizMartes-Mi\u00e9rcoles : 11:45 a 12:45JEFATURADE ESTUDIOSRaquel Soler DelgadoLunes: 12:45 a 14:45 y 17:00 a 18:00Martes: 11:45 a 13:45JEFATURA DE ESTUDIOSADJUNTA\u00c1ngel Suanes AguileraJuana Castillo RojoPedro Llorente Pulido Se\u2026","rel":"","context":"Entrada similar","block_context":{"text":"Entrada similar","link":""},"img":{"alt_text":"","src":"https:\/\/i0.wp.com\/iessoldeportocarrero.com\/wp-content\/uploads\/2024\/03\/1.jpg?resize=350%2C200&ssl=1","width":350,"height":200,"srcset":"https:\/\/i0.wp.com\/iessoldeportocarrero.com\/wp-content\/uploads\/2024\/03\/1.jpg?resize=350%2C200&ssl=1 1x, https:\/\/i0.wp.com\/iessoldeportocarrero.com\/wp-content\/uploads\/2024\/03\/1.jpg?resize=525%2C300&ssl=1 1.5x, https:\/\/i0.wp.com\/iessoldeportocarrero.com\/wp-content\/uploads\/2024\/03\/1.jpg?resize=700%2C400&ssl=1 2x, https:\/\/i0.wp.com\/iessoldeportocarrero.com\/wp-content\/uploads\/2024\/03\/1.jpg?resize=1050%2C600&ssl=1 3x, https:\/\/i0.wp.com\/iessoldeportocarrero.com\/wp-content\/uploads\/2024\/03\/1.jpg?resize=1400%2C800&ssl=1 4x"},"classes":[]}],"_links":{"self":[{"href":"https:\/\/iessoldeportocarrero.com\/index.php?rest_route=\/wp\/v2\/pages\/1091","targetHints":{"allow":["GET"]}}],"collection":[{"href":"https:\/\/iessoldeportocarrero.com\/index.php?rest_route=\/wp\/v2\/pages"}],"about":[{"href":"https:\/\/iessoldeportocarrero.com\/index.php?rest_route=\/wp\/v2\/types\/page"}],"author":[{"embeddable":true,"href":"https:\/\/iessoldeportocarrero.com\/index.php?rest_route=\/wp\/v2\/users\/1"}],"replies":[{"embeddable":true,"href":"https:\/\/iessoldeportocarrero.com\/index.php?rest_route=%2Fwp%2Fv2%2Fcomments&post=1091"}],"version-history":[{"count":6,"href":"https:\/\/iessoldeportocarrero.com\/index.php?rest_route=\/wp\/v2\/pages\/1091\/revisions"}],"predecessor-version":[{"id":1118,"href":"https:\/\/iessoldeportocarrero.com\/index.php?rest_route=\/wp\/v2\/pages\/1091\/revisions\/1118"}],"wp:attachment":[{"href":"https:\/\/iessoldeportocarrero.com\/index.php?rest_route=%2Fwp%2Fv2%2Fmedia&parent=1091"}],"curies":[{"name":"wp","href":"https:\/\/api.w.org\/{rel}","templated":true}]}}