{"id":1085,"date":"2023-04-27T10:25:47","date_gmt":"2023-04-27T08:25:47","guid":{"rendered":"https:\/\/iessoldeportocarrero.com\/?page_id=1085"},"modified":"2023-05-18T09:27:14","modified_gmt":"2023-05-18T07:27:14","slug":"el-centro-2","status":"publish","type":"page","link":"https:\/\/iessoldeportocarrero.com\/?page_id=1085","title":{"rendered":"EL CENTRO"},"content":{"rendered":"\n<div class=\"wp-block-buttons is-layout-flex wp-block-buttons-is-layout-flex\">\n<div class=\"wp-block-button\"><a class=\"wp-block-button__link wp-element-button\" href=\"https:\/\/iessoldeportocarrero.com\/?page_id=51\">Datos del centro<\/a><\/div>\n\n\n\n<div class=\"wp-block-button\"><a class=\"wp-block-button__link wp-element-button\" href=\"https:\/\/iessoldeportocarrero.com\/?page_id=53\">Consejo Escolar<\/a><\/div>\n\n\n\n<div class=\"wp-block-button\"><a class=\"wp-block-button__link wp-element-button\" href=\"https:\/\/iessoldeportocarrero.com\/?page_id=1088\">Equipo Directivo<\/a><\/div>\n\n\n\n<div class=\"wp-block-button\"><a class=\"wp-block-button__link wp-element-button\" href=\"https:\/\/iessoldeportocarrero.com\/?page_id=1091\">Secretar\u00eda<\/a><\/div>\n\n\n\n<div class=\"wp-block-button\"><a class=\"wp-block-button__link wp-element-button\" href=\"https:\/\/iessoldeportocarrero.com\/?page_id=1094\">Plan de Centro<\/a><\/div>\n\n\n\n<div class=\"wp-block-button\"><a class=\"wp-block-button__link wp-element-button\" href=\"https:\/\/iessoldeportocarrero.com\/?page_id=1097\">Planes y programas<\/a><\/div>\n\n\n\n<div class=\"wp-block-button\"><a class=\"wp-block-button__link wp-element-button\" href=\"https:\/\/iessoldeportocarrero.com\/?page_id=1100\">Plan de Autoprotecci\u00f3n<\/a><\/div>\n<\/div>\n","protected":false},"excerpt":{"rendered":"","protected":false},"author":1,"featured_media":0,"parent":0,"menu_order":0,"comment_status":"closed","ping_status":"closed","template":"","meta":{"footnotes":""},"class_list":["post-1085","page","type-page","status-publish","hentry"],"yoast_head":"<!-- This site is optimized with the Yoast SEO plugin v19.14 - https:\/\/yoast.com\/wordpress\/plugins\/seo\/ -->\n<title>EL CENTRO - IES SOL DE PORTOCARRERO - LA LABORAL<\/title>\n<meta name=\"robots\" content=\"index, follow, max-snippet:-1, max-image-preview:large, max-video-preview:-1\" \/>\n<link rel=\"canonical\" href=\"https:\/\/iessoldeportocarrero.com\/?page_id=1085\" \/>\n<meta property=\"og:locale\" content=\"es_ES\" \/>\n<meta property=\"og:type\" content=\"article\" \/>\n<meta property=\"og:title\" content=\"EL CENTRO - IES SOL DE PORTOCARRERO - LA LABORAL\" \/>\n<meta property=\"og:url\" content=\"https:\/\/iessoldeportocarrero.com\/?page_id=1085\" \/>\n<meta property=\"og:site_name\" content=\"IES SOL DE PORTOCARRERO - LA LABORAL\" \/>\n<meta property=\"article:modified_time\" content=\"2023-05-18T07:27:14+00:00\" \/>\n<meta name=\"twitter:card\" content=\"summary_large_image\" \/>\n<script type=\"application\/ld+json\" class=\"yoast-schema-graph\">{\"@context\":\"https:\/\/schema.org\",\"@graph\":[{\"@type\":\"WebPage\",\"@id\":\"https:\/\/iessoldeportocarrero.com\/?page_id=1085\",\"url\":\"https:\/\/iessoldeportocarrero.com\/?page_id=1085\",\"name\":\"EL CENTRO - IES SOL DE PORTOCARRERO - LA LABORAL\",\"isPartOf\":{\"@id\":\"https:\/\/iessoldeportocarrero.com\/#website\"},\"datePublished\":\"2023-04-27T08:25:47+00:00\",\"dateModified\":\"2023-05-18T07:27:14+00:00\",\"breadcrumb\":{\"@id\":\"https:\/\/iessoldeportocarrero.com\/?page_id=1085#breadcrumb\"},\"inLanguage\":\"es\",\"potentialAction\":[{\"@type\":\"ReadAction\",\"target\":[\"https:\/\/iessoldeportocarrero.com\/?page_id=1085\"]}]},{\"@type\":\"BreadcrumbList\",\"@id\":\"https:\/\/iessoldeportocarrero.com\/?page_id=1085#breadcrumb\",\"itemListElement\":[{\"@type\":\"ListItem\",\"position\":1,\"name\":\"Home\",\"item\":\"https:\/\/iessoldeportocarrero.com\/\"},{\"@type\":\"ListItem\",\"position\":2,\"name\":\"EL CENTRO\"}]},{\"@type\":\"WebSite\",\"@id\":\"https:\/\/iessoldeportocarrero.com\/#website\",\"url\":\"https:\/\/iessoldeportocarrero.com\/\",\"name\":\"IES SOL DE PORTOCARRERO - LA LABORAL\",\"description\":\"INSTITUTO DE EDUCACI\u00d3N SECUNDARIA Y FORMACI\u00d3N PROFESIONAL\",\"potentialAction\":[{\"@type\":\"SearchAction\",\"target\":{\"@type\":\"EntryPoint\",\"urlTemplate\":\"https:\/\/iessoldeportocarrero.com\/?s={search_term_string}\"},\"query-input\":\"required name=search_term_string\"}],\"inLanguage\":\"es\"}]}<\/script>\n<!-- \/ Yoast SEO plugin. -->","yoast_head_json":{"title":"EL CENTRO - IES SOL DE PORTOCARRERO - LA LABORAL","robots":{"index":"index","follow":"follow","max-snippet":"max-snippet:-1","max-image-preview":"max-image-preview:large","max-video-preview":"max-video-preview:-1"},"canonical":"https:\/\/iessoldeportocarrero.com\/?page_id=1085","og_locale":"es_ES","og_type":"article","og_title":"EL CENTRO - IES SOL DE PORTOCARRERO - LA LABORAL","og_url":"https:\/\/iessoldeportocarrero.com\/?page_id=1085","og_site_name":"IES SOL DE PORTOCARRERO - LA LABORAL","article_modified_time":"2023-05-18T07:27:14+00:00","twitter_card":"summary_large_image","schema":{"@context":"https:\/\/schema.org","@graph":[{"@type":"WebPage","@id":"https:\/\/iessoldeportocarrero.com\/?page_id=1085","url":"https:\/\/iessoldeportocarrero.com\/?page_id=1085","name":"EL CENTRO - IES SOL DE PORTOCARRERO - LA LABORAL","isPartOf":{"@id":"https:\/\/iessoldeportocarrero.com\/#website"},"datePublished":"2023-04-27T08:25:47+00:00","dateModified":"2023-05-18T07:27:14+00:00","breadcrumb":{"@id":"https:\/\/iessoldeportocarrero.com\/?page_id=1085#breadcrumb"},"inLanguage":"es","potentialAction":[{"@type":"ReadAction","target":["https:\/\/iessoldeportocarrero.com\/?page_id=1085"]}]},{"@type":"BreadcrumbList","@id":"https:\/\/iessoldeportocarrero.com\/?page_id=1085#breadcrumb","itemListElement":[{"@type":"ListItem","position":1,"name":"Home","item":"https:\/\/iessoldeportocarrero.com\/"},{"@type":"ListItem","position":2,"name":"EL CENTRO"}]},{"@type":"WebSite","@id":"https:\/\/iessoldeportocarrero.com\/#website","url":"https:\/\/iessoldeportocarrero.com\/","name":"IES SOL DE PORTOCARRERO - LA LABORAL","description":"INSTITUTO DE EDUCACI\u00d3N SECUNDARIA Y FORMACI\u00d3N PROFESIONAL","potentialAction":[{"@type":"SearchAction","target":{"@type":"EntryPoint","urlTemplate":"https:\/\/iessoldeportocarrero.com\/?s={search_term_string}"},"query-input":"required name=search_term_string"}],"inLanguage":"es"}]}},"jetpack_sharing_enabled":true,"jetpack-related-posts":[{"id":53,"url":"https:\/\/iessoldeportocarrero.com\/?page_id=53","url_meta":{"origin":1085,"position":0},"title":"Consejo Escolar","author":"admin","date":"noviembre 10, 2022","format":false,"excerpt":"SECTORMIEMBROEQUIPO DIRECTIVOMAR MOTA (DIRECTORA)EQUIPO DIRECTIVORAQUEL SOLER (JEFA DE ESTUDIOS)EQUIPO DIRECTIVORICARDO LINARES (SECRETARIO)PROFESORADO8 REPRESENTANTESMadres\/Padres\/Tutores5 REPRESENTANTESALUMNADO5 REPRESENTANTESP.A.S.1 REPRESENTANTEENTORNO EMPRESARIAL1 REPRESENTANTE","rel":"","context":"Entrada similar","block_context":{"text":"Entrada similar","link":""},"img":{"alt_text":"","src":"https:\/\/i0.wp.com\/s.w.org\/patterns\/files\/2021\/06\/wire-sculpture-263x300.jpg?resize=350%2C200&ssl=1","width":350,"height":200},"classes":[]},{"id":33,"url":"https:\/\/iessoldeportocarrero.com\/?page_id=33","url_meta":{"origin":1085,"position":1},"title":"El Centro","author":"admin","date":"noviembre 3, 2022","format":false,"excerpt":"SECRETARIA PLAN DE CENTRO PLANES Y PROGRAMAS CONSEJO ESCOLAR","rel":"","context":"Entrada similar","block_context":{"text":"Entrada similar","link":""},"img":{"alt_text":"","src":"https:\/\/i0.wp.com\/iessoldeportocarrero.com\/wp-content\/uploads\/2022\/11\/cropped-cropped-escudo.jpeg?resize=350%2C200&ssl=1","width":350,"height":200},"classes":[]},{"id":55,"url":"https:\/\/iessoldeportocarrero.com\/?page_id=55","url_meta":{"origin":1085,"position":2},"title":"Equipo Directivo","author":"admin","date":"noviembre 10, 2022","format":false,"excerpt":"Direcci\u00f3nM\u00aa del Mar Mota Forte Vicedirecci\u00f3nLidia Cobos S\u00e1nchezSecretar\u00edaJos\u00e9 Botias Palaz\u00f3nJefatura de EstudiosRaquel Soler DelgadoJefatura de Estudios AdjuntaTeresa Bl\u00e1zquez C\u00e1tedraJefatura de Estudios AdjuntaJuana Castillo RojoJefatura de Estudios AdjuntaRicardo Juan Linares Ortiz","rel":"","context":"Entrada similar","block_context":{"text":"Entrada similar","link":""},"img":{"alt_text":"","src":"","width":0,"height":0},"classes":[]},{"id":51,"url":"https:\/\/iessoldeportocarrero.com\/?page_id=51","url_meta":{"origin":1085,"position":3},"title":"Datos del centro","author":"admin","date":"noviembre 10, 2022","format":false,"excerpt":"I.E.S.L SOL DE PORTOCARRERO-LA LABORAL C\u00f3digo del centro: 04700107 Direcci\u00f3n:\u00a0Carretera de N\u00edjar Km 7, 04120, La Ca\u00f1ada de San Urbano, Almer\u00edaTel\u00e9fono:\u00a0950156950 \u00a0 Email:\u00a004700107.edu@juntadeandalucia.es Horarios del centro Horario lectivo : 8:15 a 14:45 Un recreo: 11:15 a 11:45. PRESENTACI\u00d3N DE NUESTRO CENTRO presentacion_ies_sol_de_portocarrero_almeriaDescarga E.S.O ENSE\u00d1ANZA BILINGUE- INGL\u00c9S Plan TDE S Bbliotecas\u2026","rel":"","context":"Entrada similar","block_context":{"text":"Entrada similar","link":""},"img":{"alt_text":"","src":"https:\/\/i0.wp.com\/iessoldeportocarrero.com\/wp-content\/uploads\/2025\/09\/loGO_LABORAL.png?resize=350%2C200&ssl=1","width":350,"height":200,"srcset":"https:\/\/i0.wp.com\/iessoldeportocarrero.com\/wp-content\/uploads\/2025\/09\/loGO_LABORAL.png?resize=350%2C200&ssl=1 1x, https:\/\/i0.wp.com\/iessoldeportocarrero.com\/wp-content\/uploads\/2025\/09\/loGO_LABORAL.png?resize=525%2C300&ssl=1 1.5x, https:\/\/i0.wp.com\/iessoldeportocarrero.com\/wp-content\/uploads\/2025\/09\/loGO_LABORAL.png?resize=700%2C400&ssl=1 2x"},"classes":[]},{"id":1091,"url":"https:\/\/iessoldeportocarrero.com\/?page_id=1091","url_meta":{"origin":1085,"position":4},"title":"SECRETAR\u00cdA","author":"admin","date":"abril 27, 2023","format":false,"excerpt":"Entre las medidas adoptadas por la Consejer\u00eda de Educaci\u00f3n de la Junta de Andaluc\u00eda ante la situaci\u00f3n de crisis sanitaria ocasionada por el COVID-19, se encuentra la habilitaci\u00f3n de la SECRETAR\u00cdA VIRTUAL DE LOS CENTROS DOCENTES ANDALUCES de modo que se puedan realizar los tr\u00e1mites de forma telem\u00e1tica sin necesidad\u2026","rel":"","context":"Entrada similar","block_context":{"text":"Entrada similar","link":""},"img":{"alt_text":"","src":"https:\/\/i0.wp.com\/iessoldeportocarrero.com\/wp-content\/uploads\/2023\/04\/imagen.png?resize=350%2C200&ssl=1","width":350,"height":200},"classes":[]},{"id":1094,"url":"https:\/\/iessoldeportocarrero.com\/?page_id=1094","url_meta":{"origin":1085,"position":5},"title":"PLAN DE CENTRO","author":"admin","date":"abril 27, 2023","format":false,"excerpt":"Un centro se define en gran medida por su Plan de Centro. El plan de centro de un instituto lo componen el proyecto educativo, el reglamento de organizaci\u00f3n y funcionamiento y el proyecto de gesti\u00f3n.\u00a0 El Plan de Centro es un documento vivo que se debe ir actualizando cada a\u00f1o\u2026","rel":"","context":"Entrada similar","block_context":{"text":"Entrada similar","link":""},"img":{"alt_text":"","src":"https:\/\/i0.wp.com\/iessoldeportocarrero.com\/wp-content\/uploads\/2024\/02\/Documentos.jpg?resize=350%2C200&ssl=1","width":350,"height":200},"classes":[]}],"_links":{"self":[{"href":"https:\/\/iessoldeportocarrero.com\/index.php?rest_route=\/wp\/v2\/pages\/1085","targetHints":{"allow":["GET"]}}],"collection":[{"href":"https:\/\/iessoldeportocarrero.com\/index.php?rest_route=\/wp\/v2\/pages"}],"about":[{"href":"https:\/\/iessoldeportocarrero.com\/index.php?rest_route=\/wp\/v2\/types\/page"}],"author":[{"embeddable":true,"href":"https:\/\/iessoldeportocarrero.com\/index.php?rest_route=\/wp\/v2\/users\/1"}],"replies":[{"embeddable":true,"href":"https:\/\/iessoldeportocarrero.com\/index.php?rest_route=%2Fwp%2Fv2%2Fcomments&post=1085"}],"version-history":[{"count":2,"href":"https:\/\/iessoldeportocarrero.com\/index.php?rest_route=\/wp\/v2\/pages\/1085\/revisions"}],"predecessor-version":[{"id":1484,"href":"https:\/\/iessoldeportocarrero.com\/index.php?rest_route=\/wp\/v2\/pages\/1085\/revisions\/1484"}],"wp:attachment":[{"href":"https:\/\/iessoldeportocarrero.com\/index.php?rest_route=%2Fwp%2Fv2%2Fmedia&parent=1085"}],"curies":[{"name":"wp","href":"https:\/\/api.w.org\/{rel}","templated":true}]}}