{"id":1054,"date":"2023-04-13T11:55:52","date_gmt":"2023-04-13T09:55:52","guid":{"rendered":"https:\/\/iessoldeportocarrero.com\/?page_id=1054"},"modified":"2023-05-16T12:08:57","modified_gmt":"2023-05-16T10:08:57","slug":"planos-accesos-alumnado-recreos-aseos","status":"publish","type":"page","link":"https:\/\/iessoldeportocarrero.com\/?page_id=1054","title":{"rendered":"Planos Accesos Alumnado\/Recreos\/Aseos"},"content":{"rendered":"\n<p><a href=\"https:\/\/drive.google.com\/drive\/folders\/1i_G22mNUk83-FWVzIR5aAOfhzsg9CgRH?usp=sharing\" target=\"_blank\" rel=\"noreferrer noopener\">PLANOS<\/a><\/p>\n","protected":false},"excerpt":{"rendered":"<p>PLANOS<\/p>\n","protected":false},"author":1,"featured_media":0,"parent":0,"menu_order":0,"comment_status":"closed","ping_status":"closed","template":"","meta":{"footnotes":""},"class_list":["post-1054","page","type-page","status-publish","hentry"],"yoast_head":"<!-- This site is optimized with the Yoast SEO plugin v19.14 - https:\/\/yoast.com\/wordpress\/plugins\/seo\/ -->\n<title>Planos Accesos Alumnado\/Recreos\/Aseos - IES SOL DE PORTOCARRERO - LA LABORAL<\/title>\n<meta name=\"robots\" content=\"index, follow, max-snippet:-1, max-image-preview:large, max-video-preview:-1\" \/>\n<link rel=\"canonical\" href=\"https:\/\/iessoldeportocarrero.com\/?page_id=1054\" \/>\n<meta property=\"og:locale\" content=\"es_ES\" \/>\n<meta property=\"og:type\" content=\"article\" \/>\n<meta property=\"og:title\" content=\"Planos Accesos Alumnado\/Recreos\/Aseos - IES SOL DE PORTOCARRERO - LA LABORAL\" \/>\n<meta property=\"og:description\" content=\"PLANOS\" \/>\n<meta property=\"og:url\" content=\"https:\/\/iessoldeportocarrero.com\/?page_id=1054\" \/>\n<meta property=\"og:site_name\" content=\"IES SOL DE PORTOCARRERO - LA LABORAL\" \/>\n<meta property=\"article:modified_time\" content=\"2023-05-16T10:08:57+00:00\" \/>\n<meta name=\"twitter:card\" content=\"summary_large_image\" \/>\n<script type=\"application\/ld+json\" class=\"yoast-schema-graph\">{\"@context\":\"https:\/\/schema.org\",\"@graph\":[{\"@type\":\"WebPage\",\"@id\":\"https:\/\/iessoldeportocarrero.com\/?page_id=1054\",\"url\":\"https:\/\/iessoldeportocarrero.com\/?page_id=1054\",\"name\":\"Planos Accesos Alumnado\/Recreos\/Aseos - IES SOL DE PORTOCARRERO - LA LABORAL\",\"isPartOf\":{\"@id\":\"https:\/\/iessoldeportocarrero.com\/#website\"},\"datePublished\":\"2023-04-13T09:55:52+00:00\",\"dateModified\":\"2023-05-16T10:08:57+00:00\",\"breadcrumb\":{\"@id\":\"https:\/\/iessoldeportocarrero.com\/?page_id=1054#breadcrumb\"},\"inLanguage\":\"es\",\"potentialAction\":[{\"@type\":\"ReadAction\",\"target\":[\"https:\/\/iessoldeportocarrero.com\/?page_id=1054\"]}]},{\"@type\":\"BreadcrumbList\",\"@id\":\"https:\/\/iessoldeportocarrero.com\/?page_id=1054#breadcrumb\",\"itemListElement\":[{\"@type\":\"ListItem\",\"position\":1,\"name\":\"Home\",\"item\":\"https:\/\/iessoldeportocarrero.com\/\"},{\"@type\":\"ListItem\",\"position\":2,\"name\":\"Planos Accesos Alumnado\/Recreos\/Aseos\"}]},{\"@type\":\"WebSite\",\"@id\":\"https:\/\/iessoldeportocarrero.com\/#website\",\"url\":\"https:\/\/iessoldeportocarrero.com\/\",\"name\":\"IES SOL DE PORTOCARRERO - LA LABORAL\",\"description\":\"INSTITUTO DE EDUCACI\u00d3N SECUNDARIA Y FORMACI\u00d3N PROFESIONAL\",\"potentialAction\":[{\"@type\":\"SearchAction\",\"target\":{\"@type\":\"EntryPoint\",\"urlTemplate\":\"https:\/\/iessoldeportocarrero.com\/?s={search_term_string}\"},\"query-input\":\"required name=search_term_string\"}],\"inLanguage\":\"es\"}]}<\/script>\n<!-- \/ Yoast SEO plugin. -->","yoast_head_json":{"title":"Planos Accesos Alumnado\/Recreos\/Aseos - IES SOL DE PORTOCARRERO - LA LABORAL","robots":{"index":"index","follow":"follow","max-snippet":"max-snippet:-1","max-image-preview":"max-image-preview:large","max-video-preview":"max-video-preview:-1"},"canonical":"https:\/\/iessoldeportocarrero.com\/?page_id=1054","og_locale":"es_ES","og_type":"article","og_title":"Planos Accesos Alumnado\/Recreos\/Aseos - IES SOL DE PORTOCARRERO - LA LABORAL","og_description":"PLANOS","og_url":"https:\/\/iessoldeportocarrero.com\/?page_id=1054","og_site_name":"IES SOL DE PORTOCARRERO - LA LABORAL","article_modified_time":"2023-05-16T10:08:57+00:00","twitter_card":"summary_large_image","schema":{"@context":"https:\/\/schema.org","@graph":[{"@type":"WebPage","@id":"https:\/\/iessoldeportocarrero.com\/?page_id=1054","url":"https:\/\/iessoldeportocarrero.com\/?page_id=1054","name":"Planos Accesos Alumnado\/Recreos\/Aseos - IES SOL DE PORTOCARRERO - LA LABORAL","isPartOf":{"@id":"https:\/\/iessoldeportocarrero.com\/#website"},"datePublished":"2023-04-13T09:55:52+00:00","dateModified":"2023-05-16T10:08:57+00:00","breadcrumb":{"@id":"https:\/\/iessoldeportocarrero.com\/?page_id=1054#breadcrumb"},"inLanguage":"es","potentialAction":[{"@type":"ReadAction","target":["https:\/\/iessoldeportocarrero.com\/?page_id=1054"]}]},{"@type":"BreadcrumbList","@id":"https:\/\/iessoldeportocarrero.com\/?page_id=1054#breadcrumb","itemListElement":[{"@type":"ListItem","position":1,"name":"Home","item":"https:\/\/iessoldeportocarrero.com\/"},{"@type":"ListItem","position":2,"name":"Planos Accesos Alumnado\/Recreos\/Aseos"}]},{"@type":"WebSite","@id":"https:\/\/iessoldeportocarrero.com\/#website","url":"https:\/\/iessoldeportocarrero.com\/","name":"IES SOL DE PORTOCARRERO - LA LABORAL","description":"INSTITUTO DE EDUCACI\u00d3N SECUNDARIA Y FORMACI\u00d3N PROFESIONAL","potentialAction":[{"@type":"SearchAction","target":{"@type":"EntryPoint","urlTemplate":"https:\/\/iessoldeportocarrero.com\/?s={search_term_string}"},"query-input":"required name=search_term_string"}],"inLanguage":"es"}]}},"jetpack_sharing_enabled":true,"jetpack-related-posts":[{"id":159,"url":"https:\/\/iessoldeportocarrero.com\/?page_id=159","url_meta":{"origin":1054,"position":0},"title":"Documentos Planos acceso alumnado\/recreo\/aseos","author":"admin","date":"noviembre 10, 2022","format":false,"excerpt":"","rel":"","context":"Entrada similar","block_context":{"text":"Entrada similar","link":""},"img":{"alt_text":"","src":"","width":0,"height":0},"classes":[]},{"id":151,"url":"https:\/\/iessoldeportocarrero.com\/?page_id=151","url_meta":{"origin":1054,"position":1},"title":"Documentos Plan de Acogida","author":"admin","date":"noviembre 10, 2022","format":false,"excerpt":"Plan de acogida: DOCUMENTACI\u00d3N","rel":"","context":"Entrada similar","block_context":{"text":"Entrada similar","link":""},"img":{"alt_text":"","src":"","width":0,"height":0},"classes":[]},{"id":51,"url":"https:\/\/iessoldeportocarrero.com\/?page_id=51","url_meta":{"origin":1054,"position":2},"title":"Datos del centro","author":"admin","date":"noviembre 10, 2022","format":false,"excerpt":"I.E.S.L SOL DE PORTOCARRERO-LA LABORAL C\u00f3digo del centro: 04700107 Direcci\u00f3n:\u00a0Carretera de N\u00edjar Km 7, 04120, La Ca\u00f1ada de San Urbano, Almer\u00edaTel\u00e9fono:\u00a0950156950 \u00a0 Email:\u00a004700107.edu@juntadeandalucia.es Horarios del centro Horario lectivo : 8:15 a 14:45 Un recreo: 11:15 a 11:45. PRESENTACI\u00d3N DE NUESTRO CENTRO presentacion_ies_sol_de_portocarrero_almeriaDescarga E.S.O ENSE\u00d1ANZA BILINGUE- INGL\u00c9S Plan TDE S Bbliotecas\u2026","rel":"","context":"Entrada similar","block_context":{"text":"Entrada similar","link":""},"img":{"alt_text":"","src":"https:\/\/i0.wp.com\/iessoldeportocarrero.com\/wp-content\/uploads\/2025\/09\/loGO_LABORAL.png?resize=350%2C200&ssl=1","width":350,"height":200,"srcset":"https:\/\/i0.wp.com\/iessoldeportocarrero.com\/wp-content\/uploads\/2025\/09\/loGO_LABORAL.png?resize=350%2C200&ssl=1 1x, https:\/\/i0.wp.com\/iessoldeportocarrero.com\/wp-content\/uploads\/2025\/09\/loGO_LABORAL.png?resize=525%2C300&ssl=1 1.5x, https:\/\/i0.wp.com\/iessoldeportocarrero.com\/wp-content\/uploads\/2025\/09\/loGO_LABORAL.png?resize=700%2C400&ssl=1 2x"},"classes":[]},{"id":1094,"url":"https:\/\/iessoldeportocarrero.com\/?page_id=1094","url_meta":{"origin":1054,"position":3},"title":"PLAN DE CENTRO","author":"admin","date":"abril 27, 2023","format":false,"excerpt":"Un centro se define en gran medida por su Plan de Centro. El plan de centro de un instituto lo componen el proyecto educativo, el reglamento de organizaci\u00f3n y funcionamiento y el proyecto de gesti\u00f3n.\u00a0 El Plan de Centro es un documento vivo que se debe ir actualizando cada a\u00f1o\u2026","rel":"","context":"Entrada similar","block_context":{"text":"Entrada similar","link":""},"img":{"alt_text":"","src":"https:\/\/i0.wp.com\/iessoldeportocarrero.com\/wp-content\/uploads\/2024\/02\/Documentos.jpg?resize=350%2C200&ssl=1","width":350,"height":200},"classes":[]},{"id":1137,"url":"https:\/\/iessoldeportocarrero.com\/?page_id=1137","url_meta":{"origin":1054,"position":4},"title":"PLAN DE COMPENSACI\u00d3N EDUCATIVA","author":"admin","date":"abril 28, 2023","format":false,"excerpt":"Aqu\u00ed se puede descargar el Plan de Compensaci\u00f3n Educativa de nuestro centro: PLAN COMPENSATORIA 2019-20_rev Pincha en el enlace para obtener m\u00e1s informaci\u00f3n sobre el Plan de Compensaci\u00f3n Educativa. M\u00e1s informaci\u00f3n sobre la compensaci\u00f3n educativa en Andaluc\u00eda.","rel":"","context":"Entrada similar","block_context":{"text":"Entrada similar","link":""},"img":{"alt_text":"","src":"","width":0,"height":0},"classes":[]},{"id":1144,"url":"https:\/\/iessoldeportocarrero.com\/?page_id=1144","url_meta":{"origin":1054,"position":5},"title":"PLAN DE IGUALDAD","author":"admin","date":"abril 28, 2023","format":false,"excerpt":"Plan de igualdad","rel":"","context":"Entrada similar","block_context":{"text":"Entrada similar","link":""},"img":{"alt_text":"","src":"","width":0,"height":0},"classes":[]}],"_links":{"self":[{"href":"https:\/\/iessoldeportocarrero.com\/index.php?rest_route=\/wp\/v2\/pages\/1054","targetHints":{"allow":["GET"]}}],"collection":[{"href":"https:\/\/iessoldeportocarrero.com\/index.php?rest_route=\/wp\/v2\/pages"}],"about":[{"href":"https:\/\/iessoldeportocarrero.com\/index.php?rest_route=\/wp\/v2\/types\/page"}],"author":[{"embeddable":true,"href":"https:\/\/iessoldeportocarrero.com\/index.php?rest_route=\/wp\/v2\/users\/1"}],"replies":[{"embeddable":true,"href":"https:\/\/iessoldeportocarrero.com\/index.php?rest_route=%2Fwp%2Fv2%2Fcomments&post=1054"}],"version-history":[{"count":2,"href":"https:\/\/iessoldeportocarrero.com\/index.php?rest_route=\/wp\/v2\/pages\/1054\/revisions"}],"predecessor-version":[{"id":1452,"href":"https:\/\/iessoldeportocarrero.com\/index.php?rest_route=\/wp\/v2\/pages\/1054\/revisions\/1452"}],"wp:attachment":[{"href":"https:\/\/iessoldeportocarrero.com\/index.php?rest_route=%2Fwp%2Fv2%2Fmedia&parent=1054"}],"curies":[{"name":"wp","href":"https:\/\/api.w.org\/{rel}","templated":true}]}}