{"id":1051,"date":"2023-04-13T11:37:46","date_gmt":"2023-04-13T09:37:46","guid":{"rendered":"https:\/\/iessoldeportocarrero.com\/?page_id=1051"},"modified":"2023-04-13T11:37:50","modified_gmt":"2023-04-13T09:37:50","slug":"eso-y-bachillerato","status":"publish","type":"page","link":"https:\/\/iessoldeportocarrero.com\/?page_id=1051","title":{"rendered":"ESO Y BACHILLERATO"},"content":{"rendered":"","protected":false},"excerpt":{"rendered":"","protected":false},"author":1,"featured_media":0,"parent":0,"menu_order":0,"comment_status":"closed","ping_status":"closed","template":"","meta":{"footnotes":""},"class_list":["post-1051","page","type-page","status-publish","hentry"],"yoast_head":"<!-- This site is optimized with the Yoast SEO plugin v19.14 - https:\/\/yoast.com\/wordpress\/plugins\/seo\/ -->\n<title>ESO Y BACHILLERATO - IES SOL DE PORTOCARRERO - LA LABORAL<\/title>\n<meta name=\"robots\" content=\"index, follow, max-snippet:-1, max-image-preview:large, max-video-preview:-1\" \/>\n<link rel=\"canonical\" href=\"https:\/\/iessoldeportocarrero.com\/?page_id=1051\" \/>\n<meta property=\"og:locale\" content=\"es_ES\" \/>\n<meta property=\"og:type\" content=\"article\" \/>\n<meta property=\"og:title\" content=\"ESO Y BACHILLERATO - IES SOL DE PORTOCARRERO - LA LABORAL\" \/>\n<meta property=\"og:url\" content=\"https:\/\/iessoldeportocarrero.com\/?page_id=1051\" \/>\n<meta property=\"og:site_name\" content=\"IES SOL DE PORTOCARRERO - LA LABORAL\" \/>\n<meta property=\"article:modified_time\" content=\"2023-04-13T09:37:50+00:00\" \/>\n<meta name=\"twitter:card\" content=\"summary_large_image\" \/>\n<script type=\"application\/ld+json\" class=\"yoast-schema-graph\">{\"@context\":\"https:\/\/schema.org\",\"@graph\":[{\"@type\":\"WebPage\",\"@id\":\"https:\/\/iessoldeportocarrero.com\/?page_id=1051\",\"url\":\"https:\/\/iessoldeportocarrero.com\/?page_id=1051\",\"name\":\"ESO Y BACHILLERATO - IES SOL DE PORTOCARRERO - LA LABORAL\",\"isPartOf\":{\"@id\":\"https:\/\/iessoldeportocarrero.com\/#website\"},\"datePublished\":\"2023-04-13T09:37:46+00:00\",\"dateModified\":\"2023-04-13T09:37:50+00:00\",\"breadcrumb\":{\"@id\":\"https:\/\/iessoldeportocarrero.com\/?page_id=1051#breadcrumb\"},\"inLanguage\":\"es\",\"potentialAction\":[{\"@type\":\"ReadAction\",\"target\":[\"https:\/\/iessoldeportocarrero.com\/?page_id=1051\"]}]},{\"@type\":\"BreadcrumbList\",\"@id\":\"https:\/\/iessoldeportocarrero.com\/?page_id=1051#breadcrumb\",\"itemListElement\":[{\"@type\":\"ListItem\",\"position\":1,\"name\":\"Home\",\"item\":\"https:\/\/iessoldeportocarrero.com\/\"},{\"@type\":\"ListItem\",\"position\":2,\"name\":\"ESO Y BACHILLERATO\"}]},{\"@type\":\"WebSite\",\"@id\":\"https:\/\/iessoldeportocarrero.com\/#website\",\"url\":\"https:\/\/iessoldeportocarrero.com\/\",\"name\":\"IES SOL DE PORTOCARRERO - LA LABORAL\",\"description\":\"INSTITUTO DE EDUCACI\u00d3N SECUNDARIA Y FORMACI\u00d3N PROFESIONAL\",\"potentialAction\":[{\"@type\":\"SearchAction\",\"target\":{\"@type\":\"EntryPoint\",\"urlTemplate\":\"https:\/\/iessoldeportocarrero.com\/?s={search_term_string}\"},\"query-input\":\"required name=search_term_string\"}],\"inLanguage\":\"es\"}]}<\/script>\n<!-- \/ Yoast SEO plugin. -->","yoast_head_json":{"title":"ESO Y BACHILLERATO - IES SOL DE PORTOCARRERO - LA LABORAL","robots":{"index":"index","follow":"follow","max-snippet":"max-snippet:-1","max-image-preview":"max-image-preview:large","max-video-preview":"max-video-preview:-1"},"canonical":"https:\/\/iessoldeportocarrero.com\/?page_id=1051","og_locale":"es_ES","og_type":"article","og_title":"ESO Y BACHILLERATO - IES SOL DE PORTOCARRERO - LA LABORAL","og_url":"https:\/\/iessoldeportocarrero.com\/?page_id=1051","og_site_name":"IES SOL DE PORTOCARRERO - LA LABORAL","article_modified_time":"2023-04-13T09:37:50+00:00","twitter_card":"summary_large_image","schema":{"@context":"https:\/\/schema.org","@graph":[{"@type":"WebPage","@id":"https:\/\/iessoldeportocarrero.com\/?page_id=1051","url":"https:\/\/iessoldeportocarrero.com\/?page_id=1051","name":"ESO Y BACHILLERATO - IES SOL DE PORTOCARRERO - LA LABORAL","isPartOf":{"@id":"https:\/\/iessoldeportocarrero.com\/#website"},"datePublished":"2023-04-13T09:37:46+00:00","dateModified":"2023-04-13T09:37:50+00:00","breadcrumb":{"@id":"https:\/\/iessoldeportocarrero.com\/?page_id=1051#breadcrumb"},"inLanguage":"es","potentialAction":[{"@type":"ReadAction","target":["https:\/\/iessoldeportocarrero.com\/?page_id=1051"]}]},{"@type":"BreadcrumbList","@id":"https:\/\/iessoldeportocarrero.com\/?page_id=1051#breadcrumb","itemListElement":[{"@type":"ListItem","position":1,"name":"Home","item":"https:\/\/iessoldeportocarrero.com\/"},{"@type":"ListItem","position":2,"name":"ESO Y BACHILLERATO"}]},{"@type":"WebSite","@id":"https:\/\/iessoldeportocarrero.com\/#website","url":"https:\/\/iessoldeportocarrero.com\/","name":"IES SOL DE PORTOCARRERO - LA LABORAL","description":"INSTITUTO DE EDUCACI\u00d3N SECUNDARIA Y FORMACI\u00d3N PROFESIONAL","potentialAction":[{"@type":"SearchAction","target":{"@type":"EntryPoint","urlTemplate":"https:\/\/iessoldeportocarrero.com\/?s={search_term_string}"},"query-input":"required name=search_term_string"}],"inLanguage":"es"}]}},"jetpack_sharing_enabled":true,"jetpack-related-posts":[{"id":1048,"url":"https:\/\/iessoldeportocarrero.com\/?page_id=1048","url_meta":{"origin":1051,"position":0},"title":"E.S.O y BACHILLERATO","author":"admin","date":"abril 13, 2023","format":false,"excerpt":"","rel":"","context":"Entrada similar","block_context":{"text":"Entrada similar","link":""},"img":{"alt_text":"","src":"","width":0,"height":0},"classes":[]},{"id":2648,"url":"https:\/\/iessoldeportocarrero.com\/?page_id=2648","url_meta":{"origin":1051,"position":1},"title":"LISTADO LIBROS DE BACHILLERATO","author":"admin","date":"septiembre 10, 2024","format":false,"excerpt":"240909_bachill_librosDescarga","rel":"","context":"Entrada similar","block_context":{"text":"Entrada similar","link":""},"img":{"alt_text":"","src":"","width":0,"height":0},"classes":[]},{"id":369,"url":"https:\/\/iessoldeportocarrero.com\/?page_id=369","url_meta":{"origin":1051,"position":2},"title":"Programaci\u00f3n Cl\u00e1sicas","author":"admin","date":"noviembre 14, 2022","format":false,"excerpt":"Cultura Cl\u00e1sica. La materia Cultura Cl\u00e1sica tiene como finalidad facilitar al alumnado un primer acercamiento general al estudio de las civilizaciones griega y latina en los \u00e1mbitos literario, art\u00edstico, filos\u00f3fico, cient\u00edfico y ling\u00fc\u00edstico, con objeto de que, a partir de su estudio, pueda tomar conciencia de la pervivencia, influencia y\u2026","rel":"","context":"Entrada similar","block_context":{"text":"Entrada similar","link":""},"img":{"alt_text":"","src":"","width":0,"height":0},"classes":[]},{"id":387,"url":"https:\/\/iessoldeportocarrero.com\/?page_id=387","url_meta":{"origin":1051,"position":3},"title":"Programaci\u00f3n_ByG","author":"admin","date":"noviembre 14, 2022","format":false,"excerpt":"La asignatura de Biolog\u00eda y Geolog\u00eda debe contribuir durante la Educaci\u00f3n Secundaria Obligatoria (ESO) a que el alumnado adquiera unos conocimientos y destrezas b\u00e1sicas que le permitan adquirir una cultura cient\u00edfica; los alumnos y alumnas debe identificarse como agentes activos, y reconocer que de sus actuaciones y conocimientos depender\u00e1 el\u2026","rel":"","context":"Entrada similar","block_context":{"text":"Entrada similar","link":""},"img":{"alt_text":"","src":"","width":0,"height":0},"classes":[]},{"id":75,"url":"https:\/\/iessoldeportocarrero.com\/?page_id=75","url_meta":{"origin":1051,"position":4},"title":"Actividades Extraescolares","author":"admin","date":"noviembre 10, 2022","format":false,"excerpt":"E.S.O Y BACHILLERATO ACTIVIDADES EXTRAESCOLARES 25,26 DEFINITIVADescarga CICLOS FORMATIVOS ACTIVIDADES EXTRAESCOLARES Y COMPLEMENTARIAS CICLOS FORMATIVOS CURSO 25,26Descarga","rel":"","context":"Entrada similar","block_context":{"text":"Entrada similar","link":""},"img":{"alt_text":"","src":"https:\/\/i0.wp.com\/iessoldeportocarrero.com\/wp-content\/uploads\/2023\/01\/bus-300x225-1.jpg?resize=350%2C200&ssl=1","width":350,"height":200},"classes":[]},{"id":1103,"url":"https:\/\/iessoldeportocarrero.com\/?page_id=1103","url_meta":{"origin":1051,"position":5},"title":"ESCOLARIZACI\u00d3N","author":"admin","date":"abril 28, 2023","format":false,"excerpt":"Esta secci\u00f3n contiene informaci\u00f3n de utilidad para las familias a la hora de de iniciar el proceso de escolarizaci\u00f3n: plazos, documentos, normativa, enlaces, etc E.S.O y BACHILLERATO MES DE MARZO NORMATIVA ESCOLARIZACI\u00d3N ESCOLARIZACI\u00d3N FORMACI\u00d3N PROFESIONAL MES DE JUNIO https:\/\/youtu.be\/r-2IQRy8pL8","rel":"","context":"Entrada similar","block_context":{"text":"Entrada similar","link":""},"img":{"alt_text":"","src":"https:\/\/i0.wp.com\/iessoldeportocarrero.com\/wp-content\/uploads\/2023\/04\/CARTEL_ESCOLARIZACION.png?resize=350%2C200&ssl=1","width":350,"height":200},"classes":[]}],"_links":{"self":[{"href":"https:\/\/iessoldeportocarrero.com\/index.php?rest_route=\/wp\/v2\/pages\/1051","targetHints":{"allow":["GET"]}}],"collection":[{"href":"https:\/\/iessoldeportocarrero.com\/index.php?rest_route=\/wp\/v2\/pages"}],"about":[{"href":"https:\/\/iessoldeportocarrero.com\/index.php?rest_route=\/wp\/v2\/types\/page"}],"author":[{"embeddable":true,"href":"https:\/\/iessoldeportocarrero.com\/index.php?rest_route=\/wp\/v2\/users\/1"}],"replies":[{"embeddable":true,"href":"https:\/\/iessoldeportocarrero.com\/index.php?rest_route=%2Fwp%2Fv2%2Fcomments&post=1051"}],"version-history":[{"count":1,"href":"https:\/\/iessoldeportocarrero.com\/index.php?rest_route=\/wp\/v2\/pages\/1051\/revisions"}],"predecessor-version":[{"id":1053,"href":"https:\/\/iessoldeportocarrero.com\/index.php?rest_route=\/wp\/v2\/pages\/1051\/revisions\/1053"}],"wp:attachment":[{"href":"https:\/\/iessoldeportocarrero.com\/index.php?rest_route=%2Fwp%2Fv2%2Fmedia&parent=1051"}],"curies":[{"name":"wp","href":"https:\/\/api.w.org\/{rel}","templated":true}]}}