{"id":105,"date":"2022-11-10T11:39:15","date_gmt":"2022-11-10T10:39:15","guid":{"rendered":"https:\/\/soldeportocarreroies.wordpress.com\/?page_id=105"},"modified":"2023-05-17T11:56:22","modified_gmt":"2023-05-17T09:56:22","slug":"formacion-evaluacion-e-innovacion-educativa","status":"publish","type":"page","link":"https:\/\/iessoldeportocarrero.com\/?page_id=105","title":{"rendered":"Formaci\u00f3n , Evaluaci\u00f3n e Innovaci\u00f3n Educativa"},"content":{"rendered":"\n<p><a href=\"https:\/\/drive.google.com\/drive\/folders\/18CWoqxwp24p5dZc4QYrYoXiwi4jjgPX6?usp=sharing\" target=\"_blank\" rel=\"noreferrer noopener\">Documentaci\u00f3n FEIE<\/a><\/p>\n","protected":false},"excerpt":{"rendered":"<p>Documentaci\u00f3n FEIE<\/p>\n","protected":false},"author":1,"featured_media":0,"parent":28,"menu_order":0,"comment_status":"closed","ping_status":"closed","template":"","meta":{"footnotes":""},"class_list":["post-105","page","type-page","status-publish","hentry"],"yoast_head":"<!-- This site is optimized with the Yoast SEO plugin v19.14 - https:\/\/yoast.com\/wordpress\/plugins\/seo\/ -->\n<title>Formaci\u00f3n , Evaluaci\u00f3n e Innovaci\u00f3n Educativa - IES SOL DE PORTOCARRERO - LA LABORAL<\/title>\n<meta name=\"robots\" content=\"index, follow, max-snippet:-1, max-image-preview:large, max-video-preview:-1\" \/>\n<link rel=\"canonical\" href=\"https:\/\/iessoldeportocarrero.com\/?page_id=105\" \/>\n<meta property=\"og:locale\" content=\"es_ES\" \/>\n<meta property=\"og:type\" content=\"article\" \/>\n<meta property=\"og:title\" content=\"Formaci\u00f3n , Evaluaci\u00f3n e Innovaci\u00f3n Educativa - IES SOL DE PORTOCARRERO - LA LABORAL\" \/>\n<meta property=\"og:description\" content=\"Documentaci\u00f3n FEIE\" \/>\n<meta property=\"og:url\" content=\"https:\/\/iessoldeportocarrero.com\/?page_id=105\" \/>\n<meta property=\"og:site_name\" content=\"IES SOL DE PORTOCARRERO - LA LABORAL\" \/>\n<meta property=\"article:modified_time\" content=\"2023-05-17T09:56:22+00:00\" \/>\n<meta name=\"twitter:card\" content=\"summary_large_image\" \/>\n<script type=\"application\/ld+json\" class=\"yoast-schema-graph\">{\"@context\":\"https:\/\/schema.org\",\"@graph\":[{\"@type\":\"WebPage\",\"@id\":\"https:\/\/iessoldeportocarrero.com\/?page_id=105\",\"url\":\"https:\/\/iessoldeportocarrero.com\/?page_id=105\",\"name\":\"Formaci\u00f3n , Evaluaci\u00f3n e Innovaci\u00f3n Educativa - IES SOL DE PORTOCARRERO - LA LABORAL\",\"isPartOf\":{\"@id\":\"https:\/\/iessoldeportocarrero.com\/#website\"},\"datePublished\":\"2022-11-10T10:39:15+00:00\",\"dateModified\":\"2023-05-17T09:56:22+00:00\",\"breadcrumb\":{\"@id\":\"https:\/\/iessoldeportocarrero.com\/?page_id=105#breadcrumb\"},\"inLanguage\":\"es\",\"potentialAction\":[{\"@type\":\"ReadAction\",\"target\":[\"https:\/\/iessoldeportocarrero.com\/?page_id=105\"]}]},{\"@type\":\"BreadcrumbList\",\"@id\":\"https:\/\/iessoldeportocarrero.com\/?page_id=105#breadcrumb\",\"itemListElement\":[{\"@type\":\"ListItem\",\"position\":1,\"name\":\"Home\",\"item\":\"https:\/\/iessoldeportocarrero.com\/\"},{\"@type\":\"ListItem\",\"position\":2,\"name\":\"DEPARTAMENTOS\",\"item\":\"https:\/\/iessoldeportocarrero.com\/?page_id=28\"},{\"@type\":\"ListItem\",\"position\":3,\"name\":\"Formaci\u00f3n , Evaluaci\u00f3n e Innovaci\u00f3n Educativa\"}]},{\"@type\":\"WebSite\",\"@id\":\"https:\/\/iessoldeportocarrero.com\/#website\",\"url\":\"https:\/\/iessoldeportocarrero.com\/\",\"name\":\"IES SOL DE PORTOCARRERO - LA LABORAL\",\"description\":\"INSTITUTO DE EDUCACI\u00d3N SECUNDARIA Y FORMACI\u00d3N PROFESIONAL\",\"potentialAction\":[{\"@type\":\"SearchAction\",\"target\":{\"@type\":\"EntryPoint\",\"urlTemplate\":\"https:\/\/iessoldeportocarrero.com\/?s={search_term_string}\"},\"query-input\":\"required name=search_term_string\"}],\"inLanguage\":\"es\"}]}<\/script>\n<!-- \/ Yoast SEO plugin. -->","yoast_head_json":{"title":"Formaci\u00f3n , Evaluaci\u00f3n e Innovaci\u00f3n Educativa - IES SOL DE PORTOCARRERO - LA LABORAL","robots":{"index":"index","follow":"follow","max-snippet":"max-snippet:-1","max-image-preview":"max-image-preview:large","max-video-preview":"max-video-preview:-1"},"canonical":"https:\/\/iessoldeportocarrero.com\/?page_id=105","og_locale":"es_ES","og_type":"article","og_title":"Formaci\u00f3n , Evaluaci\u00f3n e Innovaci\u00f3n Educativa - IES SOL DE PORTOCARRERO - LA LABORAL","og_description":"Documentaci\u00f3n FEIE","og_url":"https:\/\/iessoldeportocarrero.com\/?page_id=105","og_site_name":"IES SOL DE PORTOCARRERO - LA LABORAL","article_modified_time":"2023-05-17T09:56:22+00:00","twitter_card":"summary_large_image","schema":{"@context":"https:\/\/schema.org","@graph":[{"@type":"WebPage","@id":"https:\/\/iessoldeportocarrero.com\/?page_id=105","url":"https:\/\/iessoldeportocarrero.com\/?page_id=105","name":"Formaci\u00f3n , Evaluaci\u00f3n e Innovaci\u00f3n Educativa - IES SOL DE PORTOCARRERO - LA LABORAL","isPartOf":{"@id":"https:\/\/iessoldeportocarrero.com\/#website"},"datePublished":"2022-11-10T10:39:15+00:00","dateModified":"2023-05-17T09:56:22+00:00","breadcrumb":{"@id":"https:\/\/iessoldeportocarrero.com\/?page_id=105#breadcrumb"},"inLanguage":"es","potentialAction":[{"@type":"ReadAction","target":["https:\/\/iessoldeportocarrero.com\/?page_id=105"]}]},{"@type":"BreadcrumbList","@id":"https:\/\/iessoldeportocarrero.com\/?page_id=105#breadcrumb","itemListElement":[{"@type":"ListItem","position":1,"name":"Home","item":"https:\/\/iessoldeportocarrero.com\/"},{"@type":"ListItem","position":2,"name":"DEPARTAMENTOS","item":"https:\/\/iessoldeportocarrero.com\/?page_id=28"},{"@type":"ListItem","position":3,"name":"Formaci\u00f3n , Evaluaci\u00f3n e Innovaci\u00f3n Educativa"}]},{"@type":"WebSite","@id":"https:\/\/iessoldeportocarrero.com\/#website","url":"https:\/\/iessoldeportocarrero.com\/","name":"IES SOL DE PORTOCARRERO - LA LABORAL","description":"INSTITUTO DE EDUCACI\u00d3N SECUNDARIA Y FORMACI\u00d3N PROFESIONAL","potentialAction":[{"@type":"SearchAction","target":{"@type":"EntryPoint","urlTemplate":"https:\/\/iessoldeportocarrero.com\/?s={search_term_string}"},"query-input":"required name=search_term_string"}],"inLanguage":"es"}]}},"jetpack_sharing_enabled":true,"jetpack-related-posts":[{"id":353,"url":"https:\/\/iessoldeportocarrero.com\/?page_id=353","url_meta":{"origin":105,"position":0},"title":"Documentaci\u00f3n_FEIE","author":"admin","date":"noviembre 14, 2022","format":false,"excerpt":"","rel":"","context":"Entrada similar","block_context":{"text":"Entrada similar","link":""},"img":{"alt_text":"","src":"","width":0,"height":0},"classes":[]},{"id":393,"url":"https:\/\/iessoldeportocarrero.com\/?page_id=393","url_meta":{"origin":105,"position":1},"title":"Programaci\u00f3n_FEIE","author":"admin","date":"noviembre 14, 2022","format":false,"excerpt":"","rel":"","context":"Entrada similar","block_context":{"text":"Entrada similar","link":""},"img":{"alt_text":"","src":"","width":0,"height":0},"classes":[]},{"id":107,"url":"https:\/\/iessoldeportocarrero.com\/?page_id=107","url_meta":{"origin":105,"position":2},"title":"Franc\u00e9s","author":"admin","date":"noviembre 10, 2022","format":false,"excerpt":"Documentaci\u00f3n Segunda Lengua Extranjera El pluriling\u00fcismo es una de las se\u00f1as de identidad de la ciudadan\u00eda en una Europa multiling\u00fce y multicultural, cuya diversidad no debe suponer un obst\u00e1culo a la movilidad y la cooperaci\u00f3n sino constituir una fuente de riqueza personal, social y cultural y un factor de progreso.\u2026","rel":"","context":"Entrada similar","block_context":{"text":"Entrada similar","link":""},"img":{"alt_text":"","src":"https:\/\/i0.wp.com\/iessoldeportocarrero.com\/wp-content\/uploads\/2023\/05\/istockphoto-1169984447-612x612-1.jpg?resize=350%2C200&ssl=1","width":350,"height":200,"srcset":"https:\/\/i0.wp.com\/iessoldeportocarrero.com\/wp-content\/uploads\/2023\/05\/istockphoto-1169984447-612x612-1.jpg?resize=350%2C200&ssl=1 1x, https:\/\/i0.wp.com\/iessoldeportocarrero.com\/wp-content\/uploads\/2023\/05\/istockphoto-1169984447-612x612-1.jpg?resize=525%2C300&ssl=1 1.5x"},"classes":[]},{"id":111,"url":"https:\/\/iessoldeportocarrero.com\/?page_id=111","url_meta":{"origin":105,"position":3},"title":"Ingl\u00e9s","author":"admin","date":"noviembre 10, 2022","format":false,"excerpt":"Documentaci\u00f3n Primera Lengua Extranjera La lengua es el instrumento por excelencia del aprendizaje y la comunicaci\u00f3n. Tanto las lenguas primeras como las lenguas extranjeras forman parte en la actualidad, y cada vez lo har\u00e1n m\u00e1s en el futuro, del bagaje vital de las personas en un mundo en continua expansi\u00f3n\u2026","rel":"","context":"Entrada similar","block_context":{"text":"Entrada similar","link":""},"img":{"alt_text":"","src":"https:\/\/i0.wp.com\/iessoldeportocarrero.com\/wp-content\/uploads\/2023\/05\/istockphoto-1047570732-612x612-1.jpg?resize=350%2C200&ssl=1","width":350,"height":200,"srcset":"https:\/\/i0.wp.com\/iessoldeportocarrero.com\/wp-content\/uploads\/2023\/05\/istockphoto-1047570732-612x612-1.jpg?resize=350%2C200&ssl=1 1x, https:\/\/i0.wp.com\/iessoldeportocarrero.com\/wp-content\/uploads\/2023\/05\/istockphoto-1047570732-612x612-1.jpg?resize=525%2C300&ssl=1 1.5x"},"classes":[]},{"id":28,"url":"https:\/\/iessoldeportocarrero.com\/?page_id=28","url_meta":{"origin":105,"position":4},"title":"DEPARTAMENTOS","author":"admin","date":"noviembre 3, 2022","format":false,"excerpt":"ACTIVIDADES F\u00cdSICAS AGRARIA BIOLOG\u00cdA Y GEOLOG\u00cdA CL\u00c1SICAS ACTIVIDADES EXTRAESCOLARES DIBUJO ECONOM\u00cdA EDUCACI\u00d3N F\u00cdSICA FILOSOF\u00cdA F\u00cdSICA Y QU\u00cdMICA FOL FEIE FRANC\u00c9S GEOGRAF\u00cdA E HISTORIA INFORM\u00c1TICA INGL\u00c9S INSTALACI\u00d3N Y MANTENIMIENTO LENGUA MATEM\u00c1TICAS M\u00daSICA ORIENTACI\u00d3N RELIGI\u00d3N TECNOLOG\u00cdA E INFORM\u00c1TICA","rel":"","context":"Entrada similar","block_context":{"text":"Entrada similar","link":""},"img":{"alt_text":"","src":"","width":0,"height":0},"classes":[]},{"id":129,"url":"https:\/\/iessoldeportocarrero.com\/?page_id=129","url_meta":{"origin":105,"position":5},"title":"Econom\u00eda","author":"admin","date":"noviembre 10, 2022","format":false,"excerpt":"Documentaci\u00f3n Econom\u00eda El estudio y la formaci\u00f3n en econom\u00eda se hacen absolutamente necesarios en un contexto muy globalizado, en el que las relaciones econ\u00f3micas son cada vez m\u00e1s complejas. La econom\u00eda est\u00e1 presente en todos los aspectos de nuestra vida cotidiana, cualquier ciudadano necesita conocer las reglas b\u00e1sicas que explican\u2026","rel":"","context":"Entrada similar","block_context":{"text":"Entrada similar","link":""},"img":{"alt_text":"","src":"https:\/\/i0.wp.com\/iessoldeportocarrero.com\/wp-content\/uploads\/2023\/05\/istockphoto-1365511379-612x612-1.jpg?resize=350%2C200&ssl=1","width":350,"height":200,"srcset":"https:\/\/i0.wp.com\/iessoldeportocarrero.com\/wp-content\/uploads\/2023\/05\/istockphoto-1365511379-612x612-1.jpg?resize=350%2C200&ssl=1 1x, https:\/\/i0.wp.com\/iessoldeportocarrero.com\/wp-content\/uploads\/2023\/05\/istockphoto-1365511379-612x612-1.jpg?resize=525%2C300&ssl=1 1.5x"},"classes":[]}],"_links":{"self":[{"href":"https:\/\/iessoldeportocarrero.com\/index.php?rest_route=\/wp\/v2\/pages\/105","targetHints":{"allow":["GET"]}}],"collection":[{"href":"https:\/\/iessoldeportocarrero.com\/index.php?rest_route=\/wp\/v2\/pages"}],"about":[{"href":"https:\/\/iessoldeportocarrero.com\/index.php?rest_route=\/wp\/v2\/types\/page"}],"author":[{"embeddable":true,"href":"https:\/\/iessoldeportocarrero.com\/index.php?rest_route=\/wp\/v2\/users\/1"}],"replies":[{"embeddable":true,"href":"https:\/\/iessoldeportocarrero.com\/index.php?rest_route=%2Fwp%2Fv2%2Fcomments&post=105"}],"version-history":[{"count":1,"href":"https:\/\/iessoldeportocarrero.com\/index.php?rest_route=\/wp\/v2\/pages\/105\/revisions"}],"predecessor-version":[{"id":1477,"href":"https:\/\/iessoldeportocarrero.com\/index.php?rest_route=\/wp\/v2\/pages\/105\/revisions\/1477"}],"up":[{"embeddable":true,"href":"https:\/\/iessoldeportocarrero.com\/index.php?rest_route=\/wp\/v2\/pages\/28"}],"wp:attachment":[{"href":"https:\/\/iessoldeportocarrero.com\/index.php?rest_route=%2Fwp%2Fv2%2Fmedia&parent=105"}],"curies":[{"name":"wp","href":"https:\/\/api.w.org\/{rel}","templated":true}]}}