{"id":1045,"date":"2023-04-13T11:18:35","date_gmt":"2023-04-13T09:18:35","guid":{"rendered":"https:\/\/iessoldeportocarrero.com\/?page_id=1045"},"modified":"2023-04-13T11:18:38","modified_gmt":"2023-04-13T09:18:38","slug":"ciclos-formativos","status":"publish","type":"page","link":"https:\/\/iessoldeportocarrero.com\/?page_id=1045","title":{"rendered":"CICLOS FORMATIVOS"},"content":{"rendered":"","protected":false},"excerpt":{"rendered":"","protected":false},"author":1,"featured_media":0,"parent":0,"menu_order":0,"comment_status":"closed","ping_status":"closed","template":"","meta":{"footnotes":""},"class_list":["post-1045","page","type-page","status-publish","hentry"],"yoast_head":"<!-- This site is optimized with the Yoast SEO plugin v19.14 - https:\/\/yoast.com\/wordpress\/plugins\/seo\/ -->\n<title>CICLOS FORMATIVOS - IES SOL DE PORTOCARRERO - LA LABORAL<\/title>\n<meta name=\"robots\" content=\"index, follow, max-snippet:-1, max-image-preview:large, max-video-preview:-1\" \/>\n<link rel=\"canonical\" href=\"https:\/\/iessoldeportocarrero.com\/?page_id=1045\" \/>\n<meta property=\"og:locale\" content=\"es_ES\" \/>\n<meta property=\"og:type\" content=\"article\" \/>\n<meta property=\"og:title\" content=\"CICLOS FORMATIVOS - IES SOL DE PORTOCARRERO - LA LABORAL\" \/>\n<meta property=\"og:url\" content=\"https:\/\/iessoldeportocarrero.com\/?page_id=1045\" \/>\n<meta property=\"og:site_name\" content=\"IES SOL DE PORTOCARRERO - LA LABORAL\" \/>\n<meta property=\"article:modified_time\" content=\"2023-04-13T09:18:38+00:00\" \/>\n<meta name=\"twitter:card\" content=\"summary_large_image\" \/>\n<script type=\"application\/ld+json\" class=\"yoast-schema-graph\">{\"@context\":\"https:\/\/schema.org\",\"@graph\":[{\"@type\":\"WebPage\",\"@id\":\"https:\/\/iessoldeportocarrero.com\/?page_id=1045\",\"url\":\"https:\/\/iessoldeportocarrero.com\/?page_id=1045\",\"name\":\"CICLOS FORMATIVOS - IES SOL DE PORTOCARRERO - LA LABORAL\",\"isPartOf\":{\"@id\":\"https:\/\/iessoldeportocarrero.com\/#website\"},\"datePublished\":\"2023-04-13T09:18:35+00:00\",\"dateModified\":\"2023-04-13T09:18:38+00:00\",\"breadcrumb\":{\"@id\":\"https:\/\/iessoldeportocarrero.com\/?page_id=1045#breadcrumb\"},\"inLanguage\":\"es\",\"potentialAction\":[{\"@type\":\"ReadAction\",\"target\":[\"https:\/\/iessoldeportocarrero.com\/?page_id=1045\"]}]},{\"@type\":\"BreadcrumbList\",\"@id\":\"https:\/\/iessoldeportocarrero.com\/?page_id=1045#breadcrumb\",\"itemListElement\":[{\"@type\":\"ListItem\",\"position\":1,\"name\":\"Home\",\"item\":\"https:\/\/iessoldeportocarrero.com\/\"},{\"@type\":\"ListItem\",\"position\":2,\"name\":\"CICLOS FORMATIVOS\"}]},{\"@type\":\"WebSite\",\"@id\":\"https:\/\/iessoldeportocarrero.com\/#website\",\"url\":\"https:\/\/iessoldeportocarrero.com\/\",\"name\":\"IES SOL DE PORTOCARRERO - LA LABORAL\",\"description\":\"INSTITUTO DE EDUCACI\u00d3N SECUNDARIA Y FORMACI\u00d3N PROFESIONAL\",\"potentialAction\":[{\"@type\":\"SearchAction\",\"target\":{\"@type\":\"EntryPoint\",\"urlTemplate\":\"https:\/\/iessoldeportocarrero.com\/?s={search_term_string}\"},\"query-input\":\"required name=search_term_string\"}],\"inLanguage\":\"es\"}]}<\/script>\n<!-- \/ Yoast SEO plugin. -->","yoast_head_json":{"title":"CICLOS FORMATIVOS - IES SOL DE PORTOCARRERO - LA LABORAL","robots":{"index":"index","follow":"follow","max-snippet":"max-snippet:-1","max-image-preview":"max-image-preview:large","max-video-preview":"max-video-preview:-1"},"canonical":"https:\/\/iessoldeportocarrero.com\/?page_id=1045","og_locale":"es_ES","og_type":"article","og_title":"CICLOS FORMATIVOS - IES SOL DE PORTOCARRERO - LA LABORAL","og_url":"https:\/\/iessoldeportocarrero.com\/?page_id=1045","og_site_name":"IES SOL DE PORTOCARRERO - LA LABORAL","article_modified_time":"2023-04-13T09:18:38+00:00","twitter_card":"summary_large_image","schema":{"@context":"https:\/\/schema.org","@graph":[{"@type":"WebPage","@id":"https:\/\/iessoldeportocarrero.com\/?page_id=1045","url":"https:\/\/iessoldeportocarrero.com\/?page_id=1045","name":"CICLOS FORMATIVOS - IES SOL DE PORTOCARRERO - LA LABORAL","isPartOf":{"@id":"https:\/\/iessoldeportocarrero.com\/#website"},"datePublished":"2023-04-13T09:18:35+00:00","dateModified":"2023-04-13T09:18:38+00:00","breadcrumb":{"@id":"https:\/\/iessoldeportocarrero.com\/?page_id=1045#breadcrumb"},"inLanguage":"es","potentialAction":[{"@type":"ReadAction","target":["https:\/\/iessoldeportocarrero.com\/?page_id=1045"]}]},{"@type":"BreadcrumbList","@id":"https:\/\/iessoldeportocarrero.com\/?page_id=1045#breadcrumb","itemListElement":[{"@type":"ListItem","position":1,"name":"Home","item":"https:\/\/iessoldeportocarrero.com\/"},{"@type":"ListItem","position":2,"name":"CICLOS FORMATIVOS"}]},{"@type":"WebSite","@id":"https:\/\/iessoldeportocarrero.com\/#website","url":"https:\/\/iessoldeportocarrero.com\/","name":"IES SOL DE PORTOCARRERO - LA LABORAL","description":"INSTITUTO DE EDUCACI\u00d3N SECUNDARIA Y FORMACI\u00d3N PROFESIONAL","potentialAction":[{"@type":"SearchAction","target":{"@type":"EntryPoint","urlTemplate":"https:\/\/iessoldeportocarrero.com\/?s={search_term_string}"},"query-input":"required name=search_term_string"}],"inLanguage":"es"}]}},"jetpack_sharing_enabled":true,"jetpack-related-posts":[{"id":3308,"url":"https:\/\/iessoldeportocarrero.com\/?page_id=3308","url_meta":{"origin":1045,"position":0},"title":"FAMILIAS PROFESIONALES DE CICLOS FORMATIVOS (PRIORIDAD 3: EDUCACI\u00d3N Y FORMACI\u00d3N).","author":"admin","date":"junio 16, 2025","format":false,"excerpt":"ACTIVIDADES F\u00cdSICAS AGRARIA REDES Y ESTACIONES DE AGUA","rel":"","context":"Entrada similar","block_context":{"text":"Entrada similar","link":""},"img":{"alt_text":"","src":"https:\/\/i0.wp.com\/iessoldeportocarrero.com\/wp-content\/uploads\/2025\/06\/ef1-150x150.png?resize=350%2C200&ssl=1","width":350,"height":200},"classes":[]},{"id":309,"url":"https:\/\/iessoldeportocarrero.com\/?page_id=309","url_meta":{"origin":1045,"position":1},"title":"Documentaci\u00f3n_Agraria","author":"admin","date":"noviembre 14, 2022","format":false,"excerpt":"https:\/\/youtu.be\/_VHRyU-SywM https:\/\/youtu.be\/u2emUk5MmIc https:\/\/youtu.be\/7jZ6qoYEpjs https:\/\/youtu.be\/TEKa8K71mI8 https:\/\/youtu.be\/fxEg-SFdqjM CICLO FORMATIVO DE GRADO MEDIO EN \u00abJARDINER\u00cdA Y FLORISTER\u00cdA\u00bb (PRESENCIAL) CICLO FORMATIVO DE GRADO MEDIO EN \u00abPRODUCCI\u00d3N AGROECOL\u00d3GICA\u00bb (DUAL) CICLO FORMATIVO SUPERIOR EN \u00abPAISAJISMO Y MEDIO RURAL\u00bb (DUAL) FP BASICA \u00abAGROJARDINER\u00cdA Y COMPOSICIONES FLORALES\u00bb (PRESENCIAL) PERFILES PROFESIONALES CICLOS FAMILIA DE AGRARIADescarga","rel":"","context":"Entrada similar","block_context":{"text":"Entrada similar","link":""},"img":{"alt_text":"","src":"https:\/\/i0.wp.com\/iessoldeportocarrero.com\/wp-content\/uploads\/2022\/12\/IMG-20181204-WA0008-fotofamilia.jpg?resize=350%2C200&ssl=1","width":350,"height":200,"srcset":"https:\/\/i0.wp.com\/iessoldeportocarrero.com\/wp-content\/uploads\/2022\/12\/IMG-20181204-WA0008-fotofamilia.jpg?resize=350%2C200&ssl=1 1x, https:\/\/i0.wp.com\/iessoldeportocarrero.com\/wp-content\/uploads\/2022\/12\/IMG-20181204-WA0008-fotofamilia.jpg?resize=525%2C300&ssl=1 1.5x, https:\/\/i0.wp.com\/iessoldeportocarrero.com\/wp-content\/uploads\/2022\/12\/IMG-20181204-WA0008-fotofamilia.jpg?resize=700%2C400&ssl=1 2x, https:\/\/i0.wp.com\/iessoldeportocarrero.com\/wp-content\/uploads\/2022\/12\/IMG-20181204-WA0008-fotofamilia.jpg?resize=1050%2C600&ssl=1 3x, https:\/\/i0.wp.com\/iessoldeportocarrero.com\/wp-content\/uploads\/2022\/12\/IMG-20181204-WA0008-fotofamilia.jpg?resize=1400%2C800&ssl=1 4x"},"classes":[]},{"id":81,"url":"https:\/\/iessoldeportocarrero.com\/?page_id=81","url_meta":{"origin":1045,"position":2},"title":"Actividades F\u00edsicas","author":"admin","date":"noviembre 10, 2022","format":false,"excerpt":"Documentaci\u00f3n https:\/\/youtu.be\/bPu7CwBkYfU A continuaci\u00f3n os presentamos una serie de v\u00eddeos promocionales de los ciclos formativos que se imparten en el centro VIDEO PROMOCIONAL DEL CICLO FORMATIVO DE GRADO SUPERIOR DE T\u00c9CNICO EN ENSE\u00d1ANZA Y ANIMACI\u00d3N SOCIODEPORTIVA https:\/\/drive.google.com\/file\/d\/1dMxyAZQdMw8sAWQzpyF9pkpJ3afkkuNa\/view?usp=share_link VIDEO PROMOCIONAL DEL CICLO DE GRADO SUPERIOR ACONDICIONAMIENTO F\u00cdSICO https:\/\/drive.google.com\/file\/d\/13yunfnrqxJjlML9dclpJ3oN8qvmSMKm5\/view?usp=share_link VIDEO PROMOCIONAL DEL\u2026","rel":"","context":"Entrada similar","block_context":{"text":"Entrada similar","link":""},"img":{"alt_text":"","src":"https:\/\/i0.wp.com\/iessoldeportocarrero.com\/wp-content\/uploads\/2025\/06\/ef2-150x150.png?resize=350%2C200&ssl=1","width":350,"height":200},"classes":[]},{"id":75,"url":"https:\/\/iessoldeportocarrero.com\/?page_id=75","url_meta":{"origin":1045,"position":3},"title":"Actividades Extraescolares","author":"admin","date":"noviembre 10, 2022","format":false,"excerpt":"E.S.O Y BACHILLERATO ACTIVIDADES EXTRAESCOLARES 25,26 DEFINITIVADescarga CICLOS FORMATIVOS ACTIVIDADES EXTRAESCOLARES Y COMPLEMENTARIAS CICLOS FORMATIVOS CURSO 25,26Descarga","rel":"","context":"Entrada similar","block_context":{"text":"Entrada similar","link":""},"img":{"alt_text":"","src":"https:\/\/i0.wp.com\/iessoldeportocarrero.com\/wp-content\/uploads\/2023\/01\/bus-300x225-1.jpg?resize=350%2C200&ssl=1","width":350,"height":200},"classes":[]},{"id":67,"url":"https:\/\/iessoldeportocarrero.com\/?page_id=67","url_meta":{"origin":1045,"position":4},"title":"Escolarizaci\u00f3n","author":"admin","date":"noviembre 10, 2022","format":false,"excerpt":"Escolarizaci\u00f3n Esta secci\u00f3n contiene informaci\u00f3n de utilidad para las familias a la hora de de iniciar el proceso de escolarizaci\u00f3n: plazos, documentos, normativa, enlaces, etc. Enlace al portal de escolarizaci\u00f3n. Normativa\u00a0sobre el proceso de escolarizaci\u00f3n. Per\u00edodo de admisi\u00f3n: Marzo: ESO y Bachillerato Junio: Ciclos Formativos https:\/\/youtu.be\/r-2IQRy8pL8 V\u00eddeo promocional de la\u2026","rel":"","context":"Entrada similar","block_context":{"text":"Entrada similar","link":""},"img":{"alt_text":"","src":"https:\/\/i0.wp.com\/img.youtube.com\/vi\/r-2IQRy8pL8\/0.jpg?resize=350%2C200","width":350,"height":200},"classes":[]},{"id":345,"url":"https:\/\/iessoldeportocarrero.com\/?page_id=345","url_meta":{"origin":1045,"position":5},"title":"Documentaci\u00f3n_AF","author":"admin","date":"noviembre 14, 2022","format":false,"excerpt":"Documentaci\u00f3n del departamento de Actividades F\u00edsicas https:\/\/youtu.be\/bPu7CwBkYfU https:\/\/youtu.be\/DKq6eXTHvc8 https:\/\/youtu.be\/q2nARCpUuhQ https:\/\/youtu.be\/hWqgP-D-HWA Cartel-ACOFISDescarga Cartel-EASDDescarga PERFILES PROFESIONALES DE LOS CICLOS DE ACTIVIDADES F\u00cdSISICASDescarga","rel":"","context":"Entrada similar","block_context":{"text":"Entrada similar","link":""},"img":{"alt_text":"","src":"https:\/\/i0.wp.com\/img.youtube.com\/vi\/bPu7CwBkYfU\/0.jpg?resize=350%2C200","width":350,"height":200},"classes":[]}],"_links":{"self":[{"href":"https:\/\/iessoldeportocarrero.com\/index.php?rest_route=\/wp\/v2\/pages\/1045","targetHints":{"allow":["GET"]}}],"collection":[{"href":"https:\/\/iessoldeportocarrero.com\/index.php?rest_route=\/wp\/v2\/pages"}],"about":[{"href":"https:\/\/iessoldeportocarrero.com\/index.php?rest_route=\/wp\/v2\/types\/page"}],"author":[{"embeddable":true,"href":"https:\/\/iessoldeportocarrero.com\/index.php?rest_route=\/wp\/v2\/users\/1"}],"replies":[{"embeddable":true,"href":"https:\/\/iessoldeportocarrero.com\/index.php?rest_route=%2Fwp%2Fv2%2Fcomments&post=1045"}],"version-history":[{"count":1,"href":"https:\/\/iessoldeportocarrero.com\/index.php?rest_route=\/wp\/v2\/pages\/1045\/revisions"}],"predecessor-version":[{"id":1047,"href":"https:\/\/iessoldeportocarrero.com\/index.php?rest_route=\/wp\/v2\/pages\/1045\/revisions\/1047"}],"wp:attachment":[{"href":"https:\/\/iessoldeportocarrero.com\/index.php?rest_route=%2Fwp%2Fv2%2Fmedia&parent=1045"}],"curies":[{"name":"wp","href":"https:\/\/api.w.org\/{rel}","templated":true}]}}