{"id":103,"date":"2022-11-10T11:37:34","date_gmt":"2022-11-10T10:37:34","guid":{"rendered":"https:\/\/soldeportocarreroies.wordpress.com\/?page_id=103"},"modified":"2024-11-25T12:26:18","modified_gmt":"2024-11-25T11:26:18","slug":"fol","status":"publish","type":"page","link":"https:\/\/iessoldeportocarrero.com\/?page_id=103","title":{"rendered":"FOL"},"content":{"rendered":"<div class=\"wp-block-image is-style-rounded\">\n<figure class=\"aligncenter size-full is-resized\"><img fetchpriority=\"high\" decoding=\"async\" width=\"612\" height=\"424\" src=\"https:\/\/iessoldeportocarrero.com\/wp-content\/uploads\/2023\/05\/istockphoto-675533526-612x612-1.jpg\" alt=\"\" class=\"wp-image-1508\" style=\"width:214px;height:auto\" srcset=\"https:\/\/iessoldeportocarrero.com\/wp-content\/uploads\/2023\/05\/istockphoto-675533526-612x612-1.jpg 612w, https:\/\/iessoldeportocarrero.com\/wp-content\/uploads\/2023\/05\/istockphoto-675533526-612x612-1-300x208.jpg 300w, https:\/\/iessoldeportocarrero.com\/wp-content\/uploads\/2023\/05\/istockphoto-675533526-612x612-1-360x249.jpg 360w\" sizes=\"(max-width: 612px) 100vw, 612px\" \/><\/figure>\n<\/div>\n\n\n<div class=\"wp-block-buttons is-content-justification-center is-layout-flex wp-container-core-buttons-is-layout-16018d1d wp-block-buttons-is-layout-flex\">\n<div class=\"wp-block-button\"><a class=\"wp-block-button__link wp-element-button\" href=\"https:\/\/drive.google.com\/drive\/folders\/1a9H9k_w7cInr039eYEoMZwG7B-Zpk6-O?usp=sharing\" target=\"_blank\" rel=\"noreferrer noopener\">Documentaci\u00f3n<\/a><\/div>\n<\/div>\n\n\n<ul class=\"wp-block-latest-posts__list has-dates wp-block-latest-posts\"><li><a class=\"wp-block-latest-posts__post-title\" href=\"https:\/\/iessoldeportocarrero.com\/?p=2846\">COMPONENTES DEL DEPARTAMENTO<\/a><time datetime=\"2024-11-24T23:17:52+01:00\" class=\"wp-block-latest-posts__post-date\">noviembre 24, 2024<\/time><div class=\"wp-block-latest-posts__post-full-content\"><!-- wp:table {\"className\":\"is-style-stripes\"} -->\n<figure class=\"wp-block-table is-style-stripes\"><table class=\"has-fixed-layout\"><tbody><tr><td class=\"has-text-align-center\" data-align=\"center\"><strong>El departamento de FOL est\u00e1 formado por:<\/strong><\/td><\/tr><tr><td class=\"has-text-align-center\" data-align=\"center\"><\/td><\/tr><tr><td class=\"has-text-align-center\" data-align=\"center\">Elisabet Soler L\u00f3pez<\/td><\/tr><tr><td class=\"has-text-align-center\" data-align=\"center\">Juana Castillo Rojo<\/td><\/tr><tr><td class=\"has-text-align-center\" data-align=\"center\">Lorena Rojo Rubio<\/td><\/tr><tr><td class=\"has-text-align-center\" data-align=\"center\">Rafael Luque Brea<\/td><\/tr><tr><td class=\"has-text-align-center\" data-align=\"center\">Azahara Garc\u00eda Victor<\/td><\/tr><tr><td class=\"has-text-align-center\" data-align=\"center\"><\/td><\/tr><\/tbody><\/table><\/figure>\n<!-- \/wp:table --><\/div><\/li>\n<\/ul>\n\n\n<p><\/p>\n","protected":false},"excerpt":{"rendered":"","protected":false},"author":1,"featured_media":0,"parent":28,"menu_order":0,"comment_status":"closed","ping_status":"closed","template":"","meta":{"footnotes":""},"class_list":["post-103","page","type-page","status-publish","hentry"],"yoast_head":"<!-- This site is optimized with the Yoast SEO plugin v19.14 - https:\/\/yoast.com\/wordpress\/plugins\/seo\/ -->\n<title>FOL - IES SOL DE PORTOCARRERO - LA LABORAL<\/title>\n<meta name=\"robots\" content=\"index, follow, max-snippet:-1, max-image-preview:large, max-video-preview:-1\" \/>\n<link rel=\"canonical\" href=\"https:\/\/iessoldeportocarrero.com\/?page_id=103\" \/>\n<meta property=\"og:locale\" content=\"es_ES\" \/>\n<meta property=\"og:type\" content=\"article\" \/>\n<meta property=\"og:title\" content=\"FOL - IES SOL DE PORTOCARRERO - LA LABORAL\" \/>\n<meta property=\"og:url\" content=\"https:\/\/iessoldeportocarrero.com\/?page_id=103\" \/>\n<meta property=\"og:site_name\" content=\"IES SOL DE PORTOCARRERO - LA LABORAL\" \/>\n<meta property=\"article:modified_time\" content=\"2024-11-25T11:26:18+00:00\" \/>\n<meta property=\"og:image\" content=\"https:\/\/iessoldeportocarrero.com\/wp-content\/uploads\/2023\/05\/istockphoto-675533526-612x612-1.jpg\" \/>\n<meta name=\"twitter:card\" content=\"summary_large_image\" \/>\n<meta name=\"twitter:label1\" content=\"Tiempo de lectura\" \/>\n\t<meta name=\"twitter:data1\" content=\"1 minuto\" \/>\n<script type=\"application\/ld+json\" class=\"yoast-schema-graph\">{\"@context\":\"https:\/\/schema.org\",\"@graph\":[{\"@type\":\"WebPage\",\"@id\":\"https:\/\/iessoldeportocarrero.com\/?page_id=103\",\"url\":\"https:\/\/iessoldeportocarrero.com\/?page_id=103\",\"name\":\"FOL - IES SOL DE PORTOCARRERO - LA LABORAL\",\"isPartOf\":{\"@id\":\"https:\/\/iessoldeportocarrero.com\/#website\"},\"datePublished\":\"2022-11-10T10:37:34+00:00\",\"dateModified\":\"2024-11-25T11:26:18+00:00\",\"breadcrumb\":{\"@id\":\"https:\/\/iessoldeportocarrero.com\/?page_id=103#breadcrumb\"},\"inLanguage\":\"es\",\"potentialAction\":[{\"@type\":\"ReadAction\",\"target\":[\"https:\/\/iessoldeportocarrero.com\/?page_id=103\"]}]},{\"@type\":\"BreadcrumbList\",\"@id\":\"https:\/\/iessoldeportocarrero.com\/?page_id=103#breadcrumb\",\"itemListElement\":[{\"@type\":\"ListItem\",\"position\":1,\"name\":\"Home\",\"item\":\"https:\/\/iessoldeportocarrero.com\/\"},{\"@type\":\"ListItem\",\"position\":2,\"name\":\"DEPARTAMENTOS\",\"item\":\"https:\/\/iessoldeportocarrero.com\/?page_id=28\"},{\"@type\":\"ListItem\",\"position\":3,\"name\":\"FOL\"}]},{\"@type\":\"WebSite\",\"@id\":\"https:\/\/iessoldeportocarrero.com\/#website\",\"url\":\"https:\/\/iessoldeportocarrero.com\/\",\"name\":\"IES SOL DE PORTOCARRERO - LA LABORAL\",\"description\":\"INSTITUTO DE EDUCACI\u00d3N SECUNDARIA Y FORMACI\u00d3N PROFESIONAL\",\"potentialAction\":[{\"@type\":\"SearchAction\",\"target\":{\"@type\":\"EntryPoint\",\"urlTemplate\":\"https:\/\/iessoldeportocarrero.com\/?s={search_term_string}\"},\"query-input\":\"required name=search_term_string\"}],\"inLanguage\":\"es\"}]}<\/script>\n<!-- \/ Yoast SEO plugin. -->","yoast_head_json":{"title":"FOL - IES SOL DE PORTOCARRERO - LA LABORAL","robots":{"index":"index","follow":"follow","max-snippet":"max-snippet:-1","max-image-preview":"max-image-preview:large","max-video-preview":"max-video-preview:-1"},"canonical":"https:\/\/iessoldeportocarrero.com\/?page_id=103","og_locale":"es_ES","og_type":"article","og_title":"FOL - IES SOL DE PORTOCARRERO - LA LABORAL","og_url":"https:\/\/iessoldeportocarrero.com\/?page_id=103","og_site_name":"IES SOL DE PORTOCARRERO - LA LABORAL","article_modified_time":"2024-11-25T11:26:18+00:00","og_image":[{"url":"https:\/\/iessoldeportocarrero.com\/wp-content\/uploads\/2023\/05\/istockphoto-675533526-612x612-1.jpg"}],"twitter_card":"summary_large_image","twitter_misc":{"Tiempo de lectura":"1 minuto"},"schema":{"@context":"https:\/\/schema.org","@graph":[{"@type":"WebPage","@id":"https:\/\/iessoldeportocarrero.com\/?page_id=103","url":"https:\/\/iessoldeportocarrero.com\/?page_id=103","name":"FOL - IES SOL DE PORTOCARRERO - LA LABORAL","isPartOf":{"@id":"https:\/\/iessoldeportocarrero.com\/#website"},"datePublished":"2022-11-10T10:37:34+00:00","dateModified":"2024-11-25T11:26:18+00:00","breadcrumb":{"@id":"https:\/\/iessoldeportocarrero.com\/?page_id=103#breadcrumb"},"inLanguage":"es","potentialAction":[{"@type":"ReadAction","target":["https:\/\/iessoldeportocarrero.com\/?page_id=103"]}]},{"@type":"BreadcrumbList","@id":"https:\/\/iessoldeportocarrero.com\/?page_id=103#breadcrumb","itemListElement":[{"@type":"ListItem","position":1,"name":"Home","item":"https:\/\/iessoldeportocarrero.com\/"},{"@type":"ListItem","position":2,"name":"DEPARTAMENTOS","item":"https:\/\/iessoldeportocarrero.com\/?page_id=28"},{"@type":"ListItem","position":3,"name":"FOL"}]},{"@type":"WebSite","@id":"https:\/\/iessoldeportocarrero.com\/#website","url":"https:\/\/iessoldeportocarrero.com\/","name":"IES SOL DE PORTOCARRERO - LA LABORAL","description":"INSTITUTO DE EDUCACI\u00d3N SECUNDARIA Y FORMACI\u00d3N PROFESIONAL","potentialAction":[{"@type":"SearchAction","target":{"@type":"EntryPoint","urlTemplate":"https:\/\/iessoldeportocarrero.com\/?s={search_term_string}"},"query-input":"required name=search_term_string"}],"inLanguage":"es"}]}},"jetpack_sharing_enabled":true,"jetpack-related-posts":[{"id":299,"url":"https:\/\/iessoldeportocarrero.com\/?page_id=299","url_meta":{"origin":103,"position":0},"title":"Documentaci\u00f3n_FOL","author":"admin","date":"noviembre 14, 2022","format":false,"excerpt":"","rel":"","context":"Entrada similar","block_context":{"text":"Entrada similar","link":""},"img":{"alt_text":"","src":"","width":0,"height":0},"classes":[]},{"id":355,"url":"https:\/\/iessoldeportocarrero.com\/?page_id=355","url_meta":{"origin":103,"position":1},"title":"Programaci\u00f3n_FOL","author":"admin","date":"noviembre 14, 2022","format":false,"excerpt":"","rel":"","context":"Entrada similar","block_context":{"text":"Entrada similar","link":""},"img":{"alt_text":"","src":"","width":0,"height":0},"classes":[]},{"id":28,"url":"https:\/\/iessoldeportocarrero.com\/?page_id=28","url_meta":{"origin":103,"position":2},"title":"DEPARTAMENTOS","author":"admin","date":"noviembre 3, 2022","format":false,"excerpt":"ACTIVIDADES F\u00cdSICAS AGRARIA BIOLOG\u00cdA Y GEOLOG\u00cdA CL\u00c1SICAS ACTIVIDADES EXTRAESCOLARES DIBUJO ECONOM\u00cdA EDUCACI\u00d3N F\u00cdSICA FILOSOF\u00cdA F\u00cdSICA Y QU\u00cdMICA FOL FEIE FRANC\u00c9S GEOGRAF\u00cdA E HISTORIA INFORM\u00c1TICA INGL\u00c9S INSTALACI\u00d3N Y MANTENIMIENTO LENGUA MATEM\u00c1TICAS M\u00daSICA ORIENTACI\u00d3N RELIGI\u00d3N TECNOLOG\u00cdA E INFORM\u00c1TICA","rel":"","context":"Entrada similar","block_context":{"text":"Entrada similar","link":""},"img":{"alt_text":"","src":"","width":0,"height":0},"classes":[]},{"id":307,"url":"https:\/\/iessoldeportocarrero.com\/?page_id=307","url_meta":{"origin":103,"position":3},"title":"Documentaci\u00f3n_Franc\u00e9s","author":"admin","date":"noviembre 14, 2022","format":false,"excerpt":"Documentaci\u00f3n Programaci\u00f3n","rel":"","context":"Entrada similar","block_context":{"text":"Entrada similar","link":""},"img":{"alt_text":"","src":"","width":0,"height":0},"classes":[]},{"id":174,"url":"https:\/\/iessoldeportocarrero.com\/?page_id=174","url_meta":{"origin":103,"position":4},"title":"Documentaci\u00f3n_Mat","author":"admin","date":"noviembre 11, 2022","format":false,"excerpt":"","rel":"","context":"Entrada similar","block_context":{"text":"Entrada similar","link":""},"img":{"alt_text":"","src":"","width":0,"height":0},"classes":[]},{"id":303,"url":"https:\/\/iessoldeportocarrero.com\/?page_id=303","url_meta":{"origin":103,"position":5},"title":"Documentaci\u00f3n_M\u00fasica","author":"admin","date":"noviembre 14, 2022","format":false,"excerpt":"","rel":"","context":"Entrada similar","block_context":{"text":"Entrada similar","link":""},"img":{"alt_text":"","src":"","width":0,"height":0},"classes":[]}],"_links":{"self":[{"href":"https:\/\/iessoldeportocarrero.com\/index.php?rest_route=\/wp\/v2\/pages\/103","targetHints":{"allow":["GET"]}}],"collection":[{"href":"https:\/\/iessoldeportocarrero.com\/index.php?rest_route=\/wp\/v2\/pages"}],"about":[{"href":"https:\/\/iessoldeportocarrero.com\/index.php?rest_route=\/wp\/v2\/types\/page"}],"author":[{"embeddable":true,"href":"https:\/\/iessoldeportocarrero.com\/index.php?rest_route=\/wp\/v2\/users\/1"}],"replies":[{"embeddable":true,"href":"https:\/\/iessoldeportocarrero.com\/index.php?rest_route=%2Fwp%2Fv2%2Fcomments&post=103"}],"version-history":[{"count":6,"href":"https:\/\/iessoldeportocarrero.com\/index.php?rest_route=\/wp\/v2\/pages\/103\/revisions"}],"predecessor-version":[{"id":2887,"href":"https:\/\/iessoldeportocarrero.com\/index.php?rest_route=\/wp\/v2\/pages\/103\/revisions\/2887"}],"up":[{"embeddable":true,"href":"https:\/\/iessoldeportocarrero.com\/index.php?rest_route=\/wp\/v2\/pages\/28"}],"wp:attachment":[{"href":"https:\/\/iessoldeportocarrero.com\/index.php?rest_route=%2Fwp%2Fv2%2Fmedia&parent=103"}],"curies":[{"name":"wp","href":"https:\/\/api.w.org\/{rel}","templated":true}]}}